{"id":15569,"date":"2023-05-03T08:53:55","date_gmt":"2023-05-03T12:53:55","guid":{"rendered":"https:\/\/www.aiacanada.com\/submit-an-event\/"},"modified":"2023-05-03T13:12:31","modified_gmt":"2023-05-03T17:12:31","slug":"soumettre-un-evenement","status":"publish","type":"page","link":"https:\/\/www.aiacanada.com\/fr\/soumettre-un-evenement\/","title":{"rendered":"Soumettre un \u00e9v\u00e9nement"},"content":{"rendered":"\n<h2 class=\"wp-block-heading\"><strong>Crit\u00e8res de l\u2019\u00e9v\u00e9nement<\/strong>&nbsp;<\/h2>\n\n\n\n<p>Veuillez suivre les \u00e9tapes suivantes pour ajouter votre \u00e9v\u00e9nement \u00e0 notre <a href=\"http:\/\/about:blank\/\" target=\"_blank\" rel=\"noreferrer noopener\">calendrier d\u2019\u00e9v\u00e9nements\u202f<\/a>:&nbsp;<\/p>\n\n\n\n<ul class=\"wp-block-list\">\n<li>Fournissez des informations en anglais et en fran\u00e7ais si possible.&nbsp;<\/li>\n\n\n\n<li>Soumettez votre \u00e9v\u00e9nement au moins deux mois avant son d\u00e9roulement.&nbsp;<\/li>\n\n\n\n<li>N\u2019incluez pas les d\u00e9tails de la programmation ni les tarifs.&nbsp;<\/li>\n\n\n\n<li>Seuls les renseignements suivants peuvent \u00eatre inclus dans votre \u00e9v\u00e9nement\u202f:&nbsp;\n<ul class=\"wp-block-list\">\n<li>Description de base\u00a0<\/li>\n\n\n\n<li>Num\u00e9ro de t\u00e9l\u00e9phone\u00a0<\/li>\n\n\n\n<li>Lien URL\u00a0<\/li>\n\n\n\n<li>Adresse municipale\u00a0<\/li>\n\n\n\n<li>Image (r\u00e9solution web \u2013 600px de largeur, 400px de hauteur)\u00a0<\/li>\n<\/ul>\n<\/li>\n\n\n\n<li>R\u00e9digez \u00e0 la troisi\u00e8me personne et \u00e9vitez d&#8217;utiliser \u00ab\u202fnous\u202f\u00bb et \u00ab\u202fnotre\u202f\u00bb.&nbsp;<\/li>\n<\/ul>\n\n\n\n<h2 class=\"wp-block-heading\"><strong>Soumission de photos<\/strong>&nbsp;<\/h2>\n\n\n\n<p>Veuillez ajouter une image \u00e0 publier avec votre \u00e9v\u00e9nement. Assurez-vous qu\u2019il y ait peu ou pas de texte sur la photo, car nous pourrions la redimensionner au besoin.&nbsp;<\/p>\n\n\n\n<p><strong>Veuillez noter que nous nous r\u00e9servons le droit d\u2019approuver les versions finales des images et de votre \u00e9v\u00e9nement.<\/strong>&nbsp;<\/p>\n\n\n\n<h2 class=\"wp-block-heading\"><strong>Votre \u00e9v\u00e9nement doit r\u00e9pondre \u00e0 certains crit\u00e8res.<\/strong>&nbsp;<\/h2>\n\n\n\n<p>Assurez-vous que votre \u00e9v\u00e9nement r\u00e9pond aux crit\u00e8res suivants avant de le soumettre\u202f:&nbsp;<\/p>\n\n\n\n<ul class=\"wp-block-list\">\n<li>Il devrait plaire aux membres de l\u2019AIA\u202fCanada.&nbsp;<\/li>\n\n\n\n<li>Il doit traiter du secteur de l\u2019entretien et de la r\u00e9paration automobile.&nbsp;<\/li>\n\n\n\n<li>Il doit s\u2019agir d\u2019un \u00e9v\u00e9nement auquel les membres de l\u2019AIA\u202fCanada peuvent participer.&nbsp;<\/li>\n<\/ul>\n\n\n","protected":false},"excerpt":{"rendered":"<p>Crit\u00e8res de l\u2019\u00e9v\u00e9nement&nbsp; Veuillez suivre les \u00e9tapes suivantes pour ajouter votre \u00e9v\u00e9nement \u00e0 notre calendrier d\u2019\u00e9v\u00e9nements\u202f:&nbsp; Soumission de photos&nbsp; Veuillez ajouter une image \u00e0 publier avec votre \u00e9v\u00e9nement. Assurez-vous qu\u2019il y ait peu ou pas de texte sur la photo, car nous pourrions la redimensionner au besoin.&nbsp; Veuillez noter que nous nous r\u00e9servons le droit [&hellip;]<\/p>\n","protected":false},"author":32,"featured_media":0,"parent":0,"menu_order":0,"comment_status":"closed","ping_status":"closed","template":"","meta":{"_acf_changed":false,"footnotes":""},"class_list":["post-15569","page","type-page","status-publish","hentry"],"acf":[],"aioseo_notices":[],"wpml_current_locale":"fr_CA","wpml_translations":[],"_links":{"self":[{"href":"https:\/\/www.aiacanada.com\/fr\/wp-json\/wp\/v2\/pages\/15569","targetHints":{"allow":["GET"]}}],"collection":[{"href":"https:\/\/www.aiacanada.com\/fr\/wp-json\/wp\/v2\/pages"}],"about":[{"href":"https:\/\/www.aiacanada.com\/fr\/wp-json\/wp\/v2\/types\/page"}],"author":[{"embeddable":true,"href":"https:\/\/www.aiacanada.com\/fr\/wp-json\/wp\/v2\/users\/32"}],"replies":[{"embeddable":true,"href":"https:\/\/www.aiacanada.com\/fr\/wp-json\/wp\/v2\/comments?post=15569"}],"version-history":[{"count":0,"href":"https:\/\/www.aiacanada.com\/fr\/wp-json\/wp\/v2\/pages\/15569\/revisions"}],"wp:attachment":[{"href":"https:\/\/www.aiacanada.com\/fr\/wp-json\/wp\/v2\/media?parent=15569"}],"curies":[{"name":"wp","href":"https:\/\/api.w.org\/{rel}","templated":true}]}}