{"id":15650,"date":"2023-05-12T18:27:20","date_gmt":"2023-05-12T22:27:20","guid":{"rendered":"https:\/\/www.aiacanada.com\/?page_id=15650"},"modified":"2025-04-15T13:55:21","modified_gmt":"2025-04-15T17:55:21","slug":"se-mettre-en-valeur-pendant-le-palmares-des-carrieres","status":"publish","type":"page","link":"https:\/\/www.aiacanada.com\/fr\/se-mettre-en-valeur-pendant-le-palmares-des-carrieres\/","title":{"rendered":"Se mettre en valeur pendant le palmar\u00e8s des carri\u00e8res"},"content":{"rendered":"\t\t<div data-elementor-type=\"wp-page\" data-elementor-id=\"15650\" class=\"elementor elementor-15650 elementor-15649\" data-elementor-post-type=\"page\">\n\t\t\t\t\t\t<section class=\"elementor-section elementor-top-section elementor-element elementor-element-bed0cd3 elementor-section-boxed elementor-section-height-default elementor-section-height-default\" data-id=\"bed0cd3\" data-element_type=\"section\">\n\t\t\t\t\t\t<div class=\"elementor-container elementor-column-gap-default\">\n\t\t\t\t\t<div class=\"elementor-column elementor-col-100 elementor-top-column elementor-element elementor-element-65dbe70\" data-id=\"65dbe70\" data-element_type=\"column\">\n\t\t\t<div class=\"elementor-widget-wrap elementor-element-populated\">\n\t\t\t\t\t\t<div class=\"elementor-element elementor-element-3665376 elementor-widget elementor-widget-heading\" data-id=\"3665376\" data-element_type=\"widget\" data-widget_type=\"heading.default\">\n\t\t\t\t<div class=\"elementor-widget-container\">\n\t\t\t<h1 class=\"elementor-heading-title elementor-size-default\"><b><span lang=\"FR-CA\" style=\"font-size:30.0pt;line-height:107%;,sans-serif\">Se mettre en valeur pendant le palmar\u00e8s des\ncarri\u00e8res<\/span><\/b><\/h1>\t\t<\/div>\n\t\t\t\t<\/div>\n\t\t\t\t\t<\/div>\n\t\t<\/div>\n\t\t\t\t\t<\/div>\n\t\t<\/section>\n\t\t\t\t<section class=\"elementor-section elementor-top-section elementor-element elementor-element-969e7cb elementor-section-boxed elementor-section-height-default elementor-section-height-default\" data-id=\"969e7cb\" data-element_type=\"section\">\n\t\t\t\t\t\t<div class=\"elementor-container elementor-column-gap-default\">\n\t\t\t\t\t<div class=\"elementor-column elementor-col-100 elementor-top-column elementor-element elementor-element-86f8166\" data-id=\"86f8166\" data-element_type=\"column\">\n\t\t\t<div class=\"elementor-widget-wrap elementor-element-populated\">\n\t\t\t\t\t\t<div class=\"elementor-element elementor-element-1b41d97 elementor-widget elementor-widget-text-editor\" data-id=\"1b41d97\" data-element_type=\"widget\" data-widget_type=\"text-editor.default\">\n\t\t\t\t<div class=\"elementor-widget-container\">\n\t\t\t\t\t\t\t<p>La <a href=\"https:\/\/www.aiacanada.com\/fr\/evenements\/student-aftermarket-day\/\"><u>Student Aftermarket Day<\/u> (Journ\u00e9e du march\u00e9 secondaire pour la cohorte \u00e9tudiante) de 2025<\/a>\u00a0se d\u00e9roulera en pr\u00e9sentiel \u00e0 Barrie, en Ontario en anglais seulement. Il est essentiel de faire la promotion des possibilit\u00e9s de carri\u00e8re au sein du secteur de l\u2019entretien et de la r\u00e9paration automobile aupr\u00e8s de la population \u00e9tudiante canadienne afin de maintenir le dynamisme de l\u2019industrie du march\u00e9 secondaire. C\u2019est pourquoi l\u2019\u00c9cole de commerce automobile du Canada du Coll\u00e8ge Georgian offre un programme \u00e9tudiant unique qui comprend des cours ax\u00e9s sur le march\u00e9 secondaire de l\u2019automobile.<\/p><p>Joignez-vous \u00e0 l\u2019effectif \u00e9tudiant en vente, en marketing et dans d\u2019autres programmes connexes pour une conf\u00e9rence d\u2019une journ\u00e9e dans le cadre de laquelle vous pourrez discuter du march\u00e9 secondaire et futur de l\u2019industrie, puis r\u00e9seauter avec des employ\u00e9es et employ\u00e9s potentiels.<\/p><p>La conf\u00e9rence de cette ann\u00e9e, organis\u00e9e en partenariat avec le <a href=\"https:\/\/www.aiacanada.com\/fr\/a-propos-de-nous\/nos-conseils-et-comites\/comite-des-jeunes-professionnels-du-secteur-de-lentretien-et-de-la-reparation-automobile\/\" target=\"_blank\" rel=\"noopener\">comit\u00e9 des Jeunes professionnels du secteur de l\u2019entretien et de la r\u00e9paration automobile (JPSERA)<\/a> et l\u2019AIA\u00a0Canada, accueillera des oratrices et orateurs, comportera des s\u00e9ances, puis offrira un palmar\u00e8s des carri\u00e8res et les meilleures pr\u00e9sentations \u00e9tudiantes tr\u00e8s attendues.<\/p>\t\t\t\t\t\t<\/div>\n\t\t\t\t<\/div>\n\t\t\t\t\t<\/div>\n\t\t<\/div>\n\t\t\t\t\t<\/div>\n\t\t<\/section>\n\t\t\t\t<section class=\"elementor-section elementor-top-section elementor-element elementor-element-3474650 elementor-section-boxed elementor-section-height-default elementor-section-height-default\" data-id=\"3474650\" data-element_type=\"section\">\n\t\t\t\t\t\t<div class=\"elementor-container elementor-column-gap-default\">\n\t\t\t\t\t<div class=\"elementor-column elementor-col-100 elementor-top-column elementor-element elementor-element-695958a\" data-id=\"695958a\" data-element_type=\"column\">\n\t\t\t<div class=\"elementor-widget-wrap elementor-element-populated\">\n\t\t\t\t\t\t<div class=\"elementor-element elementor-element-9dffe18 elementor-widget elementor-widget-heading\" data-id=\"9dffe18\" data-element_type=\"widget\" data-widget_type=\"heading.default\">\n\t\t\t\t<div class=\"elementor-widget-container\">\n\t\t\t<h2 class=\"elementor-heading-title elementor-size-default\"><b><span lang=\"FR-CA\" style=\"font-size:21.0pt;line-height:107%;,sans-serif\">Qu\u2019est-ce que le palmar\u00e8s des carri\u00e8res?<\/span><\/b><\/h2>\t\t<\/div>\n\t\t\t\t<\/div>\n\t\t\t\t<div class=\"elementor-element elementor-element-47501f7 elementor-widget elementor-widget-text-editor\" data-id=\"47501f7\" data-element_type=\"widget\" data-widget_type=\"text-editor.default\">\n\t\t\t\t<div class=\"elementor-widget-container\">\n\t\t\t\t\t\t\t<p>Lors du palmar\u00e8s des carri\u00e8res, la population \u00e9tudiante pourra explorer les possibilit\u00e9s de carri\u00e8re au sein du march\u00e9 secondaire de l\u2019automobile. Elle pourra \u00e9galement jeter un \u0153il aux kiosques des partenaires de l\u2019industrie afin d\u2019en apprendre davantage sur les entreprises du march\u00e9 secondaire et les parcours postsecondaires, puis d\u00e9couvrir ce que c\u2019est que de travailler dans l\u2019industrie du march\u00e9 secondaire.<\/p><p>Nous acceptons en ce moment les demandes de participation de toute entreprise qui \u0153uvre dans les domaines de la carrosserie et\/ou de la m\u00e9canique du secteur canadien de l\u2019entretien et de la r\u00e9paration automobile.<\/p><p>Vous devrez d\u00e9bourser des frais (en fonction de votre cat\u00e9gorie) pour participer au palmar\u00e8s des carri\u00e8res\u00a0:<\/p><ol><li><strong>Membre en bonne et due forme de l\u2019AIA\u00a0Canada\u00a0<\/strong>: 150 $, taxes en sus<\/li><li><strong>Non-membre\u00a0:<\/strong> 200 $, taxes en sus<\/li><li><strong>Commanditaires or et feuille d\u2019\u00e9rable 2024 de l\u2019AIA\u00a0Canada\u00a0<\/strong>: gratuit<\/li><\/ol><p>L\u2019AIA\u00a0Canada fournira ce qui suit \u00e0 toute entreprise qui mettra en valeur ses perspectives de carri\u00e8re\u00a0:<\/p><ul><li>Acc\u00e8s \u00e0 l&#8217;\u00e9v\u00e9nement et r\u00e9seautage avec des \u00e9tudiants et des repr\u00e9sentants de l&#8217;industrie<\/li><li>Une (1) table, une (1) nappe et deux (2) chaises<\/li><li>D\u00eener et rafra\u00eechissements pour deux (2) personnes repr\u00e9sentant l\u2019entreprise<\/li><li>Deux (2) laissez-passer pour le stationnement<\/li><\/ul><p><strong>Vous avez jusqu\u2019au 17 octobre 2025 ou jusqu&#8217;\u00e0 \u00e9puisement des stocks <span style=\"color: var( --e-global-color-text );\">pour soumettre une demande<\/span><\/strong><span style=\"color: var( --e-global-color-text );\"><strong>.<\/strong> Les places sont limit\u00e9es et seront attribu\u00e9es dans l\u2019ordre des demandes.<\/span><\/p><h3><strong>Renseignements \u00e0 propos de la Student Aftermarket Day<\/strong><\/h3><p><strong>Date\u00a0:<\/strong> le 19 novembre 2025<\/p><p><strong>Heure :<\/strong> de 8 h 30 \u00e0 14 h 30<\/p><p><strong>Lieu\u00a0:<\/strong> \u00c9cole de commerce automobile du Canada du Coll\u00e8ge Georgian, situ\u00e9e au 1,\u00a0Georgian Drive, \u00c9difice N, Barrie (Ontario), L4M\u00a03X9<\/p><p>*Veuillez noter que cet \u00e9v\u00e9nement ce d\u00e9roulera uniquement en anglais.<\/p><h2><strong>Des questions?<\/strong><\/h2><p>Veuillez communiquer avec l\u2019\u00e9quipe des \u00e9v\u00e9nements de l\u2019AIA\u00a0Canada \u00e0 <a href=\"about:blank\">events@aiacanada.com<\/a>.<\/p>\t\t\t\t\t\t<\/div>\n\t\t\t\t<\/div>\n\t\t\t\t\t<\/div>\n\t\t<\/div>\n\t\t\t\t\t<\/div>\n\t\t<\/section>\n\t\t\t\t<section class=\"elementor-section elementor-top-section elementor-element elementor-element-fb90f12 elementor-section-boxed elementor-section-height-default elementor-section-height-default\" data-id=\"fb90f12\" data-element_type=\"section\">\n\t\t\t\t\t\t<div class=\"elementor-container elementor-column-gap-default\">\n\t\t\t\t\t<div class=\"elementor-column elementor-col-100 elementor-top-column elementor-element elementor-element-1ff7372\" data-id=\"1ff7372\" data-element_type=\"column\">\n\t\t\t<div class=\"elementor-widget-wrap elementor-element-populated\">\n\t\t\t\t\t\t<div class=\"elementor-element elementor-element-498d698 elementor-widget elementor-widget-heading\" data-id=\"498d698\" data-element_type=\"widget\" data-widget_type=\"heading.default\">\n\t\t\t\t<div class=\"elementor-widget-container\">\n\t\t\t<h2 class=\"elementor-heading-title elementor-size-default\">Soumettre une demande<\/h2>\t\t<\/div>\n\t\t\t\t<\/div>\n\t\t\t\t\t<\/div>\n\t\t<\/div>\n\t\t\t\t\t<\/div>\n\t\t<\/section>\n\t\t\t\t<section class=\"elementor-section elementor-top-section elementor-element elementor-element-19eee46 elementor-section-boxed elementor-section-height-default elementor-section-height-default\" data-id=\"19eee46\" data-element_type=\"section\">\n\t\t\t\t\t\t<div class=\"elementor-container elementor-column-gap-default\">\n\t\t\t\t\t<div class=\"elementor-column elementor-col-100 elementor-top-column elementor-element elementor-element-4a67fb1\" data-id=\"4a67fb1\" data-element_type=\"column\">\n\t\t\t<div class=\"elementor-widget-wrap elementor-element-populated\">\n\t\t\t\t\t\t<div class=\"elementor-element elementor-element-15c0b00 elementor-widget elementor-widget-shortcode\" data-id=\"15c0b00\" data-element_type=\"widget\" data-widget_type=\"shortcode.default\">\n\t\t\t\t<div class=\"elementor-widget-container\">\n\t\t\t\t\t<div class=\"elementor-shortcode\"><p>Le palmar\u00e8s des carri\u00e8res lors de la Student Aftermarket Day 2025 est complet.<\/p><\/div>\n\t\t\t\t<\/div>\n\t\t\t\t<\/div>\n\t\t\t\t\t<\/div>\n\t\t<\/div>\n\t\t\t\t\t<\/div>\n\t\t<\/section>\n\t\t\t\t<\/div>\n\t\t","protected":false},"excerpt":{"rendered":"<p>Se mettre en valeur pendant le palmar\u00e8s des carri\u00e8res La Student Aftermarket Day (Journ\u00e9e du march\u00e9 secondaire pour la cohorte \u00e9tudiante) de 2025\u00a0se d\u00e9roulera en pr\u00e9sentiel \u00e0 Barrie, en Ontario en anglais seulement. Il est essentiel de faire la promotion des possibilit\u00e9s de carri\u00e8re au sein du secteur de l\u2019entretien et de la r\u00e9paration automobile [&hellip;]<\/p>\n","protected":false},"author":14,"featured_media":0,"parent":0,"menu_order":0,"comment_status":"closed","ping_status":"closed","template":"","meta":{"_acf_changed":false,"footnotes":""},"class_list":["post-15650","page","type-page","status-publish","hentry"],"acf":[],"aioseo_notices":[],"wpml_current_locale":"fr_CA","wpml_translations":[],"_links":{"self":[{"href":"https:\/\/www.aiacanada.com\/fr\/wp-json\/wp\/v2\/pages\/15650","targetHints":{"allow":["GET"]}}],"collection":[{"href":"https:\/\/www.aiacanada.com\/fr\/wp-json\/wp\/v2\/pages"}],"about":[{"href":"https:\/\/www.aiacanada.com\/fr\/wp-json\/wp\/v2\/types\/page"}],"author":[{"embeddable":true,"href":"https:\/\/www.aiacanada.com\/fr\/wp-json\/wp\/v2\/users\/14"}],"replies":[{"embeddable":true,"href":"https:\/\/www.aiacanada.com\/fr\/wp-json\/wp\/v2\/comments?post=15650"}],"version-history":[{"count":0,"href":"https:\/\/www.aiacanada.com\/fr\/wp-json\/wp\/v2\/pages\/15650\/revisions"}],"wp:attachment":[{"href":"https:\/\/www.aiacanada.com\/fr\/wp-json\/wp\/v2\/media?parent=15650"}],"curies":[{"name":"wp","href":"https:\/\/api.w.org\/{rel}","templated":true}]}}