{"id":15652,"date":"2023-05-12T18:46:12","date_gmt":"2023-05-12T22:46:12","guid":{"rendered":"https:\/\/www.aiacanada.com\/?page_id=15652"},"modified":"2025-04-15T13:57:55","modified_gmt":"2025-04-15T17:57:55","slug":"se-mettre-en-valeur-pendant-le-palmares-des-carrieres-merci","status":"publish","type":"page","link":"https:\/\/www.aiacanada.com\/fr\/se-mettre-en-valeur-pendant-le-palmares-des-carrieres\/se-mettre-en-valeur-pendant-le-palmares-des-carrieres-merci\/","title":{"rendered":"Se mettre en valeur pendant le palmar\u00e8s des carri\u00e8res &#8211; merci"},"content":{"rendered":"\t\t<div data-elementor-type=\"wp-page\" data-elementor-id=\"15652\" class=\"elementor elementor-15652 elementor-15651\" data-elementor-post-type=\"page\">\n\t\t\t\t\t\t<section class=\"elementor-section elementor-top-section elementor-element elementor-element-4f79fef elementor-section-boxed elementor-section-height-default elementor-section-height-default\" data-id=\"4f79fef\" data-element_type=\"section\" data-settings=\"{&quot;background_background&quot;:&quot;classic&quot;}\">\n\t\t\t\t\t\t<div class=\"elementor-container elementor-column-gap-default\">\n\t\t\t\t\t<div class=\"elementor-column elementor-col-100 elementor-top-column elementor-element elementor-element-612e236\" data-id=\"612e236\" data-element_type=\"column\">\n\t\t\t<div class=\"elementor-widget-wrap elementor-element-populated\">\n\t\t\t\t\t\t<div class=\"elementor-element elementor-element-71be76b elementor-widget elementor-widget-heading\" data-id=\"71be76b\" data-element_type=\"widget\" data-widget_type=\"heading.default\">\n\t\t\t\t<div class=\"elementor-widget-container\">\n\t\t\t<h1 class=\"elementor-heading-title elementor-size-default\">Merci<\/h1>\t\t<\/div>\n\t\t\t\t<\/div>\n\t\t\t\t\t<\/div>\n\t\t<\/div>\n\t\t\t\t\t<\/div>\n\t\t<\/section>\n\t\t\t\t<section class=\"elementor-section elementor-top-section elementor-element elementor-element-1902b44 elementor-section-boxed elementor-section-height-default elementor-section-height-default\" data-id=\"1902b44\" data-element_type=\"section\">\n\t\t\t\t\t\t<div class=\"elementor-container elementor-column-gap-default\">\n\t\t\t\t\t<div class=\"elementor-column elementor-col-100 elementor-top-column elementor-element elementor-element-ea5c9a5\" data-id=\"ea5c9a5\" data-element_type=\"column\">\n\t\t\t<div class=\"elementor-widget-wrap elementor-element-populated\">\n\t\t\t\t\t\t<div class=\"elementor-element elementor-element-b4c8cae elementor-widget elementor-widget-text-editor\" data-id=\"b4c8cae\" data-element_type=\"widget\" data-widget_type=\"text-editor.default\">\n\t\t\t\t<div class=\"elementor-widget-container\">\n\t\t\t\t\t\t\t<p>Nous vous remercions d&#8217;avoir soumis une demande pour devenir un fournisseur du palmar\u00e8s des carri\u00e8res lors de la Student Aftermarket Day 2025 ! Un membre de notre \u00e9quipe charg\u00e9e des \u00e9v\u00e9nements examinera votre demande et vous contactera dans les cinq \u00e0 sept jours ouvrables suivants pour vous informer de l&#8217;\u00e9tat d&#8217;avancement de votre demande.\u00a0<\/p><p>\u00a0<\/p><p>Si vous n&#8217;avez pas re\u00e7u de r\u00e9ponse apr\u00e8s sept jours ouvrables, veuillez contacter\u00a0<a href=\"mailto:events@aiacanada.com\" target=\"_blank\" rel=\"noopener\">events@aiacanada.com<\/a>.<\/p>\t\t\t\t\t\t<\/div>\n\t\t\t\t<\/div>\n\t\t\t\t\t<\/div>\n\t\t<\/div>\n\t\t\t\t\t<\/div>\n\t\t<\/section>\n\t\t\t\t<\/div>\n\t\t","protected":false},"excerpt":{"rendered":"<p>Merci Nous vous remercions d&#8217;avoir soumis une demande pour devenir un fournisseur du palmar\u00e8s des carri\u00e8res lors de la Student Aftermarket Day 2025 ! Un membre de notre \u00e9quipe charg\u00e9e des \u00e9v\u00e9nements examinera votre demande et vous contactera dans les cinq \u00e0 sept jours ouvrables suivants pour vous informer de l&#8217;\u00e9tat d&#8217;avancement de votre demande.\u00a0 [&hellip;]<\/p>\n","protected":false},"author":14,"featured_media":0,"parent":15650,"menu_order":0,"comment_status":"closed","ping_status":"closed","template":"","meta":{"_acf_changed":false,"footnotes":""},"class_list":["post-15652","page","type-page","status-publish","hentry"],"acf":[],"aioseo_notices":[],"wpml_current_locale":"fr_CA","wpml_translations":[],"_links":{"self":[{"href":"https:\/\/www.aiacanada.com\/fr\/wp-json\/wp\/v2\/pages\/15652","targetHints":{"allow":["GET"]}}],"collection":[{"href":"https:\/\/www.aiacanada.com\/fr\/wp-json\/wp\/v2\/pages"}],"about":[{"href":"https:\/\/www.aiacanada.com\/fr\/wp-json\/wp\/v2\/types\/page"}],"author":[{"embeddable":true,"href":"https:\/\/www.aiacanada.com\/fr\/wp-json\/wp\/v2\/users\/14"}],"replies":[{"embeddable":true,"href":"https:\/\/www.aiacanada.com\/fr\/wp-json\/wp\/v2\/comments?post=15652"}],"version-history":[{"count":0,"href":"https:\/\/www.aiacanada.com\/fr\/wp-json\/wp\/v2\/pages\/15652\/revisions"}],"up":[{"embeddable":true,"href":"https:\/\/www.aiacanada.com\/fr\/wp-json\/wp\/v2\/pages\/15650"}],"wp:attachment":[{"href":"https:\/\/www.aiacanada.com\/fr\/wp-json\/wp\/v2\/media?parent=15652"}],"curies":[{"name":"wp","href":"https:\/\/api.w.org\/{rel}","templated":true}]}}