{"id":4521,"date":"2022-09-27T09:43:27","date_gmt":"2022-09-27T13:43:27","guid":{"rendered":"https:\/\/aiacanada.com\/a-propos-de-nous\/communities-of-practice\/"},"modified":"2022-11-24T14:13:49","modified_gmt":"2022-11-24T19:13:49","slug":"communautes-de-pratique","status":"publish","type":"page","link":"https:\/\/www.aiacanada.com\/fr\/a-propos-de-nous\/communautes-de-pratique\/","title":{"rendered":"Communaut\u00e9s de Pratique"},"content":{"rendered":"\t\t<div data-elementor-type=\"wp-page\" data-elementor-id=\"4521\" class=\"elementor elementor-4521 elementor-4520\" data-elementor-post-type=\"page\">\n\t\t\t\t\t\t<section class=\"elementor-section elementor-top-section elementor-element elementor-element-4b44b97 elementor-section-boxed elementor-section-height-default elementor-section-height-default\" data-id=\"4b44b97\" data-element_type=\"section\" data-settings=\"{&quot;background_background&quot;:&quot;classic&quot;}\">\n\t\t\t\t\t\t<div class=\"elementor-container elementor-column-gap-default\">\n\t\t\t\t\t<div class=\"elementor-column elementor-col-100 elementor-top-column elementor-element elementor-element-2f55245\" data-id=\"2f55245\" data-element_type=\"column\">\n\t\t\t<div class=\"elementor-widget-wrap elementor-element-populated\">\n\t\t\t\t\t\t<div class=\"elementor-element elementor-element-21a6588 elementor-widget elementor-widget-text-editor\" data-id=\"21a6588\" data-element_type=\"widget\" data-widget_type=\"text-editor.default\">\n\t\t\t\t<div class=\"elementor-widget-container\">\n\t\t\t\t\t\t\t<h1>Communaut\u00e9s de pratique<\/h1><p>\u00c0 l\u2019AIA Canada, chaque recherche est v\u00e9rifi\u00e9e et valid\u00e9e par un groupe de professionnels de l\u2019industrie afin de s\u2019assurer que les donn\u00e9es sont pr\u00e9cieuses pour nos membres et l\u2019industrie en g\u00e9n\u00e9ral. Ceci est r\u00e9alis\u00e9 gr\u00e2ce au d\u00e9ploiement de communaut\u00e9s de pratique qui sont mises en \u0153uvre avant le d\u00e9but d\u2019un projet de recherche\/connaissance qui l\u2019oriente et le guide jusqu\u2019\u00e0 son ach\u00e8vement.<\/p><h2><strong>Qu\u2019est-ce qu\u2019une communaut\u00e9 de pratique?<\/strong><\/h2><p>Une communaut\u00e9 de pratique (CdP) repr\u00e9sente un groupe de professionnels qui ont l\u2019expertise et la volont\u00e9 de travailler sur un probl\u00e8me commun et de trouver des solutions. Les CdP sont \u00e9tablis sur une base volontaire et se composent de ceux qui veulent \u00eatre impliqu\u00e9s dans un projet sp\u00e9cifique dont les dates de d\u00e9but et de fin sont claires. Les CdP sont un excellent moyen de d\u00e9velopper un capital social, de nourrir de nouvelles connaissances, de stimuler la discussion et de partager les connaissances.<\/p><h2><strong>Qu\u2019est-ce qui est exig\u00e9 d\u2019un participant \u00e0 la communaut\u00e9 de pratique?<\/strong><\/h2><p>Les participants partagent leur expertise et fournissent une orientation \u00e0 diverses \u00e9tapes du projet de recherche et sur demande. Cela comprend la r\u00e9troaction sur les points de donn\u00e9es, l\u2019identification des connaissances et des donn\u00e9es manquantes et l\u2019examen des \u00e9bauches du rapport ou du produit, en veillant \u00e0 ce que les produits finaux r\u00e9pondent aux besoins du public cible.<\/p><h2><strong>Qu\u2019en retire un participant \u00e0 la communaut\u00e9 de pratique?<\/strong><\/h2><ul><li data-gc-list-depth=\"1\" data-gc-list-style=\"bullet\">Approfondissement des questions qui ont un impact direct sur le march\u00e9 secondaire (taille du march\u00e9, moteurs \u00e9conomiques, consolidation du secteur, perturbation technologique et plus encore)<\/li><li data-gc-list-depth=\"1\" data-gc-list-style=\"bullet\">Il fa\u00e7onne les tendances de l\u2019industrie du march\u00e9 secondaire en \u00e9volution rapide<\/li><li data-gc-list-depth=\"1\" data-gc-list-style=\"bullet\">Possibilit\u00e9 de partager son expertise et d\u2019\u00e9largir les r\u00e9seaux personnels<\/li><li data-gc-list-depth=\"1\" data-gc-list-style=\"bullet\">Il re\u00e7oit une copie anticip\u00e9e des publications, ce qui donne \u00e0 son entreprise un avantage concurrentiel<\/li><li data-gc-list-depth=\"1\" data-gc-list-style=\"bullet\">Reconnaissance dans le rapport final et les communications \u00e9lectroniques de l\u2019AIA Canada.<\/li><\/ul>\t\t\t\t\t\t<\/div>\n\t\t\t\t<\/div>\n\t\t\t\t<div class=\"elementor-element elementor-element-07e0b97 elementor-widget elementor-widget-image\" data-id=\"07e0b97\" data-element_type=\"widget\" data-widget_type=\"image.default\">\n\t\t\t\t<div class=\"elementor-widget-container\">\n\t\t\t\t\t\t\t\t\t\t\t\t\t<img fetchpriority=\"high\" decoding=\"async\" width=\"800\" height=\"244\" src=\"https:\/\/www.aiacanada.com\/wp-content\/uploads\/2022\/11\/iStock-1305416667-1024x312.jpg\" class=\"attachment-large size-large wp-image-7443\" alt=\"\" srcset=\"https:\/\/www.aiacanada.com\/wp-content\/uploads\/2022\/11\/iStock-1305416667-1024x312.jpg 1024w, https:\/\/www.aiacanada.com\/wp-content\/uploads\/2022\/11\/iStock-1305416667-300x91.jpg 300w, https:\/\/www.aiacanada.com\/wp-content\/uploads\/2022\/11\/iStock-1305416667-768x234.jpg 768w, https:\/\/www.aiacanada.com\/wp-content\/uploads\/2022\/11\/iStock-1305416667-600x183.jpg 600w, https:\/\/www.aiacanada.com\/wp-content\/uploads\/2022\/11\/iStock-1305416667.jpg 1070w\" sizes=\"(max-width: 800px) 100vw, 800px\" \/>\t\t\t\t\t\t\t\t\t\t\t\t\t<\/div>\n\t\t\t\t<\/div>\n\t\t\t\t<div class=\"elementor-element elementor-element-bdf8d87 elementor-testimonial--skin-bubble elementor-testimonial--align-left elementor-testimonial--layout-image_inline elementor-pagination-type-bullets elementor-widget elementor-widget-testimonial-carousel\" data-id=\"bdf8d87\" data-element_type=\"widget\" data-settings=\"{&quot;pagination&quot;:&quot;bullets&quot;,&quot;speed&quot;:500,&quot;autoplay&quot;:&quot;yes&quot;,&quot;autoplay_speed&quot;:5000,&quot;loop&quot;:&quot;yes&quot;,&quot;pause_on_hover&quot;:&quot;yes&quot;,&quot;pause_on_interaction&quot;:&quot;yes&quot;,&quot;space_between&quot;:{&quot;unit&quot;:&quot;px&quot;,&quot;size&quot;:10,&quot;sizes&quot;:[]},&quot;space_between_tablet&quot;:{&quot;unit&quot;:&quot;px&quot;,&quot;size&quot;:10,&quot;sizes&quot;:[]},&quot;space_between_mobile&quot;:{&quot;unit&quot;:&quot;px&quot;,&quot;size&quot;:10,&quot;sizes&quot;:[]}}\" data-widget_type=\"testimonial-carousel.default\">\n\t\t\t\t<div class=\"elementor-widget-container\">\n\t\t\t\t\t\t\t<div class=\"elementor-swiper\">\n\t\t\t\t\t<div class=\"elementor-main-swiper swiper\" role=\"region\" aria-roledescription=\"carousel\" aria-label=\"Diapositives\">\n\t\t\t\t<div class=\"swiper-wrapper\">\n\t\t\t\t\t\t\t\t\t\t\t<div class=\"swiper-slide\" role=\"group\" aria-roledescription=\"slide\">\n\t\t\t\t\t\t\t\t\t<div class=\"elementor-testimonial\">\n\t\t\t\t\t\t\t<div class=\"elementor-testimonial__content\">\n\t\t\t\t\t<div class=\"elementor-testimonial__text\">\n\t\t\t\t\t\t\u00ab Faire partie de la CdP de l\u2019\u00e9tude des perspectives 2020 a \u00e9t\u00e9 une excellente exp\u00e9rience. Cela m\u2019a permis de r\u00e9seauter avec de nouveaux coll\u00e8gues \nde l\u2019industrie, d\u2019avoir un aper\u00e7u des r\u00e9sultats de la recherche et de contribuer \u00e0 une initiative importante pour notre industrie. \u00bb\t\t\t\t\t<\/div>\n\t\t\t\t\t\t\t\t\t<\/div>\n\t\t\t\t\t\t<div class=\"elementor-testimonial__footer\">\n\t\t\t\t\t\t\t\t<cite class=\"elementor-testimonial__cite\"><span class=\"elementor-testimonial__name\">Melissa Arbour<\/span><span class=\"elementor-testimonial__title\">Vice-pr\u00e9sidente adjointe,  entretien et accessoires automobiles, Canadian Tire <\/span><\/cite>\t\t\t<\/div>\n\t\t<\/div>\n\t\t\t\t\t\t\t\t<\/div>\n\t\t\t\t\t\t\t\t\t\t\t<div class=\"swiper-slide\" role=\"group\" aria-roledescription=\"slide\">\n\t\t\t\t\t\t\t\t\t<div class=\"elementor-testimonial\">\n\t\t\t\t\t\t\t<div class=\"elementor-testimonial__content\">\n\t\t\t\t\t<div class=\"elementor-testimonial__text\">\n\t\t\t\t\t\t\u00ab\u2009Participer \u00e0 cette \u00e9tude des perspectives m\u2019a permis de mieux comprendre l\u2019industrie! C\u2019est une exp\u00e9rience que je recommande vivement, car elle sera utile pour les prochaines \n\u00e9tudes de l\u2019AIA Canada et pour votre carri\u00e8re.\u2009\u00bb\t\t\t\t\t<\/div>\n\t\t\t\t\t\t\t\t\t<\/div>\n\t\t\t\t\t\t<div class=\"elementor-testimonial__footer\">\n\t\t\t\t\t\t\t\t<cite class=\"elementor-testimonial__cite\"><span class=\"elementor-testimonial__name\">Nathaniel Willsie<\/span><span class=\"elementor-testimonial__title\">Sp\u00e9cialiste technique, Grote Industries<\/span><\/cite>\t\t\t<\/div>\n\t\t<\/div>\n\t\t\t\t\t\t\t\t<\/div>\n\t\t\t\t\t\t\t\t\t\t\t<div class=\"swiper-slide\" role=\"group\" aria-roledescription=\"slide\">\n\t\t\t\t\t\t\t\t\t<div class=\"elementor-testimonial\">\n\t\t\t\t\t\t\t<div class=\"elementor-testimonial__content\">\n\t\t\t\t\t<div class=\"elementor-testimonial__text\">\n\t\t\t\t\t\t\u00ab J\u2019ai \u00e9t\u00e9 ravie de discuter avec mes pairs de l\u2019industrie sur des sujets qui ont un impact sur nos activit\u00e9s quotidiennes. Il a \u00e9t\u00e9 tr\u00e8s utile pour moi d\u2019entendre les opinions et les points\n de vue des autres secteurs de la cha\u00eene d\u2019approvisionnement du march\u00e9 secondaire. \u00bb\t\t\t\t\t<\/div>\n\t\t\t\t\t\t\t\t\t<\/div>\n\t\t\t\t\t\t<div class=\"elementor-testimonial__footer\">\n\t\t\t\t\t\t\t\t<cite class=\"elementor-testimonial__cite\"><span class=\"elementor-testimonial__name\">Kathryn Jones<\/span><span class=\"elementor-testimonial__title\">Directrice des comptes principaux \u2013 Canada, Doorman Products Inc.<\/span><\/cite>\t\t\t<\/div>\n\t\t<\/div>\n\t\t\t\t\t\t\t\t<\/div>\n\t\t\t\t\t\t\t\t\t<\/div>\n\t\t\t\t\t\t\t\t\t\t\t\t\t\t\t<div class=\"swiper-pagination\"><\/div>\n\t\t\t\t\t\t\t\t\t\t\t\t\t\t\t\t\t<\/div>\n\t\t\t\t<\/div>\n\t\t\t\t\t\t<\/div>\n\t\t\t\t<\/div>\n\t\t\t\t<div class=\"elementor-element elementor-element-f6b5314 elementor-widget elementor-widget-text-editor\" data-id=\"f6b5314\" data-element_type=\"widget\" data-widget_type=\"text-editor.default\">\n\t\t\t\t<div class=\"elementor-widget-container\">\n\t\t\t\t\t\t\t<p>Please contact Shamsia Quraishi, Manager, Research &amp; Knowledge Mobilization at\u00a0<a href=\"mailto:Shamsia.Quraishi@aiacanada.com\" data-gc-link=\"mailto:Shamsia.Quraishi@aiacanada.com\">Shamsia.Quraishi@aiacanada.com<\/a>\u00a0if you would like to get involved.<\/p>\t\t\t\t\t\t<\/div>\n\t\t\t\t<\/div>\n\t\t\t\t\t<\/div>\n\t\t<\/div>\n\t\t\t\t\t<\/div>\n\t\t<\/section>\n\t\t\t\t<\/div>\n\t\t","protected":false},"excerpt":{"rendered":"<p>Communaut\u00e9s de pratique \u00c0 l\u2019AIA Canada, chaque recherche est v\u00e9rifi\u00e9e et valid\u00e9e par un groupe de professionnels de l\u2019industrie afin de s\u2019assurer que les donn\u00e9es sont pr\u00e9cieuses pour nos membres et l\u2019industrie en g\u00e9n\u00e9ral. Ceci est r\u00e9alis\u00e9 gr\u00e2ce au d\u00e9ploiement de communaut\u00e9s de pratique qui sont mises en \u0153uvre avant le d\u00e9but d\u2019un projet de [&hellip;]<\/p>\n","protected":false},"author":11,"featured_media":0,"parent":4481,"menu_order":0,"comment_status":"closed","ping_status":"closed","template":"","meta":{"_acf_changed":false,"footnotes":""},"class_list":["post-4521","page","type-page","status-publish","hentry"],"acf":[],"aioseo_notices":[],"wpml_current_locale":"fr_CA","wpml_translations":[],"_links":{"self":[{"href":"https:\/\/www.aiacanada.com\/fr\/wp-json\/wp\/v2\/pages\/4521","targetHints":{"allow":["GET"]}}],"collection":[{"href":"https:\/\/www.aiacanada.com\/fr\/wp-json\/wp\/v2\/pages"}],"about":[{"href":"https:\/\/www.aiacanada.com\/fr\/wp-json\/wp\/v2\/types\/page"}],"author":[{"embeddable":true,"href":"https:\/\/www.aiacanada.com\/fr\/wp-json\/wp\/v2\/users\/11"}],"replies":[{"embeddable":true,"href":"https:\/\/www.aiacanada.com\/fr\/wp-json\/wp\/v2\/comments?post=4521"}],"version-history":[{"count":0,"href":"https:\/\/www.aiacanada.com\/fr\/wp-json\/wp\/v2\/pages\/4521\/revisions"}],"up":[{"embeddable":true,"href":"https:\/\/www.aiacanada.com\/fr\/wp-json\/wp\/v2\/pages\/4481"}],"wp:attachment":[{"href":"https:\/\/www.aiacanada.com\/fr\/wp-json\/wp\/v2\/media?parent=4521"}],"curies":[{"name":"wp","href":"https:\/\/api.w.org\/{rel}","templated":true}]}}