{"id":4528,"date":"2022-09-27T10:05:02","date_gmt":"2022-09-27T14:05:02","guid":{"rendered":"https:\/\/aiacanada.com\/a-propos-de-nous\/our-councils-and-committees\/"},"modified":"2024-03-19T11:32:17","modified_gmt":"2024-03-19T15:32:17","slug":"nos-conseils-et-comites","status":"publish","type":"page","link":"https:\/\/www.aiacanada.com\/fr\/a-propos-de-nous\/nos-conseils-et-comites\/","title":{"rendered":"Nos conseils et comit\u00e9s"},"content":{"rendered":"\t\t<div data-elementor-type=\"wp-page\" data-elementor-id=\"4528\" class=\"elementor elementor-4528 elementor-4524\" data-elementor-post-type=\"page\">\n\t\t\t\t\t\t<section class=\"elementor-section elementor-top-section elementor-element elementor-element-2b82bd1 elementor-section-boxed elementor-section-height-default elementor-section-height-default\" data-id=\"2b82bd1\" data-element_type=\"section\">\n\t\t\t\t\t\t<div class=\"elementor-container elementor-column-gap-default\">\n\t\t\t\t\t<div class=\"elementor-column elementor-col-100 elementor-top-column elementor-element elementor-element-320707b\" data-id=\"320707b\" data-element_type=\"column\">\n\t\t\t<div class=\"elementor-widget-wrap elementor-element-populated\">\n\t\t\t\t\t\t<div class=\"elementor-element elementor-element-74fa60d elementor-widget elementor-widget-text-editor\" data-id=\"74fa60d\" data-element_type=\"widget\" data-widget_type=\"text-editor.default\">\n\t\t\t\t<div class=\"elementor-widget-container\">\n\t\t\t\t\t\t\t<h1>Nos conseils et comit\u00e9s<\/h1>\t\t\t\t\t\t<\/div>\n\t\t\t\t<\/div>\n\t\t\t\t\t<\/div>\n\t\t<\/div>\n\t\t\t\t\t<\/div>\n\t\t<\/section>\n\t\t\t\t<section class=\"elementor-section elementor-top-section elementor-element elementor-element-5abf6ef elementor-section-boxed elementor-section-height-default elementor-section-height-default\" data-id=\"5abf6ef\" data-element_type=\"section\">\n\t\t\t\t\t\t<div class=\"elementor-container elementor-column-gap-default\">\n\t\t\t\t\t<div class=\"elementor-column elementor-col-100 elementor-top-column elementor-element elementor-element-8cd3d13\" data-id=\"8cd3d13\" data-element_type=\"column\">\n\t\t\t<div class=\"elementor-widget-wrap elementor-element-populated\">\n\t\t\t\t\t\t<section class=\"elementor-section elementor-inner-section elementor-element elementor-element-680aa81 elementor-section-boxed elementor-section-height-default elementor-section-height-default\" data-id=\"680aa81\" data-element_type=\"section\">\n\t\t\t\t\t\t<div class=\"elementor-container elementor-column-gap-default\">\n\t\t\t\t\t<div class=\"elementor-column elementor-col-100 elementor-inner-column elementor-element elementor-element-d3b3d48\" data-id=\"d3b3d48\" data-element_type=\"column\">\n\t\t\t<div class=\"elementor-widget-wrap elementor-element-populated\">\n\t\t\t\t\t\t<div class=\"elementor-element elementor-element-a85db39 elementor-widget elementor-widget-heading\" data-id=\"a85db39\" data-element_type=\"widget\" data-widget_type=\"heading.default\">\n\t\t\t\t<div class=\"elementor-widget-container\">\n\t\t\t<h2 class=\"elementor-heading-title elementor-size-default\">Comit\u00e9 d\u2019audit et de finances<\/h2>\t\t<\/div>\n\t\t\t\t<\/div>\n\t\t\t\t\t<\/div>\n\t\t<\/div>\n\t\t\t\t\t<\/div>\n\t\t<\/section>\n\t\t\t\t<section class=\"elementor-section elementor-inner-section elementor-element elementor-element-098f2a0 elementor-section-boxed elementor-section-height-default elementor-section-height-default\" data-id=\"098f2a0\" data-element_type=\"section\">\n\t\t\t\t\t\t<div class=\"elementor-container elementor-column-gap-extended\">\n\t\t\t\t\t<div class=\"elementor-column elementor-col-33 elementor-inner-column elementor-element elementor-element-9dddd4e\" data-id=\"9dddd4e\" data-element_type=\"column\">\n\t\t\t<div class=\"elementor-widget-wrap elementor-element-populated\">\n\t\t\t\t\t\t<div class=\"elementor-element elementor-element-2a7ce74 elementor-widget elementor-widget-image\" data-id=\"2a7ce74\" data-element_type=\"widget\" data-widget_type=\"image.default\">\n\t\t\t\t<div class=\"elementor-widget-container\">\n\t\t\t\t\t\t\t\t\t\t\t\t\t<img fetchpriority=\"high\" decoding=\"async\" width=\"600\" height=\"400\" src=\"https:\/\/www.aiacanada.com\/wp-content\/uploads\/2022\/11\/iStock-1398265731-600x400.jpg\" class=\"attachment-Medium Landscape size-Medium Landscape wp-image-7441\" alt=\"\" srcset=\"https:\/\/www.aiacanada.com\/wp-content\/uploads\/2022\/11\/iStock-1398265731-600x400.jpg 600w, https:\/\/www.aiacanada.com\/wp-content\/uploads\/2022\/11\/iStock-1398265731-300x200.jpg 300w, https:\/\/www.aiacanada.com\/wp-content\/uploads\/2022\/11\/iStock-1398265731.jpg 724w\" sizes=\"(max-width: 600px) 100vw, 600px\" \/>\t\t\t\t\t\t\t\t\t\t\t\t\t<\/div>\n\t\t\t\t<\/div>\n\t\t\t\t\t<\/div>\n\t\t<\/div>\n\t\t\t\t<div class=\"elementor-column elementor-col-66 elementor-inner-column elementor-element elementor-element-09545fe\" data-id=\"09545fe\" data-element_type=\"column\">\n\t\t\t<div class=\"elementor-widget-wrap elementor-element-populated\">\n\t\t\t\t\t\t<div class=\"elementor-element elementor-element-63907cf elementor-widget elementor-widget-text-editor\" data-id=\"63907cf\" data-element_type=\"widget\" data-widget_type=\"text-editor.default\">\n\t\t\t\t<div class=\"elementor-widget-container\">\n\t\t\t\t\t\t\t<p>Aide le conseil d\u2019administration \u00e0 s\u2019acquitter de ses responsabilit\u00e9s en mati\u00e8re d\u2019int\u00e9grit\u00e9 des audits, des rapports et des processus financiers de l\u2019association.<\/p>\t\t\t\t\t\t<\/div>\n\t\t\t\t<\/div>\n\t\t\t\t<div class=\"elementor-element elementor-element-a06155e elementor-align-left elementor-tablet-align-left elementor-mobile-align-justify elementor-widget elementor-widget-button\" data-id=\"a06155e\" data-element_type=\"widget\" data-widget_type=\"button.default\">\n\t\t\t\t<div class=\"elementor-widget-container\">\n\t\t\t\t\t<div class=\"elementor-button-wrapper\">\n\t\t\t<a class=\"elementor-button elementor-button-link elementor-size-sm\" href=\"\/fr\/a-propos-de-nous\/nos-conseils-et-comites\/comite-daudit-et-de-finances\/\">\n\t\t\t\t\t\t<span class=\"elementor-button-content-wrapper\">\n\t\t\t\t\t\t\t\t\t<span class=\"elementor-button-text\">En savoir plus sur le comit\u00e9<\/span>\n\t\t\t\t\t<\/span>\n\t\t\t\t\t<\/a>\n\t\t<\/div>\n\t\t\t\t<\/div>\n\t\t\t\t<\/div>\n\t\t\t\t\t<\/div>\n\t\t<\/div>\n\t\t\t\t\t<\/div>\n\t\t<\/section>\n\t\t\t\t\t<\/div>\n\t\t<\/div>\n\t\t\t\t\t<\/div>\n\t\t<\/section>\n\t\t\t\t<section class=\"elementor-section elementor-top-section elementor-element elementor-element-926b68a elementor-section-boxed elementor-section-height-default elementor-section-height-default\" data-id=\"926b68a\" data-element_type=\"section\">\n\t\t\t\t\t\t<div class=\"elementor-container elementor-column-gap-default\">\n\t\t\t\t\t<div class=\"elementor-column elementor-col-100 elementor-top-column elementor-element elementor-element-17f5dee\" data-id=\"17f5dee\" data-element_type=\"column\">\n\t\t\t<div class=\"elementor-widget-wrap elementor-element-populated\">\n\t\t\t\t\t\t<section class=\"elementor-section elementor-inner-section elementor-element elementor-element-9844ac3 elementor-section-boxed elementor-section-height-default elementor-section-height-default\" data-id=\"9844ac3\" data-element_type=\"section\">\n\t\t\t\t\t\t<div class=\"elementor-container elementor-column-gap-default\">\n\t\t\t\t\t<div class=\"elementor-column elementor-col-100 elementor-inner-column elementor-element elementor-element-63e877d\" data-id=\"63e877d\" data-element_type=\"column\">\n\t\t\t<div class=\"elementor-widget-wrap elementor-element-populated\">\n\t\t\t\t\t\t<div class=\"elementor-element elementor-element-012c79f elementor-widget elementor-widget-heading\" data-id=\"012c79f\" data-element_type=\"widget\" data-widget_type=\"heading.default\">\n\t\t\t\t<div class=\"elementor-widget-container\">\n\t\t\t<h2 class=\"elementor-heading-title elementor-size-default\">Comit\u00e9 des Jeunes professionnels du secteur de l'entretien et de la r\u00e9paration automobile<\/h2>\t\t<\/div>\n\t\t\t\t<\/div>\n\t\t\t\t\t<\/div>\n\t\t<\/div>\n\t\t\t\t\t<\/div>\n\t\t<\/section>\n\t\t\t\t<section class=\"elementor-section elementor-inner-section elementor-element elementor-element-34cb3ea elementor-section-boxed elementor-section-height-default elementor-section-height-default\" data-id=\"34cb3ea\" data-element_type=\"section\">\n\t\t\t\t\t\t<div class=\"elementor-container elementor-column-gap-extended\">\n\t\t\t\t\t<div class=\"elementor-column elementor-col-33 elementor-inner-column elementor-element elementor-element-e138cda\" data-id=\"e138cda\" data-element_type=\"column\">\n\t\t\t<div class=\"elementor-widget-wrap elementor-element-populated\">\n\t\t\t\t\t\t<div class=\"elementor-element elementor-element-7ff5e90 elementor-widget elementor-widget-image\" data-id=\"7ff5e90\" data-element_type=\"widget\" data-widget_type=\"image.default\">\n\t\t\t\t<div class=\"elementor-widget-container\">\n\t\t\t\t\t\t\t\t\t\t\t\t\t<img decoding=\"async\" width=\"600\" height=\"331\" src=\"https:\/\/www.aiacanada.com\/wp-content\/uploads\/2022\/11\/double-exposure-image-business-finance2-1.jpg\" class=\"attachment-Medium Landscape size-Medium Landscape wp-image-7191\" alt=\"\" srcset=\"https:\/\/www.aiacanada.com\/wp-content\/uploads\/2022\/11\/double-exposure-image-business-finance2-1.jpg 1200w, https:\/\/www.aiacanada.com\/wp-content\/uploads\/2022\/11\/double-exposure-image-business-finance2-1-300x165.jpg 300w, https:\/\/www.aiacanada.com\/wp-content\/uploads\/2022\/11\/double-exposure-image-business-finance2-1-1024x564.jpg 1024w, https:\/\/www.aiacanada.com\/wp-content\/uploads\/2022\/11\/double-exposure-image-business-finance2-1-768x423.jpg 768w, https:\/\/www.aiacanada.com\/wp-content\/uploads\/2022\/11\/double-exposure-image-business-finance2-1-600x331.jpg 600w\" sizes=\"(max-width: 600px) 100vw, 600px\" \/>\t\t\t\t\t\t\t\t\t\t\t\t\t<\/div>\n\t\t\t\t<\/div>\n\t\t\t\t\t<\/div>\n\t\t<\/div>\n\t\t\t\t<div class=\"elementor-column elementor-col-66 elementor-inner-column elementor-element elementor-element-76814a1\" data-id=\"76814a1\" data-element_type=\"column\">\n\t\t\t<div class=\"elementor-widget-wrap elementor-element-populated\">\n\t\t\t\t\t\t<div class=\"elementor-element elementor-element-a4885c9 elementor-widget elementor-widget-text-editor\" data-id=\"a4885c9\" data-element_type=\"widget\" data-widget_type=\"text-editor.default\">\n\t\t\t\t<div class=\"elementor-widget-container\">\n\t\t\t\t\t\t\t<p>Un forum permettant aux jeunes cadres du secteur de l\u2019entretien et de la r\u00e9paration automobile d\u2019exprimer leurs points de vue et de r\u00e9seauter. Offre \u00e9galement des possibilit\u00e9s de perfectionnement professionnel et de mentorat.<\/p>\t\t\t\t\t\t<\/div>\n\t\t\t\t<\/div>\n\t\t\t\t<div class=\"elementor-element elementor-element-7d28c75 elementor-align-left elementor-tablet-align-left elementor-mobile-align-justify elementor-widget elementor-widget-button\" data-id=\"7d28c75\" data-element_type=\"widget\" data-widget_type=\"button.default\">\n\t\t\t\t<div class=\"elementor-widget-container\">\n\t\t\t\t\t<div class=\"elementor-button-wrapper\">\n\t\t\t<a class=\"elementor-button elementor-button-link elementor-size-sm\" href=\"\/fr\/a-propos-de-nous\/nos-conseils-et-comites\/comite-des-jeunes-professionnels-du-secteur-de-lentretien-et-de-la-reparation-automobile\/\">\n\t\t\t\t\t\t<span class=\"elementor-button-content-wrapper\">\n\t\t\t\t\t\t\t\t\t<span class=\"elementor-button-text\">En savoir plus sur le comit\u00e9<\/span>\n\t\t\t\t\t<\/span>\n\t\t\t\t\t<\/a>\n\t\t<\/div>\n\t\t\t\t<\/div>\n\t\t\t\t<\/div>\n\t\t\t\t\t<\/div>\n\t\t<\/div>\n\t\t\t\t\t<\/div>\n\t\t<\/section>\n\t\t\t\t\t<\/div>\n\t\t<\/div>\n\t\t\t\t\t<\/div>\n\t\t<\/section>\n\t\t\t\t<section class=\"elementor-section elementor-top-section elementor-element elementor-element-890ea54 elementor-section-boxed elementor-section-height-default elementor-section-height-default\" data-id=\"890ea54\" data-element_type=\"section\">\n\t\t\t\t\t\t<div class=\"elementor-container elementor-column-gap-default\">\n\t\t\t\t\t<div class=\"elementor-column elementor-col-100 elementor-top-column elementor-element elementor-element-48f9502\" data-id=\"48f9502\" data-element_type=\"column\">\n\t\t\t<div class=\"elementor-widget-wrap elementor-element-populated\">\n\t\t\t\t\t\t<section class=\"elementor-section elementor-inner-section elementor-element elementor-element-0c14759 elementor-section-boxed elementor-section-height-default elementor-section-height-default\" data-id=\"0c14759\" data-element_type=\"section\">\n\t\t\t\t\t\t<div class=\"elementor-container elementor-column-gap-default\">\n\t\t\t\t\t<div class=\"elementor-column elementor-col-100 elementor-inner-column elementor-element elementor-element-bb7bfff\" data-id=\"bb7bfff\" data-element_type=\"column\">\n\t\t\t<div class=\"elementor-widget-wrap elementor-element-populated\">\n\t\t\t\t\t\t<div class=\"elementor-element elementor-element-1dc6895 elementor-widget elementor-widget-heading\" data-id=\"1dc6895\" data-element_type=\"widget\" data-widget_type=\"heading.default\">\n\t\t\t\t<div class=\"elementor-widget-container\">\n\t\t\t<h2 class=\"elementor-heading-title elementor-size-default\">Conseil des carrossiers<\/h2>\t\t<\/div>\n\t\t\t\t<\/div>\n\t\t\t\t\t<\/div>\n\t\t<\/div>\n\t\t\t\t\t<\/div>\n\t\t<\/section>\n\t\t\t\t<section class=\"elementor-section elementor-inner-section elementor-element elementor-element-f3fbe8a elementor-section-boxed elementor-section-height-default elementor-section-height-default\" data-id=\"f3fbe8a\" data-element_type=\"section\">\n\t\t\t\t\t\t<div class=\"elementor-container elementor-column-gap-extended\">\n\t\t\t\t\t<div class=\"elementor-column elementor-col-33 elementor-inner-column elementor-element elementor-element-47d8c95\" data-id=\"47d8c95\" data-element_type=\"column\">\n\t\t\t<div class=\"elementor-widget-wrap elementor-element-populated\">\n\t\t\t\t\t\t<div class=\"elementor-element elementor-element-979c0e4 elementor-widget elementor-widget-image\" data-id=\"979c0e4\" data-element_type=\"widget\" data-widget_type=\"image.default\">\n\t\t\t\t<div class=\"elementor-widget-container\">\n\t\t\t\t\t\t\t\t\t\t\t\t\t<img decoding=\"async\" width=\"600\" height=\"400\" src=\"https:\/\/www.aiacanada.com\/wp-content\/uploads\/2024\/03\/CRC-IMG-600x400.jpg\" class=\"attachment-Medium Landscape size-Medium Landscape wp-image-19136\" alt=\"\" \/>\t\t\t\t\t\t\t\t\t\t\t\t\t<\/div>\n\t\t\t\t<\/div>\n\t\t\t\t\t<\/div>\n\t\t<\/div>\n\t\t\t\t<div class=\"elementor-column elementor-col-66 elementor-inner-column elementor-element elementor-element-c503402\" data-id=\"c503402\" data-element_type=\"column\">\n\t\t\t<div class=\"elementor-widget-wrap elementor-element-populated\">\n\t\t\t\t\t\t<div class=\"elementor-element elementor-element-fa07915 elementor-widget elementor-widget-text-editor\" data-id=\"fa07915\" data-element_type=\"widget\" data-widget_type=\"text-editor.default\">\n\t\t\t\t<div class=\"elementor-widget-container\">\n\t\t\t\t\t\t\t<p><span class=\"TextRun SCXW67577821 BCX0\" lang=\"EN-US\" xml:lang=\"EN-US\" data-contrast=\"auto\"><span class=\"NormalTextRun SCXW67577821 BCX0\">Ce conseil <\/span><span class=\"NormalTextRun SpellingErrorV2Themed SCXW67577821 BCX0\">collabore<\/span><span class=\"NormalTextRun SCXW67577821 BCX0\"> avec le conseil <\/span><span class=\"NormalTextRun SpellingErrorV2Themed SCXW67577821 BCX0\">d&#8217;administration<\/span><span class=\"NormalTextRun SCXW67577821 BCX0\"> de <\/span><span class=\"NormalTextRun SpellingErrorV2Themed SCXW67577821 BCX0\">l&#8217;AIA<\/span><span class=\"NormalTextRun SCXW67577821 BCX0\"> Canada, <\/span><span class=\"NormalTextRun SpellingErrorV2Themed SCXW67577821 BCX0\">visant<\/span><span class=\"NormalTextRun SCXW67577821 BCX0\"> \u00e0 <\/span><span class=\"NormalTextRun SpellingErrorV2Themed SCXW67577821 BCX0\">promouvoir<\/span><span class=\"NormalTextRun SCXW67577821 BCX0\"> les <\/span><span class=\"NormalTextRun SpellingErrorV2Themed SCXW67577821 BCX0\">int\u00e9r\u00eats<\/span><span class=\"NormalTextRun SCXW67577821 BCX0\"> des <\/span><span class=\"NormalTextRun SpellingErrorV2Themed SCXW67577821 BCX0\">r\u00e9parateurs<\/span><span class=\"NormalTextRun SCXW67577821 BCX0\"> de carrosserie <\/span><span class=\"NormalTextRun SpellingErrorV2Themed SCXW67577821 BCX0\">canadiens<\/span><span class=\"NormalTextRun SCXW67577821 BCX0\"> qui <\/span><span class=\"NormalTextRun SpellingErrorV2Themed SCXW67577821 BCX0\">s&#8217;engagent<\/span><span class=\"NormalTextRun SCXW67577821 BCX0\"> \u00e0 <\/span><span class=\"NormalTextRun SpellingErrorV2Themed SCXW67577821 BCX0\">effectuer<\/span><span class=\"NormalTextRun SCXW67577821 BCX0\"> des <\/span><span class=\"NormalTextRun SpellingErrorV2Themed SCXW67577821 BCX0\">r\u00e9parations<\/span> <span class=\"NormalTextRun SpellingErrorV2Themed SCXW67577821 BCX0\">s\u00fbres<\/span><span class=\"NormalTextRun SCXW67577821 BCX0\"> et <\/span><span class=\"NormalTextRun SpellingErrorV2Themed SCXW67577821 BCX0\">ad\u00e9quates<\/span><span class=\"NormalTextRun SCXW67577821 BCX0\">.<\/span><\/span><span class=\"EOP SCXW67577821 BCX0\" data-ccp-props=\"{&quot;335551550&quot;:0,&quot;335551620&quot;:0,&quot;335559685&quot;:-20,&quot;335559737&quot;:-20}\">\u00a0<\/span><\/p>\t\t\t\t\t\t<\/div>\n\t\t\t\t<\/div>\n\t\t\t\t<div class=\"elementor-element elementor-element-1f71d44 elementor-align-left elementor-tablet-align-left elementor-mobile-align-justify elementor-widget elementor-widget-button\" data-id=\"1f71d44\" data-element_type=\"widget\" data-widget_type=\"button.default\">\n\t\t\t\t<div class=\"elementor-widget-container\">\n\t\t\t\t\t<div class=\"elementor-button-wrapper\">\n\t\t\t<a class=\"elementor-button elementor-button-link elementor-size-sm\" href=\"https:\/\/www.aiacanada.com\/fr\/a-propos-de-nous\/nos-conseils-et-comites\/conseil-des-reparateurs-de-carrosserie-de-laia-canada\/\">\n\t\t\t\t\t\t<span class=\"elementor-button-content-wrapper\">\n\t\t\t\t\t\t\t\t\t<span class=\"elementor-button-text\">En savoir plus sur le conseil<\/span>\n\t\t\t\t\t<\/span>\n\t\t\t\t\t<\/a>\n\t\t<\/div>\n\t\t\t\t<\/div>\n\t\t\t\t<\/div>\n\t\t\t\t\t<\/div>\n\t\t<\/div>\n\t\t\t\t\t<\/div>\n\t\t<\/section>\n\t\t\t\t\t<\/div>\n\t\t<\/div>\n\t\t\t\t\t<\/div>\n\t\t<\/section>\n\t\t\t\t<\/div>\n\t\t","protected":false},"excerpt":{"rendered":"<p>Nos conseils et comit\u00e9s Comit\u00e9 d\u2019audit et de finances Aide le conseil d\u2019administration \u00e0 s\u2019acquitter de ses responsabilit\u00e9s en mati\u00e8re d\u2019int\u00e9grit\u00e9 des audits, des rapports et des processus financiers de l\u2019association. En savoir plus sur le comit\u00e9 Comit\u00e9 des Jeunes professionnels du secteur de l&#8217;entretien et de la r\u00e9paration automobile Un forum permettant aux jeunes [&hellip;]<\/p>\n","protected":false},"author":11,"featured_media":0,"parent":4481,"menu_order":0,"comment_status":"closed","ping_status":"closed","template":"","meta":{"_acf_changed":false,"footnotes":""},"class_list":["post-4528","page","type-page","status-publish","hentry"],"acf":[],"aioseo_notices":[],"wpml_current_locale":"fr_CA","wpml_translations":[],"_links":{"self":[{"href":"https:\/\/www.aiacanada.com\/fr\/wp-json\/wp\/v2\/pages\/4528","targetHints":{"allow":["GET"]}}],"collection":[{"href":"https:\/\/www.aiacanada.com\/fr\/wp-json\/wp\/v2\/pages"}],"about":[{"href":"https:\/\/www.aiacanada.com\/fr\/wp-json\/wp\/v2\/types\/page"}],"author":[{"embeddable":true,"href":"https:\/\/www.aiacanada.com\/fr\/wp-json\/wp\/v2\/users\/11"}],"replies":[{"embeddable":true,"href":"https:\/\/www.aiacanada.com\/fr\/wp-json\/wp\/v2\/comments?post=4528"}],"version-history":[{"count":0,"href":"https:\/\/www.aiacanada.com\/fr\/wp-json\/wp\/v2\/pages\/4528\/revisions"}],"up":[{"embeddable":true,"href":"https:\/\/www.aiacanada.com\/fr\/wp-json\/wp\/v2\/pages\/4481"}],"wp:attachment":[{"href":"https:\/\/www.aiacanada.com\/fr\/wp-json\/wp\/v2\/media?parent=4528"}],"curies":[{"name":"wp","href":"https:\/\/api.w.org\/{rel}","templated":true}]}}