{"id":4557,"date":"2022-09-27T11:05:50","date_gmt":"2022-09-27T15:05:50","guid":{"rendered":"https:\/\/aiacanada.com\/a-propos-de-nous\/nos-conseils-et-comites\/audit-and-finance-committee\/"},"modified":"2025-05-20T14:03:05","modified_gmt":"2025-05-20T18:03:05","slug":"comite-daudit-et-de-finances","status":"publish","type":"page","link":"https:\/\/www.aiacanada.com\/fr\/a-propos-de-nous\/nos-conseils-et-comites\/comite-daudit-et-de-finances\/","title":{"rendered":"Comit\u00e9 d\u2019audit et de finances"},"content":{"rendered":"\t\t<div data-elementor-type=\"wp-page\" data-elementor-id=\"4557\" class=\"elementor elementor-4557 elementor-4530\" data-elementor-post-type=\"page\">\n\t\t\t\t\t\t<section class=\"elementor-section elementor-top-section elementor-element elementor-element-c5858cb elementor-section-boxed elementor-section-height-default elementor-section-height-default\" data-id=\"c5858cb\" data-element_type=\"section\" data-settings=\"{&quot;background_background&quot;:&quot;classic&quot;}\">\n\t\t\t\t\t\t<div class=\"elementor-container elementor-column-gap-default\">\n\t\t\t\t\t<div class=\"elementor-column elementor-col-100 elementor-top-column elementor-element elementor-element-ebac1dc\" data-id=\"ebac1dc\" data-element_type=\"column\">\n\t\t\t<div class=\"elementor-widget-wrap elementor-element-populated\">\n\t\t\t\t\t\t<div class=\"elementor-element elementor-element-b5f8c93 elementor-widget elementor-widget-text-editor\" data-id=\"b5f8c93\" data-element_type=\"widget\" data-widget_type=\"text-editor.default\">\n\t\t\t\t<div class=\"elementor-widget-container\">\n\t\t\t\t\t\t\t<h1>Comit\u00e9 d\u2019audit et de finances<\/h1><p>Bien que le comit\u00e9 ait les responsabilit\u00e9s et les pouvoirs \u00e9tablis par la pr\u00e9sente Charte, il n\u2019est pas responsable des audits ou des \u00e9tats financiers de l\u2019Association. Cette responsabilit\u00e9 incombe \u00e0 la direction et aux auditeurs externes.<\/p>\t\t\t\t\t\t<\/div>\n\t\t\t\t<\/div>\n\t\t\t\t\t<\/div>\n\t\t<\/div>\n\t\t\t\t\t<\/div>\n\t\t<\/section>\n\t\t\t\t<section class=\"elementor-section elementor-top-section elementor-element elementor-element-fd8efba elementor-section-boxed elementor-section-height-default elementor-section-height-default\" data-id=\"fd8efba\" data-element_type=\"section\">\n\t\t\t\t\t\t<div class=\"elementor-container elementor-column-gap-default\">\n\t\t\t\t\t<div class=\"elementor-column elementor-col-50 elementor-top-column elementor-element elementor-element-34ff9cc\" data-id=\"34ff9cc\" data-element_type=\"column\">\n\t\t\t<div class=\"elementor-widget-wrap elementor-element-populated\">\n\t\t\t\t\t\t<section class=\"elementor-section elementor-inner-section elementor-element elementor-element-e3c9d65 elementor-section-boxed elementor-section-height-default elementor-section-height-default\" data-id=\"e3c9d65\" data-element_type=\"section\">\n\t\t\t\t\t\t<div class=\"elementor-container elementor-column-gap-default\">\n\t\t\t\t\t<div class=\"elementor-column elementor-col-50 elementor-inner-column elementor-element elementor-element-92b0728\" data-id=\"92b0728\" data-element_type=\"column\">\n\t\t\t<div class=\"elementor-widget-wrap elementor-element-populated\">\n\t\t\t\t\t\t<div class=\"elementor-element elementor-element-a3b505a elementor-widget elementor-widget-image\" data-id=\"a3b505a\" data-element_type=\"widget\" data-widget_type=\"image.default\">\n\t\t\t\t<div class=\"elementor-widget-container\">\n\t\t\t\t\t\t\t\t\t\t\t\t\t<img decoding=\"async\" width=\"150\" height=\"150\" src=\"https:\/\/www.aiacanada.com\/wp-content\/uploads\/2024\/04\/Chris-Kinghorn-Headshot-800x800-1-150x150.png\" class=\"attachment-thumbnail size-thumbnail wp-image-19424\" alt=\"\" srcset=\"https:\/\/www.aiacanada.com\/wp-content\/uploads\/2024\/04\/Chris-Kinghorn-Headshot-800x800-1-150x150.png 150w, https:\/\/www.aiacanada.com\/wp-content\/uploads\/2024\/04\/Chris-Kinghorn-Headshot-800x800-1-300x300.png 300w, https:\/\/www.aiacanada.com\/wp-content\/uploads\/2024\/04\/Chris-Kinghorn-Headshot-800x800-1-768x768.png 768w, https:\/\/www.aiacanada.com\/wp-content\/uploads\/2024\/04\/Chris-Kinghorn-Headshot-800x800-1-600x600.png 600w, https:\/\/www.aiacanada.com\/wp-content\/uploads\/2024\/04\/Chris-Kinghorn-Headshot-800x800-1-100x100.png 100w, https:\/\/www.aiacanada.com\/wp-content\/uploads\/2024\/04\/Chris-Kinghorn-Headshot-800x800-1.png 800w\" sizes=\"(max-width: 150px) 100vw, 150px\" \/>\t\t\t\t\t\t\t\t\t\t\t\t\t<\/div>\n\t\t\t\t<\/div>\n\t\t\t\t\t<\/div>\n\t\t<\/div>\n\t\t\t\t<div class=\"elementor-column elementor-col-50 elementor-inner-column elementor-element elementor-element-1942a45\" data-id=\"1942a45\" data-element_type=\"column\">\n\t\t\t<div class=\"elementor-widget-wrap elementor-element-populated\">\n\t\t\t\t\t\t<div class=\"elementor-element elementor-element-b749581 elementor-widget elementor-widget-text-editor\" data-id=\"b749581\" data-element_type=\"widget\" data-widget_type=\"text-editor.default\">\n\t\t\t\t<div class=\"elementor-widget-container\">\n\t\t\t\t\t\t\t<p><strong>Chris Kinghorn &#8211; Pr\u00e9sident\u00a0<\/strong><\/p><p>UAP Inc.<\/p>\t\t\t\t\t\t<\/div>\n\t\t\t\t<\/div>\n\t\t\t\t\t<\/div>\n\t\t<\/div>\n\t\t\t\t\t<\/div>\n\t\t<\/section>\n\t\t\t\t\t<\/div>\n\t\t<\/div>\n\t\t\t\t<div class=\"elementor-column elementor-col-50 elementor-top-column elementor-element elementor-element-683df3b\" data-id=\"683df3b\" data-element_type=\"column\">\n\t\t\t<div class=\"elementor-widget-wrap elementor-element-populated\">\n\t\t\t\t\t\t<section class=\"elementor-section elementor-inner-section elementor-element elementor-element-a6deb75 elementor-section-boxed elementor-section-height-default elementor-section-height-default\" data-id=\"a6deb75\" data-element_type=\"section\">\n\t\t\t\t\t\t<div class=\"elementor-container elementor-column-gap-default\">\n\t\t\t\t\t<div class=\"elementor-column elementor-col-50 elementor-inner-column elementor-element elementor-element-4658991\" data-id=\"4658991\" data-element_type=\"column\">\n\t\t\t<div class=\"elementor-widget-wrap elementor-element-populated\">\n\t\t\t\t\t\t<div class=\"elementor-element elementor-element-85d8dec elementor-widget elementor-widget-image\" data-id=\"85d8dec\" data-element_type=\"widget\" data-widget_type=\"image.default\">\n\t\t\t\t<div class=\"elementor-widget-container\">\n\t\t\t\t\t\t\t\t\t\t\t\t\t<img decoding=\"async\" width=\"150\" height=\"150\" src=\"https:\/\/www.aiacanada.com\/wp-content\/uploads\/2022\/11\/LEE00546-JF-ChampagneCROP-150x150.jpg\" class=\"attachment-thumbnail size-thumbnail wp-image-7218\" alt=\"\" srcset=\"https:\/\/www.aiacanada.com\/wp-content\/uploads\/2022\/11\/LEE00546-JF-ChampagneCROP-150x150.jpg 150w, https:\/\/www.aiacanada.com\/wp-content\/uploads\/2022\/11\/LEE00546-JF-ChampagneCROP-300x300.jpg 300w, https:\/\/www.aiacanada.com\/wp-content\/uploads\/2022\/11\/LEE00546-JF-ChampagneCROP-768x768.jpg 768w, https:\/\/www.aiacanada.com\/wp-content\/uploads\/2022\/11\/LEE00546-JF-ChampagneCROP-600x600.jpg 600w, https:\/\/www.aiacanada.com\/wp-content\/uploads\/2022\/11\/LEE00546-JF-ChampagneCROP-100x100.jpg 100w, https:\/\/www.aiacanada.com\/wp-content\/uploads\/2022\/11\/LEE00546-JF-ChampagneCROP.jpg 800w\" sizes=\"(max-width: 150px) 100vw, 150px\" \/>\t\t\t\t\t\t\t\t\t\t\t\t\t<\/div>\n\t\t\t\t<\/div>\n\t\t\t\t\t<\/div>\n\t\t<\/div>\n\t\t\t\t<div class=\"elementor-column elementor-col-50 elementor-inner-column elementor-element elementor-element-59c6c93\" data-id=\"59c6c93\" data-element_type=\"column\">\n\t\t\t<div class=\"elementor-widget-wrap elementor-element-populated\">\n\t\t\t\t\t\t<div class=\"elementor-element elementor-element-b83bf6c elementor-widget elementor-widget-text-editor\" data-id=\"b83bf6c\" data-element_type=\"widget\" data-widget_type=\"text-editor.default\">\n\t\t\t\t<div class=\"elementor-widget-container\">\n\t\t\t\t\t\t\t<p><strong>Jean-Fran\u00e7ois Champagne, CGA &#8211; Membre d\u2019office<\/strong><\/p><p>Association des industries de l&#8217;automobile du Canada<\/p>\t\t\t\t\t\t<\/div>\n\t\t\t\t<\/div>\n\t\t\t\t\t<\/div>\n\t\t<\/div>\n\t\t\t\t\t<\/div>\n\t\t<\/section>\n\t\t\t\t\t<\/div>\n\t\t<\/div>\n\t\t\t\t\t<\/div>\n\t\t<\/section>\n\t\t\t\t<section class=\"elementor-section elementor-top-section elementor-element elementor-element-8fdff7b elementor-section-boxed elementor-section-height-default elementor-section-height-default\" data-id=\"8fdff7b\" data-element_type=\"section\">\n\t\t\t\t\t\t<div class=\"elementor-container elementor-column-gap-default\">\n\t\t\t\t\t<div class=\"elementor-column elementor-col-50 elementor-top-column elementor-element elementor-element-174e755\" data-id=\"174e755\" data-element_type=\"column\">\n\t\t\t<div class=\"elementor-widget-wrap elementor-element-populated\">\n\t\t\t\t\t\t<section class=\"elementor-section elementor-inner-section elementor-element elementor-element-133df71 elementor-section-boxed elementor-section-height-default elementor-section-height-default\" data-id=\"133df71\" data-element_type=\"section\">\n\t\t\t\t\t\t<div class=\"elementor-container elementor-column-gap-default\">\n\t\t\t\t\t<div class=\"elementor-column elementor-col-50 elementor-inner-column elementor-element elementor-element-83cd4f0\" data-id=\"83cd4f0\" data-element_type=\"column\">\n\t\t\t<div class=\"elementor-widget-wrap elementor-element-populated\">\n\t\t\t\t\t\t<div class=\"elementor-element elementor-element-372b7f4 elementor-widget elementor-widget-image\" data-id=\"372b7f4\" data-element_type=\"widget\" data-widget_type=\"image.default\">\n\t\t\t\t<div class=\"elementor-widget-container\">\n\t\t\t\t\t\t\t\t\t\t\t\t\t<img decoding=\"async\" width=\"150\" height=\"150\" src=\"https:\/\/www.aiacanada.com\/wp-content\/uploads\/2022\/09\/silhouette-female-300x300-1-150x150.png\" class=\"attachment-thumbnail size-thumbnail wp-image-13985\" alt=\"\" srcset=\"https:\/\/www.aiacanada.com\/wp-content\/uploads\/2022\/09\/silhouette-female-300x300-1-150x150.png 150w, https:\/\/www.aiacanada.com\/wp-content\/uploads\/2022\/09\/silhouette-female-300x300-1.png 300w, https:\/\/www.aiacanada.com\/wp-content\/uploads\/2022\/09\/silhouette-female-300x300-1-100x100.png 100w\" sizes=\"(max-width: 150px) 100vw, 150px\" \/>\t\t\t\t\t\t\t\t\t\t\t\t\t<\/div>\n\t\t\t\t<\/div>\n\t\t\t\t\t<\/div>\n\t\t<\/div>\n\t\t\t\t<div class=\"elementor-column elementor-col-50 elementor-inner-column elementor-element elementor-element-a38b8a2\" data-id=\"a38b8a2\" data-element_type=\"column\">\n\t\t\t<div class=\"elementor-widget-wrap elementor-element-populated\">\n\t\t\t\t\t\t<div class=\"elementor-element elementor-element-0f68673 elementor-widget elementor-widget-text-editor\" data-id=\"0f68673\" data-element_type=\"widget\" data-widget_type=\"text-editor.default\">\n\t\t\t\t<div class=\"elementor-widget-container\">\n\t\t\t\t\t\t\t<div><strong>Cathy de Kock Gordon<\/strong><\/div><div>\u00a0<\/div><div>Fountain Tire<\/div>\t\t\t\t\t\t<\/div>\n\t\t\t\t<\/div>\n\t\t\t\t\t<\/div>\n\t\t<\/div>\n\t\t\t\t\t<\/div>\n\t\t<\/section>\n\t\t\t\t\t<\/div>\n\t\t<\/div>\n\t\t\t\t<div class=\"elementor-column elementor-col-50 elementor-top-column elementor-element elementor-element-1cd0956\" data-id=\"1cd0956\" data-element_type=\"column\">\n\t\t\t<div class=\"elementor-widget-wrap elementor-element-populated\">\n\t\t\t\t\t\t<section class=\"elementor-section elementor-inner-section elementor-element elementor-element-0695bc2 elementor-section-boxed elementor-section-height-default elementor-section-height-default\" data-id=\"0695bc2\" data-element_type=\"section\">\n\t\t\t\t\t\t<div class=\"elementor-container elementor-column-gap-default\">\n\t\t\t\t\t<div class=\"elementor-column elementor-col-50 elementor-inner-column elementor-element elementor-element-1bf3e00\" data-id=\"1bf3e00\" data-element_type=\"column\">\n\t\t\t<div class=\"elementor-widget-wrap elementor-element-populated\">\n\t\t\t\t\t\t<div class=\"elementor-element elementor-element-29368a6 elementor-widget elementor-widget-image\" data-id=\"29368a6\" data-element_type=\"widget\" data-widget_type=\"image.default\">\n\t\t\t\t<div class=\"elementor-widget-container\">\n\t\t\t\t\t\t\t\t\t\t\t\t\t<img loading=\"lazy\" decoding=\"async\" width=\"150\" height=\"150\" src=\"https:\/\/www.aiacanada.com\/wp-content\/uploads\/2025\/04\/2025-Jean-Francois-Richard-headshot-150x150.jpg\" class=\"attachment-thumbnail size-thumbnail wp-image-22702\" alt=\"\" srcset=\"https:\/\/www.aiacanada.com\/wp-content\/uploads\/2025\/04\/2025-Jean-Francois-Richard-headshot-150x150.jpg 150w, https:\/\/www.aiacanada.com\/wp-content\/uploads\/2025\/04\/2025-Jean-Francois-Richard-headshot-300x300.jpg 300w, https:\/\/www.aiacanada.com\/wp-content\/uploads\/2025\/04\/2025-Jean-Francois-Richard-headshot-100x100.jpg 100w\" sizes=\"(max-width: 150px) 100vw, 150px\" \/>\t\t\t\t\t\t\t\t\t\t\t\t\t<\/div>\n\t\t\t\t<\/div>\n\t\t\t\t\t<\/div>\n\t\t<\/div>\n\t\t\t\t<div class=\"elementor-column elementor-col-50 elementor-inner-column elementor-element elementor-element-3dc2be1\" data-id=\"3dc2be1\" data-element_type=\"column\">\n\t\t\t<div class=\"elementor-widget-wrap elementor-element-populated\">\n\t\t\t\t\t\t<div class=\"elementor-element elementor-element-787efcd elementor-widget elementor-widget-text-editor\" data-id=\"787efcd\" data-element_type=\"widget\" data-widget_type=\"text-editor.default\">\n\t\t\t\t<div class=\"elementor-widget-container\">\n\t\t\t\t\t\t\t<div><strong>Jean-Fran\u00e7ois Richard, CPA<\/strong><\/div><div>\u00a0<\/div><div>SOGHU<\/div>\t\t\t\t\t\t<\/div>\n\t\t\t\t<\/div>\n\t\t\t\t\t<\/div>\n\t\t<\/div>\n\t\t\t\t\t<\/div>\n\t\t<\/section>\n\t\t\t\t\t<\/div>\n\t\t<\/div>\n\t\t\t\t\t<\/div>\n\t\t<\/section>\n\t\t\t\t<section class=\"elementor-section elementor-top-section elementor-element elementor-element-56cb51e elementor-section-boxed elementor-section-height-default elementor-section-height-default\" data-id=\"56cb51e\" data-element_type=\"section\">\n\t\t\t\t\t\t<div class=\"elementor-container elementor-column-gap-default\">\n\t\t\t\t\t<div class=\"elementor-column elementor-col-50 elementor-top-column elementor-element elementor-element-7d6f52d\" data-id=\"7d6f52d\" data-element_type=\"column\">\n\t\t\t<div class=\"elementor-widget-wrap elementor-element-populated\">\n\t\t\t\t\t\t<section class=\"elementor-section elementor-inner-section elementor-element elementor-element-cba31bc elementor-section-boxed elementor-section-height-default elementor-section-height-default\" data-id=\"cba31bc\" data-element_type=\"section\">\n\t\t\t\t\t\t<div class=\"elementor-container elementor-column-gap-default\">\n\t\t\t\t\t<div class=\"elementor-column elementor-col-50 elementor-inner-column elementor-element elementor-element-1c372b5\" data-id=\"1c372b5\" data-element_type=\"column\">\n\t\t\t<div class=\"elementor-widget-wrap elementor-element-populated\">\n\t\t\t\t\t\t<div class=\"elementor-element elementor-element-c4e41c2 elementor-widget elementor-widget-image\" data-id=\"c4e41c2\" data-element_type=\"widget\" data-widget_type=\"image.default\">\n\t\t\t\t<div class=\"elementor-widget-container\">\n\t\t\t\t\t\t\t\t\t\t\t\t\t<img loading=\"lazy\" decoding=\"async\" width=\"150\" height=\"150\" src=\"https:\/\/www.aiacanada.com\/wp-content\/uploads\/2024\/04\/silhouette-male-150x150.png\" class=\"attachment-thumbnail size-thumbnail wp-image-19473\" alt=\"\" srcset=\"https:\/\/www.aiacanada.com\/wp-content\/uploads\/2024\/04\/silhouette-male-150x150.png 150w, https:\/\/www.aiacanada.com\/wp-content\/uploads\/2024\/04\/silhouette-male-300x300.png 300w, https:\/\/www.aiacanada.com\/wp-content\/uploads\/2024\/04\/silhouette-male-100x100.png 100w, https:\/\/www.aiacanada.com\/wp-content\/uploads\/2024\/04\/silhouette-male.png 400w\" sizes=\"(max-width: 150px) 100vw, 150px\" \/>\t\t\t\t\t\t\t\t\t\t\t\t\t<\/div>\n\t\t\t\t<\/div>\n\t\t\t\t\t<\/div>\n\t\t<\/div>\n\t\t\t\t<div class=\"elementor-column elementor-col-50 elementor-inner-column elementor-element elementor-element-cfdb2c2\" data-id=\"cfdb2c2\" data-element_type=\"column\">\n\t\t\t<div class=\"elementor-widget-wrap elementor-element-populated\">\n\t\t\t\t\t\t<div class=\"elementor-element elementor-element-b5ca097 elementor-widget elementor-widget-text-editor\" data-id=\"b5ca097\" data-element_type=\"widget\" data-widget_type=\"text-editor.default\">\n\t\t\t\t<div class=\"elementor-widget-container\">\n\t\t\t\t\t\t\t<div><strong>Jeffrey Newhouse<\/strong><\/div><div>\u00a0<\/div><div>autologiQ Inc.<\/div>\t\t\t\t\t\t<\/div>\n\t\t\t\t<\/div>\n\t\t\t\t\t<\/div>\n\t\t<\/div>\n\t\t\t\t\t<\/div>\n\t\t<\/section>\n\t\t\t\t\t<\/div>\n\t\t<\/div>\n\t\t\t\t<div class=\"elementor-column elementor-col-50 elementor-top-column elementor-element elementor-element-f83a0f0\" data-id=\"f83a0f0\" data-element_type=\"column\">\n\t\t\t<div class=\"elementor-widget-wrap elementor-element-populated\">\n\t\t\t\t\t\t<section class=\"elementor-section elementor-inner-section elementor-element elementor-element-c3a7651 elementor-section-boxed elementor-section-height-default elementor-section-height-default\" data-id=\"c3a7651\" data-element_type=\"section\">\n\t\t\t\t\t\t<div class=\"elementor-container elementor-column-gap-default\">\n\t\t\t\t\t<div class=\"elementor-column elementor-col-50 elementor-inner-column elementor-element elementor-element-24fc303\" data-id=\"24fc303\" data-element_type=\"column\">\n\t\t\t<div class=\"elementor-widget-wrap\">\n\t\t\t\t\t\t\t<\/div>\n\t\t<\/div>\n\t\t\t\t<div class=\"elementor-column elementor-col-50 elementor-inner-column elementor-element elementor-element-ccb6215\" data-id=\"ccb6215\" data-element_type=\"column\">\n\t\t\t<div class=\"elementor-widget-wrap\">\n\t\t\t\t\t\t\t<\/div>\n\t\t<\/div>\n\t\t\t\t\t<\/div>\n\t\t<\/section>\n\t\t\t\t\t<\/div>\n\t\t<\/div>\n\t\t\t\t\t<\/div>\n\t\t<\/section>\n\t\t\t\t<\/div>\n\t\t","protected":false},"excerpt":{"rendered":"<p>Comit\u00e9 d\u2019audit et de finances Bien que le comit\u00e9 ait les responsabilit\u00e9s et les pouvoirs \u00e9tablis par la pr\u00e9sente Charte, il n\u2019est pas responsable des audits ou des \u00e9tats financiers de l\u2019Association. Cette responsabilit\u00e9 incombe \u00e0 la direction et aux auditeurs externes. Chris Kinghorn &#8211; Pr\u00e9sident\u00a0 UAP Inc. Jean-Fran\u00e7ois Champagne, CGA &#8211; Membre d\u2019office Association [&hellip;]<\/p>\n","protected":false},"author":11,"featured_media":0,"parent":4528,"menu_order":0,"comment_status":"closed","ping_status":"closed","template":"","meta":{"_acf_changed":false,"footnotes":""},"class_list":["post-4557","page","type-page","status-publish","hentry"],"acf":[],"aioseo_notices":[],"wpml_current_locale":"fr_CA","wpml_translations":[],"_links":{"self":[{"href":"https:\/\/www.aiacanada.com\/fr\/wp-json\/wp\/v2\/pages\/4557","targetHints":{"allow":["GET"]}}],"collection":[{"href":"https:\/\/www.aiacanada.com\/fr\/wp-json\/wp\/v2\/pages"}],"about":[{"href":"https:\/\/www.aiacanada.com\/fr\/wp-json\/wp\/v2\/types\/page"}],"author":[{"embeddable":true,"href":"https:\/\/www.aiacanada.com\/fr\/wp-json\/wp\/v2\/users\/11"}],"replies":[{"embeddable":true,"href":"https:\/\/www.aiacanada.com\/fr\/wp-json\/wp\/v2\/comments?post=4557"}],"version-history":[{"count":0,"href":"https:\/\/www.aiacanada.com\/fr\/wp-json\/wp\/v2\/pages\/4557\/revisions"}],"up":[{"embeddable":true,"href":"https:\/\/www.aiacanada.com\/fr\/wp-json\/wp\/v2\/pages\/4528"}],"wp:attachment":[{"href":"https:\/\/www.aiacanada.com\/fr\/wp-json\/wp\/v2\/media?parent=4557"}],"curies":[{"name":"wp","href":"https:\/\/api.w.org\/{rel}","templated":true}]}}