{"id":4680,"date":"2022-09-29T10:38:44","date_gmt":"2022-09-29T14:38:44","guid":{"rendered":"https:\/\/aiacanada.com\/carrieres-et-formation\/education-and-training\/"},"modified":"2025-04-22T10:13:12","modified_gmt":"2025-04-22T14:13:12","slug":"education-et-formation","status":"publish","type":"page","link":"https:\/\/www.aiacanada.com\/fr\/carrieres-et-formation\/education-et-formation\/","title":{"rendered":"\u00c9ducation et formation"},"content":{"rendered":"\t\t<div data-elementor-type=\"wp-page\" data-elementor-id=\"4680\" class=\"elementor elementor-4680 elementor-4678\" data-elementor-post-type=\"page\">\n\t\t\t\t\t\t<section class=\"elementor-section elementor-top-section elementor-element elementor-element-3685573 elementor-section-boxed elementor-section-height-default elementor-section-height-default\" data-id=\"3685573\" data-element_type=\"section\">\n\t\t\t\t\t\t<div class=\"elementor-container elementor-column-gap-default\">\n\t\t\t\t\t<div class=\"elementor-column elementor-col-100 elementor-top-column elementor-element elementor-element-3487e2c\" data-id=\"3487e2c\" data-element_type=\"column\">\n\t\t\t<div class=\"elementor-widget-wrap elementor-element-populated\">\n\t\t\t\t\t\t<div class=\"elementor-element elementor-element-4551b08 elementor-widget elementor-widget-text-editor\" data-id=\"4551b08\" data-element_type=\"widget\" data-widget_type=\"text-editor.default\">\n\t\t\t\t<div class=\"elementor-widget-container\">\n\t\t\t\t\t\t\t<h1>\u00c9ducation et formation<\/h1>\t\t\t\t\t\t<\/div>\n\t\t\t\t<\/div>\n\t\t\t\t\t<\/div>\n\t\t<\/div>\n\t\t\t\t\t<\/div>\n\t\t<\/section>\n\t\t\t\t<section class=\"elementor-section elementor-top-section elementor-element elementor-element-62accdd elementor-section-boxed elementor-section-height-default elementor-section-height-default\" data-id=\"62accdd\" data-element_type=\"section\">\n\t\t\t\t\t\t<div class=\"elementor-container elementor-column-gap-extended\">\n\t\t\t\t\t<div class=\"elementor-column elementor-col-100 elementor-top-column elementor-element elementor-element-e536e09\" data-id=\"e536e09\" data-element_type=\"column\">\n\t\t\t<div class=\"elementor-widget-wrap elementor-element-populated\">\n\t\t\t\t\t\t<section class=\"elementor-section elementor-inner-section elementor-element elementor-element-a0c01c4 elementor-section-boxed elementor-section-height-default elementor-section-height-default\" data-id=\"a0c01c4\" data-element_type=\"section\">\n\t\t\t\t\t\t<div class=\"elementor-container elementor-column-gap-default\">\n\t\t\t\t\t<div class=\"elementor-column elementor-col-100 elementor-inner-column elementor-element elementor-element-185288b\" data-id=\"185288b\" data-element_type=\"column\">\n\t\t\t<div class=\"elementor-widget-wrap elementor-element-populated\">\n\t\t\t\t\t\t<div class=\"elementor-element elementor-element-1e85934 elementor-widget elementor-widget-heading\" data-id=\"1e85934\" data-element_type=\"widget\" data-widget_type=\"heading.default\">\n\t\t\t\t<div class=\"elementor-widget-container\">\n\t\t\t<h2 class=\"elementor-heading-title elementor-size-default\">I-CAR Canada<\/h2>\t\t<\/div>\n\t\t\t\t<\/div>\n\t\t\t\t\t<\/div>\n\t\t<\/div>\n\t\t\t\t\t<\/div>\n\t\t<\/section>\n\t\t\t\t<section class=\"elementor-section elementor-inner-section elementor-element elementor-element-b1f4016 elementor-section-boxed elementor-section-height-default elementor-section-height-default\" data-id=\"b1f4016\" data-element_type=\"section\">\n\t\t\t\t\t\t<div class=\"elementor-container elementor-column-gap-extended\">\n\t\t\t\t\t<div class=\"elementor-column elementor-col-50 elementor-inner-column elementor-element elementor-element-bdd26a2\" data-id=\"bdd26a2\" data-element_type=\"column\">\n\t\t\t<div class=\"elementor-widget-wrap elementor-element-populated\">\n\t\t\t\t\t\t<div class=\"elementor-element elementor-element-cb992c5 elementor-widget elementor-widget-image\" data-id=\"cb992c5\" data-element_type=\"widget\" data-widget_type=\"image.default\">\n\t\t\t\t<div class=\"elementor-widget-container\">\n\t\t\t\t\t\t\t\t\t\t\t\t\t<img fetchpriority=\"high\" decoding=\"async\" width=\"350\" height=\"350\" src=\"https:\/\/www.aiacanada.com\/wp-content\/uploads\/2022\/10\/i-car-logo.png\" class=\"attachment-Medium Landscape size-Medium Landscape wp-image-5685\" alt=\"\" srcset=\"https:\/\/www.aiacanada.com\/wp-content\/uploads\/2022\/10\/i-car-logo.png 350w, https:\/\/www.aiacanada.com\/wp-content\/uploads\/2022\/10\/i-car-logo-300x300.png 300w, https:\/\/www.aiacanada.com\/wp-content\/uploads\/2022\/10\/i-car-logo-150x150.png 150w, https:\/\/www.aiacanada.com\/wp-content\/uploads\/2022\/10\/i-car-logo-100x100.png 100w\" sizes=\"(max-width: 350px) 100vw, 350px\" \/>\t\t\t\t\t\t\t\t\t\t\t\t\t<\/div>\n\t\t\t\t<\/div>\n\t\t\t\t\t<\/div>\n\t\t<\/div>\n\t\t\t\t<div class=\"elementor-column elementor-col-50 elementor-inner-column elementor-element elementor-element-7d28821\" data-id=\"7d28821\" data-element_type=\"column\">\n\t\t\t<div class=\"elementor-widget-wrap elementor-element-populated\">\n\t\t\t\t\t\t<div class=\"elementor-element elementor-element-ca79e4f elementor-widget elementor-widget-text-editor\" data-id=\"ca79e4f\" data-element_type=\"widget\" data-widget_type=\"text-editor.default\">\n\t\t\t\t<div class=\"elementor-widget-container\">\n\t\t\t\t\t\t\t<p>I-CAR Canada est un programme de formation et de reconnaissance, administr\u00e9 par l\u2019AIA Canada, visant \u00e0 mettre \u00e0 jour les comp\u00e9tences dans l\u2019industrie de la carrosserie.<\/p><p>La formation est disponible dans les deux langues officielles sous forme de cours en pr\u00e9sentiel ou de cours \u00e0 distance. Les particuliers et les ateliers de r\u00e9paration peuvent obtenir des normes reconnues par l\u2019industrie gr\u00e2ce \u00e0 une mise \u00e0 jour r\u00e9guli\u00e8re des comp\u00e9tences.<\/p><p>Pour plus d\u2019informations sur la formation \u00e0 venir et d\u2019autres possibilit\u00e9s de d\u00e9veloppement professionnel, consultez-le <a href=\"http:\/\/www.i-car.ca\/\" target=\"_blank\" rel=\"noopener noreferrer\" data-gc-link=\"http:\/\/www.i-car.ca\/\">site internet d\u2019I-CAR Canada<\/a>!<\/p>\t\t\t\t\t\t<\/div>\n\t\t\t\t<\/div>\n\t\t\t\t<div class=\"elementor-element elementor-element-abe2723 elementor-align-left elementor-tablet-align-left elementor-mobile-align-justify elementor-widget elementor-widget-button\" data-id=\"abe2723\" data-element_type=\"widget\" data-widget_type=\"button.default\">\n\t\t\t\t<div class=\"elementor-widget-container\">\n\t\t\t\t\t<div class=\"elementor-button-wrapper\">\n\t\t\t<a class=\"elementor-button elementor-button-link elementor-size-sm\" href=\"http:\/\/www.i-car.ca\/\">\n\t\t\t\t\t\t<span class=\"elementor-button-content-wrapper\">\n\t\t\t\t\t\t\t\t\t<span class=\"elementor-button-text\">En savoir plus<\/span>\n\t\t\t\t\t<\/span>\n\t\t\t\t\t<\/a>\n\t\t<\/div>\n\t\t\t\t<\/div>\n\t\t\t\t<\/div>\n\t\t\t\t\t<\/div>\n\t\t<\/div>\n\t\t\t\t\t<\/div>\n\t\t<\/section>\n\t\t\t\t\t<\/div>\n\t\t<\/div>\n\t\t\t\t\t<\/div>\n\t\t<\/section>\n\t\t\t\t<section class=\"elementor-section elementor-top-section elementor-element elementor-element-e14b4ca elementor-section-boxed elementor-section-height-default elementor-section-height-default\" data-id=\"e14b4ca\" data-element_type=\"section\">\n\t\t\t\t\t\t<div class=\"elementor-container elementor-column-gap-extended\">\n\t\t\t\t\t<div class=\"elementor-column elementor-col-100 elementor-top-column elementor-element elementor-element-999080c\" data-id=\"999080c\" data-element_type=\"column\">\n\t\t\t<div class=\"elementor-widget-wrap elementor-element-populated\">\n\t\t\t\t\t\t<section class=\"elementor-section elementor-inner-section elementor-element elementor-element-42d9bc7 elementor-section-boxed elementor-section-height-default elementor-section-height-default\" data-id=\"42d9bc7\" data-element_type=\"section\">\n\t\t\t\t\t\t<div class=\"elementor-container elementor-column-gap-default\">\n\t\t\t\t\t<div class=\"elementor-column elementor-col-100 elementor-inner-column elementor-element elementor-element-81cf02b\" data-id=\"81cf02b\" data-element_type=\"column\">\n\t\t\t<div class=\"elementor-widget-wrap elementor-element-populated\">\n\t\t\t\t\t\t<div class=\"elementor-element elementor-element-efbaba5 elementor-widget elementor-widget-heading\" data-id=\"efbaba5\" data-element_type=\"widget\" data-widget_type=\"heading.default\">\n\t\t\t\t<div class=\"elementor-widget-container\">\n\t\t\t<h2 class=\"elementor-heading-title elementor-size-default\">Innovation dans la formation automobile <\/h2>\t\t<\/div>\n\t\t\t\t<\/div>\n\t\t\t\t\t<\/div>\n\t\t<\/div>\n\t\t\t\t\t<\/div>\n\t\t<\/section>\n\t\t\t\t<section class=\"elementor-section elementor-inner-section elementor-element elementor-element-9be22d6 elementor-section-boxed elementor-section-height-default elementor-section-height-default\" data-id=\"9be22d6\" data-element_type=\"section\">\n\t\t\t\t\t\t<div class=\"elementor-container elementor-column-gap-extended\">\n\t\t\t\t\t<div class=\"elementor-column elementor-col-50 elementor-inner-column elementor-element elementor-element-50b817d\" data-id=\"50b817d\" data-element_type=\"column\">\n\t\t\t<div class=\"elementor-widget-wrap elementor-element-populated\">\n\t\t\t\t\t\t<div class=\"elementor-element elementor-element-419bd71 elementor-widget elementor-widget-image\" data-id=\"419bd71\" data-element_type=\"widget\" data-widget_type=\"image.default\">\n\t\t\t\t<div class=\"elementor-widget-container\">\n\t\t\t\t\t\t\t\t\t\t\t\t\t<img decoding=\"async\" width=\"600\" height=\"400\" src=\"https:\/\/www.aiacanada.com\/wp-content\/uploads\/2023\/06\/20221201_7C_05624-SDF2022-600x400-1.jpg\" class=\"attachment-Medium Landscape size-Medium Landscape wp-image-16203\" alt=\"\" srcset=\"https:\/\/www.aiacanada.com\/wp-content\/uploads\/2023\/06\/20221201_7C_05624-SDF2022-600x400-1.jpg 600w, https:\/\/www.aiacanada.com\/wp-content\/uploads\/2023\/06\/20221201_7C_05624-SDF2022-600x400-1-300x200.jpg 300w\" sizes=\"(max-width: 600px) 100vw, 600px\" \/>\t\t\t\t\t\t\t\t\t\t\t\t\t<\/div>\n\t\t\t\t<\/div>\n\t\t\t\t\t<\/div>\n\t\t<\/div>\n\t\t\t\t<div class=\"elementor-column elementor-col-50 elementor-inner-column elementor-element elementor-element-9c54091\" data-id=\"9c54091\" data-element_type=\"column\">\n\t\t\t<div class=\"elementor-widget-wrap elementor-element-populated\">\n\t\t\t\t\t\t<div class=\"elementor-element elementor-element-7f574b4 elementor-widget elementor-widget-text-editor\" data-id=\"7f574b4\" data-element_type=\"widget\" data-widget_type=\"text-editor.default\">\n\t\t\t\t<div class=\"elementor-widget-container\">\n\t\t\t\t\t\t\t<p><span class=\"TextRun SCXW60728167 BCX0\" lang=\"FR-CA\" xml:lang=\"FR-CA\" data-contrast=\"auto\"><span class=\"NormalTextRun SCXW60728167 BCX0\">Ce<\/span><span class=\"NormalTextRun SCXW60728167 BCX0\"> programme de <\/span><span class=\"NormalTextRun SCXW60728167 BCX0\">formation gratuite<\/span> <span class=\"NormalTextRun SCXW60728167 BCX0\">vise \u00e0 relever les d\u00e9fis concernant la main-d\u2019\u0153uvre de l\u2019industrie, comme la p\u00e9nurie de gens de m\u00e9tiers sp\u00e9cialis\u00e9s dans l\u2019automobile et le besoin de <\/span><span class=\"NormalTextRun SCXW60728167 BCX0\">gens de m\u00e9tier <\/span><span class=\"NormalTextRun SCXW60728167 BCX0\">aux comp\u00e9tences relev\u00e9es, capables d\u2019effectuer l\u2019entretien d\u2019automobiles modernes, y compris les v\u00e9hicules \u00e9lectriques (V\u00c9)<\/span><span class=\"NormalTextRun SCXW60728167 BCX0\">. <\/span><span class=\"NormalTextRun SCXW60728167 BCX0\">Une formation de <\/span><span class=\"NormalTextRun SCXW60728167 BCX0\">rel\u00e8vement des comp\u00e9tences<\/span> <span class=\"NormalTextRun SCXW60728167 BCX0\">sur les V\u00c9, une formation ADAS et une\u00a0<\/span><span class=\"NormalTextRun SCXW60728167 BCX0\">formation d\u2019exploration de carri\u00e8re<\/span> <span class=\"NormalTextRun SCXW60728167 BCX0\">seront offerts \u00e0 l\u2019automne <\/span><span class=\"NormalTextRun SCXW60728167 BCX0\">2025<\/span><span class=\"NormalTextRun SCXW60728167 BCX0\">\u00a0e<\/span><span class=\"NormalTextRun SCXW60728167 BCX0\">n collaboration <\/span><span class=\"NormalTextRun SCXW60728167 BCX0\">avec<\/span> <span class=\"NormalTextRun SCXW60728167 BCX0\">le <\/span><span class=\"NormalTextRun SCXW60728167 BCX0\">Coll\u00e8ge Cambrian, le Coll\u00e8ge\u00a0<\/span><span class=\"NormalTextRun SpellingErrorV2Themed SCXW60728167 BCX0\">Conestoga<\/span><span class=\"NormalTextRun SCXW60728167 BCX0\">,<\/span><span class=\"NormalTextRun SCXW60728167 BCX0\"> le <\/span><span class=\"NormalTextRun SCXW60728167 BCX0\">Coll\u00e8ge <\/span><span class=\"NormalTextRun SpellingErrorV2Themed SCXW60728167 BCX0\">Fanshawe, le Coll\u00e8ge Mohawk<\/span>\u00a0<span class=\"NormalTextRun SCXW60728167 BCX0\">et<\/span><span class=\"NormalTextRun SCXW60728167 BCX0\"> Plug <\/span><span class=\"NormalTextRun ContextualSpellingAndGrammarErrorV2Themed SCXW60728167 BCX0\">N\u2019 Drive<\/span><span class=\"NormalTextRun SCXW60728167 BCX0\">.<\/span> <span class=\"NormalTextRun SCXW60728167 BCX0\">Ce projet <\/span><span class=\"NormalTextRun SCXW60728167 BCX0\">d\u2019Emploi\u202f<\/span><span class=\"NormalTextRun SCXW60728167 BCX0\">Ontario<\/span><span class=\"NormalTextRun SCXW60728167 BCX0\">, offert uniquement en anglais, est partiellement subventionn\u00e9 par les gouvernements du Canada et de l\u2019Ontario<\/span><span class=\"NormalTextRun SCXW60728167 BCX0\">.<\/span><\/span><span class=\"EOP SCXW60728167 BCX0\" data-ccp-props=\"{&quot;201341983&quot;:0,&quot;335559739&quot;:160,&quot;335559740&quot;:259}\">\u00a0<\/span><\/p>\t\t\t\t\t\t<\/div>\n\t\t\t\t<\/div>\n\t\t\t\t<div class=\"elementor-element elementor-element-ed49101 elementor-align-left elementor-tablet-align-left elementor-mobile-align-justify elementor-widget elementor-widget-button\" data-id=\"ed49101\" data-element_type=\"widget\" data-widget_type=\"button.default\">\n\t\t\t\t<div class=\"elementor-widget-container\">\n\t\t\t\t\t<div class=\"elementor-button-wrapper\">\n\t\t\t<a class=\"elementor-button elementor-button-link elementor-size-sm\" href=\"https:\/\/www.aiacanada.com\/innovation-in-automotive-training\/\">\n\t\t\t\t\t\t<span class=\"elementor-button-content-wrapper\">\n\t\t\t\t\t\t\t\t\t<span class=\"elementor-button-text\">En savoir plus<\/span>\n\t\t\t\t\t<\/span>\n\t\t\t\t\t<\/a>\n\t\t<\/div>\n\t\t\t\t<\/div>\n\t\t\t\t<\/div>\n\t\t\t\t\t<\/div>\n\t\t<\/div>\n\t\t\t\t\t<\/div>\n\t\t<\/section>\n\t\t\t\t\t<\/div>\n\t\t<\/div>\n\t\t\t\t\t<\/div>\n\t\t<\/section>\n\t\t\t\t<section class=\"elementor-section elementor-top-section elementor-element elementor-element-9c86030 elementor-section-boxed elementor-section-height-default elementor-section-height-default\" data-id=\"9c86030\" data-element_type=\"section\">\n\t\t\t\t\t\t<div class=\"elementor-container elementor-column-gap-extended\">\n\t\t\t\t\t<div class=\"elementor-column elementor-col-100 elementor-top-column elementor-element elementor-element-06a8fda\" data-id=\"06a8fda\" data-element_type=\"column\">\n\t\t\t<div class=\"elementor-widget-wrap elementor-element-populated\">\n\t\t\t\t\t\t<section class=\"elementor-section elementor-inner-section elementor-element elementor-element-02a0f13 elementor-section-boxed elementor-section-height-default elementor-section-height-default\" data-id=\"02a0f13\" data-element_type=\"section\">\n\t\t\t\t\t\t<div class=\"elementor-container elementor-column-gap-default\">\n\t\t\t\t\t<div class=\"elementor-column elementor-col-100 elementor-inner-column elementor-element elementor-element-da99cdb\" data-id=\"da99cdb\" data-element_type=\"column\">\n\t\t\t<div class=\"elementor-widget-wrap elementor-element-populated\">\n\t\t\t\t\t\t<div class=\"elementor-element elementor-element-4209c13 elementor-widget elementor-widget-heading\" data-id=\"4209c13\" data-element_type=\"widget\" data-widget_type=\"heading.default\">\n\t\t\t\t<div class=\"elementor-widget-container\">\n\t\t\t<h2 class=\"elementor-heading-title elementor-size-default\">Donn\u00e9es et rapports<\/h2>\t\t<\/div>\n\t\t\t\t<\/div>\n\t\t\t\t\t<\/div>\n\t\t<\/div>\n\t\t\t\t\t<\/div>\n\t\t<\/section>\n\t\t\t\t<section class=\"elementor-section elementor-inner-section elementor-element elementor-element-83919e3 elementor-section-boxed elementor-section-height-default elementor-section-height-default\" data-id=\"83919e3\" data-element_type=\"section\">\n\t\t\t\t\t\t<div class=\"elementor-container elementor-column-gap-extended\">\n\t\t\t\t\t<div class=\"elementor-column elementor-col-50 elementor-inner-column elementor-element elementor-element-bc4cf8f\" data-id=\"bc4cf8f\" data-element_type=\"column\">\n\t\t\t<div class=\"elementor-widget-wrap elementor-element-populated\">\n\t\t\t\t\t\t<div class=\"elementor-element elementor-element-4fbdbce elementor-widget elementor-widget-image\" data-id=\"4fbdbce\" data-element_type=\"widget\" data-widget_type=\"image.default\">\n\t\t\t\t<div class=\"elementor-widget-container\">\n\t\t\t\t\t\t\t\t\t\t\t\t\t<img decoding=\"async\" width=\"600\" height=\"338\" src=\"https:\/\/www.aiacanada.com\/wp-content\/uploads\/2022\/11\/iStock-1146418045-scaled.jpg\" class=\"attachment-Medium Landscape size-Medium Landscape wp-image-7303\" alt=\"\" srcset=\"https:\/\/www.aiacanada.com\/wp-content\/uploads\/2022\/11\/iStock-1146418045-scaled.jpg 2560w, https:\/\/www.aiacanada.com\/wp-content\/uploads\/2022\/11\/iStock-1146418045-300x169.jpg 300w, https:\/\/www.aiacanada.com\/wp-content\/uploads\/2022\/11\/iStock-1146418045-1024x576.jpg 1024w, https:\/\/www.aiacanada.com\/wp-content\/uploads\/2022\/11\/iStock-1146418045-768x432.jpg 768w, https:\/\/www.aiacanada.com\/wp-content\/uploads\/2022\/11\/iStock-1146418045-1536x864.jpg 1536w, https:\/\/www.aiacanada.com\/wp-content\/uploads\/2022\/11\/iStock-1146418045-2048x1152.jpg 2048w, https:\/\/www.aiacanada.com\/wp-content\/uploads\/2022\/11\/iStock-1146418045-600x338.jpg 600w\" sizes=\"(max-width: 600px) 100vw, 600px\" \/>\t\t\t\t\t\t\t\t\t\t\t\t\t<\/div>\n\t\t\t\t<\/div>\n\t\t\t\t\t<\/div>\n\t\t<\/div>\n\t\t\t\t<div class=\"elementor-column elementor-col-50 elementor-inner-column elementor-element elementor-element-ba39f49\" data-id=\"ba39f49\" data-element_type=\"column\">\n\t\t\t<div class=\"elementor-widget-wrap elementor-element-populated\">\n\t\t\t\t\t\t<div class=\"elementor-element elementor-element-4c1de77 elementor-widget elementor-widget-text-editor\" data-id=\"4c1de77\" data-element_type=\"widget\" data-widget_type=\"text-editor.default\">\n\t\t\t\t<div class=\"elementor-widget-container\">\n\t\t\t\t\t\t\t<p>AIA Canada publie r\u00e9guli\u00e8rement des donn\u00e9es et des rapports sur l\u2019\u00e9tat actuel de l\u2019industrie de l\u2019entretien automobile, les tendances et les pr\u00e9visions futures. Ces informations aident nos membres \u00e0 planifier pour aujourd\u2019hui et pour l\u2019avenir en s\u2019adaptant aux changements du march\u00e9 et aux tendances en mati\u00e8re de consommation.<\/p><p>Les membres actuels de l\u2019AIA Canada ont acc\u00e8s \u00e0 toutes les donn\u00e9es et \u00e0 tous les rapports via le menu Rapports du site internet. Remarque : vous devez \u00eatre connect\u00e9 pour acc\u00e9der \u00e0 tous les rapports.<\/p><p>Vous n\u2019\u00eates pas encore membre? D\u00e9couvrez les avantages de vous joindre \u00e0 l\u2019AIA Canada et inscrivez-vous d\u00e8s aujourd\u2019hui.<\/p>\t\t\t\t\t\t<\/div>\n\t\t\t\t<\/div>\n\t\t\t\t<div class=\"elementor-element elementor-element-8447b0e elementor-align-left elementor-tablet-align-left elementor-mobile-align-justify elementor-widget elementor-widget-button\" data-id=\"8447b0e\" data-element_type=\"widget\" data-widget_type=\"button.default\">\n\t\t\t\t<div class=\"elementor-widget-container\">\n\t\t\t\t\t<div class=\"elementor-button-wrapper\">\n\t\t\t<a class=\"elementor-button elementor-button-link elementor-size-sm\" href=\"\/fr\/a-propos-de-nous\/adhesion-a-laia-canada\/\">\n\t\t\t\t\t\t<span class=\"elementor-button-content-wrapper\">\n\t\t\t\t\t\t\t\t\t<span class=\"elementor-button-text\">En savoir plus<\/span>\n\t\t\t\t\t<\/span>\n\t\t\t\t\t<\/a>\n\t\t<\/div>\n\t\t\t\t<\/div>\n\t\t\t\t<\/div>\n\t\t\t\t\t<\/div>\n\t\t<\/div>\n\t\t\t\t\t<\/div>\n\t\t<\/section>\n\t\t\t\t\t<\/div>\n\t\t<\/div>\n\t\t\t\t\t<\/div>\n\t\t<\/section>\n\t\t\t\t<\/div>\n\t\t","protected":false},"excerpt":{"rendered":"<p>\u00c9ducation et formation I-CAR Canada I-CAR Canada est un programme de formation et de reconnaissance, administr\u00e9 par l\u2019AIA Canada, visant \u00e0 mettre \u00e0 jour les comp\u00e9tences dans l\u2019industrie de la carrosserie. La formation est disponible dans les deux langues officielles sous forme de cours en pr\u00e9sentiel ou de cours \u00e0 distance. Les particuliers et les [&hellip;]<\/p>\n","protected":false},"author":11,"featured_media":0,"parent":4677,"menu_order":0,"comment_status":"closed","ping_status":"closed","template":"","meta":{"_acf_changed":false,"footnotes":""},"class_list":["post-4680","page","type-page","status-publish","hentry"],"acf":[],"aioseo_notices":[],"wpml_current_locale":"fr_CA","wpml_translations":[],"_links":{"self":[{"href":"https:\/\/www.aiacanada.com\/fr\/wp-json\/wp\/v2\/pages\/4680","targetHints":{"allow":["GET"]}}],"collection":[{"href":"https:\/\/www.aiacanada.com\/fr\/wp-json\/wp\/v2\/pages"}],"about":[{"href":"https:\/\/www.aiacanada.com\/fr\/wp-json\/wp\/v2\/types\/page"}],"author":[{"embeddable":true,"href":"https:\/\/www.aiacanada.com\/fr\/wp-json\/wp\/v2\/users\/11"}],"replies":[{"embeddable":true,"href":"https:\/\/www.aiacanada.com\/fr\/wp-json\/wp\/v2\/comments?post=4680"}],"version-history":[{"count":0,"href":"https:\/\/www.aiacanada.com\/fr\/wp-json\/wp\/v2\/pages\/4680\/revisions"}],"up":[{"embeddable":true,"href":"https:\/\/www.aiacanada.com\/fr\/wp-json\/wp\/v2\/pages\/4677"}],"wp:attachment":[{"href":"https:\/\/www.aiacanada.com\/fr\/wp-json\/wp\/v2\/media?parent=4680"}],"curies":[{"name":"wp","href":"https:\/\/api.w.org\/{rel}","templated":true}]}}