{"id":4683,"date":"2022-09-29T11:20:26","date_gmt":"2022-09-29T15:20:26","guid":{"rendered":"https:\/\/aiacanada.com\/carrieres-et-formation\/scholarships\/"},"modified":"2023-10-10T08:54:48","modified_gmt":"2023-10-10T12:54:48","slug":"bourses-detudes","status":"publish","type":"page","link":"https:\/\/www.aiacanada.com\/fr\/carrieres-et-formation\/bourses-detudes\/","title":{"rendered":"Bourses d\u2019\u00e9tudes"},"content":{"rendered":"\t\t<div data-elementor-type=\"wp-page\" data-elementor-id=\"4683\" class=\"elementor elementor-4683 elementor-4682\" data-elementor-post-type=\"page\">\n\t\t\t\t\t\t<section class=\"elementor-section elementor-top-section elementor-element elementor-element-1c96c08 elementor-section-boxed elementor-section-height-default elementor-section-height-default\" data-id=\"1c96c08\" data-element_type=\"section\">\n\t\t\t\t\t\t<div class=\"elementor-container elementor-column-gap-default\">\n\t\t\t\t\t<div class=\"elementor-column elementor-col-100 elementor-top-column elementor-element elementor-element-cc7fce1\" data-id=\"cc7fce1\" data-element_type=\"column\">\n\t\t\t<div class=\"elementor-widget-wrap elementor-element-populated\">\n\t\t\t\t\t\t<div class=\"elementor-element elementor-element-6737836 elementor-widget elementor-widget-text-editor\" data-id=\"6737836\" data-element_type=\"widget\" data-widget_type=\"text-editor.default\">\n\t\t\t\t<div class=\"elementor-widget-container\">\n\t\t\t\t\t\t\t<h1>Bourses d\u2019\u00e9tudes<\/h1><p><strong>L\u2019AIA Canada s\u2019est engag\u00e9e \u00e0 b\u00e2tir un avenir prosp\u00e8re pour le secteur de l\u2019entretien automobile et pour l\u2019ensemble du Canada.<\/strong><\/p><p>Dans le cadre de cet engagement, les divisions de l\u2019AIA Canada recueillent des fonds pour des bourses d\u2019\u00e9tudes lors de tournois de golf, de d\u00eeners et d\u2019autres initiatives tout au long de l\u2019ann\u00e9e.<\/p><p>En plus de ces bourses susmentionn\u00e9es, l\u2019AIA Canada offre trois bourses diff\u00e9rentes au profit de groupes distincts d\u2019\u00e9tudiants afin d\u2019encourager les carri\u00e8res dans l\u2019industrie de l\u2019entretien automobile.<\/p><p>Toutes les bourses sont g\u00e9r\u00e9es par la <a href=\"https:\/\/aiahighfivesforkids.ca\/en\/\" target=\"_blank\" rel=\"noopener noreferrer\" data-gc-link=\"https:\/\/aiahighfivesforkids.ca\/en\/\"><strong>Fondation AIA Un coup de main pour les enfants<\/strong><\/a>.<\/p>\t\t\t\t\t\t<\/div>\n\t\t\t\t<\/div>\n\t\t\t\t<section class=\"elementor-section elementor-inner-section elementor-element elementor-element-9e7d1a6 elementor-section-boxed elementor-section-height-default elementor-section-height-default\" data-id=\"9e7d1a6\" data-element_type=\"section\">\n\t\t\t\t\t\t<div class=\"elementor-container elementor-column-gap-extended\">\n\t\t\t\t\t<div class=\"elementor-column elementor-col-50 elementor-inner-column elementor-element elementor-element-f5fe401\" data-id=\"f5fe401\" data-element_type=\"column\">\n\t\t\t<div class=\"elementor-widget-wrap elementor-element-populated\">\n\t\t\t\t\t\t<div class=\"elementor-element elementor-element-cdcb634 elementor-cta--skin-classic elementor-animated-content elementor-widget elementor-widget-call-to-action\" data-id=\"cdcb634\" data-element_type=\"widget\" data-widget_type=\"call-to-action.default\">\n\t\t\t\t<div class=\"elementor-widget-container\">\n\t\t\t\t\t<a class=\"elementor-cta\" href=\"https:\/\/aiahighfivesforkids.ca\/en\/aia-high-fives-for-kids-scholarship\/\">\n\t\t\t\t\t<div class=\"elementor-cta__bg-wrapper\">\n\t\t\t\t<div class=\"elementor-cta__bg elementor-bg\" style=\"background-image: url(https:\/\/www.aiacanada.com\/wp-content\/uploads\/2022\/11\/iStock-141337046-scaled.jpg);\" role=\"img\" aria-label=\"\"><\/div>\n\t\t\t\t<div class=\"elementor-cta__bg-overlay\"><\/div>\n\t\t\t<\/div>\n\t\t\t\t\t\t\t<div class=\"elementor-cta__content\">\n\t\t\t\t\n\t\t\t\t\t\t\t\t\t<h2 class=\"elementor-cta__title elementor-cta__content-item elementor-content-item\">\n\t\t\t\t\t\tBourse d\u2019\u00e9tudes de la Fondation AIA Un coup de main pour les enfants\t\t\t\t\t<\/h2>\n\t\t\t\t\n\t\t\t\t\t\t\t\t\t<div class=\"elementor-cta__description elementor-cta__content-item elementor-content-item\">\n\t\t\t\t\t\tUne bourse annuelle de 1 000 $ pour les enfants des membres de l\u2019AIA Canada.\t\t\t\t\t<\/div>\n\t\t\t\t\n\t\t\t\t\t\t\t<\/div>\n\t\t\t\t\t\t<\/a>\n\t\t\t\t<\/div>\n\t\t\t\t<\/div>\n\t\t\t\t\t<\/div>\n\t\t<\/div>\n\t\t\t\t<div class=\"elementor-column elementor-col-50 elementor-inner-column elementor-element elementor-element-9ef4a54\" data-id=\"9ef4a54\" data-element_type=\"column\">\n\t\t\t<div class=\"elementor-widget-wrap elementor-element-populated\">\n\t\t\t\t\t\t<div class=\"elementor-element elementor-element-20a316f elementor-cta--skin-classic elementor-animated-content elementor-widget elementor-widget-call-to-action\" data-id=\"20a316f\" data-element_type=\"widget\" data-widget_type=\"call-to-action.default\">\n\t\t\t\t<div class=\"elementor-widget-container\">\n\t\t\t\t\t<a class=\"elementor-cta\" href=\"https:\/\/aiahighfivesforkids.ca\/en\/aia-and-the-university-of-the-aftermarket-foundation-uofaf-scholarship-program\/\">\n\t\t\t\t\t<div class=\"elementor-cta__bg-wrapper\">\n\t\t\t\t<div class=\"elementor-cta__bg elementor-bg\" style=\"background-image: url(https:\/\/www.aiacanada.com\/wp-content\/uploads\/2022\/11\/iStock-133745221-scaled.jpg);\" role=\"img\" aria-label=\"\"><\/div>\n\t\t\t\t<div class=\"elementor-cta__bg-overlay\"><\/div>\n\t\t\t<\/div>\n\t\t\t\t\t\t\t<div class=\"elementor-cta__content\">\n\t\t\t\t\n\t\t\t\t\t\t\t\t\t<h2 class=\"elementor-cta__title elementor-cta__content-item elementor-content-item\">\n\t\t\t\t\t\tProgramme de bourses d\u2019\u00e9tudes de l\u2019University of the Aftermarket Foundation\t\t\t\t\t<\/h2>\n\t\t\t\t\n\t\t\t\t\t\t\t\t\t<div class=\"elementor-cta__description elementor-cta__content-item elementor-content-item\">\n\t\t\t\t\t\tUne bourse annuelle de 1 000 $ pour les \u00e9tudiants qui cherchent \u00e0 poursuivre des \u00e9tudes postsecondaires.\t\t\t\t\t<\/div>\n\t\t\t\t\n\t\t\t\t\t\t\t<\/div>\n\t\t\t\t\t\t<\/a>\n\t\t\t\t<\/div>\n\t\t\t\t<\/div>\n\t\t\t\t\t<\/div>\n\t\t<\/div>\n\t\t\t\t\t<\/div>\n\t\t<\/section>\n\t\t\t\t<section class=\"elementor-section elementor-inner-section elementor-element elementor-element-05c9080 elementor-section-boxed elementor-section-height-default elementor-section-height-default\" data-id=\"05c9080\" data-element_type=\"section\">\n\t\t\t\t\t\t<div class=\"elementor-container elementor-column-gap-extended\">\n\t\t\t\t\t<div class=\"elementor-column elementor-col-50 elementor-inner-column elementor-element elementor-element-0deb393\" data-id=\"0deb393\" data-element_type=\"column\">\n\t\t\t<div class=\"elementor-widget-wrap elementor-element-populated\">\n\t\t\t\t\t\t<div class=\"elementor-element elementor-element-a0c80f5 elementor-cta--skin-classic elementor-animated-content elementor-widget elementor-widget-call-to-action\" data-id=\"a0c80f5\" data-element_type=\"widget\" data-widget_type=\"call-to-action.default\">\n\t\t\t\t<div class=\"elementor-widget-container\">\n\t\t\t\t\t<a class=\"elementor-cta\" href=\"https:\/\/aiahighfivesforkids.ca\/en\/arthur-paulin-automotive-aftermarket-scholarship-award\/\">\n\t\t\t\t\t<div class=\"elementor-cta__bg-wrapper\">\n\t\t\t\t<div class=\"elementor-cta__bg elementor-bg\" style=\"background-image: url(https:\/\/www.aiacanada.com\/wp-content\/uploads\/2022\/11\/iStock-942163750-scaled.jpg);\" role=\"img\" aria-label=\"\"><\/div>\n\t\t\t\t<div class=\"elementor-cta__bg-overlay\"><\/div>\n\t\t\t<\/div>\n\t\t\t\t\t\t\t<div class=\"elementor-cta__content\">\n\t\t\t\t\n\t\t\t\t\t\t\t\t\t<h2 class=\"elementor-cta__title elementor-cta__content-item elementor-content-item\">\n\t\t\t\t\t\tProgramme de bourse d\u2019\u00e9tudes Arthur Paulin du march\u00e9 secondaire de l\u2019automobile\t\t\t\t\t<\/h2>\n\t\t\t\t\n\t\t\t\t\t\t\t\t\t<div class=\"elementor-cta__description elementor-cta__content-item elementor-content-item\">\n\t\t\t\t\t\tUne bourse annuelle de 700 $ pour les \u00e9tudiants qui cherchent \u00e0 poursuivre une carri\u00e8re dans l\u2019industrie de l\u2019entretien automobile.\t\t\t\t\t<\/div>\n\t\t\t\t\n\t\t\t\t\t\t\t<\/div>\n\t\t\t\t\t\t<\/a>\n\t\t\t\t<\/div>\n\t\t\t\t<\/div>\n\t\t\t\t\t<\/div>\n\t\t<\/div>\n\t\t\t\t<div class=\"elementor-column elementor-col-50 elementor-inner-column elementor-element elementor-element-b6344e3\" data-id=\"b6344e3\" data-element_type=\"column\">\n\t\t\t<div class=\"elementor-widget-wrap\">\n\t\t\t\t\t\t\t<\/div>\n\t\t<\/div>\n\t\t\t\t\t<\/div>\n\t\t<\/section>\n\t\t\t\t\t<\/div>\n\t\t<\/div>\n\t\t\t\t\t<\/div>\n\t\t<\/section>\n\t\t\t\t<\/div>\n\t\t","protected":false},"excerpt":{"rendered":"<p>Bourses d\u2019\u00e9tudes L\u2019AIA Canada s\u2019est engag\u00e9e \u00e0 b\u00e2tir un avenir prosp\u00e8re pour le secteur de l\u2019entretien automobile et pour l\u2019ensemble du Canada. Dans le cadre de cet engagement, les divisions de l\u2019AIA Canada recueillent des fonds pour des bourses d\u2019\u00e9tudes lors de tournois de golf, de d\u00eeners et d\u2019autres initiatives tout au long de l\u2019ann\u00e9e. [&hellip;]<\/p>\n","protected":false},"author":11,"featured_media":0,"parent":4677,"menu_order":0,"comment_status":"closed","ping_status":"closed","template":"","meta":{"_acf_changed":false,"footnotes":""},"class_list":["post-4683","page","type-page","status-publish","hentry"],"acf":[],"aioseo_notices":[],"wpml_current_locale":"fr_CA","wpml_translations":[],"_links":{"self":[{"href":"https:\/\/www.aiacanada.com\/fr\/wp-json\/wp\/v2\/pages\/4683","targetHints":{"allow":["GET"]}}],"collection":[{"href":"https:\/\/www.aiacanada.com\/fr\/wp-json\/wp\/v2\/pages"}],"about":[{"href":"https:\/\/www.aiacanada.com\/fr\/wp-json\/wp\/v2\/types\/page"}],"author":[{"embeddable":true,"href":"https:\/\/www.aiacanada.com\/fr\/wp-json\/wp\/v2\/users\/11"}],"replies":[{"embeddable":true,"href":"https:\/\/www.aiacanada.com\/fr\/wp-json\/wp\/v2\/comments?post=4683"}],"version-history":[{"count":0,"href":"https:\/\/www.aiacanada.com\/fr\/wp-json\/wp\/v2\/pages\/4683\/revisions"}],"up":[{"embeddable":true,"href":"https:\/\/www.aiacanada.com\/fr\/wp-json\/wp\/v2\/pages\/4677"}],"wp:attachment":[{"href":"https:\/\/www.aiacanada.com\/fr\/wp-json\/wp\/v2\/media?parent=4683"}],"curies":[{"name":"wp","href":"https:\/\/api.w.org\/{rel}","templated":true}]}}