{"id":4695,"date":"2022-09-30T12:54:05","date_gmt":"2022-09-30T16:54:05","guid":{"rendered":"https:\/\/aiacanada.com\/programmes\/our-charitable-work\/"},"modified":"2022-11-29T11:31:45","modified_gmt":"2022-11-29T16:31:45","slug":"notre-oeuvre-caritative","status":"publish","type":"page","link":"https:\/\/www.aiacanada.com\/fr\/programmes\/notre-oeuvre-caritative\/","title":{"rendered":"Notre \u0153uvre caritative"},"content":{"rendered":"\t\t<div data-elementor-type=\"wp-page\" data-elementor-id=\"4695\" class=\"elementor elementor-4695 elementor-4694\" data-elementor-post-type=\"page\">\n\t\t\t\t\t\t<section class=\"elementor-section elementor-top-section elementor-element elementor-element-ccae5db elementor-section-boxed elementor-section-height-default elementor-section-height-default\" data-id=\"ccae5db\" data-element_type=\"section\">\n\t\t\t\t\t\t<div class=\"elementor-container elementor-column-gap-default\">\n\t\t\t\t\t<div class=\"elementor-column elementor-col-100 elementor-top-column elementor-element elementor-element-97c4763\" data-id=\"97c4763\" data-element_type=\"column\">\n\t\t\t<div class=\"elementor-widget-wrap elementor-element-populated\">\n\t\t\t\t\t\t<div class=\"elementor-element elementor-element-c9952ff elementor-widget elementor-widget-heading\" data-id=\"c9952ff\" data-element_type=\"widget\" data-widget_type=\"heading.default\">\n\t\t\t\t<div class=\"elementor-widget-container\">\n\t\t\t<h1 class=\"elementor-heading-title elementor-size-default\">Fondation AIA \u2013 Un coup de main pour les enfants<\/h1>\t\t<\/div>\n\t\t\t\t<\/div>\n\t\t\t\t<section class=\"elementor-section elementor-inner-section elementor-element elementor-element-8099333 elementor-section-boxed elementor-section-height-default elementor-section-height-default\" data-id=\"8099333\" data-element_type=\"section\">\n\t\t\t\t\t\t<div class=\"elementor-container elementor-column-gap-default\">\n\t\t\t\t\t<div class=\"elementor-column elementor-col-50 elementor-inner-column elementor-element elementor-element-29f26e8\" data-id=\"29f26e8\" data-element_type=\"column\">\n\t\t\t<div class=\"elementor-widget-wrap elementor-element-populated\">\n\t\t\t\t\t\t<div class=\"elementor-element elementor-element-86d8045 elementor-widget elementor-widget-text-editor\" data-id=\"86d8045\" data-element_type=\"widget\" data-widget_type=\"text-editor.default\">\n\t\t\t\t<div class=\"elementor-widget-container\">\n\t\t\t\t\t\t\t<p>La Fondation AIA &#8211; Un coup de main pour les enfants, qui a \u00e9t\u00e9 cr\u00e9\u00e9e en 2005 en tant qu\u2019organisme de bienfaisance sans but lucratif, aide les membres et les divisions de l\u2019AIA Canada dans leurs efforts pour soutenir les organismes de bienfaisance canadiens qui profitent aux enfants et aux jeunes en recueillant et en redistribuant des fonds.<\/p><p>Nous sommes d\u00e9termin\u00e9s \u00e0 cr\u00e9er un avenir meilleur pour les enfants et les jeunes Canadiens en leur donnant les outils, les opportunit\u00e9s et le soutien dont ils ont besoin. Les projets que nous finan\u00e7ons permettent aux jeunes d\u2019atteindre leur plein potentiel gr\u00e2ce \u00e0 de la formation, de l\u2019\u00e9quipement, des exp\u00e9riences et de l\u2019aide.<\/p>\t\t\t\t\t\t<\/div>\n\t\t\t\t<\/div>\n\t\t\t\t\t<\/div>\n\t\t<\/div>\n\t\t\t\t<div class=\"elementor-column elementor-col-50 elementor-inner-column elementor-element elementor-element-b2354c3\" data-id=\"b2354c3\" data-element_type=\"column\">\n\t\t\t<div class=\"elementor-widget-wrap elementor-element-populated\">\n\t\t\t\t\t\t<div class=\"elementor-element elementor-element-02ad486 elementor-widget elementor-widget-image\" data-id=\"02ad486\" data-element_type=\"widget\" data-widget_type=\"image.default\">\n\t\t\t\t<div class=\"elementor-widget-container\">\n\t\t\t\t\t\t\t\t\t\t\t\t\t<img fetchpriority=\"high\" decoding=\"async\" width=\"600\" height=\"348\" src=\"https:\/\/www.aiacanada.com\/wp-content\/uploads\/2022\/11\/aia-high-five-kids-1.jpg\" class=\"attachment-large size-large wp-image-7610\" alt=\"\" srcset=\"https:\/\/www.aiacanada.com\/wp-content\/uploads\/2022\/11\/aia-high-five-kids-1.jpg 600w, https:\/\/www.aiacanada.com\/wp-content\/uploads\/2022\/11\/aia-high-five-kids-1-300x174.jpg 300w\" sizes=\"(max-width: 600px) 100vw, 600px\" \/>\t\t\t\t\t\t\t\t\t\t\t\t\t<\/div>\n\t\t\t\t<\/div>\n\t\t\t\t\t<\/div>\n\t\t<\/div>\n\t\t\t\t\t<\/div>\n\t\t<\/section>\n\t\t\t\t<div class=\"elementor-element elementor-element-a82c367 elementor-widget elementor-widget-text-editor\" data-id=\"a82c367\" data-element_type=\"widget\" data-widget_type=\"text-editor.default\">\n\t\t\t\t<div class=\"elementor-widget-container\">\n\t\t\t\t\t\t\t<h3><strong>Mission<\/strong><\/h3><p>Inspirer et mobiliser les membres du secteur de l\u2019entretien automobile au Canada afin d\u2019apporter des changements positifs et d\u2019am\u00e9liorer la qualit\u00e9 de vie des enfants et des jeunes au sein de leurs collectivit\u00e9s locales.<\/p><h3><strong>Pr\u00e9sident du conseil d\u2019administration de la Fondation AIA \u2013 Un coup de main pour les enfants<\/strong><\/h3><p>Raymond Proulx <br \/>KYB America<br \/>Courriel : <a href=\"mailto:info@aiahighfivesforkids.ca\" data-gc-link=\"mailto:info@aiahighfivesforkids.ca\">info@aiahighfivesforkids.ca<\/a><\/p><p>Pour plus d\u2019informations sur la Fondation ou comment faire un don, veuillez visiter <a href=\"https:\/\/aiahighfivesforkids.ca\/fr\/\" target=\"_blank\" rel=\"noopener noreferrer\" data-gc-link=\"https:\/\/aiahighfivesforkids.ca\/fr\/\">https:\/\/aiahighfivesforkids.ca\/fr\/<\/a>.<\/p>\t\t\t\t\t\t<\/div>\n\t\t\t\t<\/div>\n\t\t\t\t\t<\/div>\n\t\t<\/div>\n\t\t\t\t\t<\/div>\n\t\t<\/section>\n\t\t\t\t<\/div>\n\t\t","protected":false},"excerpt":{"rendered":"<p>Fondation AIA \u2013 Un coup de main pour les enfants La Fondation AIA &#8211; Un coup de main pour les enfants, qui a \u00e9t\u00e9 cr\u00e9\u00e9e en 2005 en tant qu\u2019organisme de bienfaisance sans but lucratif, aide les membres et les divisions de l\u2019AIA Canada dans leurs efforts pour soutenir les organismes de bienfaisance canadiens qui [&hellip;]<\/p>\n","protected":false},"author":11,"featured_media":0,"parent":4691,"menu_order":0,"comment_status":"closed","ping_status":"closed","template":"","meta":{"_acf_changed":false,"footnotes":""},"class_list":["post-4695","page","type-page","status-publish","hentry"],"acf":[],"aioseo_notices":[],"wpml_current_locale":"fr_CA","wpml_translations":[],"_links":{"self":[{"href":"https:\/\/www.aiacanada.com\/fr\/wp-json\/wp\/v2\/pages\/4695","targetHints":{"allow":["GET"]}}],"collection":[{"href":"https:\/\/www.aiacanada.com\/fr\/wp-json\/wp\/v2\/pages"}],"about":[{"href":"https:\/\/www.aiacanada.com\/fr\/wp-json\/wp\/v2\/types\/page"}],"author":[{"embeddable":true,"href":"https:\/\/www.aiacanada.com\/fr\/wp-json\/wp\/v2\/users\/11"}],"replies":[{"embeddable":true,"href":"https:\/\/www.aiacanada.com\/fr\/wp-json\/wp\/v2\/comments?post=4695"}],"version-history":[{"count":0,"href":"https:\/\/www.aiacanada.com\/fr\/wp-json\/wp\/v2\/pages\/4695\/revisions"}],"up":[{"embeddable":true,"href":"https:\/\/www.aiacanada.com\/fr\/wp-json\/wp\/v2\/pages\/4691"}],"wp:attachment":[{"href":"https:\/\/www.aiacanada.com\/fr\/wp-json\/wp\/v2\/media?parent=4695"}],"curies":[{"name":"wp","href":"https:\/\/api.w.org\/{rel}","templated":true}]}}