{"id":4731,"date":"2022-10-05T12:47:07","date_gmt":"2022-10-05T16:47:07","guid":{"rendered":"https:\/\/aiacanada.com\/programmes\/canadian-collision-industry-forum\/"},"modified":"2024-05-16T14:05:59","modified_gmt":"2024-05-16T18:05:59","slug":"forum-canadien-de-lindustrie-de-la-carrosserie","status":"publish","type":"page","link":"https:\/\/www.aiacanada.com\/fr\/programmes\/forum-canadien-de-lindustrie-de-la-carrosserie\/","title":{"rendered":"Forum canadien de l\u2019industrie de la carrosserie"},"content":{"rendered":"\t\t<div data-elementor-type=\"wp-page\" data-elementor-id=\"4731\" class=\"elementor elementor-4731 elementor-4730\" data-elementor-post-type=\"page\">\n\t\t\t\t\t\t<section class=\"elementor-section elementor-top-section elementor-element elementor-element-0fd33a1 elementor-section-boxed elementor-section-height-default elementor-section-height-default\" data-id=\"0fd33a1\" data-element_type=\"section\" data-settings=\"{&quot;background_background&quot;:&quot;classic&quot;}\">\n\t\t\t\t\t\t<div class=\"elementor-container elementor-column-gap-default\">\n\t\t\t\t\t<div class=\"elementor-column elementor-col-50 elementor-top-column elementor-element elementor-element-bb8edc8\" data-id=\"bb8edc8\" data-element_type=\"column\">\n\t\t\t<div class=\"elementor-widget-wrap elementor-element-populated\">\n\t\t\t\t\t\t<div class=\"elementor-element elementor-element-a4136c2 elementor-widget elementor-widget-text-editor\" data-id=\"a4136c2\" data-element_type=\"widget\" data-widget_type=\"text-editor.default\">\n\t\t\t\t<div class=\"elementor-widget-container\">\n\t\t\t\t\t\t\t<h1>Forum canadien de l\u2019industrie de la carrosserie<\/h1><p><span data-contrast=\"none\">Le forum canadien de l&#8217;industrie de la carrosserie (CCIF) ouvre la voie au succ\u00e8s du secteur canadien de la carrosserie. Le CCIF offre des \u00e9v\u00e9nements \u00e0 tous les intervenants du secteur de la carrosserie au Canada &#8211; carrossier, fournisseurs, assureurs, associations, <\/span><span data-contrast=\"none\">fabricant d&#8217;\u00e9quipement d&#8217;origine (<\/span><span data-contrast=\"auto\">OEM) <\/span><span data-contrast=\"none\"> et \u00e9ducateurs &#8211; pour se r\u00e9unir dans un endroit central et r\u00e9seauter et en apprendre davantage sur les tendances et les d\u00e9fis de l\u2019industrie. <\/span><span data-ccp-props=\"{&quot;134233117&quot;:false,&quot;134233118&quot;:false,&quot;335551550&quot;:1,&quot;335551620&quot;:1,&quot;335559738&quot;:240,&quot;335559739&quot;:240}\">\u00a0<\/span><\/p><p><span data-contrast=\"none\">Par le biais de s\u00e9minaires et de s\u00e9ances, nos \u00e9v\u00e9nements r\u00e9pondent aux trois grandes priorit\u00e9s du CCIF : la rentabilit\u00e9, la technologie des v\u00e9hicules et les ressources humaines.\u00a0<\/span><span data-ccp-props=\"{&quot;134233117&quot;:false,&quot;134233118&quot;:false,&quot;335551550&quot;:1,&quot;335551620&quot;:1,&quot;335559738&quot;:240,&quot;335559739&quot;:240}\">\u00a0<\/span><\/p><p><span data-contrast=\"none\">Restez inform\u00e9s et participez \u00e0 la cr\u00e9ation d\u2019un avenir rentable pour tous les intervenants, consultez <\/span><a href=\"https:\/\/collision.aiacanada.com\/fr\/\"><span data-contrast=\"none\">le site Web<\/span><\/a><span data-contrast=\"none\"> du CCIF !<\/span><\/p>\t\t\t\t\t\t<\/div>\n\t\t\t\t<\/div>\n\t\t\t\t\t<\/div>\n\t\t<\/div>\n\t\t\t\t<div class=\"elementor-column elementor-col-50 elementor-top-column elementor-element elementor-element-1fc9cc9\" data-id=\"1fc9cc9\" data-element_type=\"column\">\n\t\t\t<div class=\"elementor-widget-wrap elementor-element-populated\">\n\t\t\t\t\t\t<div class=\"elementor-element elementor-element-752ed64 elementor-widget elementor-widget-image\" data-id=\"752ed64\" data-element_type=\"widget\" data-widget_type=\"image.default\">\n\t\t\t\t<div class=\"elementor-widget-container\">\n\t\t\t\t\t\t\t\t\t\t\t\t\t<img fetchpriority=\"high\" decoding=\"async\" width=\"600\" height=\"400\" src=\"https:\/\/www.aiacanada.com\/wp-content\/uploads\/2022\/11\/autobody-repair-600x400.jpg\" class=\"attachment-Medium Landscape size-Medium Landscape wp-image-7603\" alt=\"\" srcset=\"https:\/\/www.aiacanada.com\/wp-content\/uploads\/2022\/11\/autobody-repair-600x401.jpg 600w, https:\/\/www.aiacanada.com\/wp-content\/uploads\/2022\/11\/autobody-repair-300x200.jpg 300w, https:\/\/www.aiacanada.com\/wp-content\/uploads\/2022\/11\/autobody-repair-768x513.jpg 768w, https:\/\/www.aiacanada.com\/wp-content\/uploads\/2022\/11\/autobody-repair.jpg 999w\" sizes=\"(max-width: 600px) 100vw, 600px\" \/>\t\t\t\t\t\t\t\t\t\t\t\t\t<\/div>\n\t\t\t\t<\/div>\n\t\t\t\t\t<\/div>\n\t\t<\/div>\n\t\t\t\t\t<\/div>\n\t\t<\/section>\n\t\t\t\t<\/div>\n\t\t","protected":false},"excerpt":{"rendered":"<p>Forum canadien de l\u2019industrie de la carrosserie Le forum canadien de l&#8217;industrie de la carrosserie (CCIF) ouvre la voie au succ\u00e8s du secteur canadien de la carrosserie. Le CCIF offre des \u00e9v\u00e9nements \u00e0 tous les intervenants du secteur de la carrosserie au Canada &#8211; carrossier, fournisseurs, assureurs, associations, fabricant d&#8217;\u00e9quipement d&#8217;origine (OEM) et \u00e9ducateurs &#8211; [&hellip;]<\/p>\n","protected":false},"author":3,"featured_media":0,"parent":4691,"menu_order":0,"comment_status":"closed","ping_status":"closed","template":"","meta":{"_acf_changed":false,"footnotes":""},"class_list":["post-4731","page","type-page","status-publish","hentry"],"acf":[],"aioseo_notices":[],"wpml_current_locale":"fr_CA","wpml_translations":[],"_links":{"self":[{"href":"https:\/\/www.aiacanada.com\/fr\/wp-json\/wp\/v2\/pages\/4731","targetHints":{"allow":["GET"]}}],"collection":[{"href":"https:\/\/www.aiacanada.com\/fr\/wp-json\/wp\/v2\/pages"}],"about":[{"href":"https:\/\/www.aiacanada.com\/fr\/wp-json\/wp\/v2\/types\/page"}],"author":[{"embeddable":true,"href":"https:\/\/www.aiacanada.com\/fr\/wp-json\/wp\/v2\/users\/3"}],"replies":[{"embeddable":true,"href":"https:\/\/www.aiacanada.com\/fr\/wp-json\/wp\/v2\/comments?post=4731"}],"version-history":[{"count":0,"href":"https:\/\/www.aiacanada.com\/fr\/wp-json\/wp\/v2\/pages\/4731\/revisions"}],"up":[{"embeddable":true,"href":"https:\/\/www.aiacanada.com\/fr\/wp-json\/wp\/v2\/pages\/4691"}],"wp:attachment":[{"href":"https:\/\/www.aiacanada.com\/fr\/wp-json\/wp\/v2\/media?parent=4731"}],"curies":[{"name":"wp","href":"https:\/\/api.w.org\/{rel}","templated":true}]}}