{"id":5687,"date":"2022-10-13T14:50:16","date_gmt":"2022-10-13T18:50:16","guid":{"rendered":"https:\/\/aiacanada.com\/?page_id=5687"},"modified":"2023-06-26T22:03:29","modified_gmt":"2023-06-27T02:03:29","slug":"main-doeuvre","status":"publish","type":"page","link":"https:\/\/www.aiacanada.com\/fr\/programmes\/relations-gouvernementales\/main-doeuvre\/","title":{"rendered":"Main-d&#8217;oeuvre"},"content":{"rendered":"\t\t<div data-elementor-type=\"wp-page\" data-elementor-id=\"5687\" class=\"elementor elementor-5687 elementor-5675\" data-elementor-post-type=\"page\">\n\t\t\t\t\t\t<section class=\"elementor-section elementor-top-section elementor-element elementor-element-5beeb81 elementor-section-boxed elementor-section-height-default elementor-section-height-default\" data-id=\"5beeb81\" data-element_type=\"section\">\n\t\t\t\t\t\t<div class=\"elementor-container elementor-column-gap-default\">\n\t\t\t\t\t<div class=\"elementor-column elementor-col-100 elementor-top-column elementor-element elementor-element-5d183a5\" data-id=\"5d183a5\" data-element_type=\"column\">\n\t\t\t<div class=\"elementor-widget-wrap elementor-element-populated\">\n\t\t\t\t\t\t<div class=\"elementor-element elementor-element-645cf61 elementor-widget elementor-widget-text-editor\" data-id=\"645cf61\" data-element_type=\"widget\" data-widget_type=\"text-editor.default\">\n\t\t\t\t<div class=\"elementor-widget-container\">\n\t\t\t\t\t\t\t<h1>Main-d&#8217;oeuvre<\/h1><h2>La main-d\u2019\u0153uvre de l\u2019industrie : pr\u00e9parer l\u2019avenir<\/h2><h3>Lacune dans les comp\u00e9tences<\/h3><p>La technologie change les voitures que nous conduisons. Elle a rendu les voitures \u00e9lectriques, connect\u00e9es \u00e0 Internet et autonomes une r\u00e9alit\u00e9.<\/p><p>Les gens de m\u00e9tier de l\u2019automobile ont besoin de nouvelles comp\u00e9tences pour entretenir les voitures modernes. Voici quelques exemples :<\/p><ul><li>\u00e9lectroniques, \u00e9lectriques et informatiques<\/li><li>r\u00e9paration haute tension<\/li><li>technologie de batterie <\/li><li>calibration des capteurs<\/li><li>r\u00e9paration de pi\u00e8ces robotiques<\/li><\/ul><p>Parce que la technologie est introduite \u00e0 un rythme rapide, les gens de m\u00e9tier de l\u2019automobile ont besoin d\u2019un perfectionnement continu pour maintenir leurs comp\u00e9tences \u00e0 jour.<\/p><p>Le probl\u00e8me est que les syst\u00e8mes de formation traditionnels ne peuvent pas progresser aussi rapidement que l\u2019introduction des nouvelles technologies.<\/p><p>Cela cr\u00e9e des lacunes sur le plan des comp\u00e9tences. Une telle p\u00e9nurie se produit lorsqu\u2019il n\u2019y a pas assez de personnes poss\u00e9dant les comp\u00e9tences ad\u00e9quates pour faire le travail \u00e0 accomplir.<\/p><p>Le gouvernement du Canada a mis en place une exigence, voulant que 100 % des ventes de voitures d\u2019ici 2035 soient des voitures \u00e0 z\u00e9ro \u00e9mission. Pour cette raison, il est essentiel que le Canada puisse r\u00e9pondre \u00e0 la demande en mati\u00e8re de comp\u00e9tences dans l\u2019industrie de l\u2019automobile.<\/p>\t\t\t\t\t\t<\/div>\n\t\t\t\t<\/div>\n\t\t\t\t<div class=\"elementor-element elementor-element-b8a52ce elementor-widget-divider--view-line elementor-widget elementor-widget-divider\" data-id=\"b8a52ce\" data-element_type=\"widget\" data-widget_type=\"divider.default\">\n\t\t\t\t<div class=\"elementor-widget-container\">\n\t\t\t\t\t<div class=\"elementor-divider\">\n\t\t\t<span class=\"elementor-divider-separator\">\n\t\t\t\t\t\t<\/span>\n\t\t<\/div>\n\t\t\t\t<\/div>\n\t\t\t\t<\/div>\n\t\t\t\t\t<\/div>\n\t\t<\/div>\n\t\t\t\t\t<\/div>\n\t\t<\/section>\n\t\t\t\t<section class=\"elementor-section elementor-top-section elementor-element elementor-element-c546850 elementor-section-boxed elementor-section-height-default elementor-section-height-default\" data-id=\"c546850\" data-element_type=\"section\">\n\t\t\t\t\t\t<div class=\"elementor-container elementor-column-gap-default\">\n\t\t\t\t\t<div class=\"elementor-column elementor-col-100 elementor-top-column elementor-element elementor-element-10bb013\" data-id=\"10bb013\" data-element_type=\"column\">\n\t\t\t<div class=\"elementor-widget-wrap elementor-element-populated\">\n\t\t\t\t\t\t<div class=\"elementor-element elementor-element-67e0ee5 elementor-widget elementor-widget-text-editor\" data-id=\"67e0ee5\" data-element_type=\"widget\" data-widget_type=\"text-editor.default\">\n\t\t\t\t<div class=\"elementor-widget-container\">\n\t\t\t\t\t\t\t<h3>Le manque de main-d\u2019\u0153uvre qualifi\u00e9e<\/h3><p>En plus des lacunes dans les comp\u00e9tences, l\u2019industrie fait face \u00e0 une p\u00e9nurie de gens de m\u00e9tier de l\u2019automobile.<\/p><p>La p\u00e9nurie est caus\u00e9e par des facteurs tels que la hausse du nombre de travailleurs qui prennent leur retraite et la diminution des inscriptions aux programmes d\u2019apprentissage.<\/p><p>Pour aider \u00e0 r\u00e9soudre la p\u00e9nurie, plus de gens doivent poursuivre une carri\u00e8re dans les m\u00e9tiers de l\u2019automobile.<\/p><p>Cependant, il est difficile d\u2019attirer des gens dans l\u2019industrie en raison de la stigmatisation associ\u00e9e \u00e0 une carri\u00e8re dans les m\u00e9tiers sp\u00e9cialis\u00e9s.<\/p><p>Mais la technologie est en train de changer le type de travail que font les gens de m\u00e9tier de l\u2019automobile. Cela cr\u00e9e une belle opportunit\u00e9 d\u2019attirer plus de gens dans l\u2019industrie.<\/p>\t\t\t\t\t\t<\/div>\n\t\t\t\t<\/div>\n\t\t\t\t<div class=\"elementor-element elementor-element-9124135 elementor-widget-divider--view-line elementor-widget elementor-widget-divider\" data-id=\"9124135\" data-element_type=\"widget\" data-widget_type=\"divider.default\">\n\t\t\t\t<div class=\"elementor-widget-container\">\n\t\t\t\t\t<div class=\"elementor-divider\">\n\t\t\t<span class=\"elementor-divider-separator\">\n\t\t\t\t\t\t<\/span>\n\t\t<\/div>\n\t\t\t\t<\/div>\n\t\t\t\t<\/div>\n\t\t\t\t\t<\/div>\n\t\t<\/div>\n\t\t\t\t\t<\/div>\n\t\t<\/section>\n\t\t\t\t<section class=\"elementor-section elementor-top-section elementor-element elementor-element-8490dd8 elementor-section-boxed elementor-section-height-default elementor-section-height-default\" data-id=\"8490dd8\" data-element_type=\"section\">\n\t\t\t\t\t\t<div class=\"elementor-container elementor-column-gap-default\">\n\t\t\t\t\t<div class=\"elementor-column elementor-col-100 elementor-top-column elementor-element elementor-element-e1e566f\" data-id=\"e1e566f\" data-element_type=\"column\">\n\t\t\t<div class=\"elementor-widget-wrap elementor-element-populated\">\n\t\t\t\t\t\t<div class=\"elementor-element elementor-element-4ae0536 elementor-widget elementor-widget-text-editor\" data-id=\"4ae0536\" data-element_type=\"widget\" data-widget_type=\"text-editor.default\">\n\t\t\t\t<div class=\"elementor-widget-container\">\n\t\t\t\t\t\t\t<h3>Solutions aux d\u00e9fis li\u00e9s \u00e0 la main-d\u2019\u0153uvre dans l\u2019industrie<\/h3><p>Ensemble, l\u2019industrie, le gouvernement et les autres parties prenantes, y compris les formateurs, peuvent aider \u00e0 surmonter les d\u00e9fis auxquels l\u2019industrie est confront\u00e9e en mati\u00e8re de main-d\u2019\u0153uvre.<\/p><p>Environ 86 % des ateliers de r\u00e9paration automobile au Canada sont de petites entreprises. Les ateliers ont besoin, entre autres, d\u2019un soutien financier du gouvernement pour fournir aux travailleurs une formation continue et pour investir dans de nouveaux outils et \u00e9quipements.<\/p><p>Une formation ax\u00e9e sur l\u2019industrie offre plus de flexibilit\u00e9 et est plus r\u00e9active que les syst\u00e8mes de formation traditionnels. Avec le soutien du gouvernement, l\u2019industrie peut continuer \u00e0 d\u00e9velopper et \u00e0 implanter une formation qui r\u00e9pond aux besoins des employeurs.<\/p><p>Pour attirer plus de gens dans l\u2019industrie, il est important de changer les perceptions des gens sur ce qu\u2019ils peuvent attendre d\u2019une telle carri\u00e8re. Ils doivent savoir que les gens de m\u00e9tier de l\u2019automobile sont en premi\u00e8re ligne de la mobilit\u00e9 future. L\u2019industrie, avec le soutien du gouvernement, peut changer les perceptions.<\/p><p><span class=\"TextRun SCXW129501138 BCX0\" lang=\"FR-CA\" xml:lang=\"FR-CA\" data-contrast=\"auto\"><span class=\"NormalTextRun SCXW129501138 BCX0\" data-ccp-parastyle=\"Normal (Web)\">D\u00e9couvrez<\/span><span class=\"NormalTextRun SCXW129501138 BCX0\" data-ccp-parastyle=\"Normal (Web)\"> comment le programme anglophone <\/span><\/span><a class=\"Hyperlink SCXW129501138 BCX0\" href=\"https:\/\/www.aiacanada.com\/innovation-in-automotive-training\/\" target=\"_blank\" rel=\"noreferrer noopener\"><span class=\"TextRun Underlined SCXW129501138 BCX0\" lang=\"FR-CA\" xml:lang=\"FR-CA\" data-contrast=\"none\"><span class=\"NormalTextRun SCXW129501138 BCX0\" data-ccp-charstyle=\"Hyperlink\">Innovation dans la formation automobile<\/span><\/span><\/a><span class=\"TextRun SCXW129501138 BCX0\" lang=\"FR-CA\" xml:lang=\"FR-CA\" data-contrast=\"auto\"><span class=\"NormalTextRun SCXW129501138 BCX0\" data-ccp-parastyle=\"Normal (Web)\">, issu d\u2019une collaboration entre l\u2019AIA\u202fCanada, le gouvernement de l\u2019Ontario, <\/span><span class=\"NormalTextRun SCXW129501138 BCX0\" data-ccp-parastyle=\"Normal (Web)\">le Coll\u00e8ge <\/span><span class=\"NormalTextRun SpellingErrorV2Themed SCXW129501138 BCX0\" data-ccp-parastyle=\"Normal (Web)\">Conestoga<\/span><span class=\"NormalTextRun SCXW129501138 BCX0\" data-ccp-parastyle=\"Normal (Web)\">, le Coll\u00e8ge <\/span><span class=\"NormalTextRun SpellingErrorV2Themed SCXW129501138 BCX0\" data-ccp-parastyle=\"Normal (Web)\">Fanshawe<\/span><span class=\"NormalTextRun SCXW129501138 BCX0\" data-ccp-parastyle=\"Normal (Web)\">, le Coll\u00e8ge St. Lawrence et Plug <\/span><span class=\"NormalTextRun ContextualSpellingAndGrammarErrorV2Themed SCXW129501138 BCX0\" data-ccp-parastyle=\"Normal (Web)\">N\u2019 Drive<\/span><span class=\"NormalTextRun SCXW129501138 BCX0\" data-ccp-parastyle=\"Normal (Web)\">, <\/span><span class=\"NormalTextRun SCXW129501138 BCX0\" data-ccp-parastyle=\"Normal (Web)\">aide \u00e0 rem\u00e9dier \u00e0 la p\u00e9nurie de main-d\u2019\u0153uvre et de comp\u00e9tences de l\u2019industrie.<\/span><\/span><span class=\"EOP SCXW129501138 BCX0\" data-ccp-props=\"{&quot;134233117&quot;:false,&quot;134233118&quot;:true,&quot;201341983&quot;:0,&quot;335559738&quot;:0,&quot;335559740&quot;:240}\">\u00a0<\/span><\/p>\t\t\t\t\t\t<\/div>\n\t\t\t\t<\/div>\n\t\t\t\t\t<\/div>\n\t\t<\/div>\n\t\t\t\t\t<\/div>\n\t\t<\/section>\n\t\t\t\t<\/div>\n\t\t","protected":false},"excerpt":{"rendered":"<p>Main-d&#8217;oeuvre La main-d\u2019\u0153uvre de l\u2019industrie : pr\u00e9parer l\u2019avenir Lacune dans les comp\u00e9tences La technologie change les voitures que nous conduisons. Elle a rendu les voitures \u00e9lectriques, connect\u00e9es \u00e0 Internet et autonomes une r\u00e9alit\u00e9. Les gens de m\u00e9tier de l\u2019automobile ont besoin de nouvelles comp\u00e9tences pour entretenir les voitures modernes. Voici quelques exemples : \u00e9lectroniques, \u00e9lectriques [&hellip;]<\/p>\n","protected":false},"author":3,"featured_media":0,"parent":5688,"menu_order":0,"comment_status":"closed","ping_status":"closed","template":"","meta":{"_acf_changed":false,"footnotes":""},"class_list":["post-5687","page","type-page","status-publish","hentry"],"acf":[],"aioseo_notices":[],"wpml_current_locale":"fr_CA","wpml_translations":[],"_links":{"self":[{"href":"https:\/\/www.aiacanada.com\/fr\/wp-json\/wp\/v2\/pages\/5687","targetHints":{"allow":["GET"]}}],"collection":[{"href":"https:\/\/www.aiacanada.com\/fr\/wp-json\/wp\/v2\/pages"}],"about":[{"href":"https:\/\/www.aiacanada.com\/fr\/wp-json\/wp\/v2\/types\/page"}],"author":[{"embeddable":true,"href":"https:\/\/www.aiacanada.com\/fr\/wp-json\/wp\/v2\/users\/3"}],"replies":[{"embeddable":true,"href":"https:\/\/www.aiacanada.com\/fr\/wp-json\/wp\/v2\/comments?post=5687"}],"version-history":[{"count":0,"href":"https:\/\/www.aiacanada.com\/fr\/wp-json\/wp\/v2\/pages\/5687\/revisions"}],"up":[{"embeddable":true,"href":"https:\/\/www.aiacanada.com\/fr\/wp-json\/wp\/v2\/pages\/5688"}],"wp:attachment":[{"href":"https:\/\/www.aiacanada.com\/fr\/wp-json\/wp\/v2\/media?parent=5687"}],"curies":[{"name":"wp","href":"https:\/\/api.w.org\/{rel}","templated":true}]}}