{"id":5737,"date":"2022-10-14T16:03:02","date_gmt":"2022-10-14T20:03:02","guid":{"rendered":"https:\/\/aiacanada.com\/?page_id=5737"},"modified":"2026-04-01T09:22:24","modified_gmt":"2026-04-01T13:22:24","slug":"prix-du-jeune-professionnel-de-lannee","status":"publish","type":"page","link":"https:\/\/www.aiacanada.com\/fr\/programmes\/communaute-des-jeunes-professionnels-du-secteur-de-lentretien-et-de-la-reparation-automobile\/prix-du-jeune-professionnel-de-lannee\/","title":{"rendered":"Prix du jeune professionnel de l&#8217;ann\u00e9e"},"content":{"rendered":"\t\t<div data-elementor-type=\"wp-page\" data-elementor-id=\"5737\" class=\"elementor elementor-5737 elementor-5730\" data-elementor-post-type=\"page\">\n\t\t\t\t\t\t<section class=\"elementor-section elementor-top-section elementor-element elementor-element-8ea35eb elementor-section-boxed elementor-section-height-default elementor-section-height-default\" data-id=\"8ea35eb\" data-element_type=\"section\">\n\t\t\t\t\t\t<div class=\"elementor-container elementor-column-gap-default\">\n\t\t\t\t\t<div class=\"elementor-column elementor-col-100 elementor-top-column elementor-element elementor-element-5625454\" data-id=\"5625454\" data-element_type=\"column\">\n\t\t\t<div class=\"elementor-widget-wrap elementor-element-populated\">\n\t\t\t\t\t\t<div class=\"elementor-element elementor-element-fdb08c4 elementor-widget elementor-widget-text-editor\" data-id=\"fdb08c4\" data-element_type=\"widget\" data-widget_type=\"text-editor.default\">\n\t\t\t\t<div class=\"elementor-widget-container\">\n\t\t\t\t\t\t\t<h1>Prix du jeune professionnel de l&#8217;ann\u00e9e<\/h1><p><strong style=\"color: var( --e-global-color-text );\"><span data-teams=\"true\">Les candidatures pour le prix du Jeune professionnel de l\u2019ann\u00e9e sont d\u00e9sormais closes.<\/span><\/strong><\/p><p><span data-teams=\"true\">L\u2019appel de candidatures pour l\u2019\u00e9dition 2027 sera lanc\u00e9 au cours de l\u2019ann\u00e9e 2026.<\/span><\/p><p>La reconnaissance constitue un extraordinaire outil pour maintenir les employ\u00e9s en poste. Prendre le temps de manifester \u00e0 un jeune cadre de votre entreprise que sa contribution est reconnue et appr\u00e9ci\u00e9e est une fa\u00e7on simple et efficace de d\u00e9montrer votre engagement envers ce cadre en tant qu\u2019employeur.<\/p><p>Le prix du jeune professionnel de l\u2019ann\u00e9e d\u00e9cern\u00e9 par le comit\u00e9 des Jeunes professionnels du secteur de l&#8217;entretien et de la r\u00e9paration automobile (JPSERA) de l\u2019AIA Canada souligne les efforts d\u00e9ploy\u00e9s par ces personnes exceptionnelles. Montrez \u00e0 un membre de votre personnel que vous le valorisez. Transmettez son nom aujourd\u2019hui.<\/p><h2><strong>Crit\u00e8res de mise en candidature<\/strong><\/h2><p>Qui pouvez-vous mettre en candidature? Tout jeune cadre ou dirigeant de votre organisation ag\u00e9 de 45 ans ou moins qui a excell\u00e9 quant au moins un des aspects suivants :<\/p><ul><li data-gc-list-depth=\"1\" data-gc-list-style=\"bullet\">leadership<\/li><li data-gc-list-depth=\"1\" data-gc-list-style=\"bullet\">innovation<\/li><li data-gc-list-depth=\"1\" data-gc-list-style=\"bullet\">contribution \u00e0 l\u2019industrie<\/li><li data-gc-list-depth=\"1\" data-gc-list-style=\"bullet\">b\u00e9n\u00e9volat pour l\u2019AIA Canada<\/li><li data-gc-list-depth=\"1\" data-gc-list-style=\"bullet\">travail b\u00e9n\u00e9vole \/ communautaire \u00e0 l\u2019ext\u00e9rieur de l\u2019associati<\/li><\/ul>\t\t\t\t\t\t<\/div>\n\t\t\t\t<\/div>\n\t\t\t\t\t<\/div>\n\t\t<\/div>\n\t\t\t\t\t<\/div>\n\t\t<\/section>\n\t\t\t\t<section class=\"elementor-section elementor-top-section elementor-element elementor-element-075bd82 elementor-section-stretched elementor-section-boxed elementor-section-height-default elementor-section-height-default\" data-id=\"075bd82\" data-element_type=\"section\" data-settings=\"{&quot;stretch_section&quot;:&quot;section-stretched&quot;,&quot;background_background&quot;:&quot;classic&quot;}\">\n\t\t\t\t\t\t<div class=\"elementor-container elementor-column-gap-default\">\n\t\t\t\t\t<div class=\"elementor-column elementor-col-50 elementor-top-column elementor-element elementor-element-8a0cd42\" data-id=\"8a0cd42\" data-element_type=\"column\">\n\t\t\t<div class=\"elementor-widget-wrap elementor-element-populated\">\n\t\t\t\t\t\t<div class=\"elementor-element elementor-element-7f484c2 white elementor-widget elementor-widget-text-editor\" data-id=\"7f484c2\" data-element_type=\"widget\" data-widget_type=\"text-editor.default\">\n\t\t\t\t<div class=\"elementor-widget-container\">\n\t\t\t\t\t\t\t<h2><strong>Soumettre une candidature<\/strong><\/h2>\t\t\t\t\t\t<\/div>\n\t\t\t\t<\/div>\n\t\t\t\t<div class=\"elementor-element elementor-element-38b6f5f elementor-widget elementor-widget-text-editor\" data-id=\"38b6f5f\" data-element_type=\"widget\" data-widget_type=\"text-editor.default\">\n\t\t\t\t<div class=\"elementor-widget-container\">\n\t\t\t\t\t\t\t<p>Les candidatures peuvent \u00eatre pr\u00e9sent\u00e9es \u00e0 tout moment pendant la p\u00e9riode de nomination et seront examin\u00e9es d\u00e8s que possible. Les candidatures doivent \u00eatre re\u00e7ues au plus tard le vendredi, 1er janvier 2027.<\/p>\t\t\t\t\t\t<\/div>\n\t\t\t\t<\/div>\n\t\t\t\t\t<\/div>\n\t\t<\/div>\n\t\t\t\t<div class=\"elementor-column elementor-col-50 elementor-top-column elementor-element elementor-element-8d40f89\" data-id=\"8d40f89\" data-element_type=\"column\">\n\t\t\t<div class=\"elementor-widget-wrap elementor-element-populated\">\n\t\t\t\t\t\t<div class=\"elementor-element elementor-element-9e43111 elementor-view-default elementor-position-top elementor-mobile-position-top elementor-widget elementor-widget-icon-box\" data-id=\"9e43111\" data-element_type=\"widget\" data-widget_type=\"icon-box.default\">\n\t\t\t\t<div class=\"elementor-widget-container\">\n\t\t\t\t\t<div class=\"elementor-icon-box-wrapper\">\n\n\t\t\t\t\t\t<div class=\"elementor-icon-box-icon\">\n\t\t\t\t<a href=\"https:\/\/www.aiacanada.com\/fr\/programmes\/communaute-des-jeunes-professionnels-du-secteur-de-lentretien-et-de-la-reparation-automobile\/prix-du-jeune-professionnel-de-lannee\/formulaire-de-mise-en-candidature\/\" class=\"elementor-icon elementor-animation-\" tabindex=\"-1\">\n\t\t\t\t<svg xmlns=\"http:\/\/www.w3.org\/2000\/svg\" id=\"Layer_1\" x=\"0\" y=\"0\" viewBox=\"0 0 200 200\" style=\"enable-background:new 0 0 200 200\" xml:space=\"preserve\"><path class=\"st0\" d=\"M-24.4 33.5h-6.4v-7.9c0-5.5-4.5-10-10-10h-2.6c-5.5 0-10 4.5-10 10v7.9H-135v-7.9c0-5.5-4.5-10-10-10h-2.6c-5.5 0-10 4.5-10 10v7.9h-6.8c-7.9 0-14.3 6.4-14.3 14.3v120c0 7.9 6.4 14.3 14.3 14.3h139.9c7.9 0 14.3-6.4 14.3-14.3v-120c.2-7.8-6.2-14.3-14.2-14.3zm-123.1 30.4h2.6c5.5 0 10-4.5 10-10V39.3h81.6v14.5c0 5.5 4.5 10 10 10h2.6c5.5 0 10-4.5 10-10V39.3h6.4c4.7 0 8.5 3.8 8.5 8.5v120c0 4.7-3.8 8.5-8.5 8.5h-139.9c-4.7 0-8.5-3.8-8.5-8.5v-120c0-4.7 3.8-8.5 8.5-8.5h6.8v14.5c0 5.6 4.4 10.1 9.9 10.1zm-4.1-27.5V25.6c0-2.3 1.9-4.2 4.2-4.2h2.6c2.3 0 4.2 1.9 4.2 4.2v28.2c0 2.3-1.9 4.2-4.2 4.2h-2.6c-2.3 0-4.2-1.9-4.2-4.2V36.4zm104.1 0V25.6c0-2.3 1.9-4.2 4.2-4.2h2.6c2.3 0 4.2 1.9 4.2 4.2v28.2c0 2.3-1.9 4.2-4.2 4.2h-2.6c-2.3 0-4.2-1.9-4.2-4.2V36.4z\"><\/path><path class=\"st0\" d=\"M-157.4 96.2c0 1.6 1.3 2.9 2.9 2.9h19.2c1.6 0 2.9-1.3 2.9-2.9V77.1c0-1.6-1.3-2.9-2.9-2.9h-19.2c-1.6 0-2.9 1.3-2.9 2.9v19.1zm19.1-16.2v13.4h-13.4V80h13.4zM-121.2 99.2h19.2c1.6 0 2.9-1.3 2.9-2.9V77.1c0-1.6-1.3-2.9-2.9-2.9h-19.2c-1.6 0-2.9 1.3-2.9 2.9v19.2c0 1.5 1.3 2.9 2.9 2.9zM-105 80v13.4h-13.4V80h13.4zM-87.9 99.2h19.2c1.6 0 2.9-1.3 2.9-2.9V77.1c0-1.6-1.3-2.9-2.9-2.9h-19.2c-1.6 0-2.9 1.3-2.9 2.9v19.2c-.1 1.5 1.2 2.9 2.9 2.9zM-71.7 80v13.4H-85V80h13.3zM-54.7 99.2h19.2c1.6 0 2.9-1.3 2.9-2.9V77.1c0-1.6-1.3-2.9-2.9-2.9h-19.2c-1.6 0-2.9 1.3-2.9 2.9v19.2c0 1.5 1.3 2.9 2.9 2.9zm3-5.9V80h13.4v13.4h-13.4zM-135.3 105h-19.2c-1.6 0-2.9 1.3-2.9 2.9v19.2c0 1.6 1.3 2.9 2.9 2.9h19.2c1.6 0 2.9-1.3 2.9-2.9v-19.2c0-1.6-1.3-2.9-2.9-2.9zm-3 5.8v13.4h-13.4v-13.4h13.4zM-121.2 130h19.2c1.6 0 2.9-1.3 2.9-2.9v-19.2c0-1.6-1.3-2.9-2.9-2.9h-19.2c-1.6 0-2.9 1.3-2.9 2.9v19.2c0 1.6 1.3 2.9 2.9 2.9zM-87.9 130h19.2c1.6 0 2.9-1.3 2.9-2.9v-19.2c0-1.6-1.3-2.9-2.9-2.9h-19.2c-1.6 0-2.9 1.3-2.9 2.9v19.2c-.1 1.6 1.2 2.9 2.9 2.9zm16.2-19.2v13.4H-85v-13.4h13.3zM-54.7 130h19.2c1.6 0 2.9-1.3 2.9-2.9v-19.2c0-1.6-1.3-2.9-2.9-2.9h-19.2c-1.6 0-2.9 1.3-2.9 2.9v19.2c0 1.6 1.3 2.9 2.9 2.9zm3-5.9v-13.4h13.4v13.4h-13.4zM-135.3 135.8h-19.2c-1.6 0-2.9 1.3-2.9 2.9v19.2c0 1.6 1.3 2.9 2.9 2.9h19.2c1.6 0 2.9-1.3 2.9-2.9v-19.2c0-1.6-1.3-2.9-2.9-2.9zm-3 5.8V155h-13.4v-13.4h13.4zM-121.2 160.8h19.2c1.6 0 2.9-1.3 2.9-2.9v-19.2c0-1.6-1.3-2.9-2.9-2.9h-19.2c-1.6 0-2.9 1.3-2.9 2.9v19.2c0 1.6 1.3 2.9 2.9 2.9zm16.2-19.2V155h-13.4v-13.4h13.4zM-87.9 160.8h19.2c1.6 0 2.9-1.3 2.9-2.9v-19.2c0-1.6-1.3-2.9-2.9-2.9h-19.2c-1.6 0-2.9 1.3-2.9 2.9v19.2c-.1 1.6 1.2 2.9 2.9 2.9zm16.2-19.2V155H-85v-13.4h13.3z\"><\/path><g><path class=\"st0\" d=\"M84.4 121.5c-.9 0-1.8-.4-2.5-1-.9-.9-1.2-2.3-.9-3.5l7.4-23.3c.2-.5.5-1 .9-1.4l82.5-82.5c1.3-1.3 3.6-1.3 4.9 0l15.9 15.9c1.4 1.4 1.4 3.6 0 4.9l-82.5 82.5c-.4.4-.9.7-1.4.9l-23.3 7.4c-.3 0-.6.1-1 .1zm10.5-24.9-5.1 16.1 16.1-5.1 79.4-79.4-11-11-79.4 79.4z\"><\/path><\/g><g><path class=\"st0\" d=\"M177.3 44.7c-.9 0-1.8-.3-2.5-1L159 27.8c-1.4-1.4-1.4-3.6 0-4.9 1.4-1.4 3.6-1.4 4.9 0l15.9 15.9c1.4 1.4 1.4 3.6 0 4.9-.7.7-1.6 1-2.5 1z\"><\/path><\/g><g><path class=\"st0\" d=\"M156.7 185.7h-130c-1.9 0-3.5-1.6-3.5-3.5V34c0-1.9 1.6-3.5 3.5-3.5h125.7c1.9 0 3.5 1.6 3.5 3.5s-1.6 3.5-3.5 3.5H30.1v141.2h123.1v-113c0-1.9 1.6-3.5 3.5-3.5s3.5 1.6 3.5 3.5v116.5c-.1 1.9-1.6 3.5-3.5 3.5z\"><\/path><\/g><g><path class=\"st0\" d=\"M113.7 72H49c-1.9 0-3.5-1.6-3.5-3.5S47 65 49 65h64.7c1.9 0 3.5 1.6 3.5 3.5s-1.6 3.5-3.5 3.5z\"><\/path><\/g><g><path class=\"st0\" d=\"M91.8 97.1H49c-1.9 0-3.5-1.6-3.5-3.5s1.6-3.5 3.5-3.5h42.9c1.9 0 3.5 1.6 3.5 3.5s-1.7 3.5-3.6 3.5z\"><\/path><\/g><g><path class=\"st0\" d=\"M82.9 122.1H49c-1.9 0-3.5-1.6-3.5-3.5s1.6-3.5 3.5-3.5h33.9c1.9 0 3.5 1.6 3.5 3.5s-1.6 3.5-3.5 3.5z\"><\/path><\/g><g><path class=\"st1\" d=\"m239.4 228.4 7.1 12.3M210.6 257l12.3 7.1M200 296.2h14.2M210.4 335.4l12.3-7.1M317.7 228.7l-7.1 12.3M346.3 257.4l-12.3 7.1M356.7 296.6h-14.2M346.1 335.8l-12.3-7.1M278.4 304.3v31.6M262.8 335.9l-3.2-43M297.1 292.9l-3 43M278.3 221.8c7 0 14 3.2 14 12.1 0 8.9-7 20.1-14 20.1s-14-11.2-14-20.1c0-8.9 7-12.1 14-12.1h0zM252.5 357.1v-11.4h51.7v11.4M242.7 378.4v-12.6H314v12.7M297.3 252.7l6.2 1.6c4 1.1 8.3 3.7 7.5 8l-3.8 21.4c-.8 4.3-4.2 12.3-11.3 8l-12.5-7.6M259.2 293c-5.6 1.3-9.1-5.5-9.7-9.2l-3.8-21.4c-.8-4.3 3.5-6.9 7.5-8l5.9-1.6M232.7 387.8H324M295.2 267.8l-1.9 6.7\"><\/path><\/g><g><path class=\"st0\" d=\"M-318.1 188.6c-46.1 0-83.7-37.5-83.7-83.7 0-46.1 37.5-83.7 83.7-83.7 46.1 0 83.7 37.5 83.7 83.7s-37.6 83.7-83.7 83.7zm0-162c-43.2 0-78.4 35.2-78.4 78.4s35.2 78.4 78.4 78.4 78.4-35.2 78.4-78.4c0-43.3-35.2-78.4-78.4-78.4z\"><\/path><\/g><g><path class=\"st0\" d=\"M-269.7 147.5h-19.4c-1.5 0-2.7-1.2-2.7-2.7v-31.2c0-10.5-5.2-10.5-7.2-10.5-4.8 0-6.8 3.8-7.5 5.4-.3.7-.5 2-.5 3.7v32.5c0 1.5-1.2 2.7-2.7 2.7h-19.4a2.732 2.732 0 0 1-2.7-2.7c0-.5.3-52.8 0-58.1 0-.7.2-1.4.7-2 .5-.5 1.2-.8 1.9-.8h19.4c1.5 0 2.7 1.2 2.7 2.7v1.1c3.3-2.8 7.9-5.1 14.8-5.1 15.4 0 24.9 11.1 24.9 28.9v33.4c.4 1.5-.8 2.7-2.3 2.7zm-16.7-5.3h14.1v-30.7c0-15-7.2-23.6-19.6-23.6-8.3 0-12.2 3.9-14.9 7.9-.3 1.1-1.3 1.9-2.5 1.9h-.1c-.9 0-1.8-.5-2.3-1.3-.4-.7-.5-1.4-.2-2.2v-5h-14c.1 10.5 0 43.2 0 52.9h14.1v-29.9c0-2.5.3-4.3.8-5.7 2.2-5.5 6.8-8.7 12.4-8.7 7.9 0 12.5 5.8 12.5 15.8v28.6zm-53.1 5.3h-19.4c-1.5 0-2.7-1.2-2.7-2.7V86.6c0-1.5 1.2-2.7 2.7-2.7h19.4c1.5 0 2.7 1.2 2.7 2.7v58.2c-.1 1.5-1.2 2.7-2.7 2.7zm-16.7-5.3h14.1V89.3h-14.1v52.9zm7-60.9h-.1c-7.7 0-13.4-5.3-13.4-12.7 0-7.4 5.7-12.7 13.6-12.7 7.8 0 13.3 5.2 13.5 12.7 0 7.4-5.7 12.7-13.6 12.7zm.1-20.1c-5 0-8.3 3-8.3 7.4s3.3 7.4 8.1 7.4h.1c5 0 8.3-3 8.3-7.4-.1-4.5-3.3-7.4-8.2-7.4z\"><\/path><\/g><\/svg>\t\t\t\t<\/a>\n\t\t\t<\/div>\n\t\t\t\n\t\t\t\t\t\t<div class=\"elementor-icon-box-content\">\n\n\t\t\t\t\t\t\t\t\t<h3 class=\"elementor-icon-box-title\">\n\t\t\t\t\t\t<a href=\"https:\/\/www.aiacanada.com\/fr\/programmes\/communaute-des-jeunes-professionnels-du-secteur-de-lentretien-et-de-la-reparation-automobile\/prix-du-jeune-professionnel-de-lannee\/formulaire-de-mise-en-candidature\/\" >\n\t\t\t\t\t\t\tFormulaire de mise en candidature\t\t\t\t\t\t<\/a>\n\t\t\t\t\t<\/h3>\n\t\t\t\t\n\t\t\t\t\n\t\t\t<\/div>\n\t\t\t\n\t\t<\/div>\n\t\t\t\t<\/div>\n\t\t\t\t<\/div>\n\t\t\t\t\t<\/div>\n\t\t<\/div>\n\t\t\t\t\t<\/div>\n\t\t<\/section>\n\t\t\t\t<section class=\"elementor-section elementor-top-section elementor-element elementor-element-c08f26d elementor-section-boxed elementor-section-height-default elementor-section-height-default\" data-id=\"c08f26d\" data-element_type=\"section\">\n\t\t\t\t\t\t<div class=\"elementor-container elementor-column-gap-default\">\n\t\t\t\t\t<div class=\"elementor-column elementor-col-100 elementor-top-column elementor-element elementor-element-3f41cc8\" data-id=\"3f41cc8\" data-element_type=\"column\">\n\t\t\t<div class=\"elementor-widget-wrap elementor-element-populated\">\n\t\t\t\t\t\t<section class=\"elementor-section elementor-inner-section elementor-element elementor-element-f5b5341 elementor-section-boxed elementor-section-height-default elementor-section-height-default\" data-id=\"f5b5341\" data-element_type=\"section\">\n\t\t\t\t\t\t<div class=\"elementor-container elementor-column-gap-wider\">\n\t\t\t\t\t<div class=\"elementor-column elementor-col-100 elementor-inner-column elementor-element elementor-element-820e916\" data-id=\"820e916\" data-element_type=\"column\">\n\t\t\t<div class=\"elementor-widget-wrap elementor-element-populated\">\n\t\t\t\t\t\t<div class=\"elementor-element elementor-element-daa85f9 elementor-widget elementor-widget-text-editor\" data-id=\"daa85f9\" data-element_type=\"widget\" data-widget_type=\"text-editor.default\">\n\t\t\t\t<div class=\"elementor-widget-container\">\n\t\t\t\t\t\t\t<h2><strong>Processus de s\u00e9lection<\/strong><\/h2><p>Le sous-comit\u00e9 des anciens du comit\u00e9 des JPSERA \u00e9value toutes les candidatures et soumet son choix pour approbation par le comit\u00e9 des JPSERA de l\u2019AIA Canada.\u00a0 La d\u00e9cision finale concernant le prix du jeune dirigeant de l&#8217;ann\u00e9e 2027 sera prise au plus tard \u00e0 la fin du mois de janvier 2027.<\/p><p>Le r\u00e9cipiendaire et la personne qui a pr\u00e9sent\u00e9 la candidature sont avis\u00e9s au t\u00e9l\u00e9phone ou par courriel par la personne pr\u00e9sidant le comit\u00e9 des JPSERA. Les candidats qui ne sont pas s\u00e9lectionn\u00e9s seront consid\u00e9r\u00e9s pour l\u2019ann\u00e9e suivante.<\/p><h2><strong>Pr\u00e9sentation du prix<\/strong><\/h2><p>Les laur\u00e9ats recevront un troph\u00e9e grav\u00e9.<\/p><h2><strong>Contactez-nous<\/strong><\/h2><div>Shamsia Quraishi,<\/div><div>Courriel: <a href=\"mailto:shamsia.quraishi@aiacanada.com\">shamsia.quraishi@aiacanada.com<\/a><\/div><h2><strong>Anciens laur\u00e9ats du Prix du jeune professionnel de l\u2019ann\u00e9e<\/strong><\/h2><p>2026 Adam Malik, Turnkey Media Solutions<\/p><p>2025 Kari Hann, Specialty Sales &amp; Marketing Inc.<\/p><p>2024 Patrick Verriet, MANN+HUMMEL<\/p><p>2023 Brad Cochrane, NAPA Canada<\/p><p>2022 Graham Jeffery, Canadian Tire Corporation<\/p><p>2021 Kathryn Jones, Dorman Products<\/p><p>2020 Derek Suen, Dorman Products<\/p><p>2019 Paul Prochilo, Simplicity Car Care<\/p><p>2018 Shannon Spano, Wakefield Canada Inc.<\/p><p>2017 Jason Best, Spectra Premium Industries<\/p><p>2016 Keith Gordon, Delphi Products &amp; Service Solutions<\/p><p>2015 Michael Macaluso, CARSTAR Automotive<\/p><p>2014 Miguel Angers, Uni-Select<\/p><p>2013 Brad Morris, Grote Industries<\/p><p>2012 Linda Donnini, Uni-Select<\/p><p>2011 Jeff VandeSande, Bestbuy Distributors<\/p><p>2010 Eric Boutin, CARQUEST Canada<\/p><p>2009 Zara Wishloff, Warehouse Services Inc.<\/p><p>2008 David Vaughan, Eastern Automotive WarehousingSER<\/p>\t\t\t\t\t\t<\/div>\n\t\t\t\t<\/div>\n\t\t\t\t\t<\/div>\n\t\t<\/div>\n\t\t\t\t\t<\/div>\n\t\t<\/section>\n\t\t\t\t\t<\/div>\n\t\t<\/div>\n\t\t\t\t\t<\/div>\n\t\t<\/section>\n\t\t\t\t<\/div>\n\t\t","protected":false},"excerpt":{"rendered":"<p>Prix du jeune professionnel de l&#8217;ann\u00e9e Les candidatures pour le prix du Jeune professionnel de l\u2019ann\u00e9e sont d\u00e9sormais closes. L\u2019appel de candidatures pour l\u2019\u00e9dition 2027 sera lanc\u00e9 au cours de l\u2019ann\u00e9e 2026. La reconnaissance constitue un extraordinaire outil pour maintenir les employ\u00e9s en poste. Prendre le temps de manifester \u00e0 un jeune cadre de votre [&hellip;]<\/p>\n","protected":false},"author":11,"featured_media":0,"parent":17088,"menu_order":0,"comment_status":"closed","ping_status":"closed","template":"","meta":{"_acf_changed":false,"footnotes":""},"class_list":["post-5737","page","type-page","status-publish","hentry"],"acf":[],"aioseo_notices":[],"wpml_current_locale":"fr_CA","wpml_translations":[],"_links":{"self":[{"href":"https:\/\/www.aiacanada.com\/fr\/wp-json\/wp\/v2\/pages\/5737","targetHints":{"allow":["GET"]}}],"collection":[{"href":"https:\/\/www.aiacanada.com\/fr\/wp-json\/wp\/v2\/pages"}],"about":[{"href":"https:\/\/www.aiacanada.com\/fr\/wp-json\/wp\/v2\/types\/page"}],"author":[{"embeddable":true,"href":"https:\/\/www.aiacanada.com\/fr\/wp-json\/wp\/v2\/users\/11"}],"replies":[{"embeddable":true,"href":"https:\/\/www.aiacanada.com\/fr\/wp-json\/wp\/v2\/comments?post=5737"}],"version-history":[{"count":0,"href":"https:\/\/www.aiacanada.com\/fr\/wp-json\/wp\/v2\/pages\/5737\/revisions"}],"up":[{"embeddable":true,"href":"https:\/\/www.aiacanada.com\/fr\/wp-json\/wp\/v2\/pages\/17088"}],"wp:attachment":[{"href":"https:\/\/www.aiacanada.com\/fr\/wp-json\/wp\/v2\/media?parent=5737"}],"curies":[{"name":"wp","href":"https:\/\/api.w.org\/{rel}","templated":true}]}}