{"id":7135,"date":"2022-11-17T11:50:42","date_gmt":"2022-11-17T16:50:42","guid":{"rendered":"https:\/\/aiacanada.com\/register\/"},"modified":"2022-11-28T14:33:13","modified_gmt":"2022-11-28T19:33:13","slug":"inscription","status":"publish","type":"page","link":"https:\/\/www.aiacanada.com\/fr\/inscription\/","title":{"rendered":"Inscription"},"content":{"rendered":"\t\t<div data-elementor-type=\"wp-page\" data-elementor-id=\"7135\" class=\"elementor elementor-7135 elementor-7130\" data-elementor-post-type=\"page\">\n\t\t\t\t\t\t<section class=\"elementor-section elementor-top-section elementor-element elementor-element-04aab46 elementor-section-boxed elementor-section-height-default elementor-section-height-default\" data-id=\"04aab46\" data-element_type=\"section\">\n\t\t\t\t\t\t<div class=\"elementor-container elementor-column-gap-default\">\n\t\t\t\t\t<div class=\"elementor-column elementor-col-100 elementor-top-column elementor-element elementor-element-9c7c6b9\" data-id=\"9c7c6b9\" data-element_type=\"column\">\n\t\t\t<div class=\"elementor-widget-wrap elementor-element-populated\">\n\t\t\t\t\t\t<div class=\"elementor-element elementor-element-012cd98 elementor-widget elementor-widget-heading\" data-id=\"012cd98\" data-element_type=\"widget\" data-widget_type=\"heading.default\">\n\t\t\t\t<div class=\"elementor-widget-container\">\n\t\t\t<h2 class=\"elementor-heading-title elementor-size-default\">Inscription<\/h2>\t\t<\/div>\n\t\t\t\t<\/div>\n\t\t\t\t<div class=\"elementor-element elementor-element-f39bf6b elementor-widget elementor-widget-shortcode\" data-id=\"f39bf6b\" data-element_type=\"widget\" data-widget_type=\"shortcode.default\">\n\t\t\t\t<div class=\"elementor-widget-container\">\n\t\t\t\t\t<div class=\"elementor-shortcode\"><div class=\"woocommerce-notices-wrapper\"><\/div>          \n            <form method=\"post\" class=\"woocommerce-form woocommerce-form-register register\"  >\n\n                \t\t\t\t<p class=\"form-row form-row-first\">\n\t\t\t\t\t<label for=\"reg_first_name\">Pr\u00e9nom <span class=\"required\">*<\/span><\/label>\n\t\t\t\t\t<input type=\"text\" class=\"input-text\" name=\"first_name\" id=\"reg_first_name\" value=\"\" \/>\n\t\t\t\t<\/p>\n\t\t\t\n\t\t\t\t<p class=\"form-row form-row-last\">\n\t\t\t\t\t<label for=\"reg_last_name\">Nom <span class=\"required\">*<\/span><\/label>\n\t\t\t\t\t<input type=\"text\" class=\"input-text\" name=\"last_name\" id=\"reg_last_name\" value=\"\" \/>\n\t\t\t\t<\/p>\n\t\t\t\n\t\t\t\t<div class=\"clear\"><\/div>\n\t\t\t\n\t\t\t\t\n                \n                <p class=\"woocommerce-form-row woocommerce-form-row--wide form-row form-row-wide\">\n                    <label for=\"reg_email\">Adresse courriel <span class=\"required\">*<\/span><\/label>\n                    <input type=\"email\" class=\"woocommerce-Input woocommerce-Input--text input-text\" name=\"email\" id=\"reg_email\" autocomplete=\"email\" value=\"\" \/>                <\/p>\n\n                \n                <p>Un mot de passe sera envoy\u00e9 \u00e0 votre courriel.<\/p>\n\n                \n                <wc-order-attribution-inputs><\/wc-order-attribution-inputs><div class=\"woocommerce-privacy-policy-text\"><p>Vos donn\u00e9es personnelles seront utilis\u00e9es pour faciliter votre exp\u00e9rience sur ce site, pour g\u00e9rer l'acc\u00e8s \u00e0 votre compte et \u00e0 d'autres fins d\u00e9crites dans notre <a href=\"https:\/\/www.aiacanada.com\/privacy-policy\/\" class=\"woocommerce-privacy-policy-link\" target=\"_blank\">politique de confidentialit\u00e9<\/a>.<\/p>\n<\/div>\n                <p class=\"woocommerce-FormRow form-row\">\n                    <input type=\"hidden\" id=\"woocommerce-register-nonce\" name=\"woocommerce-register-nonce\" value=\"bcf566e45f\" \/><input type=\"hidden\" name=\"_wp_http_referer\" value=\"\/fr\/wp-json\/wp\/v2\/pages\/7135\" \/>                    <button type=\"submit\" class=\"woocommerce-Button woocommerce-button button woocommerce-form-register__submit\" name=\"register\" value=\"Inscription\">Inscription<\/button>\n                <\/p>\n\n                \n            <\/form>\n          \n            <\/div>\n\t\t\t\t<\/div>\n\t\t\t\t<\/div>\n\t\t\t\t<div class=\"elementor-element elementor-element-1f5add9 elementor-widget elementor-widget-text-editor\" data-id=\"1f5add9\" data-element_type=\"widget\" data-widget_type=\"text-editor.default\">\n\t\t\t\t<div class=\"elementor-widget-container\">\n\t\t\t\t\t\t\t<p><a href=\"\/fr\/acces-membre\/\">Acc\u00e8s Membre<\/a><\/p>\t\t\t\t\t\t<\/div>\n\t\t\t\t<\/div>\n\t\t\t\t<div class=\"elementor-element elementor-element-26072f6 elementor-widget elementor-widget-text-editor\" data-id=\"26072f6\" data-element_type=\"widget\" data-widget_type=\"text-editor.default\">\n\t\t\t\t<div class=\"elementor-widget-container\">\n\t\t\t\t\t\t\t<p><a href=\"\/fr\/mon-compte\/mot-de-passe-oublie\/\">Avez-vous oubli\u00e9 votre mot de passe?<\/a><\/p>\t\t\t\t\t\t<\/div>\n\t\t\t\t<\/div>\n\t\t\t\t\t<\/div>\n\t\t<\/div>\n\t\t\t\t\t<\/div>\n\t\t<\/section>\n\t\t\t\t<\/div>\n\t\t","protected":false},"excerpt":{"rendered":"<p>Inscription Acc\u00e8s Membre Avez-vous oubli\u00e9 votre mot de passe?<\/p>\n","protected":false},"author":11,"featured_media":0,"parent":0,"menu_order":0,"comment_status":"closed","ping_status":"closed","template":"","meta":{"_acf_changed":false,"footnotes":""},"class_list":["post-7135","page","type-page","status-publish","hentry"],"acf":[],"aioseo_notices":[],"wpml_current_locale":"fr_CA","wpml_translations":[],"_links":{"self":[{"href":"https:\/\/www.aiacanada.com\/fr\/wp-json\/wp\/v2\/pages\/7135","targetHints":{"allow":["GET"]}}],"collection":[{"href":"https:\/\/www.aiacanada.com\/fr\/wp-json\/wp\/v2\/pages"}],"about":[{"href":"https:\/\/www.aiacanada.com\/fr\/wp-json\/wp\/v2\/types\/page"}],"author":[{"embeddable":true,"href":"https:\/\/www.aiacanada.com\/fr\/wp-json\/wp\/v2\/users\/11"}],"replies":[{"embeddable":true,"href":"https:\/\/www.aiacanada.com\/fr\/wp-json\/wp\/v2\/comments?post=7135"}],"version-history":[{"count":0,"href":"https:\/\/www.aiacanada.com\/fr\/wp-json\/wp\/v2\/pages\/7135\/revisions"}],"wp:attachment":[{"href":"https:\/\/www.aiacanada.com\/fr\/wp-json\/wp\/v2\/media?parent=7135"}],"curies":[{"name":"wp","href":"https:\/\/api.w.org\/{rel}","templated":true}]}}