{"id":7700,"date":"2022-12-01T08:34:03","date_gmt":"2022-12-01T13:34:03","guid":{"rendered":"https:\/\/aiacanada.com\/?page_id=7700"},"modified":"2023-11-28T21:34:16","modified_gmt":"2023-11-29T02:34:16","slug":"joindre","status":"publish","type":"page","link":"https:\/\/www.aiacanada.com\/fr\/programmes\/communaute-des-jeunes-professionnels-du-secteur-de-lentretien-et-de-la-reparation-automobile\/joindre\/","title":{"rendered":"Joignez-vous \u00e0 la communaut\u00e9 des Jeunes professionnels du secteur de l\u2019entretien et de la r\u00e9paration automobile"},"content":{"rendered":"\t\t<div data-elementor-type=\"wp-page\" data-elementor-id=\"7700\" class=\"elementor elementor-7700 elementor-7699\" data-elementor-post-type=\"page\">\n\t\t\t\t\t\t<section class=\"elementor-section elementor-top-section elementor-element elementor-element-69119fe elementor-section-boxed elementor-section-height-default elementor-section-height-default\" data-id=\"69119fe\" data-element_type=\"section\">\n\t\t\t\t\t\t<div class=\"elementor-container elementor-column-gap-default\">\n\t\t\t\t\t<div class=\"elementor-column elementor-col-100 elementor-top-column elementor-element elementor-element-35bb2c2\" data-id=\"35bb2c2\" data-element_type=\"column\">\n\t\t\t<div class=\"elementor-widget-wrap elementor-element-populated\">\n\t\t\t\t\t\t<div class=\"elementor-element elementor-element-d68f163 elementor-widget elementor-widget-heading\" data-id=\"d68f163\" data-element_type=\"widget\" data-widget_type=\"heading.default\">\n\t\t\t\t<div class=\"elementor-widget-container\">\n\t\t\t<h2 class=\"elementor-heading-title elementor-size-default\">Joignez-vous \u00e0 la communaut\u00e9 des Jeunes professionnels du secteur de l\u2019entretien et de la r\u00e9paration automobile<\/h2>\t\t<\/div>\n\t\t\t\t<\/div>\n\t\t\t\t<div class=\"elementor-element elementor-element-a61c270 elementor-widget elementor-widget-image\" data-id=\"a61c270\" data-element_type=\"widget\" data-widget_type=\"image.default\">\n\t\t\t\t<div class=\"elementor-widget-container\">\n\t\t\t\t\t\t\t\t\t\t\t\t\t<img fetchpriority=\"high\" decoding=\"async\" width=\"1536\" height=\"986\" src=\"https:\/\/www.aiacanada.com\/wp-content\/uploads\/2022\/11\/30780-1536x986.jpg\" class=\"attachment-1536x1536 size-1536x1536 wp-image-7267\" alt=\"\" srcset=\"https:\/\/www.aiacanada.com\/wp-content\/uploads\/2022\/11\/30780-1536x986.jpg 1536w, https:\/\/www.aiacanada.com\/wp-content\/uploads\/2022\/11\/30780-300x193.jpg 300w, https:\/\/www.aiacanada.com\/wp-content\/uploads\/2022\/11\/30780-1024x657.jpg 1024w, https:\/\/www.aiacanada.com\/wp-content\/uploads\/2022\/11\/30780-768x493.jpg 768w, https:\/\/www.aiacanada.com\/wp-content\/uploads\/2022\/11\/30780-2048x1314.jpg 2048w, https:\/\/www.aiacanada.com\/wp-content\/uploads\/2022\/11\/30780-600x385.jpg 600w\" sizes=\"(max-width: 1536px) 100vw, 1536px\" \/>\t\t\t\t\t\t\t\t\t\t\t\t\t<\/div>\n\t\t\t\t<\/div>\n\t\t\t\t<div class=\"elementor-element elementor-element-e85af96 elementor-widget elementor-widget-text-editor\" data-id=\"e85af96\" data-element_type=\"widget\" data-widget_type=\"text-editor.default\">\n\t\t\t\t<div class=\"elementor-widget-container\">\n\t\t\t\t\t\t\t<p><span data-contrast=\"none\">La <a href=\"https:\/\/www.aiacanada.com\/fr\/programmes\/communaute-des-jeunes-professionnels-du-secteur-de-lentretien-et-de-la-reparation-automobile\/\">communaut\u00e9 des Jeunes professionnels du secteur de l&#8217;entretien et de la r\u00e9paration automobile (JPSERA)<\/a> vise \u00e0 \u00eatre la voix et la ressource de confiance qui orchestrera l&#8217;innovation dans le secteur de l&#8217;entretien et de la r\u00e9paration automobile du Canada pour la prochaine g\u00e9n\u00e9ration de professionnels <\/span><span data-contrast=\"auto\">de l&#8217;entretien et de la r\u00e9paration automobile<\/span><span data-contrast=\"none\">. Elle soutient votre croissance professionnelle en \u00e9largissant votre r\u00e9seau et en vous aidant \u00e0 devenir un leader d&#8217;opinion dans l&#8217;industrie de l&#8217;entretien et de la r\u00e9paration automobile au Canada.<\/span><span data-ccp-props=\"{&quot;201341983&quot;:0,&quot;335551550&quot;:6,&quot;335551620&quot;:6,&quot;335559740&quot;:240}\">\u00a0<\/span><\/p><p><span data-contrast=\"none\">Les jeunes professionnels de l&#8217;entretien et de la r\u00e9paration automobile<\/span><span data-contrast=\"none\">,<\/span><span data-contrast=\"none\"> \u00e2g\u00e9s de moins de 45 ans, travaillant dans des entreprises membres en r\u00e8gle de l&#8217;AIA Canada et qui sont actuellement de jeunes cadres, gestionnaires ou en voie d&#8217;occuper des postes de direction au sein de leur entreprise peuvent se joindre \u00e0 la communaut\u00e9 des JPSERA \u00e0 longueur d\u2019ann\u00e9e.<\/span><span data-ccp-props=\"{&quot;201341983&quot;:0,&quot;335551550&quot;:6,&quot;335551620&quot;:6,&quot;335559740&quot;:240}\">\u00a0<\/span><\/p><p><span data-contrast=\"none\">Les demandes sont accept\u00e9es via le formulaire en ligne ci-<\/span><span data-contrast=\"auto\">dessous. \u00c0 la suite de quoi, un repr\u00e9sentant de l&#8217;AIA Canada vous contactera pour obtenir plus d&#8217;informations sur votre cheminement et aspirations professionnels avant de confirmer votre adh\u00e9sion \u00e0 la communaut\u00e9<\/span><span data-contrast=\"none\">.<\/span><span data-ccp-props=\"{&quot;201341983&quot;:0,&quot;335551550&quot;:6,&quot;335551620&quot;:6,&quot;335559740&quot;:240}\">\u00a0<\/span><\/p>\t\t\t\t\t\t<\/div>\n\t\t\t\t<\/div>\n\t\t\t\t\t<\/div>\n\t\t<\/div>\n\t\t\t\t\t<\/div>\n\t\t<\/section>\n\t\t\t\t<section class=\"elementor-section elementor-top-section elementor-element elementor-element-e5378bf elementor-section-stretched elementor-section-boxed elementor-section-height-default elementor-section-height-default\" data-id=\"e5378bf\" data-element_type=\"section\" data-settings=\"{&quot;stretch_section&quot;:&quot;section-stretched&quot;}\">\n\t\t\t\t\t\t<div class=\"elementor-container elementor-column-gap-extended\">\n\t\t\t\t\t<div class=\"elementor-column elementor-col-100 elementor-top-column elementor-element elementor-element-5571eee\" data-id=\"5571eee\" data-element_type=\"column\">\n\t\t\t<div class=\"elementor-widget-wrap elementor-element-populated\">\n\t\t\t\t\t\t<div class=\"elementor-element elementor-element-9a94b83 elementor-widget elementor-widget-text-editor\" data-id=\"9a94b83\" data-element_type=\"widget\" data-widget_type=\"text-editor.default\">\n\t\t\t\t<div class=\"elementor-widget-container\">\n\t\t\t\t\t\t\t<h3><strong>Appliquez maintenant<\/strong><\/h3><p>Compl\u00e9tez le formulaire de candidature ci-dessous. Veuillez noter que tous les champs sont requis.<\/p>\t\t\t\t\t\t<\/div>\n\t\t\t\t<\/div>\n\t\t\t\t<div class=\"elementor-element elementor-element-7fa7635 elementor-widget elementor-widget-html\" data-id=\"7fa7635\" data-element_type=\"widget\" data-widget_type=\"html.default\">\n\t\t\t\t<div class=\"elementor-widget-container\">\n\t\t\t<form name='insightly_form' data-form-id='11140' action='https:\/\/chloe.insightly.services\/Forms\/MTEyNzg3MS0xMTE0MC0yMDEwMDU4' method='post'><label for='FIRST_NAME'>Pr\u00e9nom: <\/label><input id='insightly_FIRST_NAME' name='FIRST_NAME' type='text' required><br\/><label for='LAST_NAME'>Nom: <\/label><input id='insightly_LAST_NAME' name='LAST_NAME' type='text' required><br\/><label for='EMAIL_ADDRESS'>Adresse courriel: <\/label><input id='insightly_EMAIL_ADDRESS' name='EMAIL_ADDRESS' type='text' required><br\/><label for='TITLE'>Titre du poste: <\/label><input id='insightly_TITLE' name='TITLE' type='text' required><br\/><label for='Date_of_birth__c'>Date de naissance: <\/label><input id='insightly_DATE_OF_BIRTH' name='DATE_OF_BIRTH' type='date' value='' required><br\/><label for='ORGANISATION_NAME'>Company: <\/label><input id='insightly_COMPANY' name='COMPANY' type='text' required><br\/><label for='ADDRESS_STREET'>Adresse: <\/label><input id='insightly_ADDRESS' name='ADDRESS' type='text' required><br\/><label for='ADDRESS_CITY'>Ville: <\/label><input id='insightly_CITY' name='CITY' type='text' required><br\/><label for='ADDRESS_STATE'>Province: <\/label><input id='insightly_PROVINCE' name='PROVINCE' type='text' required><br\/><label for='ADDRESS_POSTCODE'>Code postal: <\/label><input id='insightly_POSTAL_CODE' name='POSTAL_CODE' type='text' required><br\/><label for='PHONE'>T\u00e9l\u00e9phone: <\/label><input id='insightly_PHONE' name='PHONE' type='text' required><br\/><label for='MOBILE'>Cellulaire: <\/label><input id='insightly_MOBILE' name='MOBILE' type='text' ><br\/><div style='position:absolute; left:-9999px; top: -9999px;'><label for='insightly_additional_field'>Comments<\/label><input type='text' id='insightly_additional_field' name='insightly_additional_field'><\/div><p><\/p><input type='submit' value=Soumettre><\/form>\t\t<\/div>\n\t\t\t\t<\/div>\n\t\t\t\t\t<\/div>\n\t\t<\/div>\n\t\t\t\t\t<\/div>\n\t\t<\/section>\n\t\t\t\t<\/div>\n\t\t","protected":false},"excerpt":{"rendered":"<p>Joignez-vous \u00e0 la communaut\u00e9 des Jeunes professionnels du secteur de l\u2019entretien et de la r\u00e9paration automobile La communaut\u00e9 des Jeunes professionnels du secteur de l&#8217;entretien et de la r\u00e9paration automobile (JPSERA) vise \u00e0 \u00eatre la voix et la ressource de confiance qui orchestrera l&#8217;innovation dans le secteur de l&#8217;entretien et de la r\u00e9paration automobile du [&hellip;]<\/p>\n","protected":false},"author":14,"featured_media":0,"parent":17088,"menu_order":0,"comment_status":"closed","ping_status":"closed","template":"","meta":{"_acf_changed":false,"footnotes":""},"class_list":["post-7700","page","type-page","status-publish","hentry"],"acf":[],"aioseo_notices":[],"wpml_current_locale":"fr_CA","wpml_translations":[],"_links":{"self":[{"href":"https:\/\/www.aiacanada.com\/fr\/wp-json\/wp\/v2\/pages\/7700","targetHints":{"allow":["GET"]}}],"collection":[{"href":"https:\/\/www.aiacanada.com\/fr\/wp-json\/wp\/v2\/pages"}],"about":[{"href":"https:\/\/www.aiacanada.com\/fr\/wp-json\/wp\/v2\/types\/page"}],"author":[{"embeddable":true,"href":"https:\/\/www.aiacanada.com\/fr\/wp-json\/wp\/v2\/users\/14"}],"replies":[{"embeddable":true,"href":"https:\/\/www.aiacanada.com\/fr\/wp-json\/wp\/v2\/comments?post=7700"}],"version-history":[{"count":0,"href":"https:\/\/www.aiacanada.com\/fr\/wp-json\/wp\/v2\/pages\/7700\/revisions"}],"up":[{"embeddable":true,"href":"https:\/\/www.aiacanada.com\/fr\/wp-json\/wp\/v2\/pages\/17088"}],"wp:attachment":[{"href":"https:\/\/www.aiacanada.com\/fr\/wp-json\/wp\/v2\/media?parent=7700"}],"curies":[{"name":"wp","href":"https:\/\/api.w.org\/{rel}","templated":true}]}}