{"id":14946,"date":"2025-02-12T09:14:33","date_gmt":"2025-02-12T14:14:33","guid":{"rendered":"https:\/\/www.aiacanada.com\/?post_type=product&#038;p=14946"},"modified":"2025-02-12T13:27:35","modified_gmt":"2025-02-12T18:27:35","slug":"le-secteur-de-lentretien-et-de-la-reparation-automobile-du-canada-en-chiffres","status":"publish","type":"product","link":"https:\/\/www.aiacanada.com\/fr\/produit\/le-secteur-de-lentretien-et-de-la-reparation-automobile-du-canada-en-chiffres\/","title":{"rendered":"Le secteur de l\u2019entretien et de la r\u00e9paration automobile du Canada en chiffres"},"content":{"rendered":"<p><span class=\"TextRun SCXW96715392 BCX0\" lang=\"FR\" xml:lang=\"FR\" data-contrast=\"auto\"><span class=\"NormalTextRun SCXW96715392 BCX0\">L\u2019industrie de l\u2019entretien et de la r\u00e9paration automobile ajoute 37,8 milliards de dollars \u00e0 l\u2019\u00e9conomie canadienne et emploie plus de 480\u2009000 personnes. Les donn\u00e9es fournies dans cette infographie donnent des chiffres concrets sur la valeur que le secteur canadien de l\u2019entretien et de la r\u00e9paration automobile apporte au pays.<\/span><\/span><\/p>\n<p>Mis \u00e0 jour le 14 f\u00e9vrier 2025<\/p>\n","protected":false},"excerpt":{"rendered":"<p>L\u2019industrie de l\u2019entretien et de la r\u00e9paration automobile ajoute 37,8 milliards de dollars \u00e0 l\u2019\u00e9conomie canadienne et emploie plus de 480\u2009000 personnes. Les donn\u00e9es fournies dans cette infographie donnent des chiffres concrets sur la valeur que le secteur canadien de l\u2019entretien et de la r\u00e9paration automobile apporte au pays. Mis \u00e0 jour le 14 f\u00e9vrier [&hellip;]<\/p>\n","protected":false},"featured_media":14945,"template":"","meta":{"_acf_changed":false},"product_brand":[],"product_cat":[103,106],"product_tag":[],"class_list":{"0":"post-14946","1":"product","2":"type-product","3":"status-publish","4":"has-post-thumbnail","6":"product_cat-outils-de-lindustrie","7":"product_cat-tendances-et-portrait-de-lindustrie","9":"first","10":"instock","11":"downloadable","12":"virtual","13":"sold-individually","14":"taxable","15":"product-type-simple"},"acf":[],"aioseo_notices":[],"wpml_current_locale":"fr_CA","wpml_translations":[],"_links":{"self":[{"href":"https:\/\/www.aiacanada.com\/fr\/wp-json\/wp\/v2\/product\/14946","targetHints":{"allow":["GET"]}}],"collection":[{"href":"https:\/\/www.aiacanada.com\/fr\/wp-json\/wp\/v2\/product"}],"about":[{"href":"https:\/\/www.aiacanada.com\/fr\/wp-json\/wp\/v2\/types\/product"}],"wp:featuredmedia":[{"embeddable":true,"href":"https:\/\/www.aiacanada.com\/fr\/wp-json\/wp\/v2\/media\/14945"}],"wp:attachment":[{"href":"https:\/\/www.aiacanada.com\/fr\/wp-json\/wp\/v2\/media?parent=14946"}],"wp:term":[{"taxonomy":"product_brand","embeddable":true,"href":"https:\/\/www.aiacanada.com\/fr\/wp-json\/wp\/v2\/product_brand?post=14946"},{"taxonomy":"product_cat","embeddable":true,"href":"https:\/\/www.aiacanada.com\/fr\/wp-json\/wp\/v2\/product_cat?post=14946"},{"taxonomy":"product_tag","embeddable":true,"href":"https:\/\/www.aiacanada.com\/fr\/wp-json\/wp\/v2\/product_tag?post=14946"}],"curies":[{"name":"wp","href":"https:\/\/api.w.org\/{rel}","templated":true}]}}