{"id":14999,"date":"2023-03-21T11:12:30","date_gmt":"2023-03-21T15:12:30","guid":{"rendered":"https:\/\/www.aiacanada.com\/?post_type=product&#038;p=14999"},"modified":"2023-05-09T15:15:51","modified_gmt":"2023-05-09T19:15:51","slug":"secteurs-de-la-mecanique-et-de-la-carrosserie-apercu-du-sondage-sur-les-salaires","status":"publish","type":"product","link":"https:\/\/www.aiacanada.com\/fr\/produit\/secteurs-de-la-mecanique-et-de-la-carrosserie-apercu-du-sondage-sur-les-salaires\/","title":{"rendered":"Secteurs de la m\u00e9canique et de la carrosserie : aper\u00e7u du sondage sur les salaires"},"content":{"rendered":"<p>Attirer et retenir du personnel qualifi\u00e9 est essentiel au succ\u00e8s de votre entreprise. Ce rapport vous aidera \u00e0 prendre des d\u00e9cisions \u00e9clair\u00e9es sur la r\u00e9mun\u00e9ration afin d\u2019aider votre entreprise \u00e0 rester concurrentielle et attrayante pour les employ\u00e9s actuels et futurs.<\/p>\n<p>Cet aper\u00e7u du rapport contient des informations sur les salaires annuels pour neuf descriptions de poste diff\u00e9rentes.<\/p>\n","protected":false},"excerpt":{"rendered":"<p>Attirer et retenir du personnel qualifi\u00e9 est essentiel au succ\u00e8s de votre entreprise. Ce rapport vous aidera \u00e0 prendre des d\u00e9cisions \u00e9clair\u00e9es sur la r\u00e9mun\u00e9ration afin d\u2019aider votre entreprise \u00e0 rester concurrentielle et attrayante pour les employ\u00e9s actuels et futurs. Cet aper\u00e7u du rapport contient des informations sur les salaires annuels pour neuf descriptions de [&hellip;]<\/p>\n","protected":false},"featured_media":14996,"template":"","meta":{"_acf_changed":false},"product_brand":[],"product_cat":[106],"product_tag":[],"class_list":{"0":"post-14999","1":"product","2":"type-product","3":"status-publish","4":"has-post-thumbnail","6":"product_cat-tendances-et-portrait-de-lindustrie","8":"first","9":"instock","10":"downloadable","11":"virtual","12":"sold-individually","13":"taxable","14":"product-type-simple"},"acf":[],"aioseo_notices":[],"wpml_current_locale":"fr_CA","wpml_translations":[],"_links":{"self":[{"href":"https:\/\/www.aiacanada.com\/fr\/wp-json\/wp\/v2\/product\/14999","targetHints":{"allow":["GET"]}}],"collection":[{"href":"https:\/\/www.aiacanada.com\/fr\/wp-json\/wp\/v2\/product"}],"about":[{"href":"https:\/\/www.aiacanada.com\/fr\/wp-json\/wp\/v2\/types\/product"}],"wp:featuredmedia":[{"embeddable":true,"href":"https:\/\/www.aiacanada.com\/fr\/wp-json\/wp\/v2\/media\/14996"}],"wp:attachment":[{"href":"https:\/\/www.aiacanada.com\/fr\/wp-json\/wp\/v2\/media?parent=14999"}],"wp:term":[{"taxonomy":"product_brand","embeddable":true,"href":"https:\/\/www.aiacanada.com\/fr\/wp-json\/wp\/v2\/product_brand?post=14999"},{"taxonomy":"product_cat","embeddable":true,"href":"https:\/\/www.aiacanada.com\/fr\/wp-json\/wp\/v2\/product_cat?post=14999"},{"taxonomy":"product_tag","embeddable":true,"href":"https:\/\/www.aiacanada.com\/fr\/wp-json\/wp\/v2\/product_tag?post=14999"}],"curies":[{"name":"wp","href":"https:\/\/api.w.org\/{rel}","templated":true}]}}