{"id":15408,"date":"2023-04-12T14:29:45","date_gmt":"2023-04-12T18:29:45","guid":{"rendered":"https:\/\/www.aiacanada.com\/?post_type=product&#038;p=15408"},"modified":"2023-04-13T09:22:29","modified_gmt":"2023-04-13T13:22:29","slug":"sensibilisation-propriete-et-partage-des-donnees-attitude-des-proprietaires-envers-les-donnees-de-leurs-vehicules","status":"publish","type":"product","link":"https:\/\/www.aiacanada.com\/fr\/produit\/sensibilisation-propriete-et-partage-des-donnees-attitude-des-proprietaires-envers-les-donnees-de-leurs-vehicules\/","title":{"rendered":"Sensibilisation, propri\u00e9t\u00e9 et partage des donn\u00e9es : Attitude des propri\u00e9taires envers les donn\u00e9es de leurs v\u00e9hicules"},"content":{"rendered":"<p><span data-contrast=\"auto\">Devenant de plus en plus <\/span><span data-contrast=\"auto\">sophistiqu\u00e9es, l<\/span><span data-contrast=\"auto\">es v\u00e9hicules ressemblent \u00e0 des ordinateurs sur roues. Celles-ci recueillent des donn\u00e9es sur les utilisateurs, tout comme un ordinateur, une tablette ou un t\u00e9l\u00e9phone intelligent. Les v\u00e9hicules modernes amassent davantage de donn\u00e9es sur la condition de l\u2019automobile et les personnes qui la conduisent<\/span><span data-contrast=\"auto\">.<\/span><span data-ccp-props=\"{&quot;201341983&quot;:0,&quot;335559739&quot;:200,&quot;335559740&quot;:276}\">\u00a0<\/span><\/p>\n<p><span data-contrast=\"auto\">Que savent les propri\u00e9taires canadiens sur la quantit\u00e9 et le type de donn\u00e9es produites par leurs v\u00e9hicules? Savent-ils qui a acc\u00e8s \u00e0 ces renseignements et qui les contr\u00f4le?\u00a0<\/span><span data-ccp-props=\"{&quot;201341983&quot;:0,&quot;335559739&quot;:200,&quot;335559740&quot;:276}\">\u00a0<\/span><\/p>\n<p><span data-contrast=\"auto\">Ce rapport s\u2019appuie sur un sondage effectu\u00e9 aupr\u00e8s des propri\u00e9taires. Il fait \u00e9tat de leurs attitudes et de leurs pr\u00e9f\u00e9rences \u00e0 l\u2019\u00e9gard des donn\u00e9es des v\u00e9hicules, comme\u202f:<\/span><span data-ccp-props=\"{&quot;201341983&quot;:0,&quot;335559739&quot;:200,&quot;335559740&quot;:276}\">\u00a0<\/span><\/p>\n<ul>\n<li data-leveltext=\"\u2022\" data-font=\"Sofia Pro\" data-listid=\"3\" data-list-defn-props=\"{&quot;335551671&quot;:3,&quot;335552541&quot;:1,&quot;335559684&quot;:-2,&quot;335559685&quot;:720,&quot;335559991&quot;:360,&quot;469769226&quot;:&quot;Sofia Pro&quot;,&quot;469769242&quot;:[8226],&quot;469777803&quot;:&quot;left&quot;,&quot;469777804&quot;:&quot;\u2022&quot;,&quot;469777815&quot;:&quot;hybridMultilevel&quot;}\" aria-setsize=\"-1\" data-aria-posinset=\"3\" data-aria-level=\"1\"><span data-contrast=\"auto\">selon eux, qui d\u00e9tient ces donn\u00e9es et devrait les d\u00e9tenir;<\/span><span data-ccp-props=\"{&quot;201341983&quot;:0,&quot;335559739&quot;:200,&quot;335559740&quot;:276}\">\u00a0<\/span><\/li>\n<li data-leveltext=\"\u2022\" data-font=\"Sofia Pro\" data-listid=\"3\" data-list-defn-props=\"{&quot;335551671&quot;:3,&quot;335552541&quot;:1,&quot;335559684&quot;:-2,&quot;335559685&quot;:720,&quot;335559991&quot;:360,&quot;469769226&quot;:&quot;Sofia Pro&quot;,&quot;469769242&quot;:[8226],&quot;469777803&quot;:&quot;left&quot;,&quot;469777804&quot;:&quot;\u2022&quot;,&quot;469777815&quot;:&quot;hybridMultilevel&quot;}\" aria-setsize=\"-1\" data-aria-posinset=\"3\" data-aria-level=\"1\"><span data-contrast=\"auto\">ce qu\u2019ils savent \u00e0 propos de la quantit\u00e9 et du type de donn\u00e9es produites par leur v\u00e9hicule;<\/span><span data-ccp-props=\"{&quot;201341983&quot;:0,&quot;335559739&quot;:200,&quot;335559740&quot;:276}\">\u00a0<\/span><\/li>\n<li data-leveltext=\"\u2022\" data-font=\"Sofia Pro\" data-listid=\"3\" data-list-defn-props=\"{&quot;335551671&quot;:3,&quot;335552541&quot;:1,&quot;335559684&quot;:-2,&quot;335559685&quot;:720,&quot;335559991&quot;:360,&quot;469769226&quot;:&quot;Sofia Pro&quot;,&quot;469769242&quot;:[8226],&quot;469777803&quot;:&quot;left&quot;,&quot;469777804&quot;:&quot;\u2022&quot;,&quot;469777815&quot;:&quot;hybridMultilevel&quot;}\" aria-setsize=\"-1\" data-aria-posinset=\"3\" data-aria-level=\"1\"><span data-contrast=\"auto\">ce qu\u2019ils savent \u00e0 propos des personnes qui peuvent consulter ces donn\u00e9es.<\/span><span data-ccp-props=\"{&quot;201341983&quot;:0,&quot;335559739&quot;:200,&quot;335559740&quot;:276}\">\u00a0<\/span><\/li>\n<\/ul>\n<p aria-level=\"1\"><span data-contrast=\"none\">La s\u00e9rie Comportement du consommateuraide les membres de l\u2019AIA\u202fCanada \u00e0 rester \u00e0 l\u2019avant-garde. Gr\u00e2ce \u00e0 son analyse et ses donn\u00e9es concr\u00e8tes, les entreprises peuvent prendre des d\u00e9cisions \u00e9clair\u00e9es pour rester comp\u00e9titives au sein du secteur de l\u2019entretien et de la r\u00e9paration automobile en constante \u00e9volution.<\/span><\/p>\n","protected":false},"excerpt":{"rendered":"<p>Devenant de plus en plus sophistiqu\u00e9es, les v\u00e9hicules ressemblent \u00e0 des ordinateurs sur roues. Celles-ci recueillent des donn\u00e9es sur les utilisateurs, tout comme un ordinateur, une tablette ou un t\u00e9l\u00e9phone intelligent. Les v\u00e9hicules modernes amassent davantage de donn\u00e9es sur la condition de l\u2019automobile et les personnes qui la conduisent.\u00a0 Que savent les propri\u00e9taires canadiens sur [&hellip;]<\/p>\n","protected":false},"featured_media":15400,"template":"","meta":{"_acf_changed":false},"product_brand":[],"product_cat":[105],"product_tag":[],"class_list":{"0":"post-15408","1":"product","2":"type-product","3":"status-publish","4":"has-post-thumbnail","6":"product_cat-tendances-des-consommateurs","8":"first","9":"instock","10":"downloadable","11":"virtual","12":"sold-individually","13":"taxable","14":"purchasable","15":"product-type-simple"},"acf":[],"aioseo_notices":[],"wpml_current_locale":"fr_CA","wpml_translations":[],"_links":{"self":[{"href":"https:\/\/www.aiacanada.com\/fr\/wp-json\/wp\/v2\/product\/15408","targetHints":{"allow":["GET"]}}],"collection":[{"href":"https:\/\/www.aiacanada.com\/fr\/wp-json\/wp\/v2\/product"}],"about":[{"href":"https:\/\/www.aiacanada.com\/fr\/wp-json\/wp\/v2\/types\/product"}],"wp:featuredmedia":[{"embeddable":true,"href":"https:\/\/www.aiacanada.com\/fr\/wp-json\/wp\/v2\/media\/15400"}],"wp:attachment":[{"href":"https:\/\/www.aiacanada.com\/fr\/wp-json\/wp\/v2\/media?parent=15408"}],"wp:term":[{"taxonomy":"product_brand","embeddable":true,"href":"https:\/\/www.aiacanada.com\/fr\/wp-json\/wp\/v2\/product_brand?post=15408"},{"taxonomy":"product_cat","embeddable":true,"href":"https:\/\/www.aiacanada.com\/fr\/wp-json\/wp\/v2\/product_cat?post=15408"},{"taxonomy":"product_tag","embeddable":true,"href":"https:\/\/www.aiacanada.com\/fr\/wp-json\/wp\/v2\/product_tag?post=15408"}],"curies":[{"name":"wp","href":"https:\/\/api.w.org\/{rel}","templated":true}]}}