{"id":16282,"date":"2023-07-06T11:40:24","date_gmt":"2023-07-06T15:40:24","guid":{"rendered":"https:\/\/www.aiacanada.com\/?post_type=product&#038;p=16282"},"modified":"2025-01-16T09:10:21","modified_gmt":"2025-01-16T14:10:21","slug":"decalque-numerique-de-laia-canada","status":"publish","type":"product","link":"https:\/\/www.aiacanada.com\/fr\/produit\/decalque-numerique-de-laia-canada\/","title":{"rendered":"D\u00e9calque num\u00e9rique de l&#8217;AIA Canada"},"content":{"rendered":"<p><span class=\"TextRun SCXW24777441 BCX0\" lang=\"FR-CA\" xml:lang=\"FR-CA\" data-contrast=\"auto\"><span class=\"NormalTextRun SCXW24777441 BCX0\">Profitez des privil\u00e8ges de membre de l&#8217;AIA Canada<\/span><span class=\"NormalTextRun SCXW24777441 BCX0\"> \u2013<\/span><span class=\"NormalTextRun SCXW24777441 BCX0\"> tous les <a href=\"https:\/\/www.aiacanada.com\/fr\/mon-compte\/avantages-pour-les-membres\/\">avantages<\/a>, y compris ce logo de membre. Les membres en r\u00e8gle de l&#8217;AIA Canada peuvent t\u00e9l\u00e9charger et afficher le logo de membre pour montrer qu\u2019ils font partie int\u00e9grante du secteur de l&#8217;entretien et de la r\u00e9paration automobile. Ce logo peut \u00eatre affich\u00e9 num\u00e9riquement sur les sites <\/span><span class=\"NormalTextRun SCXW24777441 BCX0\">Web <\/span><span class=\"NormalTextRun SCXW24777441 BCX0\">de l\u2019entreprise par exemple.<\/span><\/span><span class=\"EOP SCXW24777441 BCX0\" data-ccp-props=\"{&quot;201341983&quot;:0,&quot;335559739&quot;:160,&quot;335559740&quot;:259}\">\u00a0<\/span><\/p>\n","protected":false},"excerpt":{"rendered":"<p>Profitez des privil\u00e8ges de membre de l&#8217;AIA Canada \u2013 tous les avantages, y compris ce logo de membre. Les membres en r\u00e8gle de l&#8217;AIA Canada peuvent t\u00e9l\u00e9charger et afficher le logo de membre pour montrer qu\u2019ils font partie int\u00e9grante du secteur de l&#8217;entretien et de la r\u00e9paration automobile. Ce logo peut \u00eatre affich\u00e9 num\u00e9riquement sur [&hellip;]<\/p>\n","protected":false},"featured_media":16289,"template":"","meta":{"_acf_changed":false},"product_brand":[],"product_cat":[104],"product_tag":[],"class_list":{"0":"post-16282","1":"product","2":"type-product","3":"status-publish","4":"has-post-thumbnail","6":"product_cat-rapports-organisationnels","8":"first","9":"instock","10":"downloadable","11":"virtual","12":"sold-individually","13":"taxable","14":"product-type-simple"},"acf":[],"aioseo_notices":[],"wpml_current_locale":"fr_CA","wpml_translations":[],"_links":{"self":[{"href":"https:\/\/www.aiacanada.com\/fr\/wp-json\/wp\/v2\/product\/16282","targetHints":{"allow":["GET"]}}],"collection":[{"href":"https:\/\/www.aiacanada.com\/fr\/wp-json\/wp\/v2\/product"}],"about":[{"href":"https:\/\/www.aiacanada.com\/fr\/wp-json\/wp\/v2\/types\/product"}],"wp:featuredmedia":[{"embeddable":true,"href":"https:\/\/www.aiacanada.com\/fr\/wp-json\/wp\/v2\/media\/16289"}],"wp:attachment":[{"href":"https:\/\/www.aiacanada.com\/fr\/wp-json\/wp\/v2\/media?parent=16282"}],"wp:term":[{"taxonomy":"product_brand","embeddable":true,"href":"https:\/\/www.aiacanada.com\/fr\/wp-json\/wp\/v2\/product_brand?post=16282"},{"taxonomy":"product_cat","embeddable":true,"href":"https:\/\/www.aiacanada.com\/fr\/wp-json\/wp\/v2\/product_cat?post=16282"},{"taxonomy":"product_tag","embeddable":true,"href":"https:\/\/www.aiacanada.com\/fr\/wp-json\/wp\/v2\/product_tag?post=16282"}],"curies":[{"name":"wp","href":"https:\/\/api.w.org\/{rel}","templated":true}]}}