{"id":18486,"date":"2024-02-22T02:00:56","date_gmt":"2024-02-22T07:00:56","guid":{"rendered":"https:\/\/www.aiacanada.com\/?post_type=product&#038;p=18486"},"modified":"2024-08-28T11:23:40","modified_gmt":"2024-08-28T15:23:40","slug":"vehicle-travel-trends-in-canada-q1-2020-to-q4-2023-report","status":"publish","type":"product","link":"https:\/\/www.aiacanada.com\/fr\/produit\/vehicle-travel-trends-in-canada-q1-2020-to-q4-2023-report\/","title":{"rendered":"Tendances des d\u00e9placements de v\u00e9hicules au Canada : T1 2020 \u00e0 T4 2023"},"content":{"rendered":"<p><span class=\"TextRun SCXW71295356 BCX0\" lang=\"EN-US\" xml:lang=\"EN-US\" data-contrast=\"none\"><span class=\"NormalTextRun SCXW71295356 BCX0\">Les tendances des <\/span><span class=\"NormalTextRun SCXW71295356 BCX0\">d\u00e9placements<\/span><span class=\"NormalTextRun SCXW71295356 BCX0\"> de <\/span><span class=\"NormalTextRun SCXW71295356 BCX0\">v\u00e9hicules<\/span><span class=\"NormalTextRun SCXW71295356 BCX0\"> au Canada <\/span><span class=\"NormalTextRun SCXW71295356 BCX0\">est<\/span><span class=\"NormalTextRun SCXW71295356 BCX0\"> un <\/span><span class=\"NormalTextRun SCXW71295356 BCX0\">outil<\/span><span class=\"NormalTextRun SCXW71295356 BCX0\"> qui <\/span><span class=\"NormalTextRun SCXW71295356 BCX0\">permet<\/span><span class=\"NormalTextRun SCXW71295356 BCX0\"> de <\/span><span class=\"NormalTextRun SCXW71295356 BCX0\">d\u00e9couvrir<\/span><span class=\"NormalTextRun SCXW71295356 BCX0\"> les tendances des <\/span><span class=\"NormalTextRun SCXW71295356 BCX0\">d\u00e9placements<\/span> <span class=\"NormalTextRun SCXW71295356 BCX0\">partout<\/span><span class=\"NormalTextRun SCXW71295356 BCX0\"> au pays <\/span><span class=\"NormalTextRun SCXW71295356 BCX0\">afin<\/span><span class=\"NormalTextRun SCXW71295356 BCX0\"> de <\/span><span class=\"NormalTextRun SCXW71295356 BCX0\">faciliter<\/span><span class=\"NormalTextRun SCXW71295356 BCX0\"> la <\/span><span class=\"NormalTextRun SCXW71295356 BCX0\">prise<\/span><span class=\"NormalTextRun SCXW71295356 BCX0\"> de <\/span><span class=\"NormalTextRun SCXW71295356 BCX0\">d\u00e9cisions<\/span><span class=\"NormalTextRun SCXW71295356 BCX0\"> d&#8217;affaires <\/span><span class=\"NormalTextRun SCXW71295356 BCX0\">strat\u00e9giques<\/span><span class=\"NormalTextRun SCXW71295356 BCX0\">. Les points de <\/span><span class=\"NormalTextRun SCXW71295356 BCX0\">donn\u00e9es<\/span> <span class=\"NormalTextRun SCXW71295356 BCX0\">sont<\/span><span class=\"NormalTextRun SCXW71295356 BCX0\"> mis \u00e0 jour sur <\/span><span class=\"NormalTextRun SCXW71295356 BCX0\">une<\/span><span class=\"NormalTextRun SCXW71295356 BCX0\"> base <\/span><span class=\"NormalTextRun SCXW71295356 BCX0\">trimestrielle<\/span><span class=\"NormalTextRun SCXW71295356 BCX0\"> et \u00e0 <\/span><span class=\"NormalTextRun SCXW71295356 BCX0\">l\u2019\u00e9chelle<\/span> <span class=\"NormalTextRun SCXW71295356 BCX0\">nationale<\/span><span class=\"NormalTextRun SCXW71295356 BCX0\"> et <\/span><span class=\"NormalTextRun SCXW71295356 BCX0\">provinciale<\/span><span class=\"NormalTextRun SCXW71295356 BCX0\">.<\/span><\/span><\/p>\n<p><span class=\"ui-provider a b c d e f g h i j k l m n o p q r s t u v w x y z ab ac ae af ag ah ai aj ak\" dir=\"ltr\">D\u00e9couvrez les tendances en mati\u00e8re de d\u00e9placements des v\u00e9hicules au Canada selon quatre indicateurs cl\u00e9s\u202f: les kilom\u00e8tres parcourus par les v\u00e9hicules (KPV), la dur\u00e9e des trajets, le nombre de trajets et la distance moyenne des trajets.<\/span><\/p>\n","protected":false},"excerpt":{"rendered":"<p>Les tendances des d\u00e9placements de v\u00e9hicules au Canada est un outil qui permet de d\u00e9couvrir les tendances des d\u00e9placements partout au pays afin de faciliter la prise de d\u00e9cisions d&#8217;affaires strat\u00e9giques. Les points de donn\u00e9es sont mis \u00e0 jour sur une base trimestrielle et \u00e0 l\u2019\u00e9chelle nationale et provinciale. D\u00e9couvrez les tendances en mati\u00e8re de [&hellip;]<\/p>\n","protected":false},"featured_media":18485,"template":"","meta":{"_acf_changed":false},"product_brand":[],"product_cat":[105],"product_tag":[],"class_list":{"0":"post-18486","1":"product","2":"type-product","3":"status-publish","4":"has-post-thumbnail","6":"product_cat-tendances-des-consommateurs","8":"first","9":"instock","10":"downloadable","11":"virtual","12":"sold-individually","13":"taxable","14":"purchasable","15":"product-type-simple"},"acf":[],"aioseo_notices":[],"wpml_current_locale":"fr_CA","wpml_translations":[],"_links":{"self":[{"href":"https:\/\/www.aiacanada.com\/fr\/wp-json\/wp\/v2\/product\/18486","targetHints":{"allow":["GET"]}}],"collection":[{"href":"https:\/\/www.aiacanada.com\/fr\/wp-json\/wp\/v2\/product"}],"about":[{"href":"https:\/\/www.aiacanada.com\/fr\/wp-json\/wp\/v2\/types\/product"}],"wp:featuredmedia":[{"embeddable":true,"href":"https:\/\/www.aiacanada.com\/fr\/wp-json\/wp\/v2\/media\/18485"}],"wp:attachment":[{"href":"https:\/\/www.aiacanada.com\/fr\/wp-json\/wp\/v2\/media?parent=18486"}],"wp:term":[{"taxonomy":"product_brand","embeddable":true,"href":"https:\/\/www.aiacanada.com\/fr\/wp-json\/wp\/v2\/product_brand?post=18486"},{"taxonomy":"product_cat","embeddable":true,"href":"https:\/\/www.aiacanada.com\/fr\/wp-json\/wp\/v2\/product_cat?post=18486"},{"taxonomy":"product_tag","embeddable":true,"href":"https:\/\/www.aiacanada.com\/fr\/wp-json\/wp\/v2\/product_tag?post=18486"}],"curies":[{"name":"wp","href":"https:\/\/api.w.org\/{rel}","templated":true}]}}