{"id":19117,"date":"2024-04-02T07:00:49","date_gmt":"2024-04-02T11:00:49","guid":{"rendered":"https:\/\/www.aiacanada.com\/?post_type=product&#038;p=19117"},"modified":"2024-03-19T08:45:35","modified_gmt":"2024-03-19T12:45:35","slug":"canadian-vehicle-owners-attitudes-towards-maintenance-and-repair-edition-2024","status":"publish","type":"product","link":"https:\/\/www.aiacanada.com\/fr\/produit\/canadian-vehicle-owners-attitudes-towards-maintenance-and-repair-edition-2024\/","title":{"rendered":"Attitudes des propri\u00e9taires de v\u00e9hicules envers l\u2019entretien et la r\u00e9paration, \u00e9dition\u202f2024"},"content":{"rendered":"<p><span data-contrast=\"none\">Le rapport intitul\u00e9 <\/span><i><span data-contrast=\"none\">Attitudes des propri\u00e9taires de v\u00e9hicules envers l\u2019entretien et la r\u00e9paration, <\/span><\/i><span data-contrast=\"none\">de notre s\u00e9rie Comportement du consommateur, examine en d\u00e9tail les comportements, pr\u00e9f\u00e9rences et attitudes des propri\u00e9taires de v\u00e9hicules au Canada \u00e0 l\u2019\u00e9gard de l\u2019entretien et de la r\u00e9paration. Dans ce rapport, les lecteurs peuvent s\u2019attendre \u00e0 apprendre\u202f:<\/span><span data-ccp-props=\"{}\">\u00a0<\/span><\/p>\n<ul>\n<li data-leveltext=\"\uf0b7\" data-font=\"Symbol\" data-listid=\"3\" data-list-defn-props=\"{&quot;335552541&quot;:1,&quot;335559685&quot;:720,&quot;335559991&quot;:360,&quot;469769226&quot;:&quot;Symbol&quot;,&quot;469769242&quot;:[8226],&quot;469777803&quot;:&quot;left&quot;,&quot;469777804&quot;:&quot;\uf0b7&quot;,&quot;469777815&quot;:&quot;hybridMultilevel&quot;}\" aria-setsize=\"-1\" data-aria-posinset=\"1\" data-aria-level=\"1\"><span data-contrast=\"auto\">Comment les propri\u00e9taires de v\u00e9hicules per\u00e7oivent-ils leurs connaissances en mati\u00e8re d\u2019entretien et de r\u00e9paration, ainsi que l\u2019attention qu\u2019ils ou elles y portent?<\/span><span data-ccp-props=\"{&quot;201341983&quot;:0,&quot;335559740&quot;:259}\">\u00a0<\/span><\/li>\n<li data-leveltext=\"\uf0b7\" data-font=\"Symbol\" data-listid=\"3\" data-list-defn-props=\"{&quot;335552541&quot;:1,&quot;335559685&quot;:720,&quot;335559991&quot;:360,&quot;469769226&quot;:&quot;Symbol&quot;,&quot;469769242&quot;:[8226],&quot;469777803&quot;:&quot;left&quot;,&quot;469777804&quot;:&quot;\uf0b7&quot;,&quot;469777815&quot;:&quot;hybridMultilevel&quot;}\" aria-setsize=\"-1\" data-aria-posinset=\"1\" data-aria-level=\"1\"><span data-contrast=\"auto\">Quelles sont les priorit\u00e9s des propri\u00e9taires de v\u00e9hicules en mati\u00e8re d\u2019entretien et de r\u00e9paration, et pourquoi?<\/span><span data-ccp-props=\"{&quot;201341983&quot;:0,&quot;335559740&quot;:259}\">\u00a0<\/span><\/li>\n<li data-leveltext=\"\uf0b7\" data-font=\"Symbol\" data-listid=\"1\" data-list-defn-props=\"{&quot;335552541&quot;:1,&quot;335559685&quot;:720,&quot;335559991&quot;:360,&quot;469769226&quot;:&quot;Symbol&quot;,&quot;469769242&quot;:[8226],&quot;469777803&quot;:&quot;left&quot;,&quot;469777804&quot;:&quot;\uf0b7&quot;,&quot;469777815&quot;:&quot;hybridMultilevel&quot;}\" aria-setsize=\"-1\" data-aria-posinset=\"1\" data-aria-level=\"1\"><span data-contrast=\"auto\">Les moyens utilis\u00e9s par les propri\u00e9taires de v\u00e9hicules pour se tenir \u00e0 jour en mati\u00e8re d\u2019entretien, et quels sont les rappels qu\u2019ils et elles jugent utiles? Parmi plusieurs autres sujets.<\/span><\/li>\n<\/ul>\n<p><span data-contrast=\"none\">Vous \u00eates membre de l\u2019AIA Canada? <a href=\"https:\/\/www.aiacanada.com\/fr\/produit\/executive-summary-canadian-vehicle-owners-attitudes-towards-maintenance-and-repair-2024-edition\/\">T\u00e9l\u00e9chargez votre exemplaire exclusif du sommaire du rapport.<\/a><\/span><span data-ccp-props=\"{}\">\u00a0<\/span><\/p>\n","protected":false},"excerpt":{"rendered":"<p>Le rapport intitul\u00e9 Attitudes des propri\u00e9taires de v\u00e9hicules envers l\u2019entretien et la r\u00e9paration, de notre s\u00e9rie Comportement du consommateur, examine en d\u00e9tail les comportements, pr\u00e9f\u00e9rences et attitudes des propri\u00e9taires de v\u00e9hicules au Canada \u00e0 l\u2019\u00e9gard de l\u2019entretien et de la r\u00e9paration. Dans ce rapport, les lecteurs peuvent s\u2019attendre \u00e0 apprendre\u202f:\u00a0 Comment les propri\u00e9taires de v\u00e9hicules [&hellip;]<\/p>\n","protected":false},"featured_media":19116,"template":"","meta":{"_acf_changed":false},"product_brand":[],"product_cat":[105],"product_tag":[],"class_list":{"0":"post-19117","1":"product","2":"type-product","3":"status-publish","4":"has-post-thumbnail","6":"product_cat-tendances-des-consommateurs","8":"first","9":"instock","10":"downloadable","11":"virtual","12":"sold-individually","13":"taxable","14":"purchasable","15":"product-type-simple"},"acf":[],"aioseo_notices":[],"wpml_current_locale":"fr_CA","wpml_translations":[],"_links":{"self":[{"href":"https:\/\/www.aiacanada.com\/fr\/wp-json\/wp\/v2\/product\/19117","targetHints":{"allow":["GET"]}}],"collection":[{"href":"https:\/\/www.aiacanada.com\/fr\/wp-json\/wp\/v2\/product"}],"about":[{"href":"https:\/\/www.aiacanada.com\/fr\/wp-json\/wp\/v2\/types\/product"}],"wp:featuredmedia":[{"embeddable":true,"href":"https:\/\/www.aiacanada.com\/fr\/wp-json\/wp\/v2\/media\/19116"}],"wp:attachment":[{"href":"https:\/\/www.aiacanada.com\/fr\/wp-json\/wp\/v2\/media?parent=19117"}],"wp:term":[{"taxonomy":"product_brand","embeddable":true,"href":"https:\/\/www.aiacanada.com\/fr\/wp-json\/wp\/v2\/product_brand?post=19117"},{"taxonomy":"product_cat","embeddable":true,"href":"https:\/\/www.aiacanada.com\/fr\/wp-json\/wp\/v2\/product_cat?post=19117"},{"taxonomy":"product_tag","embeddable":true,"href":"https:\/\/www.aiacanada.com\/fr\/wp-json\/wp\/v2\/product_tag?post=19117"}],"curies":[{"name":"wp","href":"https:\/\/api.w.org\/{rel}","templated":true}]}}