{"id":19400,"date":"2024-04-10T17:00:24","date_gmt":"2024-04-10T21:00:24","guid":{"rendered":"https:\/\/www.aiacanada.com\/?post_type=product&#038;p=19400"},"modified":"2024-04-10T14:34:18","modified_gmt":"2024-04-10T18:34:18","slug":"proces-verbal-de-lassemblee-generale-annuelle-2023","status":"publish","type":"product","link":"https:\/\/www.aiacanada.com\/fr\/produit\/proces-verbal-de-lassemblee-generale-annuelle-2023\/","title":{"rendered":"Proc\u00e8s-verbal de l\u2019assembl\u00e9e g\u00e9n\u00e9rale annuelle 2023"},"content":{"rendered":"<p><span data-contrast=\"none\">Le proc\u00e8s-verbal de l\u2019assembl\u00e9e g\u00e9n\u00e9rale annuelle (AGA) 2023 de l\u2019AIA Canada a \u00e9t\u00e9 r\u00e9dig\u00e9 lors de l\u2019AGA de 2023 tenue le 3 mai 2023. L\u2019assembl\u00e9e \u00e9tait anim\u00e9e par Jean-Fran\u00e7ois Champagne, pr\u00e9sident et directeur g\u00e9n\u00e9ral de l\u2019AIA Canada et pr\u00e9sid\u00e9e par Jason Yurchak, pr\u00e9sident du conseil d\u2019administration de l\u2019AIA Canada 2022-2023.<\/span><span data-ccp-props=\"{&quot;134233117&quot;:false,&quot;134233118&quot;:false,&quot;335559738&quot;:240,&quot;335559739&quot;:240}\">\u00a0<\/span><\/p>\n<p><span data-contrast=\"none\">T\u00e9l\u00e9chargez le proc\u00e8s-verbal complet de la r\u00e9union pour en savoir plus sur les activit\u00e9s de l\u2019AIA Canada en 2023.<\/span><span data-ccp-props=\"{&quot;134233117&quot;:false,&quot;134233118&quot;:false,&quot;335559738&quot;:240,&quot;335559739&quot;:240}\">\u00a0<\/span><\/p>\n","protected":false},"excerpt":{"rendered":"<p>Le proc\u00e8s-verbal de l\u2019assembl\u00e9e g\u00e9n\u00e9rale annuelle (AGA) 2023 de l\u2019AIA Canada a \u00e9t\u00e9 r\u00e9dig\u00e9 lors de l\u2019AGA de 2023 tenue le 3 mai 2023. L\u2019assembl\u00e9e \u00e9tait anim\u00e9e par Jean-Fran\u00e7ois Champagne, pr\u00e9sident et directeur g\u00e9n\u00e9ral de l\u2019AIA Canada et pr\u00e9sid\u00e9e par Jason Yurchak, pr\u00e9sident du conseil d\u2019administration de l\u2019AIA Canada 2022-2023.\u00a0 T\u00e9l\u00e9chargez le proc\u00e8s-verbal complet de [&hellip;]<\/p>\n","protected":false},"featured_media":19399,"template":"","meta":{"_acf_changed":false},"product_brand":[],"product_cat":[104],"product_tag":[],"class_list":{"0":"post-19400","1":"product","2":"type-product","3":"status-publish","4":"has-post-thumbnail","6":"product_cat-rapports-organisationnels","8":"first","9":"instock","10":"downloadable","11":"virtual","12":"sold-individually","13":"taxable","14":"purchasable","15":"product-type-simple"},"acf":[],"aioseo_notices":[],"wpml_current_locale":"fr_CA","wpml_translations":[],"_links":{"self":[{"href":"https:\/\/www.aiacanada.com\/fr\/wp-json\/wp\/v2\/product\/19400","targetHints":{"allow":["GET"]}}],"collection":[{"href":"https:\/\/www.aiacanada.com\/fr\/wp-json\/wp\/v2\/product"}],"about":[{"href":"https:\/\/www.aiacanada.com\/fr\/wp-json\/wp\/v2\/types\/product"}],"wp:featuredmedia":[{"embeddable":true,"href":"https:\/\/www.aiacanada.com\/fr\/wp-json\/wp\/v2\/media\/19399"}],"wp:attachment":[{"href":"https:\/\/www.aiacanada.com\/fr\/wp-json\/wp\/v2\/media?parent=19400"}],"wp:term":[{"taxonomy":"product_brand","embeddable":true,"href":"https:\/\/www.aiacanada.com\/fr\/wp-json\/wp\/v2\/product_brand?post=19400"},{"taxonomy":"product_cat","embeddable":true,"href":"https:\/\/www.aiacanada.com\/fr\/wp-json\/wp\/v2\/product_cat?post=19400"},{"taxonomy":"product_tag","embeddable":true,"href":"https:\/\/www.aiacanada.com\/fr\/wp-json\/wp\/v2\/product_tag?post=19400"}],"curies":[{"name":"wp","href":"https:\/\/api.w.org\/{rel}","templated":true}]}}