{"id":19406,"date":"2024-04-10T14:45:42","date_gmt":"2024-04-10T18:45:42","guid":{"rendered":"https:\/\/www.aiacanada.com\/?post_type=product&#038;p=19406"},"modified":"2024-04-10T14:39:42","modified_gmt":"2024-04-10T18:39:42","slug":"rapport-du-comite-des-nominations-de-2024","status":"publish","type":"product","link":"https:\/\/www.aiacanada.com\/fr\/produit\/rapport-du-comite-des-nominations-de-2024\/","title":{"rendered":"Rapport du Comit\u00e9 des nominations de 2024"},"content":{"rendered":"<p><span data-contrast=\"none\">Le rapport du Comit\u00e9 des nominations pr\u00e9sente les membres propos\u00e9s pour pourvoir les postes vacants au sein du conseil d\u2019administration. Le rapport de 2024 pr\u00e9sente des biographies pour les nouveaux membres du conseil d\u2019administration, soit Costa Haitas, Craig Jalbert, et Chris Kinghorn. D\u2019autres changements au sein du conseil d\u2019administration sont \u00e9galement pr\u00e9sent\u00e9s.<\/span><span data-ccp-props=\"{&quot;134233117&quot;:false,&quot;134233118&quot;:false,&quot;335559738&quot;:240,&quot;335559739&quot;:240}\">\u00a0<\/span><\/p>\n<p><span data-contrast=\"none\">T\u00e9l\u00e9chargez le rapport pour en savoir plus sur le conseil d\u2019administration 2024-2025 de l\u2019AIA Canada.<\/span><span data-ccp-props=\"{&quot;134233117&quot;:false,&quot;134233118&quot;:false,&quot;335559738&quot;:240,&quot;335559739&quot;:240}\">\u00a0<\/span><\/p>\n","protected":false},"excerpt":{"rendered":"<p>Le rapport du Comit\u00e9 des nominations pr\u00e9sente les membres propos\u00e9s pour pourvoir les postes vacants au sein du conseil d\u2019administration. Le rapport de 2024 pr\u00e9sente des biographies pour les nouveaux membres du conseil d\u2019administration, soit Costa Haitas, Craig Jalbert, et Chris Kinghorn. D\u2019autres changements au sein du conseil d\u2019administration sont \u00e9galement pr\u00e9sent\u00e9s.\u00a0 T\u00e9l\u00e9chargez le rapport [&hellip;]<\/p>\n","protected":false},"featured_media":19405,"template":"","meta":{"_acf_changed":false},"product_brand":[],"product_cat":[104],"product_tag":[],"class_list":{"0":"post-19406","1":"product","2":"type-product","3":"status-publish","4":"has-post-thumbnail","6":"product_cat-rapports-organisationnels","8":"first","9":"instock","10":"downloadable","11":"virtual","12":"sold-individually","13":"taxable","14":"purchasable","15":"product-type-simple"},"acf":[],"aioseo_notices":[],"wpml_current_locale":"fr_CA","wpml_translations":[],"_links":{"self":[{"href":"https:\/\/www.aiacanada.com\/fr\/wp-json\/wp\/v2\/product\/19406","targetHints":{"allow":["GET"]}}],"collection":[{"href":"https:\/\/www.aiacanada.com\/fr\/wp-json\/wp\/v2\/product"}],"about":[{"href":"https:\/\/www.aiacanada.com\/fr\/wp-json\/wp\/v2\/types\/product"}],"wp:featuredmedia":[{"embeddable":true,"href":"https:\/\/www.aiacanada.com\/fr\/wp-json\/wp\/v2\/media\/19405"}],"wp:attachment":[{"href":"https:\/\/www.aiacanada.com\/fr\/wp-json\/wp\/v2\/media?parent=19406"}],"wp:term":[{"taxonomy":"product_brand","embeddable":true,"href":"https:\/\/www.aiacanada.com\/fr\/wp-json\/wp\/v2\/product_brand?post=19406"},{"taxonomy":"product_cat","embeddable":true,"href":"https:\/\/www.aiacanada.com\/fr\/wp-json\/wp\/v2\/product_cat?post=19406"},{"taxonomy":"product_tag","embeddable":true,"href":"https:\/\/www.aiacanada.com\/fr\/wp-json\/wp\/v2\/product_tag?post=19406"}],"curies":[{"name":"wp","href":"https:\/\/api.w.org\/{rel}","templated":true}]}}