{"id":19410,"date":"2024-04-11T10:00:55","date_gmt":"2024-04-11T14:00:55","guid":{"rendered":"https:\/\/www.aiacanada.com\/?post_type=product&#038;p=19410"},"modified":"2024-04-10T14:43:45","modified_gmt":"2024-04-10T18:43:45","slug":"etats-financiers-2023","status":"publish","type":"product","link":"https:\/\/www.aiacanada.com\/fr\/produit\/etats-financiers-2023\/","title":{"rendered":"\u00c9tats financiers 2023"},"content":{"rendered":"<p><span class=\"TextRun SCXW83832018 BCX0\" lang=\"EN-US\" xml:lang=\"EN-US\" data-contrast=\"none\"><span class=\"NormalTextRun SCXW83832018 BCX0\">Les \u00c9tats financiers 2023 de <\/span><span class=\"NormalTextRun SpellingErrorV2Themed SCXW83832018 BCX0\">l\u2019AIA<\/span><span class=\"NormalTextRun SCXW83832018 BCX0\"> Canada <\/span><span class=\"NormalTextRun SpellingErrorV2Themed SCXW83832018 BCX0\">pr\u00e9sentent<\/span> <span class=\"NormalTextRun SpellingErrorV2Themed SCXW83832018 BCX0\">une<\/span> <span class=\"NormalTextRun SpellingErrorV2Themed SCXW83832018 BCX0\">comptabilit\u00e9<\/span> <span class=\"NormalTextRun SpellingErrorV2Themed SCXW83832018 BCX0\">compl\u00e8te<\/span><span class=\"NormalTextRun SCXW83832018 BCX0\"> de la situation financi\u00e8re de <\/span><span class=\"NormalTextRun SpellingErrorV2Themed SCXW83832018 BCX0\">l\u2019Association<\/span><span class=\"NormalTextRun SCXW83832018 BCX0\"> \u00e0 la fin de son <\/span><span class=\"NormalTextRun SpellingErrorV2Themed SCXW83832018 BCX0\">exercice<\/span><span class=\"NormalTextRun SCXW83832018 BCX0\"> financier, le 31 <\/span><span class=\"NormalTextRun SpellingErrorV2Themed SCXW83832018 BCX0\">d\u00e9cembre<\/span><span class=\"NormalTextRun SCXW83832018 BCX0\"> 2023. Le rapport <\/span><span class=\"NormalTextRun SpellingErrorV2Themed SCXW83832018 BCX0\">d\u2019audit<\/span><span class=\"NormalTextRun SCXW83832018 BCX0\"> a <\/span><span class=\"NormalTextRun SpellingErrorV2Themed SCXW83832018 BCX0\">\u00e9t\u00e9<\/span> <span class=\"NormalTextRun SpellingErrorV2Themed SCXW83832018 BCX0\">r\u00e9alis\u00e9<\/span><span class=\"NormalTextRun SCXW83832018 BCX0\"> et <\/span><span class=\"NormalTextRun SpellingErrorV2Themed SCXW83832018 BCX0\">pr\u00e9par\u00e9<\/span><span class=\"NormalTextRun SCXW83832018 BCX0\"> par BDO Canada.<\/span><\/span><span class=\"EOP SCXW83832018 BCX0\" data-ccp-props=\"{&quot;134233117&quot;:false,&quot;134233118&quot;:false,&quot;335559738&quot;:240,&quot;335559739&quot;:240}\">\u00a0<\/span><\/p>\n","protected":false},"excerpt":{"rendered":"<p>Les \u00c9tats financiers 2023 de l\u2019AIA Canada pr\u00e9sentent une comptabilit\u00e9 compl\u00e8te de la situation financi\u00e8re de l\u2019Association \u00e0 la fin de son exercice financier, le 31 d\u00e9cembre 2023. Le rapport d\u2019audit a \u00e9t\u00e9 r\u00e9alis\u00e9 et pr\u00e9par\u00e9 par BDO Canada.\u00a0<\/p>\n","protected":false},"featured_media":19428,"template":"","meta":{"_acf_changed":false},"product_brand":[],"product_cat":[104],"product_tag":[],"class_list":{"0":"post-19410","1":"product","2":"type-product","3":"status-publish","4":"has-post-thumbnail","6":"product_cat-rapports-organisationnels","8":"first","9":"instock","10":"downloadable","11":"virtual","12":"sold-individually","13":"taxable","14":"purchasable","15":"product-type-simple"},"acf":[],"aioseo_notices":[],"wpml_current_locale":"fr_CA","wpml_translations":[],"_links":{"self":[{"href":"https:\/\/www.aiacanada.com\/fr\/wp-json\/wp\/v2\/product\/19410","targetHints":{"allow":["GET"]}}],"collection":[{"href":"https:\/\/www.aiacanada.com\/fr\/wp-json\/wp\/v2\/product"}],"about":[{"href":"https:\/\/www.aiacanada.com\/fr\/wp-json\/wp\/v2\/types\/product"}],"wp:featuredmedia":[{"embeddable":true,"href":"https:\/\/www.aiacanada.com\/fr\/wp-json\/wp\/v2\/media\/19428"}],"wp:attachment":[{"href":"https:\/\/www.aiacanada.com\/fr\/wp-json\/wp\/v2\/media?parent=19410"}],"wp:term":[{"taxonomy":"product_brand","embeddable":true,"href":"https:\/\/www.aiacanada.com\/fr\/wp-json\/wp\/v2\/product_brand?post=19410"},{"taxonomy":"product_cat","embeddable":true,"href":"https:\/\/www.aiacanada.com\/fr\/wp-json\/wp\/v2\/product_cat?post=19410"},{"taxonomy":"product_tag","embeddable":true,"href":"https:\/\/www.aiacanada.com\/fr\/wp-json\/wp\/v2\/product_tag?post=19410"}],"curies":[{"name":"wp","href":"https:\/\/api.w.org\/{rel}","templated":true}]}}