{"id":19948,"date":"2024-05-29T05:00:14","date_gmt":"2024-05-29T09:00:14","guid":{"rendered":"https:\/\/www.aiacanada.com\/?post_type=product&#038;p=19948"},"modified":"2024-05-15T13:26:06","modified_gmt":"2024-05-15T17:26:06","slug":"dealership-vs-independent-how-canadian-vehicle-owners-choose-a-service-provider-2024-edition","status":"publish","type":"product","link":"https:\/\/www.aiacanada.com\/fr\/produit\/dealership-vs-independent-how-canadian-vehicle-owners-choose-a-service-provider-2024-edition\/","title":{"rendered":"Concessionnaire ou ind\u00e9pendant \u202f: comment les Canadiens propri\u00e9taires de v\u00e9hicules choisissent-ils leur atelier, \u00e9dition\u202f2024"},"content":{"rendered":"<p><span data-contrast=\"none\">Dans le cadre de la s\u00e9rie sur les tendances des consommateurs, ce rapport examinera en profondeur les pr\u00e9f\u00e9rences et les attitudes des propri\u00e9taires de v\u00e9hicules canadiens lorsqu\u2019il s\u2019agit de choisir un atelier.<\/span><span data-ccp-props=\"{&quot;335559738&quot;:240,&quot;335559739&quot;:240}\">\u00a0<\/span><\/p>\n<p><span data-contrast=\"none\">Con\u00e7u sp\u00e9cifiquement pour les entreprises de l&#8217;entretien et de la r\u00e9paration automobile, ce rapport fournira \u00e9galement des donn\u00e9es et des renseignements sur\u202f:<\/span><span data-ccp-props=\"{&quot;335559739&quot;:0}\">\u00a0<\/span><\/p>\n<ul>\n<li data-leveltext=\"\uf0b7\" data-font=\"Symbol\" data-listid=\"1\" data-list-defn-props=\"{&quot;335552541&quot;:1,&quot;335559685&quot;:720,&quot;335559991&quot;:360,&quot;469769226&quot;:&quot;Symbol&quot;,&quot;469769242&quot;:[8226],&quot;469777803&quot;:&quot;left&quot;,&quot;469777804&quot;:&quot;\uf0b7&quot;,&quot;469777815&quot;:&quot;hybridMultilevel&quot;}\" aria-setsize=\"-1\" data-aria-posinset=\"1\" data-aria-level=\"1\"><span data-contrast=\"none\">Le comportement et les opinions des propri\u00e9taires envers les concessionnaires par rapport aux cha\u00eenes et aux ateliers ind\u00e9pendants<\/span><span data-ccp-props=\"{&quot;335559739&quot;:0}\">\u00a0<\/span><\/li>\n<li data-leveltext=\"\uf0b7\" data-font=\"Symbol\" data-listid=\"1\" data-list-defn-props=\"{&quot;335552541&quot;:1,&quot;335559685&quot;:720,&quot;335559991&quot;:360,&quot;469769226&quot;:&quot;Symbol&quot;,&quot;469769242&quot;:[8226],&quot;469777803&quot;:&quot;left&quot;,&quot;469777804&quot;:&quot;\uf0b7&quot;,&quot;469777815&quot;:&quot;hybridMultilevel&quot;}\" aria-setsize=\"-1\" data-aria-posinset=\"2\" data-aria-level=\"1\"><span data-contrast=\"none\">Quelles sont les m\u00e9thodes utilis\u00e9es par les propri\u00e9taires de v\u00e9hicules pour trouver une nouvelle cha\u00eene ou un atelier ind\u00e9pendant\u202f?<\/span><span data-ccp-props=\"{&quot;335559739&quot;:0}\">\u00a0<\/span><\/li>\n<li data-leveltext=\"\uf0b7\" data-font=\"Symbol\" data-listid=\"1\" data-list-defn-props=\"{&quot;335552541&quot;:1,&quot;335559685&quot;:720,&quot;335559991&quot;:360,&quot;469769226&quot;:&quot;Symbol&quot;,&quot;469769242&quot;:[8226],&quot;469777803&quot;:&quot;left&quot;,&quot;469777804&quot;:&quot;\uf0b7&quot;,&quot;469777815&quot;:&quot;hybridMultilevel&quot;}\" aria-setsize=\"-1\" data-aria-posinset=\"3\" data-aria-level=\"1\"><span data-contrast=\"none\">Ce qui motive la fid\u00e9lisation des consommateurs<\/span><span data-ccp-props=\"{&quot;335559739&quot;:0}\">\u00a0<\/span><\/li>\n<\/ul>\n<p><span data-contrast=\"none\">La collecte de donn\u00e9es approfondies permettra aux entreprises du secteur canadien de l&#8217;entretien et de la r\u00e9paration automobile de d\u00e9terminer comment elles peuvent mieux satisfaire les besoins des propri\u00e9taires de v\u00e9hicules \u00e0 travers le pays.<\/span><span data-ccp-props=\"{&quot;335559738&quot;:240,&quot;335559739&quot;:240}\">\u00a0<\/span><\/p>\n<p><a href=\"https:\/\/www.aiacanada.com\/fr\/produit\/executive-summary-dealership-vs-independent-how-canadian-vehicle-owners-choose-a-service-provider-2024-edition\/\"><span data-contrast=\"none\">Un sommaire ex\u00e9cutif du rapport est disponible.<\/span><\/a><\/p>\n","protected":false},"excerpt":{"rendered":"<p>Dans le cadre de la s\u00e9rie sur les tendances des consommateurs, ce rapport examinera en profondeur les pr\u00e9f\u00e9rences et les attitudes des propri\u00e9taires de v\u00e9hicules canadiens lorsqu\u2019il s\u2019agit de choisir un atelier.\u00a0 Con\u00e7u sp\u00e9cifiquement pour les entreprises de l&#8217;entretien et de la r\u00e9paration automobile, ce rapport fournira \u00e9galement des donn\u00e9es et des renseignements sur\u202f:\u00a0 Le [&hellip;]<\/p>\n","protected":false},"featured_media":19954,"template":"","meta":{"_acf_changed":false},"product_brand":[],"product_cat":[105],"product_tag":[],"class_list":{"0":"post-19948","1":"product","2":"type-product","3":"status-publish","4":"has-post-thumbnail","6":"product_cat-tendances-des-consommateurs","8":"first","9":"instock","10":"downloadable","11":"virtual","12":"sold-individually","13":"taxable","14":"purchasable","15":"product-type-simple"},"acf":[],"aioseo_notices":[],"wpml_current_locale":"fr_CA","wpml_translations":[],"_links":{"self":[{"href":"https:\/\/www.aiacanada.com\/fr\/wp-json\/wp\/v2\/product\/19948","targetHints":{"allow":["GET"]}}],"collection":[{"href":"https:\/\/www.aiacanada.com\/fr\/wp-json\/wp\/v2\/product"}],"about":[{"href":"https:\/\/www.aiacanada.com\/fr\/wp-json\/wp\/v2\/types\/product"}],"wp:featuredmedia":[{"embeddable":true,"href":"https:\/\/www.aiacanada.com\/fr\/wp-json\/wp\/v2\/media\/19954"}],"wp:attachment":[{"href":"https:\/\/www.aiacanada.com\/fr\/wp-json\/wp\/v2\/media?parent=19948"}],"wp:term":[{"taxonomy":"product_brand","embeddable":true,"href":"https:\/\/www.aiacanada.com\/fr\/wp-json\/wp\/v2\/product_brand?post=19948"},{"taxonomy":"product_cat","embeddable":true,"href":"https:\/\/www.aiacanada.com\/fr\/wp-json\/wp\/v2\/product_cat?post=19948"},{"taxonomy":"product_tag","embeddable":true,"href":"https:\/\/www.aiacanada.com\/fr\/wp-json\/wp\/v2\/product_tag?post=19948"}],"curies":[{"name":"wp","href":"https:\/\/api.w.org\/{rel}","templated":true}]}}