{"id":19962,"date":"2024-05-29T05:00:30","date_gmt":"2024-05-29T09:00:30","guid":{"rendered":"https:\/\/www.aiacanada.com\/?post_type=product&#038;p=19962"},"modified":"2024-05-15T13:28:27","modified_gmt":"2024-05-15T17:28:27","slug":"executive-summary-dealership-vs-independent-how-canadian-vehicle-owners-choose-a-service-provider-2024-edition","status":"publish","type":"product","link":"https:\/\/www.aiacanada.com\/fr\/produit\/executive-summary-dealership-vs-independent-how-canadian-vehicle-owners-choose-a-service-provider-2024-edition\/","title":{"rendered":"(Sommaire ex\u00e9cutif) Concessionnaire ou ind\u00e9pendant\u202f: comment les Canadiens propri\u00e9taires de v\u00e9hicules choisissent-ils leur atelier, \u00e9dition\u202f2024"},"content":{"rendered":"<p><span data-contrast=\"none\">Dans le cadre de la s\u00e9rie sur les tendances des consommateurs, le sommaire ex\u00e9cutif intitul\u00e9 \u00ab<\/span><span data-contrast=\"none\">\u2009<\/span><span data-contrast=\"none\">Concessionnaire ou ind\u00e9pendant\u202f: comment les Canadiens propri\u00e9taires de v\u00e9hicules choisissent-ils leur atelier<\/span><span data-contrast=\"none\">\u2009<\/span><span data-contrast=\"none\">\u00bb offre aux lecteurs une vue d&#8217;ensemble des principales observations et des r\u00e9sultats cl\u00e9s li\u00e9s aux pr\u00e9f\u00e9rences et aux attitudes des propri\u00e9taires de v\u00e9hicules au Canada.<\/span><span data-ccp-props=\"{&quot;335559738&quot;:240,&quot;335559739&quot;:240}\">\u00a0<\/span><\/p>\n<p><span data-contrast=\"none\">Pour plus de d\u00e9tails, <a href=\"https:\/\/www.aiacanada.com\/fr\/produit\/dealership-vs-independent-how-canadian-vehicle-owners-choose-a-service-provider-2024-edition\/\">t\u00e9l\u00e9chargez le rapport complet.<\/a><\/span><span data-ccp-props=\"{&quot;335559738&quot;:240,&quot;335559739&quot;:240}\">\u00a0<\/span><\/p>\n<p><span data-contrast=\"none\">Le rapport fournit des renseignements utiles, notamment\u202f:<\/span><span data-ccp-props=\"{&quot;335559739&quot;:0}\">\u00a0<\/span><\/p>\n<ul>\n<li data-leveltext=\"\uf0b7\" data-font=\"Symbol\" data-listid=\"1\" data-list-defn-props=\"{&quot;335552541&quot;:1,&quot;335559685&quot;:720,&quot;335559991&quot;:360,&quot;469769226&quot;:&quot;Symbol&quot;,&quot;469769242&quot;:[8226],&quot;469777803&quot;:&quot;left&quot;,&quot;469777804&quot;:&quot;\uf0b7&quot;,&quot;469777815&quot;:&quot;hybridMultilevel&quot;}\" aria-setsize=\"-1\" data-aria-posinset=\"4\" data-aria-level=\"1\"><span data-contrast=\"none\">Les opinions des propri\u00e9taires de v\u00e9hicules envers les concessionnaires et les ateliers ind\u00e9pendants<\/span><span data-ccp-props=\"{&quot;335559739&quot;:0}\">\u00a0<\/span><\/li>\n<li data-leveltext=\"\uf0b7\" data-font=\"Symbol\" data-listid=\"1\" data-list-defn-props=\"{&quot;335552541&quot;:1,&quot;335559685&quot;:720,&quot;335559991&quot;:360,&quot;469769226&quot;:&quot;Symbol&quot;,&quot;469769242&quot;:[8226],&quot;469777803&quot;:&quot;left&quot;,&quot;469777804&quot;:&quot;\uf0b7&quot;,&quot;469777815&quot;:&quot;hybridMultilevel&quot;}\" aria-setsize=\"-1\" data-aria-posinset=\"5\" data-aria-level=\"1\"><span data-contrast=\"none\">Ce qui affecte la fid\u00e9lit\u00e9 des consommateurs<\/span><span data-ccp-props=\"{&quot;335559739&quot;:0}\">\u00a0<\/span><\/li>\n<\/ul>\n<p><span data-contrast=\"none\">Le sommaire ex\u00e9cutif est offert pour les membres et non-membres de l\u2019AIA Canada.<\/span><span data-ccp-props=\"{}\">\u00a0<\/span><\/p>\n","protected":false},"excerpt":{"rendered":"<p>Dans le cadre de la s\u00e9rie sur les tendances des consommateurs, le sommaire ex\u00e9cutif intitul\u00e9 \u00ab\u2009Concessionnaire ou ind\u00e9pendant\u202f: comment les Canadiens propri\u00e9taires de v\u00e9hicules choisissent-ils leur atelier\u2009\u00bb offre aux lecteurs une vue d&#8217;ensemble des principales observations et des r\u00e9sultats cl\u00e9s li\u00e9s aux pr\u00e9f\u00e9rences et aux attitudes des propri\u00e9taires de v\u00e9hicules au Canada.\u00a0 Pour plus de [&hellip;]<\/p>\n","protected":false},"featured_media":19952,"template":"","meta":{"_acf_changed":false},"product_brand":[],"product_cat":[105],"product_tag":[],"class_list":{"0":"post-19962","1":"product","2":"type-product","3":"status-publish","4":"has-post-thumbnail","6":"product_cat-tendances-des-consommateurs","8":"first","9":"instock","10":"downloadable","11":"virtual","12":"sold-individually","13":"purchasable","14":"product-type-simple"},"acf":[],"aioseo_notices":[],"wpml_current_locale":"fr_CA","wpml_translations":[],"_links":{"self":[{"href":"https:\/\/www.aiacanada.com\/fr\/wp-json\/wp\/v2\/product\/19962","targetHints":{"allow":["GET"]}}],"collection":[{"href":"https:\/\/www.aiacanada.com\/fr\/wp-json\/wp\/v2\/product"}],"about":[{"href":"https:\/\/www.aiacanada.com\/fr\/wp-json\/wp\/v2\/types\/product"}],"wp:featuredmedia":[{"embeddable":true,"href":"https:\/\/www.aiacanada.com\/fr\/wp-json\/wp\/v2\/media\/19952"}],"wp:attachment":[{"href":"https:\/\/www.aiacanada.com\/fr\/wp-json\/wp\/v2\/media?parent=19962"}],"wp:term":[{"taxonomy":"product_brand","embeddable":true,"href":"https:\/\/www.aiacanada.com\/fr\/wp-json\/wp\/v2\/product_brand?post=19962"},{"taxonomy":"product_cat","embeddable":true,"href":"https:\/\/www.aiacanada.com\/fr\/wp-json\/wp\/v2\/product_cat?post=19962"},{"taxonomy":"product_tag","embeddable":true,"href":"https:\/\/www.aiacanada.com\/fr\/wp-json\/wp\/v2\/product_tag?post=19962"}],"curies":[{"name":"wp","href":"https:\/\/api.w.org\/{rel}","templated":true}]}}