{"id":21028,"date":"2024-09-17T07:00:32","date_gmt":"2024-09-17T11:00:32","guid":{"rendered":"https:\/\/www.aiacanada.com\/?post_type=product&#038;p=21028"},"modified":"2024-09-03T09:11:12","modified_gmt":"2024-09-03T13:11:12","slug":"data-dynamics-exploring-vehicle-owners-data-awareness-ownership-and-sharing-edition-2024","status":"publish","type":"product","link":"https:\/\/www.aiacanada.com\/fr\/produit\/data-dynamics-exploring-vehicle-owners-data-awareness-ownership-and-sharing-edition-2024\/","title":{"rendered":"Dynamique des donn\u00e9es\u202f: Explorer la sensibilisation, la propri\u00e9t\u00e9 et le partage des donn\u00e9es des propri\u00e9taires de v\u00e9hicules, \u00e9dition\u202f2024"},"content":{"rendered":"<p><span data-contrast=\"none\">Dans le cadre de la s\u00e9rie Comportement des consommateurs, ce rapport se penchera en profondeur sur les pr\u00e9f\u00e9rences et les attitudes des propri\u00e9taires de v\u00e9hicules canadiens lorsqu\u2019il s\u2019agit de choisir un fournisseur de services.<\/span><span data-ccp-props=\"{&quot;201341983&quot;:0,&quot;335559738&quot;:240,&quot;335559739&quot;:240,&quot;335559740&quot;:279}\">\u00a0<\/span><\/p>\n<p><span data-contrast=\"none\">Adapt\u00e9 aux entreprises de l&#8217;entretien et de la r\u00e9paration automobile, ce rapport fournira \u00e9galement des donn\u00e9es et des renseignements sur\u202f:<\/span><span data-ccp-props=\"{&quot;201341983&quot;:0,&quot;335559739&quot;:0,&quot;335559740&quot;:279}\">\u00a0<\/span><\/p>\n<ul>\n<li data-leveltext=\"\uf0b7\" data-font=\"Symbol\" data-listid=\"6\" data-list-defn-props=\"{&quot;335552541&quot;:1,&quot;335559685&quot;:720,&quot;335559991&quot;:360,&quot;469769226&quot;:&quot;Symbol&quot;,&quot;469769242&quot;:[8226],&quot;469777803&quot;:&quot;left&quot;,&quot;469777804&quot;:&quot;\uf0b7&quot;,&quot;469777815&quot;:&quot;hybridMultilevel&quot;}\" aria-setsize=\"-1\" data-aria-posinset=\"1\" data-aria-level=\"1\"><span data-contrast=\"none\">La connaissance des donn\u00e9es embarqu\u00e9es et du partage de donn\u00e9es par le propri\u00e9taire<\/span><span data-ccp-props=\"{&quot;201341983&quot;:0,&quot;335559739&quot;:0,&quot;335559740&quot;:279}\">\u00a0<\/span><\/li>\n<\/ul>\n<ul>\n<li data-leveltext=\"\uf0b7\" data-font=\"Symbol\" data-listid=\"6\" data-list-defn-props=\"{&quot;335552541&quot;:1,&quot;335559685&quot;:720,&quot;335559991&quot;:360,&quot;469769226&quot;:&quot;Symbol&quot;,&quot;469769242&quot;:[8226],&quot;469777803&quot;:&quot;left&quot;,&quot;469777804&quot;:&quot;\uf0b7&quot;,&quot;469777815&quot;:&quot;hybridMultilevel&quot;}\" aria-setsize=\"-1\" data-aria-posinset=\"2\" data-aria-level=\"1\"><span data-contrast=\"none\">Connaissance par les consommateurs de la t\u00e9l\u00e9matique et de son impact sur l&#8217;entretien des v\u00e9hicules<\/span><span data-ccp-props=\"{&quot;201341983&quot;:0,&quot;335559739&quot;:0,&quot;335559740&quot;:279}\">\u00a0<\/span><\/li>\n<\/ul>\n<ul>\n<li data-leveltext=\"\uf0b7\" data-font=\"Symbol\" data-listid=\"6\" data-list-defn-props=\"{&quot;335552541&quot;:1,&quot;335559685&quot;:720,&quot;335559991&quot;:360,&quot;469769226&quot;:&quot;Symbol&quot;,&quot;469769242&quot;:[8226],&quot;469777803&quot;:&quot;left&quot;,&quot;469777804&quot;:&quot;\uf0b7&quot;,&quot;469777815&quot;:&quot;hybridMultilevel&quot;}\" aria-setsize=\"-1\" data-aria-posinset=\"3\" data-aria-level=\"1\"><span data-contrast=\"none\">Les pr\u00e9f\u00e9rences et attentes en mati\u00e8re de propri\u00e9t\u00e9 des donn\u00e9es<\/span><span data-ccp-props=\"{&quot;201341983&quot;:0,&quot;335559739&quot;:0,&quot;335559740&quot;:279}\">\u00a0<\/span><\/li>\n<\/ul>\n<p><span data-contrast=\"none\">Les recherches tir\u00e9es de ce rapport permettront aux entreprises canadiennes de l&#8217;entretien et de la r\u00e9paration automobile de mieux appr\u00e9hender les connaissances et la perception des propri\u00e9taires de v\u00e9hicules concernant le partage de donn\u00e9es, le droit \u00e0 la r\u00e9paration, ainsi que la mani\u00e8re dont elles peuvent informer leurs client\u00e8les sur les donn\u00e9es \u00e0 bord des v\u00e9hicules et les implications de l&#8217;entretien et de la r\u00e9paration de leurs v\u00e9hicules.<\/span><span data-ccp-props=\"{&quot;201341983&quot;:0,&quot;335559738&quot;:240,&quot;335559739&quot;:240,&quot;335559740&quot;:279}\">\u00a0<\/span><\/p>\n<p><span data-contrast=\"none\">Un sommaire ex\u00e9cutif du rapport est <a href=\"https:\/\/www.aiacanada.com\/fr\/produit\/executive-summary-data-dynamics-exploring-vehicle-owners-data-awareness-ownership-and-sharing\/\">disponible.<\/a><\/span><b><span data-contrast=\"none\">\u00a0<\/span><\/b><\/p>\n","protected":false},"excerpt":{"rendered":"<p>Dans le cadre de la s\u00e9rie Comportement des consommateurs, ce rapport se penchera en profondeur sur les pr\u00e9f\u00e9rences et les attitudes des propri\u00e9taires de v\u00e9hicules canadiens lorsqu\u2019il s\u2019agit de choisir un fournisseur de services.\u00a0 Adapt\u00e9 aux entreprises de l&#8217;entretien et de la r\u00e9paration automobile, ce rapport fournira \u00e9galement des donn\u00e9es et des renseignements sur\u202f:\u00a0 La [&hellip;]<\/p>\n","protected":false},"featured_media":21025,"template":"","meta":{"_acf_changed":false},"product_brand":[],"product_cat":[105],"product_tag":[],"class_list":{"0":"post-21028","1":"product","2":"type-product","3":"status-publish","4":"has-post-thumbnail","6":"product_cat-tendances-des-consommateurs","8":"first","9":"instock","10":"downloadable","11":"virtual","12":"sold-individually","13":"taxable","14":"purchasable","15":"product-type-simple"},"acf":[],"aioseo_notices":[],"wpml_current_locale":"fr_CA","wpml_translations":[],"_links":{"self":[{"href":"https:\/\/www.aiacanada.com\/fr\/wp-json\/wp\/v2\/product\/21028","targetHints":{"allow":["GET"]}}],"collection":[{"href":"https:\/\/www.aiacanada.com\/fr\/wp-json\/wp\/v2\/product"}],"about":[{"href":"https:\/\/www.aiacanada.com\/fr\/wp-json\/wp\/v2\/types\/product"}],"wp:featuredmedia":[{"embeddable":true,"href":"https:\/\/www.aiacanada.com\/fr\/wp-json\/wp\/v2\/media\/21025"}],"wp:attachment":[{"href":"https:\/\/www.aiacanada.com\/fr\/wp-json\/wp\/v2\/media?parent=21028"}],"wp:term":[{"taxonomy":"product_brand","embeddable":true,"href":"https:\/\/www.aiacanada.com\/fr\/wp-json\/wp\/v2\/product_brand?post=21028"},{"taxonomy":"product_cat","embeddable":true,"href":"https:\/\/www.aiacanada.com\/fr\/wp-json\/wp\/v2\/product_cat?post=21028"},{"taxonomy":"product_tag","embeddable":true,"href":"https:\/\/www.aiacanada.com\/fr\/wp-json\/wp\/v2\/product_tag?post=21028"}],"curies":[{"name":"wp","href":"https:\/\/api.w.org\/{rel}","templated":true}]}}