{"id":21703,"date":"2025-01-21T07:00:40","date_gmt":"2025-01-21T12:00:40","guid":{"rendered":"https:\/\/www.aiacanada.com\/?post_type=product&#038;p=21703"},"modified":"2025-01-08T14:53:45","modified_gmt":"2025-01-08T19:53:45","slug":"executive-summary-outlook-study-edition-2024-2025-executive-summary","status":"publish","type":"product","link":"https:\/\/www.aiacanada.com\/fr\/produit\/executive-summary-outlook-study-edition-2024-2025-executive-summary\/","title":{"rendered":"(Sommaire ex\u00e9cutif) \u00c9tude de perspectives, \u00e9dition 2024-2025"},"content":{"rendered":"<p><span data-contrast=\"auto\">Dans le cadre de l&#8217;\u00e9tude des perspectives, \u00e9dition 2024-2025, le sommaire ex\u00e9cutif offre aux lecteurs un aper\u00e7u des principales conclusions et analyses pr\u00e9sent\u00e9es dans l&#8217;\u00e9tude, telles que la croissance du secteur de l\u2019entretien et de la r\u00e9paration automobile au Canada, le droit \u00e0 la r\u00e9paration et l&#8217;augmentation des v\u00e9hicules \u00e9lectriques.<\/span><span data-ccp-props=\"{&quot;134233117&quot;:false,&quot;134233118&quot;:false,&quot;335559738&quot;:240,&quot;335559739&quot;:240}\">\u00a0<\/span><\/p>\n<p><span data-contrast=\"auto\">Pour en savoir plus, <a href=\"https:\/\/www.aiacanada.com\/fr\/produit\/outlook-study-edition-2024-2025\/\">t\u00e9l\u00e9chargez le rapport complet.<\/a><\/span><\/p>\n","protected":false},"excerpt":{"rendered":"<p>Dans le cadre de l&#8217;\u00e9tude des perspectives, \u00e9dition 2024-2025, le sommaire ex\u00e9cutif offre aux lecteurs un aper\u00e7u des principales conclusions et analyses pr\u00e9sent\u00e9es dans l&#8217;\u00e9tude, telles que la croissance du secteur de l\u2019entretien et de la r\u00e9paration automobile au Canada, le droit \u00e0 la r\u00e9paration et l&#8217;augmentation des v\u00e9hicules \u00e9lectriques.\u00a0 Pour en savoir plus, t\u00e9l\u00e9chargez [&hellip;]<\/p>\n","protected":false},"featured_media":21707,"template":"","meta":{"_acf_changed":false},"product_brand":[],"product_cat":[106],"product_tag":[],"class_list":{"0":"post-21703","1":"product","2":"type-product","3":"status-publish","4":"has-post-thumbnail","6":"product_cat-tendances-et-portrait-de-lindustrie","8":"first","9":"instock","10":"downloadable","11":"virtual","12":"sold-individually","13":"taxable","14":"purchasable","15":"product-type-simple"},"acf":[],"aioseo_notices":[],"wpml_current_locale":"fr_CA","wpml_translations":[],"_links":{"self":[{"href":"https:\/\/www.aiacanada.com\/fr\/wp-json\/wp\/v2\/product\/21703","targetHints":{"allow":["GET"]}}],"collection":[{"href":"https:\/\/www.aiacanada.com\/fr\/wp-json\/wp\/v2\/product"}],"about":[{"href":"https:\/\/www.aiacanada.com\/fr\/wp-json\/wp\/v2\/types\/product"}],"wp:featuredmedia":[{"embeddable":true,"href":"https:\/\/www.aiacanada.com\/fr\/wp-json\/wp\/v2\/media\/21707"}],"wp:attachment":[{"href":"https:\/\/www.aiacanada.com\/fr\/wp-json\/wp\/v2\/media?parent=21703"}],"wp:term":[{"taxonomy":"product_brand","embeddable":true,"href":"https:\/\/www.aiacanada.com\/fr\/wp-json\/wp\/v2\/product_brand?post=21703"},{"taxonomy":"product_cat","embeddable":true,"href":"https:\/\/www.aiacanada.com\/fr\/wp-json\/wp\/v2\/product_cat?post=21703"},{"taxonomy":"product_tag","embeddable":true,"href":"https:\/\/www.aiacanada.com\/fr\/wp-json\/wp\/v2\/product_tag?post=21703"}],"curies":[{"name":"wp","href":"https:\/\/api.w.org\/{rel}","templated":true}]}}