{"id":22010,"date":"2025-02-12T13:37:21","date_gmt":"2025-02-12T18:37:21","guid":{"rendered":"https:\/\/www.aiacanada.com\/?post_type=product&#038;p=22010"},"modified":"2025-02-12T13:41:46","modified_gmt":"2025-02-12T18:41:46","slug":"le-secteur-de-lentretien-et-de-la-reparation-automobile-du-manitoba-en-chiffres","status":"publish","type":"product","link":"https:\/\/www.aiacanada.com\/fr\/produit\/le-secteur-de-lentretien-et-de-la-reparation-automobile-du-manitoba-en-chiffres\/","title":{"rendered":"Le secteur de l\u2019entretien et de la r\u00e9paration automobile du Manitoba en chiffres"},"content":{"rendered":"<p>L&#8217;industrie de l&#8217;entretien et de la r\u00e9paration automobile du Manitoba joue un r\u00f4le essentiel dans l&#8217;\u00e9conomie des Prairies, avec un solide r\u00e9seau d&#8217;entreprises de la cha\u00eene d&#8217;approvisionnement soutenant les entreprises de r\u00e9paration et d&#8217;entretien automobile. Cette infographie met en \u00e9vidence l&#8217;impact du secteur et de sa main-d&#8217;\u0153uvre dans cette province.<\/p>\n<p>Mis \u00e0 jour le 14 f\u00e9vrier 2025<\/p>\n","protected":false},"excerpt":{"rendered":"<p>L&#8217;industrie de l&#8217;entretien et de la r\u00e9paration automobile du Manitoba joue un r\u00f4le essentiel dans l&#8217;\u00e9conomie des Prairies, avec un solide r\u00e9seau d&#8217;entreprises de la cha\u00eene d&#8217;approvisionnement soutenant les entreprises de r\u00e9paration et d&#8217;entretien automobile. Cette infographie met en \u00e9vidence l&#8217;impact du secteur et de sa main-d&#8217;\u0153uvre dans cette province. Mis \u00e0 jour le 14 [&hellip;]<\/p>\n","protected":false},"featured_media":14945,"template":"","meta":{"_acf_changed":false},"product_brand":[],"product_cat":[103,106],"product_tag":[],"class_list":{"0":"post-22010","1":"product","2":"type-product","3":"status-publish","4":"has-post-thumbnail","6":"product_cat-outils-de-lindustrie","7":"product_cat-tendances-et-portrait-de-lindustrie","9":"first","10":"instock","11":"downloadable","12":"virtual","13":"sold-individually","14":"taxable","15":"product-type-simple"},"acf":[],"aioseo_notices":[],"wpml_current_locale":"fr_CA","wpml_translations":[],"_links":{"self":[{"href":"https:\/\/www.aiacanada.com\/fr\/wp-json\/wp\/v2\/product\/22010","targetHints":{"allow":["GET"]}}],"collection":[{"href":"https:\/\/www.aiacanada.com\/fr\/wp-json\/wp\/v2\/product"}],"about":[{"href":"https:\/\/www.aiacanada.com\/fr\/wp-json\/wp\/v2\/types\/product"}],"wp:featuredmedia":[{"embeddable":true,"href":"https:\/\/www.aiacanada.com\/fr\/wp-json\/wp\/v2\/media\/14945"}],"wp:attachment":[{"href":"https:\/\/www.aiacanada.com\/fr\/wp-json\/wp\/v2\/media?parent=22010"}],"wp:term":[{"taxonomy":"product_brand","embeddable":true,"href":"https:\/\/www.aiacanada.com\/fr\/wp-json\/wp\/v2\/product_brand?post=22010"},{"taxonomy":"product_cat","embeddable":true,"href":"https:\/\/www.aiacanada.com\/fr\/wp-json\/wp\/v2\/product_cat?post=22010"},{"taxonomy":"product_tag","embeddable":true,"href":"https:\/\/www.aiacanada.com\/fr\/wp-json\/wp\/v2\/product_tag?post=22010"}],"curies":[{"name":"wp","href":"https:\/\/api.w.org\/{rel}","templated":true}]}}