{"id":22016,"date":"2025-02-12T15:33:55","date_gmt":"2025-02-12T20:33:55","guid":{"rendered":"https:\/\/www.aiacanada.com\/?post_type=product&#038;p=22016"},"modified":"2025-02-12T15:36:46","modified_gmt":"2025-02-12T20:36:46","slug":"le-secteur-de-lentretien-et-de-la-reparation-automobile-de-la-saskatchewan-en-chiffres","status":"publish","type":"product","link":"https:\/\/www.aiacanada.com\/fr\/produit\/le-secteur-de-lentretien-et-de-la-reparation-automobile-de-la-saskatchewan-en-chiffres\/","title":{"rendered":"Le secteur de l\u2019entretien et de la r\u00e9paration automobile de la Saskatchewan en chiffres"},"content":{"rendered":"<p>L&#8217;industrie de l&#8217;entretien et de la r\u00e9paration automobile de la Saskatchewan apporte une contribution essentielle \u00e0 l&#8217;\u00e9conomie des Prairies, gr\u00e2ce \u00e0 la vigueur des entreprises de r\u00e9paration et d&#8217;entretien d&#8217;automobiles. Cette infographie pr\u00e9sente l&#8217;impact de l&#8217;industrie de l&#8217;entretien et de la r\u00e9paration automobile et la main-d&#8217;\u0153uvre qui la fait fonctionner dans toute la province.<\/p>\n<p>Mis \u00e0 jour le 14 f\u00e9vrier 2025<\/p>\n","protected":false},"excerpt":{"rendered":"<p>L&#8217;industrie de l&#8217;entretien et de la r\u00e9paration automobile de la Saskatchewan apporte une contribution essentielle \u00e0 l&#8217;\u00e9conomie des Prairies, gr\u00e2ce \u00e0 la vigueur des entreprises de r\u00e9paration et d&#8217;entretien d&#8217;automobiles. Cette infographie pr\u00e9sente l&#8217;impact de l&#8217;industrie de l&#8217;entretien et de la r\u00e9paration automobile et la main-d&#8217;\u0153uvre qui la fait fonctionner dans toute la province. Mis [&hellip;]<\/p>\n","protected":false},"featured_media":14945,"template":"","meta":{"_acf_changed":false},"product_brand":[],"product_cat":[103,106],"product_tag":[],"class_list":{"0":"post-22016","1":"product","2":"type-product","3":"status-publish","4":"has-post-thumbnail","6":"product_cat-outils-de-lindustrie","7":"product_cat-tendances-et-portrait-de-lindustrie","9":"first","10":"instock","11":"downloadable","12":"virtual","13":"sold-individually","14":"taxable","15":"product-type-simple"},"acf":[],"aioseo_notices":[],"wpml_current_locale":"fr_CA","wpml_translations":[],"_links":{"self":[{"href":"https:\/\/www.aiacanada.com\/fr\/wp-json\/wp\/v2\/product\/22016","targetHints":{"allow":["GET"]}}],"collection":[{"href":"https:\/\/www.aiacanada.com\/fr\/wp-json\/wp\/v2\/product"}],"about":[{"href":"https:\/\/www.aiacanada.com\/fr\/wp-json\/wp\/v2\/types\/product"}],"wp:featuredmedia":[{"embeddable":true,"href":"https:\/\/www.aiacanada.com\/fr\/wp-json\/wp\/v2\/media\/14945"}],"wp:attachment":[{"href":"https:\/\/www.aiacanada.com\/fr\/wp-json\/wp\/v2\/media?parent=22016"}],"wp:term":[{"taxonomy":"product_brand","embeddable":true,"href":"https:\/\/www.aiacanada.com\/fr\/wp-json\/wp\/v2\/product_brand?post=22016"},{"taxonomy":"product_cat","embeddable":true,"href":"https:\/\/www.aiacanada.com\/fr\/wp-json\/wp\/v2\/product_cat?post=22016"},{"taxonomy":"product_tag","embeddable":true,"href":"https:\/\/www.aiacanada.com\/fr\/wp-json\/wp\/v2\/product_tag?post=22016"}],"curies":[{"name":"wp","href":"https:\/\/api.w.org\/{rel}","templated":true}]}}