{"id":22672,"date":"2025-04-22T07:00:32","date_gmt":"2025-04-22T11:00:32","guid":{"rendered":"https:\/\/www.aiacanada.com\/?post_type=product&#038;p=22672"},"modified":"2025-04-08T11:12:28","modified_gmt":"2025-04-08T15:12:28","slug":"executive-summary-what-does-this-button-do-consumer-views-of-modern-vehicle-technology","status":"publish","type":"product","link":"https:\/\/www.aiacanada.com\/fr\/produit\/executive-summary-what-does-this-button-do-consumer-views-of-modern-vehicle-technology\/","title":{"rendered":"(Sommaire ex\u00e9cutif) \u00c0 quoi sert ce bouton? La perception des consommateurs des technologies modernes des v\u00e9hicules"},"content":{"rendered":"<p><span data-contrast=\"auto\">Dans le cadre de la S\u00e9rie sur le comportement des consommateurs, le sommaire ex\u00e9cutif\u00a0 du rapport <\/span><i><span data-contrast=\"auto\">\u00c0 quoi sert ce bouton? La perception des consommateurs des technologies modernes des v\u00e9hicules<\/span><\/i><span data-contrast=\"auto\"> pr\u00e9sente un aper\u00e7u des principales conclusions et des r\u00e9sultats li\u00e9s \u00e0 la perception et aux connaissances des propri\u00e9taires de v\u00e9hicules concernant les technologies modernes.<\/span><span data-ccp-props=\"{&quot;134233117&quot;:false,&quot;134233118&quot;:false,&quot;335559738&quot;:240,&quot;335559739&quot;:240}\">\u00a0<\/span><\/p>\n<p><a href=\"https:\/\/www.aiacanada.com\/fr\/produit\/what-does-this-button-do-consumer-views-of-modern-vehicle-technology\/\"><span data-contrast=\"auto\">Consultez le rapport complet ici.<\/span><\/a><\/p>\n","protected":false},"excerpt":{"rendered":"<p>Dans le cadre de la S\u00e9rie sur le comportement des consommateurs, le sommaire ex\u00e9cutif\u00a0 du rapport \u00c0 quoi sert ce bouton? La perception des consommateurs des technologies modernes des v\u00e9hicules pr\u00e9sente un aper\u00e7u des principales conclusions et des r\u00e9sultats li\u00e9s \u00e0 la perception et aux connaissances des propri\u00e9taires de v\u00e9hicules concernant les technologies modernes.\u00a0 Consultez [&hellip;]<\/p>\n","protected":false},"featured_media":22673,"template":"","meta":{"_acf_changed":false},"product_brand":[],"product_cat":[105],"product_tag":[],"class_list":{"0":"post-22672","1":"product","2":"type-product","3":"status-publish","4":"has-post-thumbnail","6":"product_cat-tendances-des-consommateurs","8":"first","9":"instock","10":"downloadable","11":"virtual","12":"sold-individually","13":"taxable","14":"purchasable","15":"product-type-simple"},"acf":[],"aioseo_notices":[],"wpml_current_locale":"fr_CA","wpml_translations":[],"_links":{"self":[{"href":"https:\/\/www.aiacanada.com\/fr\/wp-json\/wp\/v2\/product\/22672","targetHints":{"allow":["GET"]}}],"collection":[{"href":"https:\/\/www.aiacanada.com\/fr\/wp-json\/wp\/v2\/product"}],"about":[{"href":"https:\/\/www.aiacanada.com\/fr\/wp-json\/wp\/v2\/types\/product"}],"wp:featuredmedia":[{"embeddable":true,"href":"https:\/\/www.aiacanada.com\/fr\/wp-json\/wp\/v2\/media\/22673"}],"wp:attachment":[{"href":"https:\/\/www.aiacanada.com\/fr\/wp-json\/wp\/v2\/media?parent=22672"}],"wp:term":[{"taxonomy":"product_brand","embeddable":true,"href":"https:\/\/www.aiacanada.com\/fr\/wp-json\/wp\/v2\/product_brand?post=22672"},{"taxonomy":"product_cat","embeddable":true,"href":"https:\/\/www.aiacanada.com\/fr\/wp-json\/wp\/v2\/product_cat?post=22672"},{"taxonomy":"product_tag","embeddable":true,"href":"https:\/\/www.aiacanada.com\/fr\/wp-json\/wp\/v2\/product_tag?post=22672"}],"curies":[{"name":"wp","href":"https:\/\/api.w.org\/{rel}","templated":true}]}}