{"id":22744,"date":"2025-04-15T13:00:16","date_gmt":"2025-04-15T17:00:16","guid":{"rendered":"https:\/\/www.aiacanada.com\/?post_type=product&#038;p=22744"},"modified":"2025-04-11T13:05:54","modified_gmt":"2025-04-11T17:05:54","slug":"2024-agm-meeting-minutes","status":"publish","type":"product","link":"https:\/\/www.aiacanada.com\/fr\/produit\/2024-agm-meeting-minutes\/","title":{"rendered":"Proc\u00e8s-verbal de l&#8217;AGA 2024"},"content":{"rendered":"<p><span data-contrast=\"none\">Le proc\u00e8s-verbal de l&#8217;assembl\u00e9e g\u00e9n\u00e9rale annuelle (AGA) de 2024 de l&#8217;AIA Canada a \u00e9t\u00e9 r\u00e9dig\u00e9 lors de l&#8217;AGA de 2024, qui s&#8217;est tenue le 14 avril 2024. L&#8217;AGA a \u00e9t\u00e9 organis\u00e9e par Jean-Fran\u00e7ois Champagne, CAE, pr\u00e9sident et directeur g\u00e9n\u00e9ral de l&#8217;AIA Canada, et pr\u00e9sid\u00e9e par Shannon Spano, pr\u00e9sidente du conseil d&#8217;administration 2023-2024 de l&#8217;AIA Canada.\u00a0<\/span><span data-ccp-props=\"{&quot;335559738&quot;:240,&quot;335559739&quot;:240}\">\u00a0<\/span><\/p>\n<p><span data-contrast=\"none\">T\u00e9l\u00e9chargez le proc\u00e8s-verbal complet de la r\u00e9union pour en savoir plus sur les activit\u00e9s de l&#8217;AIA Canada en 2024.\u00a0<\/span><\/p>\n","protected":false},"excerpt":{"rendered":"<p>Le proc\u00e8s-verbal de l&#8217;assembl\u00e9e g\u00e9n\u00e9rale annuelle (AGA) de 2024 de l&#8217;AIA Canada a \u00e9t\u00e9 r\u00e9dig\u00e9 lors de l&#8217;AGA de 2024, qui s&#8217;est tenue le 14 avril 2024. L&#8217;AGA a \u00e9t\u00e9 organis\u00e9e par Jean-Fran\u00e7ois Champagne, CAE, pr\u00e9sident et directeur g\u00e9n\u00e9ral de l&#8217;AIA Canada, et pr\u00e9sid\u00e9e par Shannon Spano, pr\u00e9sidente du conseil d&#8217;administration 2023-2024 de l&#8217;AIA Canada.\u00a0\u00a0 [&hellip;]<\/p>\n","protected":false},"featured_media":22745,"template":"","meta":{"_acf_changed":false},"product_brand":[],"product_cat":[104],"product_tag":[],"class_list":{"0":"post-22744","1":"product","2":"type-product","3":"status-publish","4":"has-post-thumbnail","6":"product_cat-rapports-organisationnels","8":"first","9":"instock","10":"downloadable","11":"virtual","12":"sold-individually","13":"taxable","14":"purchasable","15":"product-type-simple"},"acf":[],"aioseo_notices":[],"wpml_current_locale":"fr_CA","wpml_translations":[],"_links":{"self":[{"href":"https:\/\/www.aiacanada.com\/fr\/wp-json\/wp\/v2\/product\/22744","targetHints":{"allow":["GET"]}}],"collection":[{"href":"https:\/\/www.aiacanada.com\/fr\/wp-json\/wp\/v2\/product"}],"about":[{"href":"https:\/\/www.aiacanada.com\/fr\/wp-json\/wp\/v2\/types\/product"}],"wp:featuredmedia":[{"embeddable":true,"href":"https:\/\/www.aiacanada.com\/fr\/wp-json\/wp\/v2\/media\/22745"}],"wp:attachment":[{"href":"https:\/\/www.aiacanada.com\/fr\/wp-json\/wp\/v2\/media?parent=22744"}],"wp:term":[{"taxonomy":"product_brand","embeddable":true,"href":"https:\/\/www.aiacanada.com\/fr\/wp-json\/wp\/v2\/product_brand?post=22744"},{"taxonomy":"product_cat","embeddable":true,"href":"https:\/\/www.aiacanada.com\/fr\/wp-json\/wp\/v2\/product_cat?post=22744"},{"taxonomy":"product_tag","embeddable":true,"href":"https:\/\/www.aiacanada.com\/fr\/wp-json\/wp\/v2\/product_tag?post=22744"}],"curies":[{"name":"wp","href":"https:\/\/api.w.org\/{rel}","templated":true}]}}