{"id":22754,"date":"2025-04-15T13:00:47","date_gmt":"2025-04-15T17:00:47","guid":{"rendered":"https:\/\/www.aiacanada.com\/?post_type=product&#038;p=22754"},"modified":"2025-04-11T13:09:43","modified_gmt":"2025-04-11T17:09:43","slug":"2025-nominating-committee-report","status":"publish","type":"product","link":"https:\/\/www.aiacanada.com\/fr\/produit\/2025-nominating-committee-report\/","title":{"rendered":"Rapport du Comit\u00e9 de nomination 2025"},"content":{"rendered":"<p><span data-contrast=\"none\">Le rapport du Comit\u00e9 des nominations pr\u00e9sente les membres nomm\u00e9s pour combler les postes vacants au sein du conseil d&#8217;administration de l&#8217;AIA Canada. Le rapport de 2025 pr\u00e9sente les biographies des nouveaux membres du conseil, Trista Anger, \u00c9lisabeth Lambert et Jean-Fran\u00e7ois Richard, CPA. D&#8217;autres changements au sein du conseil sont \u00e9galement pr\u00e9sent\u00e9s.<\/span><span data-ccp-props=\"{&quot;335559738&quot;:240,&quot;335559739&quot;:240}\">\u00a0<\/span><\/p>\n<p><span data-contrast=\"none\">T\u00e9l\u00e9chargez le rapport pour en savoir plus sur le conseil d&#8217;administration 2025-2026 de l&#8217;AIA Canada.<\/span><\/p>\n","protected":false},"excerpt":{"rendered":"<p>Le rapport du Comit\u00e9 des nominations pr\u00e9sente les membres nomm\u00e9s pour combler les postes vacants au sein du conseil d&#8217;administration de l&#8217;AIA Canada. Le rapport de 2025 pr\u00e9sente les biographies des nouveaux membres du conseil, Trista Anger, \u00c9lisabeth Lambert et Jean-Fran\u00e7ois Richard, CPA. D&#8217;autres changements au sein du conseil sont \u00e9galement pr\u00e9sent\u00e9s.\u00a0 T\u00e9l\u00e9chargez le rapport [&hellip;]<\/p>\n","protected":false},"featured_media":22755,"template":"","meta":{"_acf_changed":false},"product_brand":[],"product_cat":[104],"product_tag":[],"class_list":{"0":"post-22754","1":"product","2":"type-product","3":"status-publish","4":"has-post-thumbnail","6":"product_cat-rapports-organisationnels","8":"first","9":"instock","10":"downloadable","11":"virtual","12":"sold-individually","13":"taxable","14":"purchasable","15":"product-type-simple"},"acf":[],"aioseo_notices":[],"wpml_current_locale":"fr_CA","wpml_translations":[],"_links":{"self":[{"href":"https:\/\/www.aiacanada.com\/fr\/wp-json\/wp\/v2\/product\/22754","targetHints":{"allow":["GET"]}}],"collection":[{"href":"https:\/\/www.aiacanada.com\/fr\/wp-json\/wp\/v2\/product"}],"about":[{"href":"https:\/\/www.aiacanada.com\/fr\/wp-json\/wp\/v2\/types\/product"}],"wp:featuredmedia":[{"embeddable":true,"href":"https:\/\/www.aiacanada.com\/fr\/wp-json\/wp\/v2\/media\/22755"}],"wp:attachment":[{"href":"https:\/\/www.aiacanada.com\/fr\/wp-json\/wp\/v2\/media?parent=22754"}],"wp:term":[{"taxonomy":"product_brand","embeddable":true,"href":"https:\/\/www.aiacanada.com\/fr\/wp-json\/wp\/v2\/product_brand?post=22754"},{"taxonomy":"product_cat","embeddable":true,"href":"https:\/\/www.aiacanada.com\/fr\/wp-json\/wp\/v2\/product_cat?post=22754"},{"taxonomy":"product_tag","embeddable":true,"href":"https:\/\/www.aiacanada.com\/fr\/wp-json\/wp\/v2\/product_tag?post=22754"}],"curies":[{"name":"wp","href":"https:\/\/api.w.org\/{rel}","templated":true}]}}