{"id":22764,"date":"2025-04-15T13:00:41","date_gmt":"2025-04-15T17:00:41","guid":{"rendered":"https:\/\/www.aiacanada.com\/?post_type=product&#038;p=22764"},"modified":"2025-04-11T13:13:09","modified_gmt":"2025-04-11T17:13:09","slug":"2024-financial-statements","status":"publish","type":"product","link":"https:\/\/www.aiacanada.com\/fr\/produit\/2024-financial-statements\/","title":{"rendered":"\u00c9tats financiers 2024"},"content":{"rendered":"<p><span class=\"TextRun SCXW258856895 BCX0\" lang=\"EN-US\" xml:lang=\"EN-US\" data-contrast=\"auto\"><span class=\"NormalTextRun SCXW258856895 BCX0\">Les \u00e9tats financiers de <\/span><span class=\"NormalTextRun SpellingErrorV2Themed SCXW258856895 BCX0\">l&#8217;AIA<\/span><span class=\"NormalTextRun SCXW258856895 BCX0\"> Canada pour 2024 <\/span><span class=\"NormalTextRun SpellingErrorV2Themed SCXW258856895 BCX0\">pr\u00e9sentent<\/span> <span class=\"NormalTextRun SpellingErrorV2Themed SCXW258856895 BCX0\">une<\/span> <span class=\"NormalTextRun SpellingErrorV2Themed SCXW258856895 BCX0\">comptabilit\u00e9<\/span> <span class=\"NormalTextRun SpellingErrorV2Themed SCXW258856895 BCX0\">compl\u00e8te<\/span><span class=\"NormalTextRun SCXW258856895 BCX0\"> de la situation financi\u00e8re de <\/span><span class=\"NormalTextRun SpellingErrorV2Themed SCXW258856895 BCX0\">l&#8217;Association<\/span><span class=\"NormalTextRun SCXW258856895 BCX0\"> \u00e0 la fin de son <\/span><span class=\"NormalTextRun SpellingErrorV2Themed SCXW258856895 BCX0\">exercice<\/span><span class=\"NormalTextRun SCXW258856895 BCX0\"> financier, le 31 <\/span><span class=\"NormalTextRun SpellingErrorV2Themed SCXW258856895 BCX0\">d\u00e9cembre<\/span><span class=\"NormalTextRun SCXW258856895 BCX0\"> 2024. Le rapport <\/span><span class=\"NormalTextRun SpellingErrorV2Themed SCXW258856895 BCX0\">d&#8217;audit<\/span><span class=\"NormalTextRun SCXW258856895 BCX0\"> a <\/span><span class=\"NormalTextRun SpellingErrorV2Themed SCXW258856895 BCX0\">\u00e9t\u00e9<\/span> <span class=\"NormalTextRun SpellingErrorV2Themed SCXW258856895 BCX0\">r\u00e9alis\u00e9<\/span><span class=\"NormalTextRun SCXW258856895 BCX0\"> et <\/span><span class=\"NormalTextRun SpellingErrorV2Themed SCXW258856895 BCX0\">pr\u00e9par\u00e9<\/span><span class=\"NormalTextRun SCXW258856895 BCX0\"> par BDO Canada.<\/span><\/span><\/p>\n","protected":false},"excerpt":{"rendered":"<p>Les \u00e9tats financiers de l&#8217;AIA Canada pour 2024 pr\u00e9sentent une comptabilit\u00e9 compl\u00e8te de la situation financi\u00e8re de l&#8217;Association \u00e0 la fin de son exercice financier, le 31 d\u00e9cembre 2024. Le rapport d&#8217;audit a \u00e9t\u00e9 r\u00e9alis\u00e9 et pr\u00e9par\u00e9 par BDO Canada.<\/p>\n","protected":false},"featured_media":22761,"template":"","meta":{"_acf_changed":false},"product_brand":[],"product_cat":[104],"product_tag":[],"class_list":{"0":"post-22764","1":"product","2":"type-product","3":"status-publish","4":"has-post-thumbnail","6":"product_cat-rapports-organisationnels","8":"first","9":"instock","10":"downloadable","11":"virtual","12":"sold-individually","13":"taxable","14":"purchasable","15":"product-type-simple"},"acf":[],"aioseo_notices":[],"wpml_current_locale":"fr_CA","wpml_translations":[],"_links":{"self":[{"href":"https:\/\/www.aiacanada.com\/fr\/wp-json\/wp\/v2\/product\/22764","targetHints":{"allow":["GET"]}}],"collection":[{"href":"https:\/\/www.aiacanada.com\/fr\/wp-json\/wp\/v2\/product"}],"about":[{"href":"https:\/\/www.aiacanada.com\/fr\/wp-json\/wp\/v2\/types\/product"}],"wp:featuredmedia":[{"embeddable":true,"href":"https:\/\/www.aiacanada.com\/fr\/wp-json\/wp\/v2\/media\/22761"}],"wp:attachment":[{"href":"https:\/\/www.aiacanada.com\/fr\/wp-json\/wp\/v2\/media?parent=22764"}],"wp:term":[{"taxonomy":"product_brand","embeddable":true,"href":"https:\/\/www.aiacanada.com\/fr\/wp-json\/wp\/v2\/product_brand?post=22764"},{"taxonomy":"product_cat","embeddable":true,"href":"https:\/\/www.aiacanada.com\/fr\/wp-json\/wp\/v2\/product_cat?post=22764"},{"taxonomy":"product_tag","embeddable":true,"href":"https:\/\/www.aiacanada.com\/fr\/wp-json\/wp\/v2\/product_tag?post=22764"}],"curies":[{"name":"wp","href":"https:\/\/api.w.org\/{rel}","templated":true}]}}