{"id":23004,"date":"2025-05-22T07:00:42","date_gmt":"2025-05-22T11:00:42","guid":{"rendered":"https:\/\/www.aiacanada.com\/?post_type=product&#038;p=23004"},"modified":"2025-05-08T10:48:19","modified_gmt":"2025-05-08T14:48:19","slug":"who-has-the-right-to-repair-vehicle-owners-perspectives-on-data-access-and-ownership","status":"publish","type":"product","link":"https:\/\/www.aiacanada.com\/fr\/produit\/who-has-the-right-to-repair-vehicle-owners-perspectives-on-data-access-and-ownership\/","title":{"rendered":"Qui a le droit de r\u00e9parer? Le point de vue des propri\u00e9taires de v\u00e9hicules sur l\u2019acc\u00e8s aux donn\u00e9es et leur propri\u00e9t\u00e9"},"content":{"rendered":"<p><span data-contrast=\"auto\">Dans le cadre de la <\/span><b><span data-contrast=\"auto\">S\u00e9rie sur le comportement des consommateurs<\/span><\/b><span data-contrast=\"auto\">, ce rapport propose une analyse approfondie de la sensibilisation des propri\u00e9taires de v\u00e9hicules canadiens aux donn\u00e9es g\u00e9n\u00e9r\u00e9es par leur v\u00e9hicule et de ce que cela signifie pour l\u2019entretien et la r\u00e9paration de celui-ci.<\/span><span data-ccp-props=\"{&quot;134233117&quot;:false,&quot;134233118&quot;:false,&quot;201341983&quot;:0,&quot;335559738&quot;:240,&quot;335559739&quot;:240,&quot;335559740&quot;:279}\">\u00a0<\/span><\/p>\n<p><span data-contrast=\"auto\">Con\u00e7u en pensant aux entreprises du secteur de l\u2019entretien et de la r\u00e9paration automobile, ce rapport offre \u00e9galement des donn\u00e9es et des perspectives sur\u202f:<\/span><span data-ccp-props=\"{&quot;134233117&quot;:false,&quot;134233118&quot;:false,&quot;201341983&quot;:0,&quot;335559738&quot;:240,&quot;335559739&quot;:240,&quot;335559740&quot;:279}\">\u00a0<\/span><\/p>\n<ul>\n<li data-leveltext=\"\uf0b7\" data-font=\"Symbol\" data-listid=\"2\" data-list-defn-props=\"{&quot;335552541&quot;:1,&quot;335559685&quot;:720,&quot;335559991&quot;:360,&quot;469769226&quot;:&quot;Symbol&quot;,&quot;469769242&quot;:[8226],&quot;469777803&quot;:&quot;left&quot;,&quot;469777804&quot;:&quot;\uf0b7&quot;,&quot;469777815&quot;:&quot;hybridMultilevel&quot;}\" aria-setsize=\"-1\" data-aria-posinset=\"1\" data-aria-level=\"1\"><span data-contrast=\"auto\">Les pr\u00e9f\u00e9rences et attentes en mati\u00e8re de propri\u00e9t\u00e9 des donn\u00e9es<\/span><span data-ccp-props=\"{&quot;134233117&quot;:false,&quot;134233118&quot;:false,&quot;201341983&quot;:0,&quot;335559738&quot;:240,&quot;335559739&quot;:240,&quot;335559740&quot;:279}\">\u00a0<\/span><\/li>\n<\/ul>\n<ul>\n<li data-leveltext=\"\uf0b7\" data-font=\"Symbol\" data-listid=\"2\" data-list-defn-props=\"{&quot;335552541&quot;:1,&quot;335559685&quot;:720,&quot;335559991&quot;:360,&quot;469769226&quot;:&quot;Symbol&quot;,&quot;469769242&quot;:[8226],&quot;469777803&quot;:&quot;left&quot;,&quot;469777804&quot;:&quot;\uf0b7&quot;,&quot;469777815&quot;:&quot;hybridMultilevel&quot;}\" aria-setsize=\"-1\" data-aria-posinset=\"2\" data-aria-level=\"1\"><span data-contrast=\"auto\">La compr\u00e9hension des donn\u00e9es g\u00e9n\u00e9r\u00e9es par leur v\u00e9hicule<\/span><span data-ccp-props=\"{&quot;134233117&quot;:false,&quot;134233118&quot;:false,&quot;201341983&quot;:0,&quot;335559738&quot;:240,&quot;335559739&quot;:240,&quot;335559740&quot;:279}\">\u00a0<\/span><\/li>\n<\/ul>\n<ul>\n<li data-leveltext=\"\uf0b7\" data-font=\"Symbol\" data-listid=\"2\" data-list-defn-props=\"{&quot;335552541&quot;:1,&quot;335559685&quot;:720,&quot;335559991&quot;:360,&quot;469769226&quot;:&quot;Symbol&quot;,&quot;469769242&quot;:[8226],&quot;469777803&quot;:&quot;left&quot;,&quot;469777804&quot;:&quot;\uf0b7&quot;,&quot;469777815&quot;:&quot;hybridMultilevel&quot;}\" aria-setsize=\"-1\" data-aria-posinset=\"3\" data-aria-level=\"1\"><span data-contrast=\"auto\">Les pr\u00e9f\u00e9rences relatives au partage des donn\u00e9es<\/span><span data-ccp-props=\"{&quot;134233117&quot;:false,&quot;134233118&quot;:false,&quot;201341983&quot;:0,&quot;335559738&quot;:240,&quot;335559739&quot;:240,&quot;335559740&quot;:279}\">\u00a0<\/span><\/li>\n<\/ul>\n<ul>\n<li data-leveltext=\"\uf0b7\" data-font=\"Symbol\" data-listid=\"2\" data-list-defn-props=\"{&quot;335552541&quot;:1,&quot;335559685&quot;:720,&quot;335559991&quot;:360,&quot;469769226&quot;:&quot;Symbol&quot;,&quot;469769242&quot;:[8226],&quot;469777803&quot;:&quot;left&quot;,&quot;469777804&quot;:&quot;\uf0b7&quot;,&quot;469777815&quot;:&quot;hybridMultilevel&quot;}\" aria-setsize=\"-1\" data-aria-posinset=\"4\" data-aria-level=\"1\"><span data-contrast=\"auto\">La sensibilisation et le soutien \u00e0 la campagne mondiale pour le <\/span><i><span data-contrast=\"auto\">droit \u00e0 la r\u00e9paration<\/span><\/i><span data-contrast=\"auto\">, qui milite en faveur d\u2019un acc\u00e8s libre aux donn\u00e9es de diagnostic des v\u00e9hicules \u00e9quip\u00e9s de la t\u00e9l\u00e9matique<\/span><span data-ccp-props=\"{&quot;134233117&quot;:false,&quot;134233118&quot;:false,&quot;201341983&quot;:0,&quot;335559738&quot;:240,&quot;335559739&quot;:240,&quot;335559740&quot;:279}\">\u00a0<\/span><\/li>\n<\/ul>\n<p><span data-contrast=\"auto\">En examinant la compr\u00e9hension des consommateurs \u00e0 l\u2019\u00e9gard des donn\u00e9es des v\u00e9hicules et du droit \u00e0 la r\u00e9paration, ce rapport fournit aux entreprises canadiennes du secteur de l\u2019entretien et de la r\u00e9paration automobile des informations essentielles sur la fa\u00e7on dont cette sensibilisation influence les perceptions et les comportements en mati\u00e8re d\u2019entretien, de r\u00e9paration et de soutien \u00e0 la r\u00e9forme l\u00e9gislative.<\/span><span data-ccp-props=\"{&quot;134233117&quot;:false,&quot;134233118&quot;:false,&quot;201341983&quot;:0,&quot;335559738&quot;:240,&quot;335559739&quot;:240,&quot;335559740&quot;:279}\">\u00a0<\/span><\/p>\n<p><a href=\"https:\/\/www.aiacanada.com\/fr\/produit\/executive-summary-who-has-the-right-to-repair-vehicle-owners-perspectives-on-data-access-and-ownership\/\"><span data-contrast=\"auto\">Un<\/span><span data-contrast=\"auto\"> sommaire ex\u00e9cutif gratuit du rapport est disponible.<\/span><span data-ccp-props=\"{&quot;134233117&quot;:false,&quot;134233118&quot;:false,&quot;201341983&quot;:0,&quot;335559738&quot;:240,&quot;335559739&quot;:240,&quot;335559740&quot;:279}\">\u00a0<\/span><\/a><\/p>\n<p><span data-contrast=\"auto\">Ce rapport est offert gratuitement aux membres de l\u2019AIA Canada, et au co\u00fbt de 199 $ CA pour les non-membres.<\/span><\/p>\n","protected":false},"excerpt":{"rendered":"<p>Dans le cadre de la S\u00e9rie sur le comportement des consommateurs, ce rapport propose une analyse approfondie de la sensibilisation des propri\u00e9taires de v\u00e9hicules canadiens aux donn\u00e9es g\u00e9n\u00e9r\u00e9es par leur v\u00e9hicule et de ce que cela signifie pour l\u2019entretien et la r\u00e9paration de celui-ci.\u00a0 Con\u00e7u en pensant aux entreprises du secteur de l\u2019entretien et de [&hellip;]<\/p>\n","protected":false},"featured_media":23005,"template":"","meta":{"_acf_changed":false},"product_brand":[],"product_cat":[105],"product_tag":[],"class_list":{"0":"post-23004","1":"product","2":"type-product","3":"status-publish","4":"has-post-thumbnail","6":"product_cat-tendances-des-consommateurs","8":"first","9":"instock","10":"downloadable","11":"virtual","12":"sold-individually","13":"taxable","14":"purchasable","15":"product-type-simple"},"acf":[],"aioseo_notices":[],"wpml_current_locale":"fr_CA","wpml_translations":[],"_links":{"self":[{"href":"https:\/\/www.aiacanada.com\/fr\/wp-json\/wp\/v2\/product\/23004","targetHints":{"allow":["GET"]}}],"collection":[{"href":"https:\/\/www.aiacanada.com\/fr\/wp-json\/wp\/v2\/product"}],"about":[{"href":"https:\/\/www.aiacanada.com\/fr\/wp-json\/wp\/v2\/types\/product"}],"wp:featuredmedia":[{"embeddable":true,"href":"https:\/\/www.aiacanada.com\/fr\/wp-json\/wp\/v2\/media\/23005"}],"wp:attachment":[{"href":"https:\/\/www.aiacanada.com\/fr\/wp-json\/wp\/v2\/media?parent=23004"}],"wp:term":[{"taxonomy":"product_brand","embeddable":true,"href":"https:\/\/www.aiacanada.com\/fr\/wp-json\/wp\/v2\/product_brand?post=23004"},{"taxonomy":"product_cat","embeddable":true,"href":"https:\/\/www.aiacanada.com\/fr\/wp-json\/wp\/v2\/product_cat?post=23004"},{"taxonomy":"product_tag","embeddable":true,"href":"https:\/\/www.aiacanada.com\/fr\/wp-json\/wp\/v2\/product_tag?post=23004"}],"curies":[{"name":"wp","href":"https:\/\/api.w.org\/{rel}","templated":true}]}}