{"id":23015,"date":"2025-05-22T07:00:50","date_gmt":"2025-05-22T11:00:50","guid":{"rendered":"https:\/\/www.aiacanada.com\/?post_type=product&#038;p=23015"},"modified":"2025-05-08T10:48:41","modified_gmt":"2025-05-08T14:48:41","slug":"executive-summary-who-has-the-right-to-repair-vehicle-owners-perspectives-on-data-access-and-ownership","status":"publish","type":"product","link":"https:\/\/www.aiacanada.com\/fr\/produit\/executive-summary-who-has-the-right-to-repair-vehicle-owners-perspectives-on-data-access-and-ownership\/","title":{"rendered":"(Sommaire ex\u00e9cutif) Qui a le droit de r\u00e9parer? Le point de vue des propri\u00e9taires de v\u00e9hicules sur l\u2019acc\u00e8s aux donn\u00e9es et leur propri\u00e9t\u00e9"},"content":{"rendered":"<p><span data-contrast=\"auto\">Dans le cadre de la S\u00e9rie sur le comportement des consommateurs, le sommaire ex\u00e9cutif du rapport \u00ab Qui a le droit de r\u00e9parer? Le point de vue des propri\u00e9taires de v\u00e9hicules sur l\u2019acc\u00e8s aux donn\u00e9es et leur propri\u00e9t\u00e9 \u00bb pr\u00e9sente les principales conclusions et r\u00e9sultats li\u00e9s \u00e0 la sensibilisation des propri\u00e9taires de v\u00e9hicules aux donn\u00e9es g\u00e9n\u00e9r\u00e9es par leur v\u00e9hicule, ainsi qu\u2019\u00e0 l\u2019impact potentiel de ces donn\u00e9es sur l\u2019entretien et la r\u00e9paration.<\/span><span data-ccp-props=\"{&quot;134233117&quot;:false,&quot;134233118&quot;:false,&quot;335559738&quot;:240,&quot;335559739&quot;:240}\">\u00a0<\/span><\/p>\n<p><a href=\"https:\/\/www.aiacanada.com\/fr\/produit\/who-has-the-right-to-repair-vehicle-owners-perspectives-on-data-access-and-ownership\/\"><span data-contrast=\"auto\">Consultez le rapport complet ici.<\/span><\/a><\/p>\n","protected":false},"excerpt":{"rendered":"<p>Dans le cadre de la S\u00e9rie sur le comportement des consommateurs, le sommaire ex\u00e9cutif du rapport \u00ab Qui a le droit de r\u00e9parer? Le point de vue des propri\u00e9taires de v\u00e9hicules sur l\u2019acc\u00e8s aux donn\u00e9es et leur propri\u00e9t\u00e9 \u00bb pr\u00e9sente les principales conclusions et r\u00e9sultats li\u00e9s \u00e0 la sensibilisation des propri\u00e9taires de v\u00e9hicules aux donn\u00e9es [&hellip;]<\/p>\n","protected":false},"featured_media":23017,"template":"","meta":{"_acf_changed":false},"product_brand":[],"product_cat":[105],"product_tag":[],"class_list":{"0":"post-23015","1":"product","2":"type-product","3":"status-publish","4":"has-post-thumbnail","6":"product_cat-tendances-des-consommateurs","8":"first","9":"instock","10":"downloadable","11":"virtual","12":"sold-individually","13":"taxable","14":"purchasable","15":"product-type-simple"},"acf":[],"aioseo_notices":[],"wpml_current_locale":"fr_CA","wpml_translations":[],"_links":{"self":[{"href":"https:\/\/www.aiacanada.com\/fr\/wp-json\/wp\/v2\/product\/23015","targetHints":{"allow":["GET"]}}],"collection":[{"href":"https:\/\/www.aiacanada.com\/fr\/wp-json\/wp\/v2\/product"}],"about":[{"href":"https:\/\/www.aiacanada.com\/fr\/wp-json\/wp\/v2\/types\/product"}],"wp:featuredmedia":[{"embeddable":true,"href":"https:\/\/www.aiacanada.com\/fr\/wp-json\/wp\/v2\/media\/23017"}],"wp:attachment":[{"href":"https:\/\/www.aiacanada.com\/fr\/wp-json\/wp\/v2\/media?parent=23015"}],"wp:term":[{"taxonomy":"product_brand","embeddable":true,"href":"https:\/\/www.aiacanada.com\/fr\/wp-json\/wp\/v2\/product_brand?post=23015"},{"taxonomy":"product_cat","embeddable":true,"href":"https:\/\/www.aiacanada.com\/fr\/wp-json\/wp\/v2\/product_cat?post=23015"},{"taxonomy":"product_tag","embeddable":true,"href":"https:\/\/www.aiacanada.com\/fr\/wp-json\/wp\/v2\/product_tag?post=23015"}],"curies":[{"name":"wp","href":"https:\/\/api.w.org\/{rel}","templated":true}]}}