{"id":23589,"date":"2025-07-15T07:00:41","date_gmt":"2025-07-15T11:00:41","guid":{"rendered":"https:\/\/www.aiacanada.com\/?post_type=product&#038;p=23589"},"modified":"2025-07-02T14:05:01","modified_gmt":"2025-07-02T18:05:01","slug":"executive-summary-electric-vehicle-maintenance-and-repair-insights-from-canadian-consumers","status":"publish","type":"product","link":"https:\/\/www.aiacanada.com\/fr\/produit\/executive-summary-electric-vehicle-maintenance-and-repair-insights-from-canadian-consumers\/","title":{"rendered":"(Sommaire ex\u00e9cutif) Entretien et r\u00e9paration des v\u00e9hicules \u00e9lectriques : perspectives des consommateurs canadiens"},"content":{"rendered":"<p><span class=\"TextRun SCXW99194023 BCX0\" lang=\"EN-US\" xml:lang=\"EN-US\" data-contrast=\"auto\"><span class=\"NormalTextRun SCXW99194023 BCX0\">Dans le cadre de la <\/span><span class=\"NormalTextRun SpellingErrorV2Themed SCXW99194023 BCX0\">s\u00e9rie<\/span><span class=\"NormalTextRun SCXW99194023 BCX0\"> sur le <\/span><span class=\"NormalTextRun SpellingErrorV2Themed SCXW99194023 BCX0\">comportement<\/span><span class=\"NormalTextRun SCXW99194023 BCX0\"> des <\/span><span class=\"NormalTextRun SpellingErrorV2Themed SCXW99194023 BCX0\">consommateurs<\/span><span class=\"NormalTextRun SCXW99194023 BCX0\">, le <\/span><span class=\"NormalTextRun SpellingErrorV2Themed SCXW99194023 BCX0\">sommaire<\/span> <span class=\"NormalTextRun SpellingErrorV2Themed SCXW99194023 BCX0\">ex\u00e9cutif<\/span><span class=\"NormalTextRun SCXW99194023 BCX0\"> de <\/span><span class=\"NormalTextRun SCXW99194023 BCX0\">\u00ab Entretien et <\/span><span class=\"NormalTextRun SpellingErrorV2Themed SCXW99194023 BCX0\">r\u00e9paration<\/span><span class=\"NormalTextRun SCXW99194023 BCX0\"> des <\/span><span class=\"NormalTextRun SpellingErrorV2Themed SCXW99194023 BCX0\">v\u00e9hicules<\/span> <span class=\"NormalTextRun SpellingErrorV2Themed SCXW99194023 BCX0\">\u00e9lectriques<\/span><span class=\"NormalTextRun SCXW99194023 BCX0\"> : perspectives des <\/span><span class=\"NormalTextRun SpellingErrorV2Themed SCXW99194023 BCX0\">consommateurs<\/span> <span class=\"NormalTextRun SpellingErrorV2Themed SCXW99194023 BCX0\">canadiens<\/span><span class=\"NormalTextRun SCXW99194023 BCX0\"> \u00bb<\/span> <span class=\"NormalTextRun SpellingErrorV2Themed SCXW99194023 BCX0\">pr\u00e9sente<\/span><span class=\"NormalTextRun SCXW99194023 BCX0\"> les <\/span><span class=\"NormalTextRun SpellingErrorV2Themed SCXW99194023 BCX0\">principales<\/span><span class=\"NormalTextRun SCXW99194023 BCX0\"> conclusions et <\/span><span class=\"NormalTextRun SpellingErrorV2Themed SCXW99194023 BCX0\">r\u00e9sultats<\/span> <span class=\"NormalTextRun SpellingErrorV2Themed SCXW99194023 BCX0\">li\u00e9s<\/span><span class=\"NormalTextRun SCXW99194023 BCX0\"> \u00e0 la possession de <\/span><span class=\"NormalTextRun SpellingErrorV2Themed SCXW99194023 BCX0\">v\u00e9hicules<\/span> <span class=\"NormalTextRun SpellingErrorV2Themed SCXW99194023 BCX0\">\u00e9lectriques<\/span><span class=\"NormalTextRun SCXW99194023 BCX0\"> (VE), \u00e0 la <\/span><span class=\"NormalTextRun SpellingErrorV2Themed SCXW99194023 BCX0\">sensibilisation<\/span><span class=\"NormalTextRun SCXW99194023 BCX0\"> aux <\/span><span class=\"NormalTextRun SpellingErrorV2Themed SCXW99194023 BCX0\">incitatifs<\/span> <span class=\"NormalTextRun SpellingErrorV2Themed SCXW99194023 BCX0\">f\u00e9d\u00e9raux<\/span><span class=\"NormalTextRun SCXW99194023 BCX0\">, <\/span><span class=\"NormalTextRun SpellingErrorV2Themed SCXW99194023 BCX0\">ainsi<\/span> <span class=\"NormalTextRun SpellingErrorV2Themed SCXW99194023 BCX0\">qu\u2019\u00e0<\/span> <span class=\"NormalTextRun SpellingErrorV2Themed SCXW99194023 BCX0\">l\u2019entretien<\/span><span class=\"NormalTextRun SCXW99194023 BCX0\"> et \u00e0 la <\/span><span class=\"NormalTextRun SpellingErrorV2Themed SCXW99194023 BCX0\">r\u00e9paration<\/span><span class=\"NormalTextRun SCXW99194023 BCX0\"> des VE. <\/span><span class=\"NormalTextRun SpellingErrorV2Themed SCXW99194023 BCX0\">Consultez<\/span><span class=\"NormalTextRun SCXW99194023 BCX0\"> le rapport <\/span><span class=\"NormalTextRun SpellingErrorV2Themed SCXW99194023 BCX0\">complet<\/span> <a href=\"https:\/\/www.aiacanada.com\/fr\/produit\/electric-vehicle-maintenance-and-repair-insights-from-canadian-consumers\/\"><span class=\"NormalTextRun CommentStart SpellingErrorV2Themed CommentHighlightPipeRest CommentHighlightRest SCXW99194023 BCX0\">ici<\/span><\/a><span class=\"NormalTextRun CommentHighlightPipeRest SCXW99194023 BCX0\">.<\/span><\/span><\/p>\n","protected":false},"excerpt":{"rendered":"<p>Dans le cadre de la s\u00e9rie sur le comportement des consommateurs, le sommaire ex\u00e9cutif de \u00ab Entretien et r\u00e9paration des v\u00e9hicules \u00e9lectriques : perspectives des consommateurs canadiens \u00bb pr\u00e9sente les principales conclusions et r\u00e9sultats li\u00e9s \u00e0 la possession de v\u00e9hicules \u00e9lectriques (VE), \u00e0 la sensibilisation aux incitatifs f\u00e9d\u00e9raux, ainsi qu\u2019\u00e0 l\u2019entretien et \u00e0 la r\u00e9paration [&hellip;]<\/p>\n","protected":false},"featured_media":23590,"template":"","meta":{"_acf_changed":false},"product_brand":[],"product_cat":[105],"product_tag":[],"class_list":{"0":"post-23589","1":"product","2":"type-product","3":"status-publish","4":"has-post-thumbnail","6":"product_cat-tendances-des-consommateurs","8":"first","9":"instock","10":"downloadable","11":"virtual","12":"sold-individually","13":"taxable","14":"purchasable","15":"product-type-simple"},"acf":[],"aioseo_notices":[],"wpml_current_locale":"fr_CA","wpml_translations":[],"_links":{"self":[{"href":"https:\/\/www.aiacanada.com\/fr\/wp-json\/wp\/v2\/product\/23589","targetHints":{"allow":["GET"]}}],"collection":[{"href":"https:\/\/www.aiacanada.com\/fr\/wp-json\/wp\/v2\/product"}],"about":[{"href":"https:\/\/www.aiacanada.com\/fr\/wp-json\/wp\/v2\/types\/product"}],"wp:featuredmedia":[{"embeddable":true,"href":"https:\/\/www.aiacanada.com\/fr\/wp-json\/wp\/v2\/media\/23590"}],"wp:attachment":[{"href":"https:\/\/www.aiacanada.com\/fr\/wp-json\/wp\/v2\/media?parent=23589"}],"wp:term":[{"taxonomy":"product_brand","embeddable":true,"href":"https:\/\/www.aiacanada.com\/fr\/wp-json\/wp\/v2\/product_brand?post=23589"},{"taxonomy":"product_cat","embeddable":true,"href":"https:\/\/www.aiacanada.com\/fr\/wp-json\/wp\/v2\/product_cat?post=23589"},{"taxonomy":"product_tag","embeddable":true,"href":"https:\/\/www.aiacanada.com\/fr\/wp-json\/wp\/v2\/product_tag?post=23589"}],"curies":[{"name":"wp","href":"https:\/\/api.w.org\/{rel}","templated":true}]}}