{"id":23996,"date":"2025-09-24T07:00:43","date_gmt":"2025-09-24T11:00:43","guid":{"rendered":"https:\/\/www.aiacanada.com\/?post_type=product&#038;p=23996"},"modified":"2025-09-11T11:10:08","modified_gmt":"2025-09-11T15:10:08","slug":"executive-summary-canadian-vehicle-owners-attitudes-towards-maintenance-and-repair-2025-edition","status":"publish","type":"product","link":"https:\/\/www.aiacanada.com\/fr\/produit\/executive-summary-canadian-vehicle-owners-attitudes-towards-maintenance-and-repair-2025-edition\/","title":{"rendered":"(Sommaire ex\u00e9cutif) Attitudes des propri\u00e9taires de v\u00e9hicules canadiens envers l\u2019entretien et la r\u00e9paration, \u00e9dition 2025"},"content":{"rendered":"<p><span class=\"TextRun SCXW178191806 BCX0\" lang=\"EN-US\" xml:lang=\"EN-US\" data-contrast=\"auto\"><span class=\"NormalTextRun SCXW178191806 BCX0\">Dans le cadre de la <\/span><span class=\"NormalTextRun SpellingErrorV2Themed SCXW178191806 BCX0\">s\u00e9rie<\/span><span class=\"NormalTextRun SCXW178191806 BCX0\"> sur le <\/span><span class=\"NormalTextRun SpellingErrorV2Themed SCXW178191806 BCX0\">comportement<\/span><span class=\"NormalTextRun SCXW178191806 BCX0\"> des <\/span><span class=\"NormalTextRun SpellingErrorV2Themed SCXW178191806 BCX0\">consommateurs<\/span><span class=\"NormalTextRun SCXW178191806 BCX0\">, le <\/span><span class=\"NormalTextRun SpellingErrorV2Themed SCXW178191806 BCX0\">sommaire<\/span> <span class=\"NormalTextRun SpellingErrorV2Themed SCXW178191806 BCX0\">ex\u00e9cutif<\/span><span class=\"NormalTextRun SCXW178191806 BCX0\"> du rapport <\/span><\/span><span class=\"TextRun SCXW178191806 BCX0\" lang=\"EN-US\" xml:lang=\"EN-US\" data-contrast=\"auto\"><span class=\"NormalTextRun SCXW178191806 BCX0\">\u00ab Attitudes des propri\u00e9taires de <\/span><span class=\"NormalTextRun SpellingErrorV2Themed SCXW178191806 BCX0\">v\u00e9hicules<\/span> <span class=\"NormalTextRun SpellingErrorV2Themed SCXW178191806 BCX0\">canadiens<\/span> <span class=\"NormalTextRun SpellingErrorV2Themed SCXW178191806 BCX0\">envers<\/span> <span class=\"NormalTextRun SpellingErrorV2Themed SCXW178191806 BCX0\">l\u2019entretien<\/span><span class=\"NormalTextRun SCXW178191806 BCX0\"> et la <\/span><span class=\"NormalTextRun SpellingErrorV2Themed SCXW178191806 BCX0\">r\u00e9paration<\/span><span class=\"NormalTextRun SCXW178191806 BCX0\">, <\/span><span class=\"NormalTextRun SpellingErrorV2Themed SCXW178191806 BCX0\">\u00e9dition<\/span><span class=\"NormalTextRun SCXW178191806 BCX0\"> 2025 \u00bb<\/span><\/span><span class=\"TextRun SCXW178191806 BCX0\" lang=\"EN-US\" xml:lang=\"EN-US\" data-contrast=\"auto\"> <span class=\"NormalTextRun SpellingErrorV2Themed SCXW178191806 BCX0\">pr\u00e9sente<\/span><span class=\"NormalTextRun SCXW178191806 BCX0\"> les <\/span><span class=\"NormalTextRun SpellingErrorV2Themed SCXW178191806 BCX0\">principales<\/span><span class=\"NormalTextRun SCXW178191806 BCX0\"> conclusions et <\/span><span class=\"NormalTextRun SpellingErrorV2Themed SCXW178191806 BCX0\">r\u00e9sultats<\/span> <span class=\"NormalTextRun SpellingErrorV2Themed SCXW178191806 BCX0\">li\u00e9s<\/span><span class=\"NormalTextRun SCXW178191806 BCX0\"> aux <\/span><span class=\"NormalTextRun SpellingErrorV2Themed SCXW178191806 BCX0\">pr\u00e9f\u00e9rences<\/span><span class=\"NormalTextRun SCXW178191806 BCX0\"> des propri\u00e9taires de <\/span><span class=\"NormalTextRun SpellingErrorV2Themed SCXW178191806 BCX0\">v\u00e9hicules<\/span> <span class=\"NormalTextRun SpellingErrorV2Themed SCXW178191806 BCX0\">en<\/span><span class=\"NormalTextRun SCXW178191806 BCX0\"> mati\u00e8re <\/span><span class=\"NormalTextRun SpellingErrorV2Themed SCXW178191806 BCX0\">d\u2019entretien<\/span><span class=\"NormalTextRun SCXW178191806 BCX0\"> et de <\/span><span class=\"NormalTextRun SpellingErrorV2Themed SCXW178191806 BCX0\">r\u00e9paration<\/span><span class=\"NormalTextRun SCXW178191806 BCX0\">, au <\/span><span class=\"NormalTextRun SpellingErrorV2Themed SCXW178191806 BCX0\">co\u00fbt<\/span><span class=\"NormalTextRun SCXW178191806 BCX0\"> de <\/span><span class=\"NormalTextRun SpellingErrorV2Themed SCXW178191806 BCX0\">l\u2019entretien<\/span><span class=\"NormalTextRun SCXW178191806 BCX0\"> et de la <\/span><span class=\"NormalTextRun SpellingErrorV2Themed SCXW178191806 BCX0\">r\u00e9paration<\/span><span class=\"NormalTextRun SCXW178191806 BCX0\">, <\/span><span class=\"NormalTextRun SpellingErrorV2Themed SCXW178191806 BCX0\">ainsi<\/span> <span class=\"NormalTextRun SpellingErrorV2Themed SCXW178191806 BCX0\">qu\u2019\u00e0<\/span><span class=\"NormalTextRun SCXW178191806 BCX0\"> la fa\u00e7on <\/span><span class=\"NormalTextRun SpellingErrorV2Themed SCXW178191806 BCX0\">dont<\/span> <span class=\"NormalTextRun SpellingErrorV2Themed SCXW178191806 BCX0\">ils<\/span> <span class=\"NormalTextRun SpellingErrorV2Themed SCXW178191806 BCX0\">priorisent<\/span> <span class=\"NormalTextRun SpellingErrorV2Themed SCXW178191806 BCX0\">l\u2019entretien<\/span><span class=\"NormalTextRun SCXW178191806 BCX0\"> et la <\/span><span class=\"NormalTextRun SpellingErrorV2Themed SCXW178191806 BCX0\">r\u00e9paration<\/span><span class=\"NormalTextRun SCXW178191806 BCX0\">. <\/span><\/span><\/p>\n<p><span class=\"TextRun SCXW178191806 BCX0\" lang=\"EN-US\" xml:lang=\"EN-US\" data-contrast=\"auto\"><span class=\"NormalTextRun SpellingErrorV2Themed SCXW178191806 BCX0\">Consultez<\/span><span class=\"NormalTextRun SCXW178191806 BCX0\"> le rapport <\/span><span class=\"NormalTextRun SpellingErrorV2Themed SCXW178191806 BCX0\">complet<\/span> <a href=\"https:\/\/www.aiacanada.com\/fr\/produit\/canadian-vehicle-owners-attitudes-towards-maintenance-and-repair-2025-edition\/\"><span class=\"NormalTextRun CommentStart SpellingErrorV2Themed CommentHighlightPipeRest CommentHighlightRest SCXW178191806 BCX0\">ici<\/span><\/a><span class=\"NormalTextRun CommentHighlightPipeRest SCXW178191806 BCX0\">.<\/span><\/span><\/p>\n","protected":false},"excerpt":{"rendered":"<p>Dans le cadre de la s\u00e9rie sur le comportement des consommateurs, le sommaire ex\u00e9cutif du rapport \u00ab Attitudes des propri\u00e9taires de v\u00e9hicules canadiens envers l\u2019entretien et la r\u00e9paration, \u00e9dition 2025 \u00bb pr\u00e9sente les principales conclusions et r\u00e9sultats li\u00e9s aux pr\u00e9f\u00e9rences des propri\u00e9taires de v\u00e9hicules en mati\u00e8re d\u2019entretien et de r\u00e9paration, au co\u00fbt de l\u2019entretien et [&hellip;]<\/p>\n","protected":false},"featured_media":23997,"template":"","meta":{"_acf_changed":false},"product_brand":[],"product_cat":[105],"product_tag":[],"class_list":{"0":"post-23996","1":"product","2":"type-product","3":"status-publish","4":"has-post-thumbnail","6":"product_cat-tendances-des-consommateurs","8":"first","9":"instock","10":"downloadable","11":"virtual","12":"sold-individually","13":"taxable","14":"purchasable","15":"product-type-simple"},"acf":[],"aioseo_notices":[],"wpml_current_locale":"fr_CA","wpml_translations":[],"_links":{"self":[{"href":"https:\/\/www.aiacanada.com\/fr\/wp-json\/wp\/v2\/product\/23996","targetHints":{"allow":["GET"]}}],"collection":[{"href":"https:\/\/www.aiacanada.com\/fr\/wp-json\/wp\/v2\/product"}],"about":[{"href":"https:\/\/www.aiacanada.com\/fr\/wp-json\/wp\/v2\/types\/product"}],"wp:featuredmedia":[{"embeddable":true,"href":"https:\/\/www.aiacanada.com\/fr\/wp-json\/wp\/v2\/media\/23997"}],"wp:attachment":[{"href":"https:\/\/www.aiacanada.com\/fr\/wp-json\/wp\/v2\/media?parent=23996"}],"wp:term":[{"taxonomy":"product_brand","embeddable":true,"href":"https:\/\/www.aiacanada.com\/fr\/wp-json\/wp\/v2\/product_brand?post=23996"},{"taxonomy":"product_cat","embeddable":true,"href":"https:\/\/www.aiacanada.com\/fr\/wp-json\/wp\/v2\/product_cat?post=23996"},{"taxonomy":"product_tag","embeddable":true,"href":"https:\/\/www.aiacanada.com\/fr\/wp-json\/wp\/v2\/product_tag?post=23996"}],"curies":[{"name":"wp","href":"https:\/\/api.w.org\/{rel}","templated":true}]}}