{"id":25074,"date":"2026-03-18T07:00:16","date_gmt":"2026-03-18T11:00:16","guid":{"rendered":"https:\/\/www.aiacanada.com\/?post_type=product&#038;p=25074"},"modified":"2026-03-10T08:47:55","modified_gmt":"2026-03-10T12:47:55","slug":"executive-summary-consumer-behaviour-series-report-data-and-diagnostics-inside-the-mind-of-canadian-electric-vehicle-owners","status":"publish","type":"product","link":"https:\/\/www.aiacanada.com\/fr\/produit\/executive-summary-consumer-behaviour-series-report-data-and-diagnostics-inside-the-mind-of-canadian-electric-vehicle-owners\/","title":{"rendered":"(Sommaire ex\u00e9cutif) Rapport s\u00e9rie Comportement des consommateurs: Donn\u00e9es et diagnostics: Dans l\u2019esprit des propri\u00e9taires canadiens de v\u00e9hicules \u00e9lectriques"},"content":{"rendered":"<p><span class=\"TextRun SCXW196159303 BCX0\" lang=\"EN-US\" xml:lang=\"EN-US\" data-contrast=\"auto\"><span class=\"NormalTextRun SCXW196159303 BCX0\">Dans le cadre de la\u00a0<\/span><span class=\"NormalTextRun SpellingErrorV2Themed SCXW196159303 BCX0\">s\u00e9rie<\/span><span class=\"NormalTextRun SCXW196159303 BCX0\">\u00a0<\/span><span class=\"NormalTextRun SpellingErrorV2Themed SCXW196159303 BCX0\">Comportement<\/span><span class=\"NormalTextRun SCXW196159303 BCX0\">\u00a0des\u00a0<\/span><span class=\"NormalTextRun SpellingErrorV2Themed SCXW196159303 BCX0\">consommateurs<\/span><span class=\"NormalTextRun SCXW196159303 BCX0\">, le\u00a0<\/span><span class=\"NormalTextRun SpellingErrorV2Themed SCXW196159303 BCX0\">sommaire<\/span><span class=\"NormalTextRun SCXW196159303 BCX0\">\u00a0<\/span><span class=\"NormalTextRun SpellingErrorV2Themed SCXW196159303 BCX0\">ex\u00e9cutif<\/span><span class=\"NormalTextRun SCXW196159303 BCX0\">\u00a0du rapport \u00ab Donn\u00e9es et\u00a0<\/span><span class=\"NormalTextRun ContextualSpellingAndGrammarErrorV2Themed SCXW196159303 BCX0\">diagnostics :<\/span><span class=\"NormalTextRun SCXW196159303 BCX0\">\u00a0Dans\u00a0<\/span><span class=\"NormalTextRun SpellingErrorV2Themed SCXW196159303 BCX0\">l\u2019esprit<\/span><span class=\"NormalTextRun SCXW196159303 BCX0\"> des propri\u00e9taires <\/span><span class=\"NormalTextRun SpellingErrorV2Themed SCXW196159303 BCX0\">canadiens<\/span><span class=\"NormalTextRun SCXW196159303 BCX0\">\u00a0de\u00a0<\/span><span class=\"NormalTextRun SpellingErrorV2Themed SCXW196159303 BCX0\">v\u00e9hicules<\/span><span class=\"NormalTextRun SCXW196159303 BCX0\">\u00a0<\/span><span class=\"NormalTextRun SpellingErrorV2Themed SCXW196159303 BCX0\">\u00e9lectriques<\/span><span class=\"NormalTextRun SCXW196159303 BCX0\">\u00a0\u00bb\u00a0<\/span><span class=\"NormalTextRun SpellingErrorV2Themed SCXW196159303 BCX0\">pr\u00e9sente<\/span><span class=\"NormalTextRun SCXW196159303 BCX0\">\u00a0les\u00a0<\/span><span class=\"NormalTextRun SpellingErrorV2Themed SCXW196159303 BCX0\">principales<\/span><span class=\"NormalTextRun SCXW196159303 BCX0\">\u00a0constatations et conclusions\u00a0<\/span><span class=\"NormalTextRun SpellingErrorV2Themed SCXW196159303 BCX0\">li\u00e9es<\/span><span class=\"NormalTextRun SCXW196159303 BCX0\">\u00a0\u00e0 la\u00a0<\/span><span class=\"NormalTextRun SpellingErrorV2Themed SCXW196159303 BCX0\">compr\u00e9hension<\/span><span class=\"NormalTextRun SCXW196159303 BCX0\">\u00a0des propri\u00e9taires de\u00a0<\/span><span class=\"NormalTextRun SpellingErrorV2Themed SCXW196159303 BCX0\">v\u00e9hicules<\/span><span class=\"NormalTextRun SCXW196159303 BCX0\">\u00a0<\/span><span class=\"NormalTextRun SpellingErrorV2Themed SCXW196159303 BCX0\">\u00e9lectriques<\/span><span class=\"NormalTextRun SCXW196159303 BCX0\">\u00a0\u00e0\u00a0<\/span><span class=\"NormalTextRun SpellingErrorV2Themed SCXW196159303 BCX0\">l\u2019\u00e9gard<\/span><span class=\"NormalTextRun SCXW196159303 BCX0\"> de la <\/span><span class=\"NormalTextRun SpellingErrorV2Themed SCXW196159303 BCX0\">technologie<\/span><span class=\"NormalTextRun SCXW196159303 BCX0\">\u00a0des\u00a0<\/span><span class=\"NormalTextRun SpellingErrorV2Themed SCXW196159303 BCX0\">v\u00e9hicules<\/span><span class=\"NormalTextRun SCXW196159303 BCX0\">, de\u00a0<\/span><span class=\"NormalTextRun SpellingErrorV2Themed SCXW196159303 BCX0\">l\u2019acc\u00e8s<\/span><span class=\"NormalTextRun SCXW196159303 BCX0\">\u00a0aux donn\u00e9es du v\u00e9hicule et du droit \u00e0 la\u00a0<\/span><span class=\"NormalTextRun SpellingErrorV2Themed SCXW196159303 BCX0\">r\u00e9paration<\/span><span class=\"NormalTextRun SCXW196159303 BCX0\">.\u00a0<\/span><span class=\"NormalTextRun SpellingErrorV2Themed SCXW196159303 BCX0\">Consultez<\/span><span class=\"NormalTextRun SCXW196159303 BCX0\">\u00a0le rapport\u00a0<\/span><span class=\"NormalTextRun SpellingErrorV2Themed SCXW196159303 BCX0\">complet<\/span><span class=\"NormalTextRun SCXW196159303 BCX0\">\u00a0<\/span><a href=\"https:\/\/www.aiacanada.com\/fr\/produit\/consumer-behaviour-series-report-data-and-diagnostics-inside-the-mind-of-canadian-electric-vehicle-owners\/\"><span class=\"NormalTextRun CommentStart SpellingErrorV2Themed CommentHighlightPipeRest CommentHighlightRest SCXW196159303 BCX0\">ici<\/span><\/a><span class=\"NormalTextRun CommentHighlightPipeRest SCXW196159303 BCX0\">.<\/span><\/span><\/p>\n","protected":false},"excerpt":{"rendered":"<p>Dans le cadre de la\u00a0s\u00e9rie\u00a0Comportement\u00a0des\u00a0consommateurs, le\u00a0sommaire\u00a0ex\u00e9cutif\u00a0du rapport \u00ab Donn\u00e9es et\u00a0diagnostics :\u00a0Dans\u00a0l\u2019esprit des propri\u00e9taires canadiens\u00a0de\u00a0v\u00e9hicules\u00a0\u00e9lectriques\u00a0\u00bb\u00a0pr\u00e9sente\u00a0les\u00a0principales\u00a0constatations et conclusions\u00a0li\u00e9es\u00a0\u00e0 la\u00a0compr\u00e9hension\u00a0des propri\u00e9taires de\u00a0v\u00e9hicules\u00a0\u00e9lectriques\u00a0\u00e0\u00a0l\u2019\u00e9gard de la technologie\u00a0des\u00a0v\u00e9hicules, de\u00a0l\u2019acc\u00e8s\u00a0aux donn\u00e9es du v\u00e9hicule et du droit \u00e0 la\u00a0r\u00e9paration.\u00a0Consultez\u00a0le rapport\u00a0complet\u00a0ici.<\/p>\n","protected":false},"featured_media":25075,"template":"","meta":{"_acf_changed":false},"product_brand":[],"product_cat":[105],"product_tag":[],"class_list":{"0":"post-25074","1":"product","2":"type-product","3":"status-publish","4":"has-post-thumbnail","6":"product_cat-tendances-des-consommateurs","8":"first","9":"instock","10":"downloadable","11":"virtual","12":"sold-individually","13":"taxable","14":"purchasable","15":"product-type-simple"},"acf":[],"aioseo_notices":[],"wpml_current_locale":"fr_CA","wpml_translations":[],"_links":{"self":[{"href":"https:\/\/www.aiacanada.com\/fr\/wp-json\/wp\/v2\/product\/25074","targetHints":{"allow":["GET"]}}],"collection":[{"href":"https:\/\/www.aiacanada.com\/fr\/wp-json\/wp\/v2\/product"}],"about":[{"href":"https:\/\/www.aiacanada.com\/fr\/wp-json\/wp\/v2\/types\/product"}],"wp:featuredmedia":[{"embeddable":true,"href":"https:\/\/www.aiacanada.com\/fr\/wp-json\/wp\/v2\/media\/25075"}],"wp:attachment":[{"href":"https:\/\/www.aiacanada.com\/fr\/wp-json\/wp\/v2\/media?parent=25074"}],"wp:term":[{"taxonomy":"product_brand","embeddable":true,"href":"https:\/\/www.aiacanada.com\/fr\/wp-json\/wp\/v2\/product_brand?post=25074"},{"taxonomy":"product_cat","embeddable":true,"href":"https:\/\/www.aiacanada.com\/fr\/wp-json\/wp\/v2\/product_cat?post=25074"},{"taxonomy":"product_tag","embeddable":true,"href":"https:\/\/www.aiacanada.com\/fr\/wp-json\/wp\/v2\/product_tag?post=25074"}],"curies":[{"name":"wp","href":"https:\/\/api.w.org\/{rel}","templated":true}]}}