{"id":25417,"date":"2026-04-16T14:00:58","date_gmt":"2026-04-16T18:00:58","guid":{"rendered":"https:\/\/www.aiacanada.com\/?post_type=product&#038;p=25417"},"modified":"2026-04-09T08:15:04","modified_gmt":"2026-04-09T12:15:04","slug":"2026-annual-general-meeting-minutes","status":"publish","type":"product","link":"https:\/\/www.aiacanada.com\/fr\/produit\/2026-annual-general-meeting-minutes\/","title":{"rendered":"Proc\u00e8s-verbal de l\u2019assembl\u00e9e g\u00e9n\u00e9rale annuelle 2026"},"content":{"rendered":"<p><span class=\"TextRun SCXW69233154 BCX0\" lang=\"FR-FR\" xml:lang=\"FR-FR\" data-contrast=\"auto\"><span class=\"NormalTextRun SCXW69233154 BCX0\">Le proc\u00e8s-verbal de l\u2019assembl\u00e9e g\u00e9n\u00e9rale annuelle (AGA) 2026 de\u00a0<\/span><span class=\"NormalTextRun SCXW69233154 BCX0\">l\u2019<\/span><span class=\"NormalTextRun SCXW69233154 BCX0\">AIA Canada a \u00e9t\u00e9 r\u00e9dig\u00e9 lors de l\u2019AGA 2026, tenue le 16 avril 2026. L\u2019AGA a \u00e9t\u00e9 anim\u00e9e par Emily Chung, pr\u00e9sidente et\u00a0<\/span><span class=\"NormalTextRun SCXW69233154 BCX0\">directrice g\u00e9n\u00e9rale<\/span><span class=\"NormalTextRun SCXW69233154 BCX0\">\u00a0de AIA Canada, et pr\u00e9sid\u00e9e par Jason\u00a0<\/span><span class=\"NormalTextRun SpellingErrorV2Themed SCXW69233154 BCX0\">Herle<\/span><span class=\"NormalTextRun SCXW69233154 BCX0\">, pr\u00e9sident du conseil d\u2019administration 2026-2027.<\/span><\/span><span class=\"EOP SCXW69233154 BCX0\" data-ccp-props=\"{&quot;134233117&quot;:false,&quot;134233118&quot;:false,&quot;201341983&quot;:0,&quot;335551550&quot;:1,&quot;335551620&quot;:1,&quot;335559738&quot;:240,&quot;335559739&quot;:240,&quot;335559740&quot;:279}\">\u00a0<\/span><\/p>\n","protected":false},"excerpt":{"rendered":"<p>Le proc\u00e8s-verbal de l\u2019assembl\u00e9e g\u00e9n\u00e9rale annuelle (AGA) 2026 de\u00a0l\u2019AIA Canada a \u00e9t\u00e9 r\u00e9dig\u00e9 lors de l\u2019AGA 2026, tenue le 16 avril 2026. L\u2019AGA a \u00e9t\u00e9 anim\u00e9e par Emily Chung, pr\u00e9sidente et\u00a0directrice g\u00e9n\u00e9rale\u00a0de AIA Canada, et pr\u00e9sid\u00e9e par Jason\u00a0Herle, pr\u00e9sident du conseil d\u2019administration 2026-2027.\u00a0<\/p>\n","protected":false},"featured_media":25418,"template":"","meta":{"_acf_changed":false},"product_brand":[],"product_cat":[104],"product_tag":[],"class_list":{"0":"post-25417","1":"product","2":"type-product","3":"status-publish","4":"has-post-thumbnail","6":"product_cat-rapports-organisationnels","8":"first","9":"instock","10":"downloadable","11":"virtual","12":"sold-individually","13":"taxable","14":"purchasable","15":"product-type-simple"},"acf":[],"aioseo_notices":[],"wpml_current_locale":"fr_CA","wpml_translations":[],"_links":{"self":[{"href":"https:\/\/www.aiacanada.com\/fr\/wp-json\/wp\/v2\/product\/25417","targetHints":{"allow":["GET"]}}],"collection":[{"href":"https:\/\/www.aiacanada.com\/fr\/wp-json\/wp\/v2\/product"}],"about":[{"href":"https:\/\/www.aiacanada.com\/fr\/wp-json\/wp\/v2\/types\/product"}],"wp:featuredmedia":[{"embeddable":true,"href":"https:\/\/www.aiacanada.com\/fr\/wp-json\/wp\/v2\/media\/25418"}],"wp:attachment":[{"href":"https:\/\/www.aiacanada.com\/fr\/wp-json\/wp\/v2\/media?parent=25417"}],"wp:term":[{"taxonomy":"product_brand","embeddable":true,"href":"https:\/\/www.aiacanada.com\/fr\/wp-json\/wp\/v2\/product_brand?post=25417"},{"taxonomy":"product_cat","embeddable":true,"href":"https:\/\/www.aiacanada.com\/fr\/wp-json\/wp\/v2\/product_cat?post=25417"},{"taxonomy":"product_tag","embeddable":true,"href":"https:\/\/www.aiacanada.com\/fr\/wp-json\/wp\/v2\/product_tag?post=25417"}],"curies":[{"name":"wp","href":"https:\/\/api.w.org\/{rel}","templated":true}]}}