{"id":6366,"date":"2009-10-01T00:00:00","date_gmt":"2009-10-01T04:00:00","guid":{"rendered":"https:\/\/aiacanada.com\/product\/un-potentiel-cache-demasque-etude-sur-la-demande-dans-le-marche-secondaire-de-lautomobile-du-canada\/"},"modified":"2023-01-18T15:46:50","modified_gmt":"2023-01-18T20:46:50","slug":"un-potentiel-cache-demasque-etude-sur-la-demande-dans-le-marche-secondaire-de-lautomobile-du-canada","status":"publish","type":"product","link":"https:\/\/www.aiacanada.com\/fr\/produit\/un-potentiel-cache-demasque-etude-sur-la-demande-dans-le-marche-secondaire-de-lautomobile-du-canada\/","title":{"rendered":"Un potentiel cach\u00e9 d\u00e9masqu\u00e9 : \u00c9tude sur la demande dans le march\u00e9 secondaire de l\u2019automobile du Canada"},"content":{"rendered":"<p>Sur le march\u00e9 canadien des v\u00e9hicules l\u00e9gers, une quantit\u00e9 importante d\u2019entretiens et de r\u00e9parations sont retard\u00e9s ou ne sont pas effectu\u00e9s du tout. Ces entretiens et r\u00e9parations non r\u00e9alis\u00e9s ont une incidence sur la s\u00e9curit\u00e9 des consommateurs et sur le rendement de leurs v\u00e9hicules, ainsi que sur la hausse potentielle des parts de march\u00e9 des d\u00e9taillants et des fournisseurs du march\u00e9 secondaire.<\/p>\n<p>AIA Canada a charg\u00e9 DesRosiers Automotive Consultants (DAC) de concevoir et de mettre en \u0153uvre deux mod\u00e8les dans le but d\u2019estimer la demande potentielle du march\u00e9 qui pourrait \u00eatre disponible au Canada. Les deux mod\u00e8les sont bas\u00e9s sur les donn\u00e9es d\u2019immatriculation des v\u00e9hicules canadiens et les habitudes d\u2019entretien des Canadiens, lesquelles se retrouvent dans une \u00e9tude intitul\u00e9e DesRosiers Light Vehicle Study (LVS).<\/p>\n<p>Cette \u00e9tude n\u2019est disponible qu\u2019en anglais.<\/p>\n","protected":false},"excerpt":{"rendered":"<p>Sur le march\u00e9 canadien des v\u00e9hicules l\u00e9gers, une quantit\u00e9 importante d\u2019entretiens et de r\u00e9parations sont retard\u00e9s ou ne sont pas effectu\u00e9s du tout. Ces entretiens et r\u00e9parations non r\u00e9alis\u00e9s ont une incidence sur la s\u00e9curit\u00e9 des consommateurs et sur le rendement de leurs v\u00e9hicules, ainsi que sur la hausse potentielle des parts de march\u00e9 des [&hellip;]<\/p>\n","protected":false},"featured_media":6068,"template":"","meta":{"_acf_changed":false},"product_brand":[],"product_cat":[106],"product_tag":[],"class_list":{"0":"post-6366","1":"product","2":"type-product","3":"status-publish","4":"has-post-thumbnail","6":"product_cat-tendances-et-portrait-de-lindustrie","8":"first","9":"instock","10":"downloadable","11":"virtual","12":"sold-individually","13":"taxable","14":"purchasable","15":"product-type-simple"},"acf":[],"aioseo_notices":[],"wpml_current_locale":"fr_CA","wpml_translations":[],"_links":{"self":[{"href":"https:\/\/www.aiacanada.com\/fr\/wp-json\/wp\/v2\/product\/6366","targetHints":{"allow":["GET"]}}],"collection":[{"href":"https:\/\/www.aiacanada.com\/fr\/wp-json\/wp\/v2\/product"}],"about":[{"href":"https:\/\/www.aiacanada.com\/fr\/wp-json\/wp\/v2\/types\/product"}],"wp:featuredmedia":[{"embeddable":true,"href":"https:\/\/www.aiacanada.com\/fr\/wp-json\/wp\/v2\/media\/6068"}],"wp:attachment":[{"href":"https:\/\/www.aiacanada.com\/fr\/wp-json\/wp\/v2\/media?parent=6366"}],"wp:term":[{"taxonomy":"product_brand","embeddable":true,"href":"https:\/\/www.aiacanada.com\/fr\/wp-json\/wp\/v2\/product_brand?post=6366"},{"taxonomy":"product_cat","embeddable":true,"href":"https:\/\/www.aiacanada.com\/fr\/wp-json\/wp\/v2\/product_cat?post=6366"},{"taxonomy":"product_tag","embeddable":true,"href":"https:\/\/www.aiacanada.com\/fr\/wp-json\/wp\/v2\/product_tag?post=6366"}],"curies":[{"name":"wp","href":"https:\/\/api.w.org\/{rel}","templated":true}]}}