{"id":6369,"date":"2013-11-01T00:00:00","date_gmt":"2013-11-01T04:00:00","guid":{"rendered":"https:\/\/aiacanada.com\/product\/etude-2013-sur-la-demande-dans-le-marche-secondaire-de-lautomobile-du-canada-debloquer-le-potentiel-inexploite-de-lindustrie\/"},"modified":"2023-01-18T15:46:46","modified_gmt":"2023-01-18T20:46:46","slug":"etude-2013-sur-la-demande-dans-le-marche-secondaire-de-lautomobile-du-canada-debloquer-le-potentiel-inexploite-de-lindustrie","status":"publish","type":"product","link":"https:\/\/www.aiacanada.com\/fr\/produit\/etude-2013-sur-la-demande-dans-le-marche-secondaire-de-lautomobile-du-canada-debloquer-le-potentiel-inexploite-de-lindustrie\/","title":{"rendered":"\u00c9tude 2013 sur la demande dans le march\u00e9 secondaire de l\u2019automobile du Canada : D\u00e9bloquer le potentiel inexploit\u00e9 de l\u2019industrie"},"content":{"rendered":"<p>En 2009, l\u2019Association des industries de l\u2019automobile du Canada (AIA Canada) a mandat\u00e9 DesRosiers Automotive Consultants (DAC) afin qu\u2019ils explorent la question de l\u2019entretien sous-performant et qu\u2019ils \u00e9laborent un mod\u00e8le qui calculerait la valeur marchande totale de cette n\u00e9gligence au Canada.<\/p>\n<p>Dans la premi\u00e8re \u00e9tude, le mod\u00e8le a conclu qu\u2019il y avait 10,33 milliards de dollars suppl\u00e9mentaires de revenus potentiels perdus par l\u2019industrie en raison des entretiens retard\u00e9s ou n\u00e9glig\u00e9s. Cette publication est le troisi\u00e8me num\u00e9ro de l\u2019\u00c9tude sur la demande du march\u00e9 secondaire de l\u2019automobile du Canada publi\u00e9 par l\u2019AIA Canada.<\/p>\n","protected":false},"excerpt":{"rendered":"<p>En 2009, l\u2019Association des industries de l\u2019automobile du Canada (AIA Canada) a mandat\u00e9 DesRosiers Automotive Consultants (DAC) afin qu\u2019ils explorent la question de l\u2019entretien sous-performant et qu\u2019ils \u00e9laborent un mod\u00e8le qui calculerait la valeur marchande totale de cette n\u00e9gligence au Canada. Dans la premi\u00e8re \u00e9tude, le mod\u00e8le a conclu qu\u2019il y avait 10,33 milliards de [&hellip;]<\/p>\n","protected":false},"featured_media":6075,"template":"","meta":{"_acf_changed":false},"product_brand":[],"product_cat":[106],"product_tag":[],"class_list":{"0":"post-6369","1":"product","2":"type-product","3":"status-publish","4":"has-post-thumbnail","6":"product_cat-tendances-et-portrait-de-lindustrie","8":"first","9":"instock","10":"downloadable","11":"virtual","12":"sold-individually","13":"taxable","14":"purchasable","15":"product-type-simple"},"acf":[],"aioseo_notices":[],"wpml_current_locale":"fr_CA","wpml_translations":[],"_links":{"self":[{"href":"https:\/\/www.aiacanada.com\/fr\/wp-json\/wp\/v2\/product\/6369","targetHints":{"allow":["GET"]}}],"collection":[{"href":"https:\/\/www.aiacanada.com\/fr\/wp-json\/wp\/v2\/product"}],"about":[{"href":"https:\/\/www.aiacanada.com\/fr\/wp-json\/wp\/v2\/types\/product"}],"wp:featuredmedia":[{"embeddable":true,"href":"https:\/\/www.aiacanada.com\/fr\/wp-json\/wp\/v2\/media\/6075"}],"wp:attachment":[{"href":"https:\/\/www.aiacanada.com\/fr\/wp-json\/wp\/v2\/media?parent=6369"}],"wp:term":[{"taxonomy":"product_brand","embeddable":true,"href":"https:\/\/www.aiacanada.com\/fr\/wp-json\/wp\/v2\/product_brand?post=6369"},{"taxonomy":"product_cat","embeddable":true,"href":"https:\/\/www.aiacanada.com\/fr\/wp-json\/wp\/v2\/product_cat?post=6369"},{"taxonomy":"product_tag","embeddable":true,"href":"https:\/\/www.aiacanada.com\/fr\/wp-json\/wp\/v2\/product_tag?post=6369"}],"curies":[{"name":"wp","href":"https:\/\/api.w.org\/{rel}","templated":true}]}}