{"id":6370,"date":"2014-01-10T00:00:00","date_gmt":"2014-01-10T05:00:00","guid":{"rendered":"https:\/\/aiacanada.com\/product\/rapport-annuel-2013-2014\/"},"modified":"2023-01-18T15:46:45","modified_gmt":"2023-01-18T20:46:45","slug":"rapport-annuel-2013-2014","status":"publish","type":"product","link":"https:\/\/www.aiacanada.com\/fr\/produit\/rapport-annuel-2013-2014\/","title":{"rendered":"Rapport annuel 2013-2014"},"content":{"rendered":"<p>Le rapport annuel 2013-2014 de l&#8217;AIA Canada donne un aper\u00e7u de notre association nationale. Obtenez une vue approfondie de nos divisions, conseils et comit\u00e9s, I-CAR Canada, \u00e9v\u00e9nements et programmes.<\/p>\n","protected":false},"excerpt":{"rendered":"<p>Le rapport annuel 2013-2014 de l&#8217;AIA Canada donne un aper\u00e7u de notre association nationale. Obtenez une vue approfondie de nos divisions, conseils et comit\u00e9s, I-CAR Canada, \u00e9v\u00e9nements et programmes.<\/p>\n","protected":false},"featured_media":6078,"template":"","meta":{"_acf_changed":false},"product_brand":[],"product_cat":[104],"product_tag":[],"class_list":{"0":"post-6370","1":"product","2":"type-product","3":"status-publish","4":"has-post-thumbnail","6":"product_cat-rapports-organisationnels","8":"first","9":"instock","10":"downloadable","11":"virtual","12":"sold-individually","13":"taxable","14":"purchasable","15":"product-type-simple"},"acf":[],"aioseo_notices":[],"wpml_current_locale":"fr_CA","wpml_translations":[],"_links":{"self":[{"href":"https:\/\/www.aiacanada.com\/fr\/wp-json\/wp\/v2\/product\/6370","targetHints":{"allow":["GET"]}}],"collection":[{"href":"https:\/\/www.aiacanada.com\/fr\/wp-json\/wp\/v2\/product"}],"about":[{"href":"https:\/\/www.aiacanada.com\/fr\/wp-json\/wp\/v2\/types\/product"}],"wp:featuredmedia":[{"embeddable":true,"href":"https:\/\/www.aiacanada.com\/fr\/wp-json\/wp\/v2\/media\/6078"}],"wp:attachment":[{"href":"https:\/\/www.aiacanada.com\/fr\/wp-json\/wp\/v2\/media?parent=6370"}],"wp:term":[{"taxonomy":"product_brand","embeddable":true,"href":"https:\/\/www.aiacanada.com\/fr\/wp-json\/wp\/v2\/product_brand?post=6370"},{"taxonomy":"product_cat","embeddable":true,"href":"https:\/\/www.aiacanada.com\/fr\/wp-json\/wp\/v2\/product_cat?post=6370"},{"taxonomy":"product_tag","embeddable":true,"href":"https:\/\/www.aiacanada.com\/fr\/wp-json\/wp\/v2\/product_tag?post=6370"}],"curies":[{"name":"wp","href":"https:\/\/api.w.org\/{rel}","templated":true}]}}