{"id":6371,"date":"2015-01-10T00:00:00","date_gmt":"2015-01-10T05:00:00","guid":{"rendered":"https:\/\/aiacanada.com\/product\/rapport-annuel-2014-2015\/"},"modified":"2023-01-18T15:46:43","modified_gmt":"2023-01-18T20:46:43","slug":"rapport-annuel-2014-2015","status":"publish","type":"product","link":"https:\/\/www.aiacanada.com\/fr\/produit\/rapport-annuel-2014-2015\/","title":{"rendered":"Rapport annuel 2014-2015"},"content":{"rendered":"<p>Le rapport annuel 2014-2015 de l&#8217;AIA Canada est une excellente ressource pour l&#8217;industrie du march\u00e9 secondaire de l&#8217;automobile. Vous pourrez entrer en contact avec notre conseil d&#8217;administration, le personnel de l&#8217;AIA Canada et les b\u00e9n\u00e9voles. Apprenez-en davantage sur nos efforts de d\u00e9veloppement professionnel et nos campagnes de renforcement de l&#8217;image.<\/p>\n","protected":false},"excerpt":{"rendered":"<p>Le rapport annuel 2014-2015 de l&#8217;AIA Canada est une excellente ressource pour l&#8217;industrie du march\u00e9 secondaire de l&#8217;automobile. Vous pourrez entrer en contact avec notre conseil d&#8217;administration, le personnel de l&#8217;AIA Canada et les b\u00e9n\u00e9voles. Apprenez-en davantage sur nos efforts de d\u00e9veloppement professionnel et nos campagnes de renforcement de l&#8217;image.<\/p>\n","protected":false},"featured_media":6081,"template":"","meta":{"_acf_changed":false},"product_brand":[],"product_cat":[104],"product_tag":[],"class_list":{"0":"post-6371","1":"product","2":"type-product","3":"status-publish","4":"has-post-thumbnail","6":"product_cat-rapports-organisationnels","8":"first","9":"instock","10":"downloadable","11":"virtual","12":"sold-individually","13":"taxable","14":"purchasable","15":"product-type-simple"},"acf":[],"aioseo_notices":[],"wpml_current_locale":"fr_CA","wpml_translations":[],"_links":{"self":[{"href":"https:\/\/www.aiacanada.com\/fr\/wp-json\/wp\/v2\/product\/6371","targetHints":{"allow":["GET"]}}],"collection":[{"href":"https:\/\/www.aiacanada.com\/fr\/wp-json\/wp\/v2\/product"}],"about":[{"href":"https:\/\/www.aiacanada.com\/fr\/wp-json\/wp\/v2\/types\/product"}],"wp:featuredmedia":[{"embeddable":true,"href":"https:\/\/www.aiacanada.com\/fr\/wp-json\/wp\/v2\/media\/6081"}],"wp:attachment":[{"href":"https:\/\/www.aiacanada.com\/fr\/wp-json\/wp\/v2\/media?parent=6371"}],"wp:term":[{"taxonomy":"product_brand","embeddable":true,"href":"https:\/\/www.aiacanada.com\/fr\/wp-json\/wp\/v2\/product_brand?post=6371"},{"taxonomy":"product_cat","embeddable":true,"href":"https:\/\/www.aiacanada.com\/fr\/wp-json\/wp\/v2\/product_cat?post=6371"},{"taxonomy":"product_tag","embeddable":true,"href":"https:\/\/www.aiacanada.com\/fr\/wp-json\/wp\/v2\/product_tag?post=6371"}],"curies":[{"name":"wp","href":"https:\/\/api.w.org\/{rel}","templated":true}]}}