{"id":6387,"date":"2018-10-12T00:00:00","date_gmt":"2018-10-12T04:00:00","guid":{"rendered":"https:\/\/aiacanada.com\/product\/sommaire-executif-etude-des-perspectives-2018\/"},"modified":"2023-01-18T15:46:29","modified_gmt":"2023-01-18T20:46:29","slug":"sommaire-executif-etude-des-perspectives-2018","status":"publish","type":"product","link":"https:\/\/www.aiacanada.com\/fr\/produit\/sommaire-executif-etude-des-perspectives-2018\/","title":{"rendered":"(Sommaire ex\u00e9cutif) \u00c9tude des perspectives 2018"},"content":{"rendered":"<p><strong>Sommaire ex\u00e9cutif<\/strong><\/p>\n<p>L\u2019\u00c9tude des perspectives fournit aux membres de l\u2019AIA Canada une vue d\u2019ensemble \u00e0 jour de l\u2019industrie du march\u00e9 secondaire et indique les pr\u00e9visions et les tendances qui se r\u00e9percuteront \u00e0 l\u2019avenir sur le march\u00e9 secondaire. L\u2019\u00e9tude est compil\u00e9e \u00e0 partir de diff\u00e9rentes recherches secondaires et primaires, y compris des interviews personnelles et des commentaires de membres de l\u2019AIA Canada. L\u2019\u00e9tude pr\u00e9dit la croissance du march\u00e9 secondaire et d\u00e9gage un certain nombre de possibilit\u00e9s et de menaces \u00e0 l\u2019industrie. Comme toutes les industries, le march\u00e9 secondaire subit des mutations et des changements. L\u2019\u00e9tude des perspectives vise \u00e0 fournir aux membres des renseignements et des ressources \u00e0 utiliser pour leur propre planification d\u2019affaires.<\/p>\n","protected":false},"excerpt":{"rendered":"<p>Sommaire ex\u00e9cutif L\u2019\u00c9tude des perspectives fournit aux membres de l\u2019AIA Canada une vue d\u2019ensemble \u00e0 jour de l\u2019industrie du march\u00e9 secondaire et indique les pr\u00e9visions et les tendances qui se r\u00e9percuteront \u00e0 l\u2019avenir sur le march\u00e9 secondaire. L\u2019\u00e9tude est compil\u00e9e \u00e0 partir de diff\u00e9rentes recherches secondaires et primaires, y compris des interviews personnelles et des [&hellip;]<\/p>\n","protected":false},"featured_media":6096,"template":"","meta":{"_acf_changed":false},"product_brand":[],"product_cat":[106],"product_tag":[],"class_list":{"0":"post-6387","1":"product","2":"type-product","3":"status-publish","4":"has-post-thumbnail","6":"product_cat-tendances-et-portrait-de-lindustrie","8":"first","9":"instock","10":"downloadable","11":"virtual","12":"sold-individually","13":"taxable","14":"purchasable","15":"product-type-simple"},"acf":[],"aioseo_notices":[],"wpml_current_locale":"fr_CA","wpml_translations":[],"_links":{"self":[{"href":"https:\/\/www.aiacanada.com\/fr\/wp-json\/wp\/v2\/product\/6387","targetHints":{"allow":["GET"]}}],"collection":[{"href":"https:\/\/www.aiacanada.com\/fr\/wp-json\/wp\/v2\/product"}],"about":[{"href":"https:\/\/www.aiacanada.com\/fr\/wp-json\/wp\/v2\/types\/product"}],"wp:featuredmedia":[{"embeddable":true,"href":"https:\/\/www.aiacanada.com\/fr\/wp-json\/wp\/v2\/media\/6096"}],"wp:attachment":[{"href":"https:\/\/www.aiacanada.com\/fr\/wp-json\/wp\/v2\/media?parent=6387"}],"wp:term":[{"taxonomy":"product_brand","embeddable":true,"href":"https:\/\/www.aiacanada.com\/fr\/wp-json\/wp\/v2\/product_brand?post=6387"},{"taxonomy":"product_cat","embeddable":true,"href":"https:\/\/www.aiacanada.com\/fr\/wp-json\/wp\/v2\/product_cat?post=6387"},{"taxonomy":"product_tag","embeddable":true,"href":"https:\/\/www.aiacanada.com\/fr\/wp-json\/wp\/v2\/product_tag?post=6387"}],"curies":[{"name":"wp","href":"https:\/\/api.w.org\/{rel}","templated":true}]}}