{"id":6402,"date":"2018-12-04T00:00:00","date_gmt":"2018-12-04T05:00:00","guid":{"rendered":"https:\/\/aiacanada.com\/product\/sommaire-executif-observations-sur-le-marche-du-travail-penuries-defis-et-possibilites-de-lindustrie-du-marche-secondaire-de-lautomobile-au-canada\/"},"modified":"2023-01-18T15:46:27","modified_gmt":"2023-01-18T20:46:27","slug":"sommaire-executif-observations-sur-le-marche-du-travail-penuries-defis-et-possibilites-de-lindustrie-du-marche-secondaire-de-lautomobile-au-canada","status":"publish","type":"product","link":"https:\/\/www.aiacanada.com\/fr\/produit\/sommaire-executif-observations-sur-le-marche-du-travail-penuries-defis-et-possibilites-de-lindustrie-du-marche-secondaire-de-lautomobile-au-canada\/","title":{"rendered":"(Sommaire ex\u00e9cutif) Observations sur le march\u00e9 du travail \u2013 P\u00e9nuries, d\u00e9fis et possibilit\u00e9s de l\u2019industrie du march\u00e9 secondaire de l\u2019automobile au Canada"},"content":{"rendered":"<p><strong>Sommaire ex\u00e9cutif<\/strong><\/p>\n<p>\u2018Observations sur le march\u00e9 du travail \u2013 P\u00e9nuries, d\u00e9fis et possibilit\u00e9s de l\u2019industrie du march\u00e9 secondaire de l\u2019automobile au Canada\u2019 constitue la premi\u00e8re \u00e9tude \u00e0 pr\u00e9senter un regard critique fond\u00e9 sur des donn\u00e9es probantes sur les d\u00e9fis relatifs au march\u00e9 du travail. Ce rapport est GRATUIT.<\/p>\n","protected":false},"excerpt":{"rendered":"<p>Sommaire ex\u00e9cutif \u2018Observations sur le march\u00e9 du travail \u2013 P\u00e9nuries, d\u00e9fis et possibilit\u00e9s de l\u2019industrie du march\u00e9 secondaire de l\u2019automobile au Canada\u2019 constitue la premi\u00e8re \u00e9tude \u00e0 pr\u00e9senter un regard critique fond\u00e9 sur des donn\u00e9es probantes sur les d\u00e9fis relatifs au march\u00e9 du travail. Ce rapport est GRATUIT.<\/p>\n","protected":false},"featured_media":6107,"template":"","meta":{"_acf_changed":false},"product_brand":[],"product_cat":[106],"product_tag":[],"class_list":{"0":"post-6402","1":"product","2":"type-product","3":"status-publish","4":"has-post-thumbnail","6":"product_cat-tendances-et-portrait-de-lindustrie","8":"first","9":"instock","10":"downloadable","11":"virtual","12":"sold-individually","13":"taxable","14":"purchasable","15":"product-type-simple"},"acf":[],"aioseo_notices":[],"wpml_current_locale":"fr_CA","wpml_translations":[],"_links":{"self":[{"href":"https:\/\/www.aiacanada.com\/fr\/wp-json\/wp\/v2\/product\/6402","targetHints":{"allow":["GET"]}}],"collection":[{"href":"https:\/\/www.aiacanada.com\/fr\/wp-json\/wp\/v2\/product"}],"about":[{"href":"https:\/\/www.aiacanada.com\/fr\/wp-json\/wp\/v2\/types\/product"}],"wp:featuredmedia":[{"embeddable":true,"href":"https:\/\/www.aiacanada.com\/fr\/wp-json\/wp\/v2\/media\/6107"}],"wp:attachment":[{"href":"https:\/\/www.aiacanada.com\/fr\/wp-json\/wp\/v2\/media?parent=6402"}],"wp:term":[{"taxonomy":"product_brand","embeddable":true,"href":"https:\/\/www.aiacanada.com\/fr\/wp-json\/wp\/v2\/product_brand?post=6402"},{"taxonomy":"product_cat","embeddable":true,"href":"https:\/\/www.aiacanada.com\/fr\/wp-json\/wp\/v2\/product_cat?post=6402"},{"taxonomy":"product_tag","embeddable":true,"href":"https:\/\/www.aiacanada.com\/fr\/wp-json\/wp\/v2\/product_tag?post=6402"}],"curies":[{"name":"wp","href":"https:\/\/api.w.org\/{rel}","templated":true}]}}