{"id":6404,"date":"2010-10-01T00:00:00","date_gmt":"2010-10-01T04:00:00","guid":{"rendered":"https:\/\/aiacanada.com\/product\/2010-outlook-study-a-window-of-opportunity\/"},"modified":"2023-01-18T15:46:49","modified_gmt":"2023-01-18T20:46:49","slug":"2010-outlook-study-a-window-of-opportunity","status":"publish","type":"product","link":"https:\/\/www.aiacanada.com\/fr\/produit\/2010-outlook-study-a-window-of-opportunity\/","title":{"rendered":"2010 Outlook Study: A Window of Opportunity"},"content":{"rendered":"<p>L&#8217;\u00c9tude sur les perspectives fournit aux membres de l&#8217;AIA Canada un aper\u00e7u de l&#8217;industrie actuelle du march\u00e9 secondaire, ainsi que des pr\u00e9visions et des tendances qui auront une incidence sur le march\u00e9 secondaire \u00e0 l&#8217;avenir.<\/p>\n<p>Disponible uniquement en anglais.<\/p>\n","protected":false},"excerpt":{"rendered":"<p>L&#8217;\u00c9tude sur les perspectives fournit aux membres de l&#8217;AIA Canada un aper\u00e7u de l&#8217;industrie actuelle du march\u00e9 secondaire, ainsi que des pr\u00e9visions et des tendances qui auront une incidence sur le march\u00e9 secondaire \u00e0 l&#8217;avenir. Disponible uniquement en anglais.<\/p>\n","protected":false},"featured_media":6116,"template":"","meta":{"_acf_changed":false},"product_brand":[],"product_cat":[106],"product_tag":[],"class_list":{"0":"post-6404","1":"product","2":"type-product","3":"status-publish","4":"has-post-thumbnail","6":"product_cat-tendances-et-portrait-de-lindustrie","8":"first","9":"instock","10":"downloadable","11":"virtual","12":"sold-individually","13":"taxable","14":"purchasable","15":"product-type-simple"},"acf":[],"aioseo_notices":[],"wpml_current_locale":"fr_CA","wpml_translations":[],"_links":{"self":[{"href":"https:\/\/www.aiacanada.com\/fr\/wp-json\/wp\/v2\/product\/6404","targetHints":{"allow":["GET"]}}],"collection":[{"href":"https:\/\/www.aiacanada.com\/fr\/wp-json\/wp\/v2\/product"}],"about":[{"href":"https:\/\/www.aiacanada.com\/fr\/wp-json\/wp\/v2\/types\/product"}],"wp:featuredmedia":[{"embeddable":true,"href":"https:\/\/www.aiacanada.com\/fr\/wp-json\/wp\/v2\/media\/6116"}],"wp:attachment":[{"href":"https:\/\/www.aiacanada.com\/fr\/wp-json\/wp\/v2\/media?parent=6404"}],"wp:term":[{"taxonomy":"product_brand","embeddable":true,"href":"https:\/\/www.aiacanada.com\/fr\/wp-json\/wp\/v2\/product_brand?post=6404"},{"taxonomy":"product_cat","embeddable":true,"href":"https:\/\/www.aiacanada.com\/fr\/wp-json\/wp\/v2\/product_cat?post=6404"},{"taxonomy":"product_tag","embeddable":true,"href":"https:\/\/www.aiacanada.com\/fr\/wp-json\/wp\/v2\/product_tag?post=6404"}],"curies":[{"name":"wp","href":"https:\/\/api.w.org\/{rel}","templated":true}]}}