{"id":6408,"date":"2013-11-01T00:00:00","date_gmt":"2013-11-01T04:00:00","guid":{"rendered":"https:\/\/aiacanada.com\/product\/sommaire-executif-etude-2013-sur-la-demande-dans-le-marche-secondaire-de-lautomobile-du-canada-debloquer-le-potentiel-inexploite-de-lindustrie\/"},"modified":"2023-01-18T15:46:46","modified_gmt":"2023-01-18T20:46:46","slug":"sommaire-executif-etude-2013-sur-la-demande-dans-le-marche-secondaire-de-lautomobile-du-canada-debloquer-le-potentiel-inexploite-de-lindustrie","status":"publish","type":"product","link":"https:\/\/www.aiacanada.com\/fr\/produit\/sommaire-executif-etude-2013-sur-la-demande-dans-le-marche-secondaire-de-lautomobile-du-canada-debloquer-le-potentiel-inexploite-de-lindustrie\/","title":{"rendered":"(Sommaire ex\u00e9cutif) \u00c9tude 2013 sur la demande dans le march\u00e9 secondaire de l\u2019automobile du Canada : D\u00e9bloquer le potentiel inexploit\u00e9 de l\u2019industrie"},"content":{"rendered":"<p><strong>Sommaire ex\u00e9cutif<\/strong><\/p>\n<p>En 2009, l&#8217;AIA Canada a charg\u00e9 DesRosiers Automotive Consultants (DAC) d&#8217;explorer la question de l&#8217;entretien n\u00e9glig\u00e9 et d&#8217;\u00e9laborer un mod\u00e8le qui permettrait de calculer la valeur marchande totale de cette n\u00e9gligence au Canada. Dans la premi\u00e8re \u00e9tude, le mod\u00e8le a conclu qu&#8217;il y avait un revenu potentiel suppl\u00e9mentaire de 10,33 milliards de dollars pour l&#8217;industrie, perdu en raison d&#8217;un entretien retard\u00e9 ou n\u00e9glig\u00e9. La pr\u00e9sente publication est le troisi\u00e8me num\u00e9ro de la s\u00e9rie d&#8217;\u00e9tudes sur la demande du march\u00e9 secondaire canadien de l&#8217;AIA Canada.<\/p>\n","protected":false},"excerpt":{"rendered":"<p>Sommaire ex\u00e9cutif En 2009, l&#8217;AIA Canada a charg\u00e9 DesRosiers Automotive Consultants (DAC) d&#8217;explorer la question de l&#8217;entretien n\u00e9glig\u00e9 et d&#8217;\u00e9laborer un mod\u00e8le qui permettrait de calculer la valeur marchande totale de cette n\u00e9gligence au Canada. Dans la premi\u00e8re \u00e9tude, le mod\u00e8le a conclu qu&#8217;il y avait un revenu potentiel suppl\u00e9mentaire de 10,33 milliards de dollars [&hellip;]<\/p>\n","protected":false},"featured_media":6075,"template":"","meta":{"_acf_changed":false},"product_brand":[],"product_cat":[106],"product_tag":[],"class_list":{"0":"post-6408","1":"product","2":"type-product","3":"status-publish","4":"has-post-thumbnail","6":"product_cat-tendances-et-portrait-de-lindustrie","8":"first","9":"instock","10":"downloadable","11":"virtual","12":"sold-individually","13":"taxable","14":"purchasable","15":"product-type-simple"},"acf":[],"aioseo_notices":[],"wpml_current_locale":"fr_CA","wpml_translations":[],"_links":{"self":[{"href":"https:\/\/www.aiacanada.com\/fr\/wp-json\/wp\/v2\/product\/6408","targetHints":{"allow":["GET"]}}],"collection":[{"href":"https:\/\/www.aiacanada.com\/fr\/wp-json\/wp\/v2\/product"}],"about":[{"href":"https:\/\/www.aiacanada.com\/fr\/wp-json\/wp\/v2\/types\/product"}],"wp:featuredmedia":[{"embeddable":true,"href":"https:\/\/www.aiacanada.com\/fr\/wp-json\/wp\/v2\/media\/6075"}],"wp:attachment":[{"href":"https:\/\/www.aiacanada.com\/fr\/wp-json\/wp\/v2\/media?parent=6408"}],"wp:term":[{"taxonomy":"product_brand","embeddable":true,"href":"https:\/\/www.aiacanada.com\/fr\/wp-json\/wp\/v2\/product_brand?post=6408"},{"taxonomy":"product_cat","embeddable":true,"href":"https:\/\/www.aiacanada.com\/fr\/wp-json\/wp\/v2\/product_cat?post=6408"},{"taxonomy":"product_tag","embeddable":true,"href":"https:\/\/www.aiacanada.com\/fr\/wp-json\/wp\/v2\/product_tag?post=6408"}],"curies":[{"name":"wp","href":"https:\/\/api.w.org\/{rel}","templated":true}]}}