{"id":6411,"date":"2015-01-05T00:00:00","date_gmt":"2015-01-05T05:00:00","guid":{"rendered":"https:\/\/aiacanada.com\/product\/etude-de-2015-sur-les-aires-de-service-pour-automobiles-au-canada-en-anglais-seulement\/"},"modified":"2023-01-18T15:46:43","modified_gmt":"2023-01-18T20:46:43","slug":"etude-de-2015-sur-les-aires-de-service-pour-automobiles-au-canada-en-anglais-seulement","status":"publish","type":"product","link":"https:\/\/www.aiacanada.com\/fr\/produit\/etude-de-2015-sur-les-aires-de-service-pour-automobiles-au-canada-en-anglais-seulement\/","title":{"rendered":"\u00c9tude de 2015 sur les aires de service pour automobiles au Canada \u2013 en anglais seulement"},"content":{"rendered":"<p>L\u2019AIA Canada est heureuse de publier la toute premi\u00e8re analyse sur le nombre d\u2019aires de service et d\u2019entretien automobile \u00e0 travers le Canada. \u00c0 l\u2019aide d\u2019une combinaison de donn\u00e9es d\u2019enqu\u00eate exclusives, d\u2019information de Statistique Canada et d\u2019analyses extrapolatives, l\u2019AIA Canada, de concert avec DesRosiers Automotive Consultants, fournit des donn\u00e9s sur les aires de service exploit\u00e9es par les grandes cha\u00eenes, les concessionnaires de v\u00e9hicules neufs et les ind\u00e9pendants, le tout ventil\u00e9 province par province. L\u2019\u00e9tude se termine par une discussion \u00e9clair\u00e9e sur les tendances de l\u2019offre et de la demande sur le march\u00e9 national.<\/p>\n","protected":false},"excerpt":{"rendered":"<p>L\u2019AIA Canada est heureuse de publier la toute premi\u00e8re analyse sur le nombre d\u2019aires de service et d\u2019entretien automobile \u00e0 travers le Canada. \u00c0 l\u2019aide d\u2019une combinaison de donn\u00e9es d\u2019enqu\u00eate exclusives, d\u2019information de Statistique Canada et d\u2019analyses extrapolatives, l\u2019AIA Canada, de concert avec DesRosiers Automotive Consultants, fournit des donn\u00e9s sur les aires de service exploit\u00e9es [&hellip;]<\/p>\n","protected":false},"featured_media":7134,"template":"","meta":{"_acf_changed":false},"product_brand":[],"product_cat":[106],"product_tag":[],"class_list":{"0":"post-6411","1":"product","2":"type-product","3":"status-publish","4":"has-post-thumbnail","6":"product_cat-tendances-et-portrait-de-lindustrie","8":"first","9":"instock","10":"downloadable","11":"virtual","12":"sold-individually","13":"taxable","14":"purchasable","15":"product-type-simple"},"acf":[],"aioseo_notices":[],"wpml_current_locale":"fr_CA","wpml_translations":[],"_links":{"self":[{"href":"https:\/\/www.aiacanada.com\/fr\/wp-json\/wp\/v2\/product\/6411","targetHints":{"allow":["GET"]}}],"collection":[{"href":"https:\/\/www.aiacanada.com\/fr\/wp-json\/wp\/v2\/product"}],"about":[{"href":"https:\/\/www.aiacanada.com\/fr\/wp-json\/wp\/v2\/types\/product"}],"wp:featuredmedia":[{"embeddable":true,"href":"https:\/\/www.aiacanada.com\/fr\/wp-json\/wp\/v2\/media\/7134"}],"wp:attachment":[{"href":"https:\/\/www.aiacanada.com\/fr\/wp-json\/wp\/v2\/media?parent=6411"}],"wp:term":[{"taxonomy":"product_brand","embeddable":true,"href":"https:\/\/www.aiacanada.com\/fr\/wp-json\/wp\/v2\/product_brand?post=6411"},{"taxonomy":"product_cat","embeddable":true,"href":"https:\/\/www.aiacanada.com\/fr\/wp-json\/wp\/v2\/product_cat?post=6411"},{"taxonomy":"product_tag","embeddable":true,"href":"https:\/\/www.aiacanada.com\/fr\/wp-json\/wp\/v2\/product_tag?post=6411"}],"curies":[{"name":"wp","href":"https:\/\/api.w.org\/{rel}","templated":true}]}}