{"id":6416,"date":"2020-05-29T00:00:00","date_gmt":"2020-05-29T04:00:00","guid":{"rendered":"https:\/\/aiacanada.com\/product\/proces-verbal-de-lassemblee-2020\/"},"modified":"2023-01-18T15:46:12","modified_gmt":"2023-01-18T20:46:12","slug":"proces-verbal-de-lassemblee-2020","status":"publish","type":"product","link":"https:\/\/www.aiacanada.com\/fr\/produit\/proces-verbal-de-lassemblee-2020\/","title":{"rendered":"Proc\u00e8s-verbal de l\u2019assembl\u00e9e 2020"},"content":{"rendered":"<p>Le proc\u00e8s-verbal de l\u2019assembl\u00e9e g\u00e9n\u00e9rale annuelle (AGA) 2020 de l\u2019AIA Canada a \u00e9t\u00e9 r\u00e9dig\u00e9 lors de l\u2019AGA 2020, tenue le 29 avril 2020. L\u2019AGA s\u2019est tenue en ligne en raison des mesures li\u00e9es \u00e0 la COVID-19. La webdiffusion \u00e9tait anim\u00e9e par Jean-Fran\u00e7ois Champagne et pr\u00e9sid\u00e9e par Jason Best.<\/p>\n<p>T\u00e9l\u00e9chargez le proc\u00e8s-verbal pour voir comment s\u2019est d\u00e9roul\u00e9e cette AGA sans pr\u00e9c\u00e9dent.<\/p>\n","protected":false},"excerpt":{"rendered":"<p>Le proc\u00e8s-verbal de l\u2019assembl\u00e9e g\u00e9n\u00e9rale annuelle (AGA) 2020 de l\u2019AIA Canada a \u00e9t\u00e9 r\u00e9dig\u00e9 lors de l\u2019AGA 2020, tenue le 29 avril 2020. L\u2019AGA s\u2019est tenue en ligne en raison des mesures li\u00e9es \u00e0 la COVID-19. La webdiffusion \u00e9tait anim\u00e9e par Jean-Fran\u00e7ois Champagne et pr\u00e9sid\u00e9e par Jason Best. T\u00e9l\u00e9chargez le proc\u00e8s-verbal pour voir comment s\u2019est [&hellip;]<\/p>\n","protected":false},"featured_media":7097,"template":"","meta":{"_acf_changed":false},"product_brand":[],"product_cat":[104],"product_tag":[],"class_list":{"0":"post-6416","1":"product","2":"type-product","3":"status-publish","4":"has-post-thumbnail","6":"product_cat-rapports-organisationnels","8":"first","9":"instock","10":"downloadable","11":"virtual","12":"sold-individually","13":"taxable","14":"purchasable","15":"product-type-simple"},"acf":[],"aioseo_notices":[],"wpml_current_locale":"fr_CA","wpml_translations":[],"_links":{"self":[{"href":"https:\/\/www.aiacanada.com\/fr\/wp-json\/wp\/v2\/product\/6416","targetHints":{"allow":["GET"]}}],"collection":[{"href":"https:\/\/www.aiacanada.com\/fr\/wp-json\/wp\/v2\/product"}],"about":[{"href":"https:\/\/www.aiacanada.com\/fr\/wp-json\/wp\/v2\/types\/product"}],"wp:featuredmedia":[{"embeddable":true,"href":"https:\/\/www.aiacanada.com\/fr\/wp-json\/wp\/v2\/media\/7097"}],"wp:attachment":[{"href":"https:\/\/www.aiacanada.com\/fr\/wp-json\/wp\/v2\/media?parent=6416"}],"wp:term":[{"taxonomy":"product_brand","embeddable":true,"href":"https:\/\/www.aiacanada.com\/fr\/wp-json\/wp\/v2\/product_brand?post=6416"},{"taxonomy":"product_cat","embeddable":true,"href":"https:\/\/www.aiacanada.com\/fr\/wp-json\/wp\/v2\/product_cat?post=6416"},{"taxonomy":"product_tag","embeddable":true,"href":"https:\/\/www.aiacanada.com\/fr\/wp-json\/wp\/v2\/product_tag?post=6416"}],"curies":[{"name":"wp","href":"https:\/\/api.w.org\/{rel}","templated":true}]}}