{"id":6418,"date":"2021-04-27T00:00:00","date_gmt":"2021-04-27T04:00:00","guid":{"rendered":"https:\/\/aiacanada.com\/product\/rapport-du-comite-des-nominations-2021\/"},"modified":"2023-01-18T15:46:06","modified_gmt":"2023-01-18T20:46:06","slug":"rapport-du-comite-des-nominations-2021","status":"publish","type":"product","link":"https:\/\/www.aiacanada.com\/fr\/produit\/rapport-du-comite-des-nominations-2021\/","title":{"rendered":"Rapport du Comit\u00e9 des nominations 2021"},"content":{"rendered":"<p>Le rapport 2021 du Comit\u00e9 des nominations pr\u00e9sente la liste des anciens et des nouveaux membres du conseil d\u2019administration pour 2021-2022.<\/p>\n","protected":false},"excerpt":{"rendered":"<p>Le rapport 2021 du Comit\u00e9 des nominations pr\u00e9sente la liste des anciens et des nouveaux membres du conseil d\u2019administration pour 2021-2022.<\/p>\n","protected":false},"featured_media":7078,"template":"","meta":{"_acf_changed":false},"product_brand":[],"product_cat":[104],"product_tag":[],"class_list":{"0":"post-6418","1":"product","2":"type-product","3":"status-publish","4":"has-post-thumbnail","6":"product_cat-rapports-organisationnels","8":"first","9":"instock","10":"downloadable","11":"virtual","12":"sold-individually","13":"taxable","14":"purchasable","15":"product-type-simple"},"acf":[],"aioseo_notices":[],"wpml_current_locale":"fr_CA","wpml_translations":[],"_links":{"self":[{"href":"https:\/\/www.aiacanada.com\/fr\/wp-json\/wp\/v2\/product\/6418","targetHints":{"allow":["GET"]}}],"collection":[{"href":"https:\/\/www.aiacanada.com\/fr\/wp-json\/wp\/v2\/product"}],"about":[{"href":"https:\/\/www.aiacanada.com\/fr\/wp-json\/wp\/v2\/types\/product"}],"wp:featuredmedia":[{"embeddable":true,"href":"https:\/\/www.aiacanada.com\/fr\/wp-json\/wp\/v2\/media\/7078"}],"wp:attachment":[{"href":"https:\/\/www.aiacanada.com\/fr\/wp-json\/wp\/v2\/media?parent=6418"}],"wp:term":[{"taxonomy":"product_brand","embeddable":true,"href":"https:\/\/www.aiacanada.com\/fr\/wp-json\/wp\/v2\/product_brand?post=6418"},{"taxonomy":"product_cat","embeddable":true,"href":"https:\/\/www.aiacanada.com\/fr\/wp-json\/wp\/v2\/product_cat?post=6418"},{"taxonomy":"product_tag","embeddable":true,"href":"https:\/\/www.aiacanada.com\/fr\/wp-json\/wp\/v2\/product_tag?post=6418"}],"curies":[{"name":"wp","href":"https:\/\/api.w.org\/{rel}","templated":true}]}}